{"id":42118,"date":"2025-12-16T01:53:41","date_gmt":"2025-12-16T09:53:41","guid":{"rendered":"https:\/\/tangooled.com\/?post_type=product&#038;p=42118"},"modified":"2026-02-02T22:09:04","modified_gmt":"2026-02-03T06:09:04","slug":"waist-line-wall-recessed-lighting-indirect-ceiling-cove-12mm-led-strip-profile","status":"publish","type":"product","link":"https:\/\/tangooled.com\/tr\/urun\/waist-line-wall-recessed-lighting-indirect-ceiling-cove-12mm-led-strip-profile\/","title":{"rendered":"Waist Line Duvar G\u00f6mme Ayd\u0131nlatma Dolayl\u0131 Tavan Cove 12mm LED \u015eerit Profili"},"content":{"rendered":"<div class=\"wp-block-group is-vertical is-layout-flex wp-container-core-group-is-layout-d255d7c4 wp-block-group-is-layout-flex\" style=\"padding-top:var(--wp--preset--spacing--80);padding-bottom:var(--wp--preset--spacing--80)\">\n<p>Duvar ni\u015flerine g\u00f6m\u00fcl\u00fc LED profilimiz, duvarlar\u0131n\u0131z\u0131 ve tavanlar\u0131n\u0131z\u0131 p\u00fcr\u00fczs\u00fcz, parlak bir \u0131\u015f\u0131kla ayd\u0131nlatan \u015f\u0131k bir al\u00fcminyum kanald\u0131r. Trim olmadan do\u011frudan al\u00e7\u0131pan veya s\u0131va \u00fczerine yerle\u015ftirilir, bu da \u0131\u015f\u0131k kayna\u011f\u0131n\u0131 gizler ve temiz, modern bir g\u00f6r\u00fcn\u00fcm sa\u011flar. Bu teknik, \u0131\u015f\u0131\u011f\u0131n y\u00fczeyden do\u011frudan \u00e7\u0131k\u0131yormu\u015f gibi g\u00f6r\u00fcnmesini sa\u011flar.<\/p>\n\n\n\n<p>Profil, maksimum 12mm geni\u015fli\u011finde LED \u015feritleri kabul edebilir ve en iyi dolayl\u0131 ayd\u0131nlatma i\u00e7in \u00e7al\u0131\u015f\u0131r. Duvar-tavan kesi\u015fiminde veya duvarlarda bel hizas\u0131nda yerle\u015ftirildi\u011finde, herhangi bir odan\u0131n atmosferini de\u011fi\u015ftiren ve iyile\u015ftiren yumu\u015fak, s\u0131cak bir par\u0131lt\u0131 olu\u015fturur.<\/p>\n<\/div>\n\n\n\n<div class=\"wp-block-group has-background is-vertical is-layout-flex wp-container-core-group-is-layout-d255d7c4 wp-block-group-is-layout-flex\" style=\"background-color:#f1f1f1;padding-top:var(--wp--preset--spacing--80);padding-bottom:var(--wp--preset--spacing--80)\">\n<div class=\"wp-block-group is-vertical is-layout-flex wp-container-core-group-is-layout-8cf370e7 wp-block-group-is-layout-flex\">\n<h2 class=\"wp-block-heading\" style=\"padding-top:var(--wp--preset--spacing--40);padding-bottom:var(--wp--preset--spacing--40);font-size:25px;font-style:normal;font-weight:600;text-transform:capitalize\">Neden Duvar Ni\u015flerine G\u00f6m\u00fcl\u00fc LED Profilimizi Se\u00e7melisiniz?<\/h2>\n\n\n\n<ul class=\"wp-block-list\">\n<li>Ayd\u0131nlatma kesintisiz ve noktas\u0131zd\u0131r; dif\u00fcz opal kapak p\u00fcr\u00fczs\u00fcz, e\u015fit bir parlakl\u0131k sa\u011flar.<\/li>\n\n\n\n<li>Uzun \u00f6m\u00fcrl\u00fc ve g\u00fc\u00e7l\u00fc bir \u0131s\u0131 da\u011f\u0131t\u0131m\u0131 i\u00e7in 6063-T5 anodize al\u00fcminyumdan \u00fcretilmi\u015ftir.&nbsp;<\/li>\n\n\n\n<li>Standart 12mm LED \u015feritleri ile uyumludur ve istedi\u011finiz parlakl\u0131k ve renkleri se\u00e7ebilmeniz i\u00e7in bir\u00e7ok marka ile \u00e7al\u0131\u015f\u0131r.<\/li>\n\n\n\n<li>15mm al\u00e7\u0131pan veya s\u0131vaya kolayca monte edilir.&nbsp;<\/li>\n\n\n\n<li>G\u00f6r\u00fcn\u00fcr \u00e7er\u00e7eveler olmadan temiz, mimari bir g\u00f6r\u00fcn\u00fcm sa\u011flar.&nbsp;<\/li>\n\n\n\n<li>S\u00fcrekli ba\u011flant\u0131lara ve k\u00f6\u015fe ba\u011flant\u0131lar\u0131na destek sa\u011flar.<\/li>\n<\/ul>\n<\/div>\n<\/div>\n\n\n\n<div class=\"wp-block-group is-vertical is-layout-flex wp-container-core-group-is-layout-d255d7c4 wp-block-group-is-layout-flex\" style=\"padding-top:var(--wp--preset--spacing--80);padding-bottom:var(--wp--preset--spacing--80)\">\n<hr class=\"wp-block-separator has-alpha-channel-opacity\"\/>\n\n\n\n<div class=\"wp-block-media-text has-media-on-the-right is-stacked-on-mobile\" style=\"grid-template-columns:auto 40%\"><div class=\"wp-block-media-text__content\">\n<h2 class=\"wp-block-heading\" style=\"padding-top:var(--wp--preset--spacing--40);padding-bottom:var(--wp--preset--spacing--40);font-size:25px;font-style:normal;font-weight:600;text-transform:capitalize\">Kurulum \u0130pu\u00e7lar\u0131<\/h2>\n\n\n\n<ul class=\"wp-block-list\">\n<li>Al\u00e7\u0131pan veya s\u0131va montaj\u0131ndan \u00f6nce profili do\u011frudan \u00e7er\u00e7eveye sabitleyin.<\/li>\n\n\n\n<li>Flan\u015f\u0131 \u00fczerine derz bile\u015fi\u011fi veya s\u0131va uygulay\u0131n ve p\u00fcr\u00fczs\u00fcz olacak \u015fekilde z\u0131mparalay\u0131n.<\/li>\n\n\n\n<li>Se\u00e7ti\u011finiz 12mm LED \u015feridi i\u00e7eri yerle\u015ftirin ve \u00fczerini dahil edilen dif\u00fcz\u00f6rle kapat\u0131n.<\/li>\n\n\n\n<li>Parlakl\u0131k ve renk s\u0131cakl\u0131\u011f\u0131n\u0131 de\u011fi\u015ftirmek i\u00e7in LED s\u00fcr\u00fcc\u00fcleri ve dimmerler kullan\u0131n.<\/li>\n<\/ul>\n<\/div><figure class=\"wp-block-media-text__media\"><img loading=\"lazy\" decoding=\"async\" width=\"500\" height=\"500\" src=\"https:\/\/tangooled.com\/wp-content\/uploads\/2025\/12\/sk10-ins.webp\" alt=\"waist line wall recessed lighting indirect ceiling cove 12mm led strip profile\" class=\"wp-image-42154 size-full\" srcset=\"https:\/\/tangooled.com\/wp-content\/uploads\/2025\/12\/sk10-ins.webp 500w, https:\/\/tangooled.com\/wp-content\/uploads\/2025\/12\/sk10-ins-300x300.webp 300w, https:\/\/tangooled.com\/wp-content\/uploads\/2025\/12\/sk10-ins-150x150.webp 150w\" sizes=\"auto, (max-width: 500px) 100vw, 500px\" \/><\/figure><\/div>\n<\/div>\n\n\n\n<div class=\"wp-block-group has-background is-vertical is-layout-flex wp-container-core-group-is-layout-b429018a wp-block-group-is-layout-flex\" style=\"background-color:#f1f1f1f2;padding-top:var(--wp--preset--spacing--70);padding-bottom:var(--wp--preset--spacing--70)\">\n<h2 class=\"wp-block-heading\" style=\"padding-top:var(--wp--preset--spacing--40);padding-bottom:var(--wp--preset--spacing--40);font-size:25px;font-style:normal;font-weight:600\">Kullan\u0131m: Kullan\u0131m Senaryolar\u0131<\/h2>\n\n\n\n<ul class=\"wp-block-list\">\n<li>Cove lighting for the ceiling: To make a glowing cove light, put this profile where the wall and ceiling meet. This can make the ceiling look like it&#8217;s floating, which makes spaces feel bigger and gentler.<\/li>\n\n\n\n<li>Bel hizas\u0131nda g\u00f6mme ayd\u0131nlatma: Koridorlarda renkli ve modern vurgu ayd\u0131nlatmas\u0131 i\u00e7in veya otel ve ofislerde insanlar\u0131n y\u00f6n bulmas\u0131na yard\u0131mc\u0131 olmak i\u00e7in, bu profilleri bel hizas\u0131nda yatay olarak yerle\u015ftirin.<\/li>\n\n\n\n<li>Taban ve Zemin Seviyesinde Ayd\u0131nlatma: Zeminde kullanarak bir yolu yumu\u015fak bir \u015fekilde ayd\u0131nlatabilir veya mimari \u00f6zelliklere dikkat \u00e7ekmek i\u00e7in dolayl\u0131 LED \u0131\u015f\u0131kla keskin bir hat \u00e7izebilirsiniz.<\/li>\n\n\n\n<li>Duvara Vurgu: Bu profili dikey olarak kullanarak duvarlar\u0131 y\u0131kayabilir veya mimari ayr\u0131nt\u0131lar\u0131 ayd\u0131nlatarak par\u0131lt\u0131 veya sert alanlar olmadan vurgulayabilirsiniz.<\/li>\n<\/ul>\n<\/div>\n\n\n\n<div class=\"wp-block-group is-vertical is-layout-flex wp-container-core-group-is-layout-d255d7c4 wp-block-group-is-layout-flex\" style=\"padding-top:var(--wp--preset--spacing--80);padding-bottom:var(--wp--preset--spacing--80)\">\n<h2 class=\"wp-block-heading\" style=\"padding-top:var(--wp--preset--spacing--40);padding-bottom:var(--wp--preset--spacing--40);font-size:25px;font-style:normal;font-weight:600;text-transform:capitalize\">\u0130lgili \u00dcr\u00fcnleri \u0130nceleyin<\/h2>\n\n\n\n<p>LED projeleriniz i\u00e7in bu di\u011fer profilleri de be\u011fenebilirsiniz:<\/p>\n\n\n\n<ul class=\"wp-block-list\">\n<li><a href=\"https:\/\/tangooled.com\/tr\/urun\/black-led-diffuser-aluminum-channel-for-12mm-tape-lights\/\"><mark style=\"background-color:rgba(0, 0, 0, 0)\" class=\"has-inline-color has-vivid-red-color\">12 mm bant i\u015f\u0131klar\u0131 i\u00e7in siyah LED dif\u00fcz\u00f6r al\u00fcminyum kanal\u0131<\/mark><\/a><\/li>\n\n\n\n<li><a href=\"https:\/\/tangooled.com\/tr\/urun\/18x18mm-led-strip-corner-profile-for-12mm-led-strips\/\"><mark style=\"background-color:rgba(0, 0, 0, 0)\" class=\"has-inline-color has-vivid-red-color\">12 mm LED \u015feritler i\u00e7in 18x18 mm k\u00f6\u015fe profili<\/mark><\/a><\/li>\n\n\n\n<li><a href=\"https:\/\/tangooled.com\/tr\/urun\/aluminum-drywall-led-skirting-profile-for-12mm-tape-light\/\"><mark style=\"background-color:rgba(0, 0, 0, 0)\" class=\"has-inline-color has-vivid-red-color\">12mm \u015ferit \u0131\u015f\u0131k i\u00e7in al\u00fcminyum al\u00e7\u0131pan LED kenar profili<\/mark><\/a><\/li>\n\n\n\n<li><a href=\"https:\/\/tangooled.com\/tr\/urun\/recessed-led-aluminum-profile-up-and-down-lighting-channel-for-cabinet\/\"><mark style=\"background-color:rgba(0, 0, 0, 0)\" class=\"has-inline-color has-vivid-red-color\">G\u00f6mme LED al\u00fcminyum profili \u00fcst ve alt ayd\u0131nlatma kanal\u0131 dolap i\u00e7in<\/mark><\/a><\/li>\n<\/ul>\n<\/div>\n\n\n\n<div class=\"wp-block-group has-background\" style=\"background-color:#f1f1f1;padding-top:var(--wp--preset--spacing--80);padding-bottom:var(--wp--preset--spacing--80)\"><div class=\"wp-block-group__inner-container is-layout-constrained wp-block-group-is-layout-constrained\">\n<h2 class=\"wp-block-heading\" style=\"padding-top:var(--wp--preset--spacing--40);padding-right:0;padding-bottom:var(--wp--preset--spacing--40);padding-left:0;font-size:25px;font-style:normal;font-weight:600;text-transform:capitalize\">\u00f6zet<\/h2>\n\n\n\n<p style=\"padding-right:var(--wp--preset--spacing--50);padding-left:var(--wp--preset--spacing--50)\">Duvar ni\u015flerine g\u00f6m\u00fcl\u00fc LED profilimiz, temiz, p\u00fcr\u00fczs\u00fcz, dolayl\u0131 tavan ni\u015f ayd\u0131nlatmas\u0131 ve vurgulu ayd\u0131nlatma elde etmenin ideal yoludur. Bu mimari kaliteye sahip al\u00fcminyum profil, al\u00e7\u0131pan \u00fczerine kolayca monte edilebilir. 12mm LED \u015feritleri ile uyumludur ve yumu\u015fak, noktas\u0131z \u0131\u015f\u0131k yarat\u0131r. Duvarlarda, tavanda, taban tahtalar\u0131nda veya ni\u015flerde kullanarak her odaya \u015f\u0131k, par\u0131lt\u0131s\u0131z \u0131\u015f\u0131k ekleyin.<\/p>\n<\/div><\/div>\n\n\n\n<p><\/p>","protected":false},"featured_media":13688,"template":"","meta":{"_acf_changed":true,"_seopress_robots_primary_cat":"none","_seopress_titles_title":"Waist Line Wall Recessed LED Profile for Indirect Lighting SK10 | TANGOOLED","_seopress_titles_desc":"The SK10 is a versatile waist line wall recessed led profile for 12mm strips. Create seamless horizontal light accents or small ceiling coves with this architectural aluminum channel.","_seopress_robots_index":""},"pcb-width":[228],"product-cat":[198],"class_list":{"0":"post-42118","1":"product","2":"type-product","3":"status-publish","4":"has-post-thumbnail","6":"pcb-width-6-12mm","7":"product-cat-skirting-profile"},"acf":[],"_links":{"self":[{"href":"https:\/\/tangooled.com\/tr\/wp-json\/wp\/v2\/product\/42118","targetHints":{"allow":["GET"]}}],"collection":[{"href":"https:\/\/tangooled.com\/tr\/wp-json\/wp\/v2\/product"}],"about":[{"href":"https:\/\/tangooled.com\/tr\/wp-json\/wp\/v2\/types\/product"}],"wp:featuredmedia":[{"embeddable":true,"href":"https:\/\/tangooled.com\/tr\/wp-json\/wp\/v2\/media\/13688"}],"wp:attachment":[{"href":"https:\/\/tangooled.com\/tr\/wp-json\/wp\/v2\/media?parent=42118"}],"wp:term":[{"taxonomy":"pcb-width","embeddable":true,"href":"https:\/\/tangooled.com\/tr\/wp-json\/wp\/v2\/pcb-width?post=42118"},{"taxonomy":"product-cat","embeddable":true,"href":"https:\/\/tangooled.com\/tr\/wp-json\/wp\/v2\/product-cat?post=42118"}],"curies":[{"name":"wp","href":"https:\/\/api.w.org\/{rel}","templated":true}]}}