{"id":42116,"date":"2025-12-16T01:45:06","date_gmt":"2025-12-16T09:45:06","guid":{"rendered":"https:\/\/tangooled.com\/?post_type=product&#038;p=42116"},"modified":"2026-02-02T22:08:49","modified_gmt":"2026-02-03T06:08:49","slug":"low-lighting-led-strip-skirting-board-trim-channel-for-10mm-led-strip","status":"publish","type":"product","link":"https:\/\/tangooled.com\/tr\/urun\/low-lighting-led-strip-skirting-board-trim-channel-for-10mm-led-strip\/","title":{"rendered":"10mm LED \u015ferit i\u00e7in d\u00fc\u015f\u00fck ayd\u0131nlatmal\u0131 led \u015ferit skirting board kanal\u0131"},"content":{"rendered":"<div class=\"wp-block-group is-vertical is-layout-flex wp-container-core-group-is-layout-d255d7c4 wp-block-group-is-layout-flex\" style=\"padding-top:var(--wp--preset--spacing--80);padding-bottom:var(--wp--preset--spacing--80)\">\n<p>D\u00fc\u015f\u00fck ayd\u0131nlatmal\u0131 LED korni\u015f tabanl\u0131\u011f\u0131m\u0131z, hem seramik hem de ah\u015fap kaplama duvarlarla \u00e7al\u0131\u015f\u0131r. Al\u00fcminyum LED korni\u015f kanal\u0131, seramik duvar\u0131n yerle bulu\u015ftu\u011fu yerde gizlenmi\u015ftir. A\u00e7\u0131k alanlarda ho\u015f bir ortam \u0131\u015f\u0131\u011f\u0131 sa\u011flarken, farkl\u0131 oda stilleriyle de iyi bir \u015fekilde harmanlan\u0131r.\u00a0<\/p>\n\n\n\n<p>This low lighting led skirting channel is 10 mm wide and 70 mm tall. It\u2019s suitable for compact spaces, such as kitchens and bathrooms, where space is relatively small. Its slim size won\u2019t take up too much space.<\/p>\n\n\n\n<p>Bu LED korni\u015f profilinin \u0131\u015f\u0131\u011f\u0131 a\u015fa\u011f\u0131ya do\u011fru parlayarak profillerin kemerlerinden yerdeki alana yans\u0131r, parlamay\u0131 \u00f6nler ve LED ayd\u0131nlatman\u0131n konforunu art\u0131r\u0131r.<\/p>\n<\/div>\n\n\n\n<div class=\"wp-block-group has-background is-vertical is-layout-flex wp-container-core-group-is-layout-d255d7c4 wp-block-group-is-layout-flex\" style=\"background-color:#f1f1f1;padding-top:var(--wp--preset--spacing--80);padding-bottom:var(--wp--preset--spacing--80)\">\n<div class=\"wp-block-group is-vertical is-layout-flex wp-container-core-group-is-layout-8cf370e7 wp-block-group-is-layout-flex\">\n<h2 class=\"wp-block-heading\" style=\"padding-top:var(--wp--preset--spacing--40);padding-bottom:var(--wp--preset--spacing--40);font-size:25px;font-style:normal;font-weight:600;text-transform:capitalize\">Neden D\u00fc\u015f\u00fck Ayd\u0131nlatmal\u0131 LED Korni\u015f Tabanl\u0131\u011f\u0131m\u0131z\u0131 Se\u00e7melisiniz?<\/h2>\n\n\n\n<ul class=\"wp-block-list\">\n<li>10 mm LED \u015feritleriyle iyi bir \u015fekilde uyum sa\u011flar, b\u00f6ylece g\u00f6r\u00fcn\u00fcr \u0131\u015f\u0131klar veya kablolar olmadan temiz bir tasar\u0131ma sahip olabilirsiniz.<\/li>\n\n\n\n<li>LED \u015feritlerinizi serin ve g\u00fcvenli tutan dayan\u0131kl\u0131 6063-T5 al\u00fcminyum ala\u015f\u0131m\u0131ndan yap\u0131lm\u0131\u015ft\u0131r.<\/li>\n\n\n\n<li>I\u015f\u0131\u011f\u0131 nazik ve yumu\u015fak hale getiren mat bir dif\u00fcz\u00f6r kapa\u011f\u0131na sahiptir, b\u00f6ylece keskin noktalar veya parlama olmaz.<\/li>\n\n\n\n<li>Duvara veya al\u00e7\u0131 s\u0131vas\u0131na g\u00f6m\u00fcl\u00fc olarak monte edilmek \u00fczere tasarlanm\u0131\u015ft\u0131r, bu sayede duvarlar\u0131n\u0131zla veya korni\u015f tabanlar\u0131n\u0131zla m\u00fckemmel bir \u015fekilde uyum sa\u011flar.<\/li>\n\n\n\n<li>Alan\u0131n\u0131z\u0131n tasar\u0131m\u0131na uyum sa\u011flamak i\u00e7in g\u00fcm\u00fc\u015f, beyaz ve siyah toz kaplama y\u00fczeylerde gelir.\u00a0<\/li>\n\n\n\n<li>\u0130htiyac\u0131n\u0131za g\u00f6re herhangi bir uzunlukta kolayca kesebilirsiniz.<\/li>\n<\/ul>\n<\/div>\n<\/div>\n\n\n\n<div class=\"wp-block-group is-vertical is-layout-flex wp-container-core-group-is-layout-d255d7c4 wp-block-group-is-layout-flex\" style=\"padding-top:var(--wp--preset--spacing--80);padding-bottom:var(--wp--preset--spacing--80)\">\n<hr class=\"wp-block-separator has-alpha-channel-opacity\"\/>\n\n\n\n<div class=\"wp-block-media-text has-media-on-the-right is-stacked-on-mobile\" style=\"grid-template-columns:auto 40%\"><div class=\"wp-block-media-text__content\">\n<h2 class=\"wp-block-heading\" style=\"padding-top:var(--wp--preset--spacing--40);padding-bottom:var(--wp--preset--spacing--40);font-size:25px;font-style:normal;font-weight:600;text-transform:capitalize\">Montaj Ad\u0131mlar\u0131<\/h2>\n\n\n\n<ul class=\"wp-block-list\">\n<li>Kanal\u0131 ve dif\u00fcz\u00f6r kapa\u011f\u0131n\u0131 korni\u015f tabanl\u0131\u011f\u0131n\u0131z\u0131n uzunlu\u011funa g\u00f6re kesin.<\/li>\n\n\n\n<li>Set the aluminum\u00a0profile back into drywall, plasterboard, or already-installed skirting trimmings.<\/li>\n\n\n\n<li>Duvar\u0131n temiz ve d\u00fczg\u00fcn g\u00f6r\u00fcnmesi i\u00e7in montaj kanatlar\u0131n\u0131 al\u00e7\u0131 ile kaplay\u0131n.<\/li>\n\n\n\n<li>10mm LED \u015feridinizi kanala yerle\u015ftirin.<\/li>\n\n\n\n<li>I\u015f\u0131\u011f\u0131n yumu\u015fak olmas\u0131n\u0131 sa\u011flamak i\u00e7in dif\u00fcz\u00f6r kapa\u011f\u0131n\u0131 kanala yerle\u015ftirin.<\/li>\n\n\n\n<li>Fi\u015fe tak\u0131n ve yeni ortam ayd\u0131nlatman\u0131z\u0131n tad\u0131n\u0131 \u00e7\u0131kar\u0131n.<\/li>\n<\/ul>\n<\/div><figure class=\"wp-block-media-text__media\"><img loading=\"lazy\" decoding=\"async\" width=\"500\" height=\"500\" src=\"https:\/\/tangooled.com\/wp-content\/uploads\/2025\/12\/sk09-ins.webp\" alt=\"low lighting led strip skirting board trim channel for 10mm led strip\" class=\"wp-image-42153 size-full\" srcset=\"https:\/\/tangooled.com\/wp-content\/uploads\/2025\/12\/sk09-ins.webp 500w, https:\/\/tangooled.com\/wp-content\/uploads\/2025\/12\/sk09-ins-300x300.webp 300w, https:\/\/tangooled.com\/wp-content\/uploads\/2025\/12\/sk09-ins-150x150.webp 150w\" sizes=\"auto, (max-width: 500px) 100vw, 500px\" \/><\/figure><\/div>\n<\/div>\n\n\n\n<div class=\"wp-block-group has-background is-vertical is-layout-flex wp-container-core-group-is-layout-b429018a wp-block-group-is-layout-flex\" style=\"background-color:#f1f1f1f2;padding-top:var(--wp--preset--spacing--70);padding-bottom:var(--wp--preset--spacing--70)\">\n<h2 class=\"wp-block-heading\" style=\"padding-top:var(--wp--preset--spacing--40);padding-bottom:var(--wp--preset--spacing--40);font-size:25px;font-style:normal;font-weight:600\">Nerelerde Kullan\u0131l\u0131r?<\/h2>\n\n\n\n<p>D\u00fc\u015f\u00fck ayd\u0131nlatmal\u0131 LED korni\u015f tabanl\u0131k kanal\u0131m\u0131z bir\u00e7ok alan i\u00e7in m\u00fckemmeldir:<\/p>\n\n\n\n<ul class=\"wp-block-list\">\n<li>Koridorlar ve ge\u00e7itler: P\u00fcr\u00fczs\u00fcz taban \u0131\u015f\u0131\u011f\u0131, geceleri y\u00fcr\u00fcmeyi hem g\u00fcvenli hem de \u015f\u0131k hale getirir.<\/li>\n\n\n\n<li>Oturma odalar\u0131 ve yatak odalar\u0131: Duvarlar boyunca uzanan ambiyans ayd\u0131nlatmas\u0131 kullanarak alan\u0131 s\u0131cak ve davetkar hale getirin.<\/li>\n\n\n\n<li>Ev sinemalar\u0131 ve sinemalar: Medya odan\u0131za nazik, ortam ayd\u0131nlatmas\u0131 vermek i\u00e7in tiyatro koridoru ayd\u0131nlatma efektleri kullan\u0131n.<\/li>\n\n\n\n<li>Ofisler ve i\u015f yerleri: \u0130nsanlar\u0131 y\u00f6nlendirmek ve odan\u0131n daha iyi g\u00f6r\u00fcnmesini sa\u011flamak i\u00e7in \u015f\u0131k mimari LED \u00e7\u0131k\u0131nt\u0131lar kullan\u0131n.<\/li>\n<\/ul>\n<\/div>\n\n\n\n<div class=\"wp-block-group is-vertical is-layout-flex wp-container-core-group-is-layout-d255d7c4 wp-block-group-is-layout-flex\" style=\"padding-top:var(--wp--preset--spacing--80);padding-bottom:var(--wp--preset--spacing--80)\">\n<h2 class=\"wp-block-heading\" style=\"padding-top:var(--wp--preset--spacing--40);padding-bottom:var(--wp--preset--spacing--40);font-size:25px;font-style:normal;font-weight:600;text-transform:capitalize\">Ho\u015flanabilece\u011finiz \u0130lgili \u00dcr\u00fcnler<\/h2>\n\n\n\n<ul class=\"wp-block-list\">\n<li><a href=\"https:\/\/tangooled.com\/tr\/urun\/black-led-profile-with-black-diffuser-for-10mm-led-strip-light\/\"><mark style=\"background-color:rgba(0, 0, 0, 0)\" class=\"has-inline-color has-vivid-red-color\">10mm LED \u015eerit Ayd\u0131nlatma i\u00e7in Siyah Dif\u00fcz\u00f6rl\u00fc Siyah LED Profili<\/mark><\/a> \u2014 For a sleek, modern black aluminum finish with excellent light control.<\/li>\n\n\n\n<li><a href=\"https:\/\/tangooled.com\/tr\/urun\/led-light-diffuser-channel-aluminum-15x12mm-for-10mm-led-strips\/\"><mark style=\"background-color:rgba(0, 0, 0, 0)\" class=\"has-inline-color has-vivid-red-color\">10mm LED \u015eeritler i\u00e7in Al\u00fcminyum 15x12mm LED I\u015f\u0131k Dif\u00fcz\u00f6r Kanal\u0131<\/mark><\/a> \u2014 Extra sturdy profiles with great diffusion for 10mm LEDs.<\/li>\n\n\n\n<li><a href=\"https:\/\/tangooled.com\/tr\/urun\/25x6mm-low-profile-led-strip-channel-for-10mm-led-strip-light\/\"><mark style=\"background-color:rgba(0, 0, 0, 0)\" class=\"has-inline-color has-vivid-red-color\">10mm LED \u015eerit I\u015f\u0131k i\u00e7in 25x6mm D\u00fc\u015f\u00fck Profil LED \u015eerit Kanal\u0131 <\/mark><\/a>\u2014 Ideal for slim spaces needing hidden LED lighting.<\/li>\n\n\n\n<li><a href=\"https:\/\/tangooled.com\/tr\/urun\/surface-mount-led-profile-with-frosted-diffuser-for-10mm-rope-lights\/\"><mark style=\"background-color:rgba(0, 0, 0, 0)\" class=\"has-inline-color has-vivid-red-color\">10mm Tel Ayd\u0131nlatmalar\u0131 i\u00e7in Buzlu Dif\u00fcz\u00f6rl\u00fc Y\u00fczeye Montaj LED Profili<\/mark><\/a> \u2014 Perfect for surface installations with soft light spread.<\/li>\n\n\n\n<li><a href=\"https:\/\/tangooled.com\/tr\/urun\/recessed-led-baseboard-molding-for-5mm-strip-lighting\/\"><mark style=\"background-color:rgba(0, 0, 0, 0)\" class=\"has-inline-color has-vivid-red-color\">5 mm \u015eerit Ayd\u0131nlatma i\u00e7in G\u00f6m\u00fcl\u00fc LED Taban Makaras\u0131<\/mark><\/a> \u2014 A complementary choice for smaller, narrow LED strips.<\/li>\n<\/ul>\n<\/div>\n\n\n\n<p><\/p>","protected":false},"featured_media":13657,"template":"","meta":{"_acf_changed":true,"_seopress_robots_primary_cat":"none","_seopress_titles_title":"Low Lighting LED Skirting Board Trim Channel SK09 | TANGOOLED","_seopress_titles_desc":"The SK09 is a professional low lighting led skirting board optimized for 10mm strips. Create a soft, atmospheric glow at floor level with this durable aluminum trim channel.","_seopress_robots_index":""},"pcb-width":[228],"product-cat":[198],"class_list":{"0":"post-42116","1":"product","2":"type-product","3":"status-publish","4":"has-post-thumbnail","6":"pcb-width-6-12mm","7":"product-cat-skirting-profile"},"acf":[],"_links":{"self":[{"href":"https:\/\/tangooled.com\/tr\/wp-json\/wp\/v2\/product\/42116","targetHints":{"allow":["GET"]}}],"collection":[{"href":"https:\/\/tangooled.com\/tr\/wp-json\/wp\/v2\/product"}],"about":[{"href":"https:\/\/tangooled.com\/tr\/wp-json\/wp\/v2\/types\/product"}],"wp:featuredmedia":[{"embeddable":true,"href":"https:\/\/tangooled.com\/tr\/wp-json\/wp\/v2\/media\/13657"}],"wp:attachment":[{"href":"https:\/\/tangooled.com\/tr\/wp-json\/wp\/v2\/media?parent=42116"}],"wp:term":[{"taxonomy":"pcb-width","embeddable":true,"href":"https:\/\/tangooled.com\/tr\/wp-json\/wp\/v2\/pcb-width?post=42116"},{"taxonomy":"product-cat","embeddable":true,"href":"https:\/\/tangooled.com\/tr\/wp-json\/wp\/v2\/product-cat?post=42116"}],"curies":[{"name":"wp","href":"https:\/\/api.w.org\/{rel}","templated":true}]}}