{"id":42114,"date":"2025-12-16T01:39:52","date_gmt":"2025-12-16T09:39:52","guid":{"rendered":"https:\/\/tangooled.com\/?post_type=product&#038;p=42114"},"modified":"2026-02-02T22:08:31","modified_gmt":"2026-02-03T06:08:31","slug":"recessed-led-baseboard-molding-for-5mm-strip-lighting","status":"publish","type":"product","link":"https:\/\/tangooled.com\/tr\/urun\/recessed-led-baseboard-molding-for-5mm-strip-lighting\/","title":{"rendered":"5mm \u015eerit Ayd\u0131nlatma i\u00e7in G\u00f6mme LED Alt Tahtas\u0131 Montalama"},"content":{"rendered":"<div class=\"wp-block-group is-vertical is-layout-flex wp-container-core-group-is-layout-d255d7c4 wp-block-group-is-layout-flex\" style=\"padding-top:var(--wp--preset--spacing--80);padding-bottom:var(--wp--preset--spacing--80)\">\n<p>Bu g\u00f6mme LED taban d\u00f6\u015femesi, g\u00fc\u00e7l\u00fc al\u00fcminyum ala\u015f\u0131m\u0131ndan yap\u0131lm\u0131\u015f ince bir kanald\u0131r. Zemin ayd\u0131nlatmas\u0131 i\u00e7in harika bir \u015fekilde \u00e7al\u0131\u015f\u0131r. Tasar\u0131m, 5mm geni\u015fli\u011findeki LED \u015ferit \u0131\u015f\u0131klar\u0131 g\u00fcvenli bir \u015fekilde tutacak \u015fekilde yap\u0131lm\u0131\u015ft\u0131r. Buzlu dif\u00fcz\u00f6r sayesinde \u0131\u015f\u0131k daima d\u00fczg\u00fcn, yumu\u015fak ve lekesizdir.<\/p>\n\n\n\n<p>Bu taban kanal\u0131 sadece 10 mm geni\u015fli\u011finde ve 40 mm y\u00fcksekli\u011findedir, bu nedenle mutfaklar ve banyolar gibi k\u00fc\u00e7\u00fck alanlara fazla yer kaplamadan s\u0131\u011fabilir. Dekorsuz duvar ile zemin kesi\u015fiminde monte edilebilir, bu da hem ah\u015fap kaplama hem de fayans duvarlarla uyumlu oldu\u011fu anlam\u0131na gelir. \u015eekli, g\u00f6r\u00fcn\u00fcr braketler veya kenarlar olmadan ortama uyum sa\u011flar ve temiz, modern bir g\u00f6r\u00fcn\u00fcm sunar.<\/p>\n<\/div>\n\n\n\n<div class=\"wp-block-group has-background is-vertical is-layout-flex wp-container-core-group-is-layout-d255d7c4 wp-block-group-is-layout-flex\" style=\"background-color:#f1f1f1;padding-top:var(--wp--preset--spacing--80);padding-bottom:var(--wp--preset--spacing--80)\">\n<div class=\"wp-block-group is-vertical is-layout-flex wp-container-core-group-is-layout-8cf370e7 wp-block-group-is-layout-flex\">\n<h2 class=\"wp-block-heading\" style=\"padding-top:var(--wp--preset--spacing--40);padding-bottom:var(--wp--preset--spacing--40);font-size:25px;font-style:normal;font-weight:600;text-transform:capitalize\">Anahtar \u00d6zellikler &amp; Faydalar<\/h2>\n\n\n\n<ul class=\"wp-block-list\">\n<li>Flush Montaj Tasar\u0131m\u0131: G\u00f6mme d\u00f6\u015feme, duvar ile ayn\u0131 hizaya yerle\u015ftirilir, b\u00f6ylece d\u00fczenli bir g\u00f6r\u00fcn\u00fcm kazan\u0131r.\u00a0<\/li>\n\n\n\n<li>5mm LED \u015eerit I\u015f\u0131klar\u0131 ile Uyumlu: Dar LED \u015feritleri yuvada a\u015f\u0131nmadan koruyarak d\u00fczg\u00fcn bir \u015fekilde sabitlenir.<\/li>\n\n\n\n<li>E\u015fit ve lekesiz \u0131\u015f\u0131k: Buzlu dif\u00fcz\u00f6r merce\u011fi, \u0131\u015f\u0131\u011f\u0131 daha yumu\u015fak hale getirir, b\u00f6ylece daima p\u00fcr\u00fczs\u00fcz bir \u015fekilde parlayarak yay\u0131l\u0131r.<\/li>\n\n\n\n<li>G\u00fc\u00e7l\u00fc al\u00fcminyumdan yap\u0131lm\u0131\u015ft\u0131r: LED \u015feritlerini korur ve daha uzun \u00f6m\u00fcrl\u00fc olmalar\u0131 i\u00e7in \u0131s\u0131 emici i\u015flevi g\u00f6r\u00fcr.<\/li>\n\n\n\n<li>Farkl\u0131 Kaplamalar: Anodize g\u00fcm\u00fc\u015f, toz boyal\u0131 siyah veya boyanabilir beyaz olarak temin edilebilir.<\/li>\n\n\n\n<li>Yeni in\u015faat ve yenilemeler i\u00e7in uygundur: Al\u00e7\u0131pan veya s\u0131va i\u00e7inde kolayca monte edilebilir.<\/li>\n<\/ul>\n<\/div>\n<\/div>\n\n\n\n<div class=\"wp-block-group\" style=\"padding-top:var(--wp--preset--spacing--60);padding-bottom:var(--wp--preset--spacing--60)\"><div class=\"wp-block-group__inner-container is-layout-constrained wp-block-group-is-layout-constrained\">\n<div class=\"wp-block-media-text has-media-on-the-right is-stacked-on-mobile\" style=\"grid-template-columns:auto 40%\"><div class=\"wp-block-media-text__content\">\n<h2 class=\"wp-block-heading\" style=\"padding-top:var(--wp--preset--spacing--40);padding-bottom:var(--wp--preset--spacing--40);font-size:25px;font-style:normal;font-weight:600;text-transform:capitalize\">G\u00f6mme LED Taban D\u00f6\u015femesi Nas\u0131l Monte Edilir<\/h2>\n\n\n\n<ul class=\"wp-block-list\">\n<li>D\u00f6\u015femenin yerle\u015ftirilece\u011fi alanda al\u00e7\u0131pan veya s\u0131vada bir kesim yap\u0131n.<\/li>\n\n\n\n<li>Al\u00fcminyum d\u00f6\u015femeyi duvarla ayn\u0131 seviyeye yerle\u015ftirin.<\/li>\n\n\n\n<li>5mm LED \u015feridinizi kanala yerle\u015ftirin.<\/li>\n\n\n\n<li>Buzlu dif\u00fcz\u00f6r\u00fc tak\u0131n ve profil u\u00e7lar\u0131n\u0131 son kapaklarla kapat\u0131n. <\/li>\n\n\n\n<li>Tam bir par\u00e7a g\u00f6r\u00fcn\u00fcm\u00fc elde etmek i\u00e7in d\u00f6\u015femenin etraf\u0131ndaki s\u0131va veya boyay\u0131 bitirin.<\/li>\n\n\n\n<li>12V veya 24V \u00e7al\u0131\u015fan bir LED s\u00fcr\u00fcc\u00fcs\u00fcne ba\u011flay\u0131n (ayr\u0131ca sat\u0131lmaktad\u0131r).<\/li>\n<\/ul>\n<\/div><figure class=\"wp-block-media-text__media\"><img loading=\"lazy\" decoding=\"async\" width=\"500\" height=\"500\" src=\"https:\/\/tangooled.com\/wp-content\/uploads\/2025\/12\/sk08-ins.webp\" alt=\"recessed led baseboard molding for 5mm strip lighting\" class=\"wp-image-42152 size-full\" srcset=\"https:\/\/tangooled.com\/wp-content\/uploads\/2025\/12\/sk08-ins.webp 500w, https:\/\/tangooled.com\/wp-content\/uploads\/2025\/12\/sk08-ins-300x300.webp 300w, https:\/\/tangooled.com\/wp-content\/uploads\/2025\/12\/sk08-ins-150x150.webp 150w\" sizes=\"auto, (max-width: 500px) 100vw, 500px\" \/><\/figure><\/div>\n<\/div><\/div>\n\n\n\n<div class=\"wp-block-group has-background is-vertical is-layout-flex wp-container-core-group-is-layout-b429018a wp-block-group-is-layout-flex\" style=\"background-color:#f1f1f1f2;padding-top:var(--wp--preset--spacing--70);padding-bottom:var(--wp--preset--spacing--70)\">\n<h2 class=\"wp-block-heading\" style=\"padding-top:var(--wp--preset--spacing--40);padding-bottom:var(--wp--preset--spacing--40);font-size:25px;font-style:normal;font-weight:600\">Nerelerde Kullan\u0131l\u0131r?<\/h2>\n\n\n\n<p>G\u00f6mme LED taban d\u00f6\u015femesi \u015funlar i\u00e7in harikad\u0131r:<\/p>\n\n\n\n<ul class=\"wp-block-list\">\n<li>Koridorlar ve ge\u00e7itler: Modern g\u00f6r\u00fcn\u00fcm ve g\u00fcvenli gece ayd\u0131nlatmas\u0131.<\/li>\n\n\n\n<li>Oturma Odalar\u0131 ve Yatak Odalar\u0131: Mekana davetkar bir s\u0131cakl\u0131k katan zemin ayd\u0131nlatmas\u0131.<\/li>\n\n\n\n<li>Mutfaklar ve banyolar: Alt dolaplar\u0131n ayak \u0131\u015f\u0131klar\u0131, g\u00f6revleri ayd\u0131nlatman\u0131n temiz ve \u015f\u0131k bir yoludur.<\/li>\n\n\n\n<li>Ticari Alanlar: Oteller, restoranlar ve i\u015f yerleri \u015f\u0131k dolayl\u0131 ayd\u0131nlatmay\u0131 sevmektedir.<\/li>\n<\/ul>\n<\/div>\n\n\n\n<div class=\"wp-block-group is-vertical is-layout-flex wp-container-core-group-is-layout-d255d7c4 wp-block-group-is-layout-flex\" style=\"padding-top:var(--wp--preset--spacing--80);padding-bottom:var(--wp--preset--spacing--80)\">\n<h2 class=\"wp-block-heading\" style=\"padding-top:var(--wp--preset--spacing--40);padding-bottom:var(--wp--preset--spacing--40);font-size:25px;font-style:normal;font-weight:600;text-transform:capitalize\">\u0130lgili \u00dcr\u00fcnler<\/h2>\n\n\n\n<ul class=\"wp-block-list\">\n<li>Ke\u015ffedin<a href=\"https:\/\/tangooled.com\/tr\/urun\/8x9mm-led-profile-aluminum-channel-rigid-bar-for-5mm-led-strips\/\"><mark style=\"background-color:rgba(0, 0, 0, 0)\" class=\"has-inline-color has-vivid-red-color\"> 5mm LED \u015eeritler i\u00e7in 8x9mm LED Profili Al\u00fcminyum Kanal<\/mark><\/a> alternatif kanal tasar\u0131mlar\u0131 i\u00e7in.<\/li>\n\n\n\n<li>Daha fazla ayd\u0131nlatma kanal\u0131 m\u0131 ar\u0131yorsunuz? Deneyin <a href=\"https:\/\/tangooled.com\/tr\/urun\/recessed-aluminum-profile-17x8mm-for-led-strip-lighting\/\"><mark style=\"background-color:rgba(0, 0, 0, 0)\" class=\"has-inline-color has-vivid-red-color\">LED \u015eerit Ayd\u0131nlatmas\u0131 i\u00e7in G\u00f6mme LED Al\u00fcminyum Profil 17x8mm<\/mark> <\/a>farkl\u0131 boyutlar i\u00e7in.<\/li>\n\n\n\n<li>Daha geni\u015f \u015feritler i\u00e7in bir dif\u00fcz\u00f6re mi ihtiyac\u0131n\u0131z var? Kontrol edin <mark style=\"background-color:rgba(0, 0, 0, 0)\" class=\"has-inline-color has-vivid-red-color\"><a href=\"https:\/\/tangooled.com\/tr\/urun\/black-led-diffuser-aluminum-channel-for-12mm-tape-lights\/\">12 mm bant i\u015f\u0131klar\u0131 i\u00e7in siyah LED dif\u00fcz\u00f6r al\u00fcminyum kanal\u0131<\/a><\/mark><mark style=\"background-color:rgba(0, 0, 0, 0)\" class=\"has-inline-color has-black-color\">.<\/mark><\/li>\n<\/ul>\n<\/div>\n\n\n\n<div class=\"wp-block-group has-background\" style=\"background-color:#f1f1f1;padding-top:var(--wp--preset--spacing--80);padding-bottom:var(--wp--preset--spacing--80)\"><div class=\"wp-block-group__inner-container is-layout-constrained wp-block-group-is-layout-constrained\">\n<h2 class=\"wp-block-heading\" style=\"padding-top:var(--wp--preset--spacing--40);padding-right:0;padding-bottom:var(--wp--preset--spacing--40);padding-left:0;font-size:25px;font-style:normal;font-weight:600;text-transform:capitalize\">\u00d6zet<\/h2>\n\n\n\n<p style=\"padding-right:var(--wp--preset--spacing--50);padding-left:var(--wp--preset--spacing--50)\">5mm \u015eerit Ayd\u0131nlatma i\u00e7in G\u00f6mme LED Taban D\u00f6\u015fememiz, modern evler ve i\u015fletmelere \u015f\u0131k, gizli ayd\u0131nlatma ekler. G\u00fc\u00e7l\u00fc al\u00fcminyum taban d\u00f6\u015femesi, d\u00fcz montaj yap\u0131s\u0131 ve buzlu dif\u00fcz\u00f6r merce\u011fi ile duvarlar ve zeminler boyunca g\u00fczel, e\u015fit \u0131\u015f\u0131k sa\u011flar. Koridorlar, mutfaklar, ya\u015fam alanlar\u0131 ve ofisler i\u00e7in g\u00fcvenlik ve tarz sunar.<\/p>\n<\/div><\/div>\n\n\n\n<p><\/p>","protected":false},"featured_media":13655,"template":"","meta":{"_acf_changed":true,"_seopress_robots_primary_cat":"none","_seopress_titles_title":"Recessed LED Baseboard Molding for 5mm Strip SK08 | TANGOOLED","_seopress_titles_desc":"The SK08 is a premium recessed led baseboard molding specifically designed for ultra-narrow 5mm strips. Create a subtle, minimalist glowing line at the floor level with this slim aluminum profile.","_seopress_robots_index":""},"pcb-width":[228],"product-cat":[198],"class_list":{"0":"post-42114","1":"product","2":"type-product","3":"status-publish","4":"has-post-thumbnail","6":"pcb-width-6-12mm","7":"product-cat-skirting-profile"},"acf":[],"_links":{"self":[{"href":"https:\/\/tangooled.com\/tr\/wp-json\/wp\/v2\/product\/42114","targetHints":{"allow":["GET"]}}],"collection":[{"href":"https:\/\/tangooled.com\/tr\/wp-json\/wp\/v2\/product"}],"about":[{"href":"https:\/\/tangooled.com\/tr\/wp-json\/wp\/v2\/types\/product"}],"wp:featuredmedia":[{"embeddable":true,"href":"https:\/\/tangooled.com\/tr\/wp-json\/wp\/v2\/media\/13655"}],"wp:attachment":[{"href":"https:\/\/tangooled.com\/tr\/wp-json\/wp\/v2\/media?parent=42114"}],"wp:term":[{"taxonomy":"pcb-width","embeddable":true,"href":"https:\/\/tangooled.com\/tr\/wp-json\/wp\/v2\/pcb-width?post=42114"},{"taxonomy":"product-cat","embeddable":true,"href":"https:\/\/tangooled.com\/tr\/wp-json\/wp\/v2\/product-cat?post=42114"}],"curies":[{"name":"wp","href":"https:\/\/api.w.org\/{rel}","templated":true}]}}