{"id":42112,"date":"2025-12-16T01:34:52","date_gmt":"2025-12-16T09:34:52","guid":{"rendered":"https:\/\/tangooled.com\/?post_type=product&#038;p=42112"},"modified":"2026-02-02T22:08:15","modified_gmt":"2026-02-03T06:08:15","slug":"aluminum-drywall-led-skirting-profile-for-12mm-tape-light","status":"publish","type":"product","link":"https:\/\/tangooled.com\/tr\/urun\/aluminum-drywall-led-skirting-profile-for-12mm-tape-light\/","title":{"rendered":"12mm Bant I\u015f\u0131\u011f\u0131 \u0130\u00e7in Aluminyum Kuru Duvar LED Perde Profil"},"content":{"rendered":"<div class=\"wp-block-group is-vertical is-layout-flex wp-container-core-group-is-layout-d255d7c4 wp-block-group-is-layout-flex\" style=\"padding-top:var(--wp--preset--spacing--80);padding-bottom:var(--wp--preset--spacing--80)\">\n<p>Bu aluminyum kuru duvar LED perde profili, 12mm bant \u0131\u015f\u0131\u011f\u0131 i\u00e7in basit, son derece esnek bir trim par\u00e7as\u0131d\u0131r ve temiz, gizli aksan ayd\u0131nlatma olu\u015fturmak i\u00e7in idealdir. Dayan\u0131kl\u0131 aluminyumdan yap\u0131lm\u0131\u015ft\u0131r ve istedi\u011finiz her yere d\u00fcz \u0131\u015f\u0131k hatlar\u0131 olu\u015fturmak i\u00e7in minimalist bir g\u00f6r\u00fcn\u00fcm sunar. Di\u011fer bir\u00e7ok profilden farkl\u0131 olarak, bu tasar\u0131m kas\u0131tl\u0131 olarak dif\u00fcz\u00f6rs\u00fcz b\u0131rak\u0131lm\u0131\u015ft\u0131r, b\u00f6ylece LED \u015feridinizden m\u00fcmk\u00fcn olan en do\u011frudan \u0131\u015f\u0131\u011f\u0131 al\u0131rs\u0131n\u0131z.<\/p>\n\n\n\n<p>Bu kanal, kuru duvara veya al\u00e7\u0131pan i\u00e7ine kolayca g\u00f6m\u00fclebilir; hem yerde modern bir LED baz profili olarak hem de duvarda daha y\u00fckse\u011fe yerle\u015ftirildi\u011finde ince bir duvar bel hizas\u0131 profili olarak kullan\u0131labilir. Tasar\u0131m\u0131, temiz, dolayl\u0131 \u0131\u015f\u0131k sa\u011flamak i\u00e7in d\u00fc\u015f\u00fck-orta duvar yerle\u015fimine odaklanm\u0131\u015ft\u0131r, y\u00fcksek duvar veya tavan ba\u011flant\u0131lar\u0131na uzanmaz.<\/p>\n\n\n\n<p>Since it&#8217;s designed to be trimless, the whole profile hides completely inside the wall. This provides an incredibly clean and modern finish, with no visible aluminum edges once installation and plastering are complete. The channel is compatible with a range of common strip light widths, fitting LED tapes that are 8 mm, 10 mm, and up to 12 mm wide, ensuring broad flexibility in your choice of lighting.<\/p>\n<\/div>\n\n\n\n<div class=\"wp-block-group has-background is-vertical is-layout-flex wp-container-core-group-is-layout-d255d7c4 wp-block-group-is-layout-flex\" style=\"background-color:#f1f1f1;padding-top:var(--wp--preset--spacing--80);padding-bottom:var(--wp--preset--spacing--80)\">\n<div class=\"wp-block-group is-vertical is-layout-flex wp-container-core-group-is-layout-8cf370e7 wp-block-group-is-layout-flex\">\n<h2 class=\"wp-block-heading\" style=\"padding-top:var(--wp--preset--spacing--40);padding-bottom:var(--wp--preset--spacing--40);font-size:25px;font-style:normal;font-weight:600;text-transform:capitalize\">Neden kuru duvar LED perde profilimizi se\u00e7melisiniz<\/h2>\n\n\n\n<ul class=\"wp-block-list\">\n<li>Tamamen d\u00fcz, trimsiz biti\u015f: Bu profil do\u011frudan kuru duvar\u0131n\u0131za monte edilir. \u00dczerine al\u00e7\u0131 uygulars\u0131n\u0131z, bo\u015fluk veya diki\u015f kalmaz.<\/li>\n\n\n\n<li>Sa\u011flam al\u00fcminyum yap\u0131s\u0131: Y\u00fcksek kaliteli 6063-T5 anodize al\u00fcminyumdan yap\u0131lm\u0131\u015ft\u0131r, LED \u015feritlerinizi so\u011futur, b\u00f6ylece daha uzun \u00f6m\u00fcrl\u00fc olurlar.<\/li>\n\n\n\n<li>12mm geni\u015fli\u011finde LED bant \u0131\u015f\u0131klar\u0131 i\u00e7in uygundur: Piyasada bulunan \u00e7o\u011fu LED \u015feridi i\u00e7in m\u00fckemmel boyut.<\/li>\n\n\n\n<li>\u00c7e\u015fitli kullan\u0131m: Koridorlar, merdivenler, oturma odalar\u0131, oteller, ma\u011fazalar veya ofisler i\u00e7in harika.<\/li>\n<\/ul>\n<\/div>\n<\/div>\n\n\n\n<div class=\"wp-block-group\" style=\"padding-top:var(--wp--preset--spacing--60);padding-bottom:var(--wp--preset--spacing--60)\"><div class=\"wp-block-group__inner-container is-layout-constrained wp-block-group-is-layout-constrained\">\n<div class=\"wp-block-media-text has-media-on-the-right is-stacked-on-mobile\" style=\"grid-template-columns:auto 40%\"><div class=\"wp-block-media-text__content\">\n<h2 class=\"wp-block-heading\" style=\"padding-top:var(--wp--preset--spacing--40);padding-bottom:var(--wp--preset--spacing--40);font-size:25px;font-style:normal;font-weight:600;text-transform:capitalize\">Kurulum \u0130\u00e7in Basit Ad\u0131mlar<\/h2>\n\n\n\n<ul class=\"wp-block-list\">\n<li>Al\u00fcminyum kanal\u0131 kuru duvar\u0131n\u0131za veya ah\u015fap desteklerinize vidalay\u0131n.<\/li>\n\n\n\n<li>Flanjlar\u0131 al\u00e7\u0131 veya kuru duvar harc\u0131 ile kaplay\u0131n.<\/li>\n\n\n\n<li>D\u00fczle\u015ftirin ve duvar\u0131n\u0131z\u0131 boyay\u0131n.<\/li>\n\n\n\n<li>12mm LED bant\u0131n\u0131z\u0131 i\u00e7eri yerle\u015ftirin.<\/li>\n\n\n\n<li>LED \u015feridi d\u00fc\u015f\u00fck voltajl\u0131 bir g\u00fc\u00e7 kayna\u011f\u0131na tak\u0131n.<\/li>\n<\/ul>\n<\/div><figure class=\"wp-block-media-text__media\"><img loading=\"lazy\" decoding=\"async\" width=\"500\" height=\"500\" src=\"https:\/\/tangooled.com\/wp-content\/uploads\/2025\/12\/sk07-ins.webp\" alt=\"aluminum drywall led skirting profile for 12mm tape light\" class=\"wp-image-42147 size-full\" srcset=\"https:\/\/tangooled.com\/wp-content\/uploads\/2025\/12\/sk07-ins.webp 500w, https:\/\/tangooled.com\/wp-content\/uploads\/2025\/12\/sk07-ins-300x300.webp 300w, https:\/\/tangooled.com\/wp-content\/uploads\/2025\/12\/sk07-ins-150x150.webp 150w\" sizes=\"auto, (max-width: 500px) 100vw, 500px\" \/><\/figure><\/div>\n<\/div><\/div>\n\n\n\n<div class=\"wp-block-group has-background is-vertical is-layout-flex wp-container-core-group-is-layout-b429018a wp-block-group-is-layout-flex\" style=\"background-color:#f1f1f1f2;padding-top:var(--wp--preset--spacing--70);padding-bottom:var(--wp--preset--spacing--70)\">\n<h2 class=\"wp-block-heading\" style=\"padding-top:var(--wp--preset--spacing--40);padding-bottom:var(--wp--preset--spacing--40);font-size:25px;font-style:normal;font-weight:600\">Bir\u00e7ok Yer i\u00e7in M\u00fckemmel<\/h2>\n\n\n\n<p>Bu LED al\u00fcminyum perde profili, bir\u00e7ok farkl\u0131 odada ve alanda kullan\u0131labilir:<\/p>\n\n\n\n<ul class=\"wp-block-list\">\n<li>Ev: Oturma odalar\u0131, merdivenler ve koridorlar<\/li>\n\n\n\n<li>Oteller: lobiler, koridorlar ve misafir odalar\u0131<\/li>\n\n\n\n<li>Ma\u011fazalar: Duvarlar\u0131 vurgulamak i\u00e7in aksan ayd\u0131nlatma<\/li>\n\n\n\n<li>Ofisler: Masalar\u0131n alt\u0131na veya yollar boyunca yumu\u015fak ayd\u0131nlatma i\u00e7in.<\/li>\n\n\n\n<li>Hastaneler ve tiyatrolar: G\u00fcvenli, d\u00fc\u015f\u00fck \u0131\u015f\u0131lt\u0131l\u0131 ayd\u0131nlatma<\/li>\n<\/ul>\n<\/div>\n\n\n\n<div class=\"wp-block-group\" style=\"padding-top:var(--wp--preset--spacing--80);padding-bottom:var(--wp--preset--spacing--80)\"><div class=\"wp-block-group__inner-container is-layout-constrained wp-block-group-is-layout-constrained\">\n<h2 class=\"wp-block-heading\" style=\"padding-top:var(--wp--preset--spacing--40);padding-bottom:var(--wp--preset--spacing--40);font-size:25px;font-style:normal;font-weight:600;text-transform:capitalize\">Ho\u015flanabilece\u011finiz \u0130lgili \u00dcr\u00fcnler<\/h2>\n\n\n\n<ul class=\"wp-block-list\">\n<li>Black LED diffuser aluminum channel for 12mm tape lights \u2014 <a href=\"https:\/\/tangooled.com\/tr\/urun\/black-led-diffuser-aluminum-channel-for-12mm-tape-lights\/\"><mark style=\"background-color:rgba(0, 0, 0, 0)\" class=\"has-inline-color has-vivid-red-color\">\u00dcr\u00fcn\u00fc g\u00f6r\u00fcnt\u00fcle<\/mark><\/a><\/li>\n\n\n\n<li>Surface mount LED profile with frosted diffuser for 10mm rope lights \u2014 <a href=\"https:\/\/tangooled.com\/tr\/urun\/surface-mount-led-profile-with-frosted-diffuser-for-10mm-rope-lights\/\"><mark style=\"background-color:rgba(0, 0, 0, 0)\" class=\"has-inline-color has-vivid-red-color\">\u00dcr\u00fcn\u00fc g\u00f6r\u00fcnt\u00fcle<\/mark><\/a><\/li>\n\n\n\n<li>18mm flexible LED profile for 12mm LED strips \u2014 <a href=\"https:\/\/tangooled.com\/tr\/urun\/18mm-flexible-led-profile-for-12mm-led-strips\/\"><mark style=\"background-color:rgba(0, 0, 0, 0)\" class=\"has-inline-color has-vivid-red-color\">\u00dcr\u00fcn\u00fc g\u00f6r\u00fcnt\u00fcle<\/mark><\/a><\/li>\n<\/ul>\n<\/div><\/div>\n\n\n\n<div class=\"wp-block-group has-background\" style=\"background-color:#f1f1f1;padding-top:var(--wp--preset--spacing--80);padding-bottom:var(--wp--preset--spacing--80)\"><div class=\"wp-block-group__inner-container is-layout-constrained wp-block-group-is-layout-constrained\">\n<h2 class=\"wp-block-heading\" style=\"padding-top:var(--wp--preset--spacing--40);padding-right:0;padding-bottom:var(--wp--preset--spacing--40);padding-left:0;font-size:25px;font-style:normal;font-weight:600;text-transform:capitalize\">\u00d6zet<\/h2>\n\n\n\n<p style=\"padding-right:var(--wp--preset--spacing--50);padding-left:var(--wp--preset--spacing--50)\">12mm Bant I\u015f\u0131\u011f\u0131 \u0130\u00e7in Aluminyum Kuru Duvar LED Perde Profili, duvarlar\u0131n\u0131zda temiz ve p\u00fcr\u00fczs\u00fcz dolayl\u0131 ayd\u0131nlatma sa\u011flamak i\u00e7in ak\u0131ll\u0131 bir yoldur. 12mm LED \u015ferit \u0131\u015f\u0131klarla g\u00fczel \u00e7al\u0131\u015f\u0131r ve kuru duvar\u0131n\u0131zda gizlenerek temiz bir g\u00f6r\u00fcn\u00fcm sunar. Evlerde, i\u015fletmelerde, otellerde veya perakende alanlarda kullan\u0131labilir, modern ve \u015f\u0131k ayd\u0131nlatmalar ekler.<\/p>\n<\/div><\/div>\n\n\n\n<p><\/p>","protected":false},"featured_media":13653,"template":"","meta":{"_acf_changed":true,"_seopress_robots_primary_cat":"none","_seopress_titles_title":"Aluminum Drywall LED Skirting Profile for 12mm Tape Light SK07 | TANGOOLED","_seopress_titles_desc":"The SK07 is a durable aluminum drywall led skirting profile optimized for 12mm tape lights. Achieve a clean, integrated linear light finish in plasterboard walls with this recessed baseboard.","_seopress_robots_index":""},"pcb-width":[228],"product-cat":[198],"class_list":{"0":"post-42112","1":"product","2":"type-product","3":"status-publish","4":"has-post-thumbnail","6":"pcb-width-6-12mm","7":"product-cat-skirting-profile"},"acf":[],"_links":{"self":[{"href":"https:\/\/tangooled.com\/tr\/wp-json\/wp\/v2\/product\/42112","targetHints":{"allow":["GET"]}}],"collection":[{"href":"https:\/\/tangooled.com\/tr\/wp-json\/wp\/v2\/product"}],"about":[{"href":"https:\/\/tangooled.com\/tr\/wp-json\/wp\/v2\/types\/product"}],"wp:featuredmedia":[{"embeddable":true,"href":"https:\/\/tangooled.com\/tr\/wp-json\/wp\/v2\/media\/13653"}],"wp:attachment":[{"href":"https:\/\/tangooled.com\/tr\/wp-json\/wp\/v2\/media?parent=42112"}],"wp:term":[{"taxonomy":"pcb-width","embeddable":true,"href":"https:\/\/tangooled.com\/tr\/wp-json\/wp\/v2\/pcb-width?post=42112"},{"taxonomy":"product-cat","embeddable":true,"href":"https:\/\/tangooled.com\/tr\/wp-json\/wp\/v2\/product-cat?post=42112"}],"curies":[{"name":"wp","href":"https:\/\/api.w.org\/{rel}","templated":true}]}}