{"id":42111,"date":"2025-12-16T01:31:08","date_gmt":"2025-12-16T09:31:08","guid":{"rendered":"https:\/\/tangooled.com\/?post_type=product&#038;p=42111"},"modified":"2026-02-02T22:07:57","modified_gmt":"2026-02-03T06:07:57","slug":"tile-trim-led-baseboard-profile-channel-for-10mm-strip-light","status":"publish","type":"product","link":"https:\/\/tangooled.com\/tr\/urun\/tile-trim-led-baseboard-profile-channel-for-10mm-strip-light\/","title":{"rendered":"10mm \u015eerit I\u015f\u0131k i\u00e7in Fayans Trim LED Altl\u0131k Profil Kanal\u0131"},"content":{"rendered":"<div class=\"wp-block-group is-vertical is-layout-flex wp-container-core-group-is-layout-d255d7c4 wp-block-group-is-layout-flex\" style=\"padding-top:var(--wp--preset--spacing--80);padding-bottom:var(--wp--preset--spacing--80)\">\n<p>Fayans trim led altl\u0131k profilimizle mekan\u0131n\u0131z\u0131 d\u00f6n\u00fc\u015ft\u00fcr\u00fcn! LED altl\u0131k, sabit bir montaj par\u00e7as\u0131 ve bir \u0131\u015f\u0131k g\u00f6vdesinden olu\u015fan benzersiz mod\u00fcler bir tasar\u0131ma sahiptir. Bu tasar\u0131m son derece esnek ve kurulumu kolayd\u0131r; hem y\u00fczeye montaj hem de g\u00f6mme montaj yapman\u0131za olanak tan\u0131r ve \u00e7e\u015fitli alanlar\u0131n ayd\u0131nlatma ihtiya\u00e7lar\u0131n\u0131 kar\u015f\u0131lar.<\/p>\n\n\n\n<p>I\u015f\u0131k, altl\u0131k panosunun e\u011fimli \u015fekli \u00fczerinden a\u015fa\u011f\u0131ya ve i\u00e7eri do\u011fru parlayan \u0131\u015f\u0131k, zemin yak\u0131n\u0131ndaki alan\u0131 yumu\u015fak ve dengeli g\u00f6sterir. Modern evlerde ve i\u015fyerlerinde veya g\u00fc\u00e7l\u00fc dekoratif dokunu\u015f gerektiren her yerde m\u00fckemmel \u00e7al\u0131\u015f\u0131r.<\/p>\n\n\n\n<p>Bu altl\u0131k, g\u00fcm\u00fc\u015f, kum siyah\u0131, demir gri ve alt\u0131n kaplamalarda mevcuttur, bu nedenle bir\u00e7ok farkl\u0131 dekor tarz\u0131yla uyum sa\u011flar. Modern ve minimalist, end\u00fcstriyel veya l\u00fcks olan odan\u0131z\u0131n havas\u0131n\u0131 iyile\u015ftirmek i\u00e7in uygun rengi se\u00e7ebilirsiniz.<\/p>\n<\/div>\n\n\n\n<div class=\"wp-block-group has-background is-vertical is-layout-flex wp-container-core-group-is-layout-d255d7c4 wp-block-group-is-layout-flex\" style=\"background-color:#f1f1f1;padding-top:var(--wp--preset--spacing--80);padding-bottom:var(--wp--preset--spacing--80)\">\n<div class=\"wp-block-group is-vertical is-layout-flex wp-container-core-group-is-layout-8cf370e7 wp-block-group-is-layout-flex\">\n<h2 class=\"wp-block-heading\" style=\"padding-top:var(--wp--preset--spacing--40);padding-bottom:var(--wp--preset--spacing--40);font-size:25px;font-style:normal;font-weight:600;text-transform:capitalize\">Neden Bu \u00dcr\u00fcn\u00fc Se\u00e7melisiniz?<\/h2>\n\n\n\n<ul class=\"wp-block-list\">\n<li>Mod\u00fcler Tasar\u0131m: Sabit montaj par\u00e7as\u0131n\u0131 ve \u0131\u015f\u0131k g\u00f6vdesini ay\u0131ran benzersiz bir mod\u00fcler tasar\u0131m sunar.<\/li>\n\n\n\n<li> \u00c7ok Y\u00f6nl\u00fc Montaj: Hem y\u00fczeye montaj hem de g\u00f6mme montaj destekler.<\/li>\n\n\n\n<li>\u00c7oklu renk se\u00e7ene\u011fi: g\u00fcm\u00fc\u015f, siyah, gri ve alt\u0131n kaplama se\u00e7enekleriyle.<\/li>\n\n\n\n<li>Kolay Kurulum: Tasar\u0131m son derece esnektir ve kurulum kolayd\u0131r.<\/li>\n\n\n\n<li>Birden Fazla Kullan\u0131m: Banyo zeminleri, mutfaklar, merdivenler, koridorlar ve duvarlar i\u00e7in m\u00fckemmeldir. Tarz ve g\u00fcvenlik kat\u0131yor.<\/li>\n<\/ul>\n<\/div>\n<\/div>\n\n\n\n<div class=\"wp-block-group is-vertical is-layout-flex wp-container-core-group-is-layout-d255d7c4 wp-block-group-is-layout-flex\" style=\"padding-top:var(--wp--preset--spacing--80);padding-bottom:var(--wp--preset--spacing--80)\">\n<hr class=\"wp-block-separator has-alpha-channel-opacity\"\/>\n\n\n\n<div class=\"wp-block-media-text has-media-on-the-right is-stacked-on-mobile\" style=\"grid-template-columns:auto 40%\"><div class=\"wp-block-media-text__content\">\n<h2 class=\"wp-block-heading\" style=\"padding-top:var(--wp--preset--spacing--40);padding-bottom:var(--wp--preset--spacing--40);font-size:25px;font-style:normal;font-weight:600;text-transform:capitalize\">Nerede Kullan\u0131lmal\u0131<\/h2>\n\n\n\n<p>Fayans trim led altl\u0131k profilimiz, \u015funlar i\u00e7in idealdir:<\/p>\n\n\n\n<ul class=\"wp-block-list\">\n<li>Mutfak ve Banyo: Fayanslar\u0131 ve zeminleri parlat\u0131n<\/li>\n\n\n\n<li>Merdiven Ayd\u0131nlatmas\u0131: Ad\u0131mlar i\u00e7in g\u00fcvenli ve \u015f\u0131k \u0131\u015f\u0131klar<\/li>\n\n\n\n<li>Koridorda altl\u0131k ayd\u0131nlatmas\u0131: y\u00fcr\u00fcme yerleri i\u00e7in yumu\u015fak yol \u0131\u015f\u0131\u011f\u0131<\/li>\n\n\n\n<li>Vurgu Duvarlar\u0131 ve Tavanlar: Fayans veya s\u0131va dokusunu sergilemek i\u00e7in parlayan hatlar olu\u015fturun.<\/li>\n<\/ul>\n<\/div><figure class=\"wp-block-media-text__media\"><img loading=\"lazy\" decoding=\"async\" width=\"500\" height=\"500\" src=\"https:\/\/tangooled.com\/wp-content\/uploads\/2025\/12\/sk06-ins.webp\" alt=\"tile trim led baseboard profile channel for 10mm strip light\" class=\"wp-image-42145 size-full\" srcset=\"https:\/\/tangooled.com\/wp-content\/uploads\/2025\/12\/sk06-ins.webp 500w, https:\/\/tangooled.com\/wp-content\/uploads\/2025\/12\/sk06-ins-300x300.webp 300w, https:\/\/tangooled.com\/wp-content\/uploads\/2025\/12\/sk06-ins-150x150.webp 150w\" sizes=\"auto, (max-width: 500px) 100vw, 500px\" \/><\/figure><\/div>\n<\/div>\n\n\n\n<div class=\"wp-block-group has-background is-vertical is-layout-flex wp-container-core-group-is-layout-b429018a wp-block-group-is-layout-flex\" style=\"background-color:#f1f1f1f2;padding-top:var(--wp--preset--spacing--70);padding-bottom:var(--wp--preset--spacing--70)\">\n<h2 class=\"wp-block-heading\" style=\"padding-top:var(--wp--preset--spacing--40);padding-bottom:var(--wp--preset--spacing--40);font-size:25px;font-style:normal;font-weight:600\">G\u00f6rmekte Olaca\u011f\u0131n\u0131z Faydalar<\/h2>\n\n\n\n<ul class=\"wp-block-list\">\n<li>Fayans trim led altl\u0131k profiliniz, odan\u0131za profesyonel bir g\u00f6r\u00fcn\u00fcm kazand\u0131r\u0131r ve \u0131\u015f\u0131\u011f\u0131n serbest\u00e7e akmas\u0131na izin verir.<\/li>\n\n\n\n<li>LED \u015feritleri korumak ve daha uzun s\u00fcre dayanmas\u0131n\u0131 sa\u011flamak i\u00e7in \u0131s\u0131 da\u011f\u0131t\u0131c\u0131 olarak \u00e7al\u0131\u015f\u0131r<\/li>\n\n\n\n<li>Fayans veya al\u00e7\u0131pan projeleriyle uyum i\u00e7inde kayna\u015f\u0131r ve p\u00fcr\u00fczs\u00fcz \u0131\u015f\u0131k hatlar\u0131 olu\u015fturur.<\/li>\n\n\n\n<li>Herhangi bir odayla uyum veya z\u0131tl\u0131k olu\u015fturacak \u015fekilde g\u00fcm\u00fc\u015f, beyaz veya siyah kaplama se\u00e7eneklerinden birini se\u00e7ebilirsiniz.<\/li>\n\n\n\n<li>Koridorlar ve merdivenler i\u00e7in m\u00fckemmel olup, g\u00fcvenli ve ho\u015f bir atmosfer yaratan yumu\u015fak, s\u00fcrekli \u0131\u015f\u0131k sunar.<\/li>\n<\/ul>\n<\/div>\n\n\n\n<div class=\"wp-block-group is-vertical is-layout-flex wp-container-core-group-is-layout-d255d7c4 wp-block-group-is-layout-flex\" style=\"padding-top:var(--wp--preset--spacing--80);padding-bottom:var(--wp--preset--spacing--80)\">\n<h2 class=\"wp-block-heading\" style=\"padding-top:var(--wp--preset--spacing--40);padding-bottom:var(--wp--preset--spacing--40);font-size:25px;font-style:normal;font-weight:600;text-transform:capitalize\">What&#8217; in a kit?<\/h2>\n\n\n\n<ul class=\"wp-block-list\">\n<li>Al\u00fcminyum LED altl\u0131k kanal\u0131<\/li>\n\n\n\n<li>Opal polikarbonat dif\u00fcz\u00f6r<\/li>\n\n\n\n<li>Son kapaklar<\/li>\n<\/ul>\n<\/div>\n\n\n\n<div class=\"wp-block-group has-background\" style=\"background-color:#f1f1f1;padding-top:var(--wp--preset--spacing--80);padding-bottom:var(--wp--preset--spacing--80)\"><div class=\"wp-block-group__inner-container is-layout-constrained wp-block-group-is-layout-constrained\">\n<h2 class=\"wp-block-heading\" style=\"padding-top:var(--wp--preset--spacing--40);padding-right:0;padding-bottom:var(--wp--preset--spacing--40);padding-left:0;font-size:25px;font-style:normal;font-weight:600;text-transform:capitalize\">\u00d6zet<\/h2>\n\n\n\n<p style=\"padding-right:var(--wp--preset--spacing--50);padding-left:var(--wp--preset--spacing--50)\">Our tile trim led baseboard profile is a long-lasting, simple way to hide LED strips so they are flat with tiles or drywall. It protects your LED strips by acting as a heat sink and generating beautiful ambient light. It has a smooth, dot-free light line that makes it safe and beautiful. It&#8217;s great for modern homes, businesses, bathrooms, kitchens, and staircases. For details on other matching profiles and accessories, check our full <a href=\"https:\/\/tangooled.com\/tr\/led-profiles\/\"><mark style=\"background-color:rgba(0, 0, 0, 0)\" class=\"has-inline-color has-vivid-red-color\">LED al\u00fcminyum profilleri<\/mark><\/a> koleksiyonumuza g\u00f6z at\u0131n.<\/p>\n<\/div><\/div>\n\n\n\n<p><\/p>","protected":false},"featured_media":13644,"template":"","meta":{"_acf_changed":true,"_seopress_robots_primary_cat":"none","_seopress_titles_title":"Tile Trim LED Baseboard Profile for 10mm Strip SK06 | TANGOOLED","_seopress_titles_desc":"The SK06 is a versatile tile trim led baseboard profile for 10mm strips. Protect tile edges while creating a modern integrated light finish at the wall base.","_seopress_robots_index":""},"pcb-width":[228],"product-cat":[198],"class_list":{"0":"post-42111","1":"product","2":"type-product","3":"status-publish","4":"has-post-thumbnail","6":"pcb-width-6-12mm","7":"product-cat-skirting-profile"},"acf":[],"_links":{"self":[{"href":"https:\/\/tangooled.com\/tr\/wp-json\/wp\/v2\/product\/42111","targetHints":{"allow":["GET"]}}],"collection":[{"href":"https:\/\/tangooled.com\/tr\/wp-json\/wp\/v2\/product"}],"about":[{"href":"https:\/\/tangooled.com\/tr\/wp-json\/wp\/v2\/types\/product"}],"wp:featuredmedia":[{"embeddable":true,"href":"https:\/\/tangooled.com\/tr\/wp-json\/wp\/v2\/media\/13644"}],"wp:attachment":[{"href":"https:\/\/tangooled.com\/tr\/wp-json\/wp\/v2\/media?parent=42111"}],"wp:term":[{"taxonomy":"pcb-width","embeddable":true,"href":"https:\/\/tangooled.com\/tr\/wp-json\/wp\/v2\/pcb-width?post=42111"},{"taxonomy":"product-cat","embeddable":true,"href":"https:\/\/tangooled.com\/tr\/wp-json\/wp\/v2\/product-cat?post=42111"}],"curies":[{"name":"wp","href":"https:\/\/api.w.org\/{rel}","templated":true}]}}