{"id":42108,"date":"2025-12-16T01:28:09","date_gmt":"2025-12-16T09:28:09","guid":{"rendered":"https:\/\/tangooled.com\/?post_type=product&#038;p=42108"},"modified":"2026-02-02T22:07:20","modified_gmt":"2026-02-03T06:07:20","slug":"side-lighting-2-in-1-aluminum-led-baseboard-for-15mm-strips","status":"publish","type":"product","link":"https:\/\/tangooled.com\/tr\/urun\/side-lighting-2-in-1-aluminum-led-baseboard-for-15mm-strips\/","title":{"rendered":"15mm \u015eeritler i\u00e7in 2'si 1 Arada al\u00fcminyum LED al\u00e7\u0131pan ayd\u0131nlatmas\u0131"},"content":{"rendered":"<div class=\"wp-block-group is-vertical is-layout-flex wp-container-core-group-is-layout-d255d7c4 wp-block-group-is-layout-flex\" style=\"padding-top:var(--wp--preset--spacing--80);padding-bottom:var(--wp--preset--spacing--80)\">\n<p>Brighten your space with the 2-in-1 LED Baseboard\u2014a smart, modern way for room lighting. This creative LED aluminum skirting serves a dual purpose; it works as a standard wall baseboard and as a hidden lighting channel. The design features two aluminum parts: one for fixed installation, and the other holds the LED strip lights.<\/p>\n\n\n\n<p>Bu al\u00fcminyum LED al\u00e7\u0131pan ayd\u0131nlatma kanal\u0131, bir\u00e7ok farkl\u0131 LED \u015feridi ile \u00e7al\u0131\u015f\u0131r. \u0130\u00e7 geni\u015fli\u011fi 16.8 mm'dir ve bu, 15 mm geni\u015fli\u011findeki \u00e7o\u011fu LED \u015feridi i\u00e7in m\u00fckemmel bir uyum sa\u011flar. Bu, ihtiya\u00e7lar\u0131n\u0131za ve ki\u015fisel ayd\u0131nlatma gereksinimlerinize uygun farkl\u0131 parlakl\u0131k seviyeleri ve renk s\u0131cakl\u0131klar\u0131 ile LED \u015feritleri se\u00e7menize olanak tan\u0131r.<\/p>\n\n\n\n<p>Kanal\u0131n d\u0131\u015f boyutlar\u0131 60 mm y\u00fckseklikte ve 16.5 mm geni\u015fli\u011findedir. Ayr\u0131ca, g\u00fcm\u00fc\u015f, beyaz, siyah ve gri gibi d\u00f6rt \u015f\u0131k renk se\u00e7ene\u011fi bulunmaktad\u0131r. Bu, al\u00e7\u0131pan\u0131n geni\u015f bir i\u00e7 mekan tarz\u0131 yelpazesini tamamlamas\u0131n\u0131 sa\u011flar. Mekan\u0131n\u0131z modern minimalist, end\u00fcstriyel veya l\u00fcks olsa da, genel esteti\u011fi y\u00fckseltmek i\u00e7in do\u011fru olan\u0131 bulabilirsiniz.<\/p>\n<\/div>\n\n\n\n<div class=\"wp-block-group has-background is-vertical is-layout-flex wp-container-core-group-is-layout-d255d7c4 wp-block-group-is-layout-flex\" style=\"background-color:#f1f1f1;padding-top:var(--wp--preset--spacing--80);padding-bottom:var(--wp--preset--spacing--80)\">\n<div class=\"wp-block-group is-vertical is-layout-flex wp-container-core-group-is-layout-8cf370e7 wp-block-group-is-layout-flex\">\n<h2 class=\"wp-block-heading\" style=\"padding-top:var(--wp--preset--spacing--40);padding-bottom:var(--wp--preset--spacing--40);font-size:25px;font-style:normal;font-weight:600;text-transform:capitalize\">Neden Bu 2'si 1 Arada ayd\u0131nlatma al\u00e7\u0131pan\u0131n\u0131 Se\u00e7melisiniz?<\/h2>\n\n\n\n<ul class=\"wp-block-list\">\n<li>Yan Ayd\u0131nlatma Etkisi: LED \u015feritler yanlara do\u011fru \u0131\u015f\u0131k sa\u00e7arak duvarlara ve zeminlere hafif, e\u015fit bir \u0131\u015f\u0131k verir ve mekan\u0131 s\u0131cak ve modern hissettirir.<\/li>\n\n\n\n<li>2'si 1 Al\u00fcminyum Al\u00e7\u0131pan: Bu al\u00fcminyum ekstr\u00fczyon, geleneksel, hantal al\u00e7\u0131panlar\u0131n yerini al\u0131r ve stil ve i\u015flev i\u00e7in gizli LED \u0131\u015f\u0131klar ekler.<\/li>\n\n\n\n<li>15mm Geni\u015fli\u011finde LED \u015eeritler \u0130\u00e7in Uygundur: Bu, y\u00fcksek yo\u011funluklu ve su ge\u00e7irmez olanlar da dahil olmak \u00fczere bir\u00e7ok pop\u00fcler LED \u015feridi i\u00e7in yeterli alan sunar.<\/li>\n\n\n\n<li>Uzun \u00f6m\u00fcrl\u00fc ve basit kurulum: Yerinde boyutunu kesebilir ve temiz bir g\u00f6r\u00fcn\u00fcm i\u00e7in sunulan u\u00e7 kapaklar\u0131 kullanarak al\u00e7\u0131panla flush yerle\u015ftirebilirsiniz.<\/li>\n\n\n\n<li>Geli\u015ftirilmi\u015f Is\u0131 Y\u00f6netimi: Al\u00fcminyum ala\u015f\u0131m\u0131 al\u00e7\u0131pandan \u0131s\u0131y\u0131 uzak tutarak LED'lerin zarar g\u00f6rmesini \u00f6nler ve \u0131\u015f\u0131\u011f\u0131n daha uzun s\u00fcre parlak kalmas\u0131n\u0131 sa\u011flar.<br><br><br><\/li>\n<\/ul>\n<\/div>\n<\/div>\n\n\n\n<div class=\"wp-block-group is-vertical is-layout-flex wp-container-core-group-is-layout-d255d7c4 wp-block-group-is-layout-flex\" style=\"padding-top:var(--wp--preset--spacing--80);padding-bottom:var(--wp--preset--spacing--80)\">\n<hr class=\"wp-block-separator has-alpha-channel-opacity\"\/>\n\n\n\n<div class=\"wp-block-media-text has-media-on-the-right is-stacked-on-mobile\" style=\"grid-template-columns:auto 40%\"><div class=\"wp-block-media-text__content\">\n<h2 class=\"wp-block-heading\" style=\"padding-top:var(--wp--preset--spacing--40);padding-bottom:var(--wp--preset--spacing--40);font-size:25px;font-style:normal;font-weight:600;text-transform:capitalize\">nas\u0131l kullan\u0131l\u0131r<\/h2>\n\n\n\n<ul class=\"wp-block-list\">\n<li>I\u015f\u0131\u011f\u0131n ve al\u00e7\u0131pann\u0131n nereye yerle\u015ftirilece\u011fine karar verin.<\/li>\n\n\n\n<li>Yan ayd\u0131nlatma 2'si 1 Arada led al\u00e7\u0131pan al\u00fcminyum profilini duvar\u0131n\u0131z\u0131n uzunlu\u011funa g\u00f6re kesin.<\/li>\n\n\n\n<li>LED \u015ferit \u0131\u015f\u0131\u011f\u0131n\u0131 kanala yerle\u015ftirin.<\/li>\n\n\n\n<li>I\u015f\u0131\u011f\u0131n e\u015fit bir \u015fekilde yay\u0131lmas\u0131 i\u00e7in mat dif\u00fcz\u00f6r\u00fc tak\u0131n.<\/li>\n\n\n\n<li>Al\u00fcminyum kanal\u0131 al\u00e7\u0131pan ile hizalayacak \u015fekilde monte edin.<\/li>\n\n\n\n<li>LED \u015feridi uygun bir g\u00fc\u00e7 kayna\u011f\u0131na ba\u011flay\u0131n.<\/li>\n<\/ul>\n<\/div><figure class=\"wp-block-media-text__media\"><img loading=\"lazy\" decoding=\"async\" width=\"500\" height=\"500\" src=\"https:\/\/tangooled.com\/wp-content\/uploads\/2025\/12\/sk05-ins.webp\" alt=\"side lighting 2 in 1 aluminum led baseboard for 15mm strips\" class=\"wp-image-42142 size-full\" srcset=\"https:\/\/tangooled.com\/wp-content\/uploads\/2025\/12\/sk05-ins.webp 500w, https:\/\/tangooled.com\/wp-content\/uploads\/2025\/12\/sk05-ins-300x300.webp 300w, https:\/\/tangooled.com\/wp-content\/uploads\/2025\/12\/sk05-ins-150x150.webp 150w\" sizes=\"auto, (max-width: 500px) 100vw, 500px\" \/><\/figure><\/div>\n<\/div>\n\n\n\n<div class=\"wp-block-group has-background is-vertical is-layout-flex wp-container-core-group-is-layout-b429018a wp-block-group-is-layout-flex\" style=\"background-color:#f1f1f1f2;padding-top:var(--wp--preset--spacing--70);padding-bottom:var(--wp--preset--spacing--70)\">\n<h2 class=\"wp-block-heading\" style=\"padding-top:var(--wp--preset--spacing--40);padding-bottom:var(--wp--preset--spacing--40);font-size:25px;font-style:normal;font-weight:600\">Nerelerde Kullanabilirsiniz?<\/h2>\n\n\n\n<ul class=\"wp-block-list\">\n<li>Koridorlar ve ge\u00e7itler<\/li>\n\n\n\n<li>Merdivenler ve ara katlar<\/li>\n\n\n\n<li>Mutfaklar (ayak alt\u0131 ayd\u0131nlatmas\u0131)<\/li>\n\n\n\n<li>Oturma odalar\u0131 ve ev sinemalar\u0131<\/li>\n\n\n\n<li>Yatak odalar\u0131 ve banyolar<\/li>\n\n\n\n<li>Ofisler ve otel, ma\u011faza gibi i\u015fletmeler<\/li>\n<\/ul>\n<\/div>\n\n\n\n<div class=\"wp-block-group is-vertical is-layout-flex wp-container-core-group-is-layout-d255d7c4 wp-block-group-is-layout-flex\" style=\"padding-top:var(--wp--preset--spacing--80);padding-bottom:var(--wp--preset--spacing--80)\">\n<h2 class=\"wp-block-heading\" style=\"padding-top:var(--wp--preset--spacing--40);padding-bottom:var(--wp--preset--spacing--40);font-size:25px;font-style:normal;font-weight:600;text-transform:capitalize\">What\u2019s in the kit?<\/h2>\n\n\n\n<ul class=\"wp-block-list\">\n<li>Al\u00fcminyum LED Al\u00e7\u0131pan Kanal\u0131<\/li>\n\n\n\n<li>S\u00fctle\u015ftirilmi\u015f Polikarbonat Dif\u00fcz\u00f6r Kapa\u011f\u0131<\/li>\n\n\n\n<li>U\u00e7 Kapaklar<\/li>\n\n\n\n<li>K\u00f6\u015fe ba\u011flant\u0131lar\u0131<\/li>\n<\/ul>\n<\/div>\n\n\n\n<div class=\"wp-block-group has-background\" style=\"background-color:#f1f1f1;padding-top:var(--wp--preset--spacing--80);padding-bottom:var(--wp--preset--spacing--80)\"><div class=\"wp-block-group__inner-container is-layout-constrained wp-block-group-is-layout-constrained\">\n<h2 class=\"wp-block-heading\" style=\"padding-top:var(--wp--preset--spacing--40);padding-right:0;padding-bottom:var(--wp--preset--spacing--40);padding-left:0;font-size:25px;font-style:normal;font-weight:600;text-transform:capitalize\">Projeniz i\u00e7in \u0130lgili \u00dcr\u00fcnler<\/h2>\n\n\n\n<ul class=\"wp-block-list\">\n<li>Daha uzun veya \u00e7ift s\u0131ra LED \u015feritler i\u00e7in, <a href=\"https:\/\/tangooled.com\/tr\/urun\/22x15mm-led-light-channel-aluminum-extrusion-for-flexible-strips\/\"><mark style=\"background-color:rgba(0, 0, 0, 0)\" class=\"has-inline-color has-vivid-red-color\">Esnek \u015feritler i\u00e7in 22x15mm LED \u0131\u015f\u0131k kanal\u0131 al\u00fcminyum ekstr\u00fczyon<\/mark><\/a><\/li>\n\n\n\n<li>G\u00f6z at\u0131n <a href=\"https:\/\/tangooled.com\/tr\/urun\/25mm-u-shape-led-mounting-channel-for-15mm-double-row-led-strip-lights\/\"><mark style=\"background-color:rgba(0, 0, 0, 0)\" class=\"has-inline-color has-vivid-red-color\">15mm \u00e7ift s\u0131ra LED \u015ferit lambalar i\u00e7in 25mm u \u015feklinde LED montaj kanal\u0131<\/mark><\/a> \u015f\u0131k kenar ayd\u0131nlatmas\u0131 istiyorsan\u0131z se\u00e7in.<\/li>\n\n\n\n<li>\u015euna bak\u0131n <a href=\"https:\/\/tangooled.com\/tr\/urun\/black-led-profile-with-black-diffuser-for-10mm-led-strip-light\/\"><mark style=\"background-color:rgba(0, 0, 0, 0)\" class=\"has-inline-color has-vivid-red-color\">10mm LED \u015ferit \u0131\u015f\u0131k i\u00e7in siyah dif\u00fcz\u00f6rl\u00fc siyah LED profili<\/mark><\/a>.<\/li>\n\n\n\n<li>Dif\u00fcz\u00f6rleri eklemek i\u00e7in \u015funa bak\u0131n <a href=\"https:\/\/tangooled.com\/tr\/urun\/led-light-diffuser-channel-aluminum-15x12mm-for-10mm-led-strips\/\"><mark style=\"background-color:rgba(0, 0, 0, 0)\" class=\"has-inline-color has-vivid-red-color\">10mm LED \u015feritler i\u00e7in 15x12mm LED \u0131\u015f\u0131k da\u011f\u0131t\u0131c\u0131 kanal\u0131 al\u00fcminyum<\/mark><\/a>.<\/li>\n<\/ul>\n<\/div><\/div>\n\n\n\n<div class=\"wp-block-group\" style=\"padding-top:var(--wp--preset--spacing--80);padding-bottom:var(--wp--preset--spacing--80)\"><div class=\"wp-block-group__inner-container is-layout-constrained wp-block-group-is-layout-constrained\">\n<p>Our side lighting 2-in-1 aluminum LED baseboard is a simple solution to have durable, long-lasting baseboards that look great in your house or business. It&#8217;s a modern, sleek way to light up your home and decorate it.<br>Benzer \u00fcr\u00fcnler ve aksesuarlar hakk\u0131nda daha fazla bilgi i\u00e7in, <a href=\"https:\/\/tangooled.com\/tr\/led-profiles\/\"><mark style=\"background-color:rgba(0, 0, 0, 0)\" class=\"has-inline-color has-vivid-red-color\">LED \u015ferit \u0131\u015f\u0131k kanal\u0131 al\u00fcminyum profili<\/mark><\/a> koleksiyonumuza g\u00f6z at\u0131n veya <mark style=\"background-color:rgba(0, 0, 0, 0)\" class=\"has-inline-color has-vivid-red-color\">10 mm iplikler i\u00e7in mat dif\u00f6re sahip y\u00fczeye montaj LED profili<\/mark> ayd\u0131nlatma ihtiya\u00e7lar\u0131n\u0131z\u0131 m\u00fckemmel bir \u015fekilde kar\u015f\u0131lamak i\u00e7in.<\/p>\n<\/div><\/div>","protected":false},"featured_media":13640,"template":"","meta":{"_acf_changed":true,"_seopress_robots_primary_cat":"none","_seopress_titles_title":"Side Lighting 2-in-1 LED Baseboard for 15mm Strip SK05 | TANGOOLED","_seopress_titles_desc":"The SK05 is a high-performance side lighting 2-in-1 led baseboard optimized for 15mm strips. Create a sophisticated, integrated linear glow at the wall base with this heavy-duty aluminum profile.","_seopress_robots_index":""},"pcb-width":[228],"product-cat":[198],"class_list":{"0":"post-42108","1":"product","2":"type-product","3":"status-publish","4":"has-post-thumbnail","6":"pcb-width-6-12mm","7":"product-cat-skirting-profile"},"acf":[],"_links":{"self":[{"href":"https:\/\/tangooled.com\/tr\/wp-json\/wp\/v2\/product\/42108","targetHints":{"allow":["GET"]}}],"collection":[{"href":"https:\/\/tangooled.com\/tr\/wp-json\/wp\/v2\/product"}],"about":[{"href":"https:\/\/tangooled.com\/tr\/wp-json\/wp\/v2\/types\/product"}],"wp:featuredmedia":[{"embeddable":true,"href":"https:\/\/tangooled.com\/tr\/wp-json\/wp\/v2\/media\/13640"}],"wp:attachment":[{"href":"https:\/\/tangooled.com\/tr\/wp-json\/wp\/v2\/media?parent=42108"}],"wp:term":[{"taxonomy":"pcb-width","embeddable":true,"href":"https:\/\/tangooled.com\/tr\/wp-json\/wp\/v2\/pcb-width?post=42108"},{"taxonomy":"product-cat","embeddable":true,"href":"https:\/\/tangooled.com\/tr\/wp-json\/wp\/v2\/product-cat?post=42108"}],"curies":[{"name":"wp","href":"https:\/\/api.w.org\/{rel}","templated":true}]}}