{"id":42107,"date":"2025-12-16T01:24:38","date_gmt":"2025-12-16T09:24:38","guid":{"rendered":"https:\/\/tangooled.com\/?post_type=product&#038;p=42107"},"modified":"2026-02-02T22:07:04","modified_gmt":"2026-02-03T06:07:04","slug":"80mm-aluminum-embedded-led-floor-baseboard-for-8mm-tape-light","status":"publish","type":"product","link":"https:\/\/tangooled.com\/tr\/urun\/80mm-aluminum-embedded-led-floor-baseboard-for-8mm-tape-light\/","title":{"rendered":"8 mm Bant I\u015f\u0131\u011f\u0131 i\u00e7in 80 mm al\u00fcminyum g\u00f6mme LED Zemin S\u00fcp\u00fcrgesi"},"content":{"rendered":"<div class=\"wp-block-group is-vertical is-layout-flex wp-container-core-group-is-layout-d255d7c4 wp-block-group-is-layout-flex\" style=\"padding-top:var(--wp--preset--spacing--80);padding-bottom:var(--wp--preset--spacing--80)\">\n<p>Bu 80 mm G\u00f6mme LED Zemin S\u00fcp\u00fcrgesi, sabit montaj al\u00fcminyum kanal par\u00e7as\u0131 ve ayr\u0131 al\u00fcminyum lamba g\u00f6vdesine sahip benzersiz bir mod\u00fcler tasar\u0131ma sahiptir.<\/p>\n\n\n\n<p>Bu esnek tasar\u0131m, s\u00fcp\u00fcrgenin iki \u015fekilde monte edilmesine olanak tan\u0131r: zarif, d\u00fcz bir g\u00f6r\u00fcn\u00fcm i\u00e7in gizli (g\u00f6m\u00fcl\u00fc) veya bir yenileme ya da yeni in\u015faat s\u0131ras\u0131nda a\u00e7\u0131k\u00e7a monte (y\u00fczey montaj\u0131) edilebilir. Mevcut fayanslara, ah\u015fap panellere veya al\u00e7\u0131panlara kolayca eklenebilir.<\/p>\n\n\n\n<p>The 80\u00a0mm height of the baseboard clearly defines the boundary between the wall and the floor. This dimension also provides a larger reflection area, ensuring the LED lighting effect is more pronounced. The baseboard&#8217;s arched shape directs the light down and softly spreads it out, making the area near the floor softly and evenly lit.<\/p>\n\n\n\n<p>.<\/p>\n<\/div>\n\n\n\n<div class=\"wp-block-group has-background is-vertical is-layout-flex wp-container-core-group-is-layout-d255d7c4 wp-block-group-is-layout-flex\" style=\"background-color:#f1f1f1;padding-top:var(--wp--preset--spacing--80);padding-bottom:var(--wp--preset--spacing--80)\">\n<div class=\"wp-block-group is-vertical is-layout-flex wp-container-core-group-is-layout-8cf370e7 wp-block-group-is-layout-flex\">\n<h2 class=\"wp-block-heading\" style=\"padding-top:var(--wp--preset--spacing--40);padding-bottom:var(--wp--preset--spacing--40);font-size:25px;font-style:normal;font-weight:600;text-transform:capitalize\">Neden Bu G\u00f6mme LED Zemin S\u00fcp\u00fcrgesini Se\u00e7meliyim?<\/h2>\n\n\n\n<ul class=\"wp-block-list\">\n<li>Basit iki bir arada yap\u0131: montaj k\u0131sm\u0131 ve lamba g\u00f6vdesi birle\u015fik, bu da montaj\u0131 daha kolay ve h\u0131zl\u0131 hale getirir.<\/li>\n\n\n\n<li>80 mm profil y\u00fcksekli\u011fi: s\u00fcp\u00fcrgenin g\u00f6r\u00fcn\u00fcm\u00fcn\u00fc g\u00fczelle\u015ftirir ve temel duvarlar\u0131n\u0131z\u0131 hasardan korur.<\/li>\n\n\n\n<li>Y\u00fcksek kaliteli malzeme: uzun s\u00fcre dayanacak ve \u0131\u015f\u0131klar\u0131n\u0131z\u0131 g\u00fcvende tutacak oksitlenmi\u015f al\u00fcminyum ala\u015f\u0131m\u0131.<\/li>\n\n\n\n<li>D\u00fcz montaj LED s\u00fcp\u00fcrgesi: duvar\u0131n\u0131za ve zeminize iyi oturur, b\u00f6ylece derli toplu g\u00f6r\u00fcn\u00fcr.<\/li>\n\n\n\n<li>Standart bant \u0131\u015f\u0131klar\u0131 ile uyumlu: 8 mm geni\u015fli\u011finde LED \u015ferit kanal \u0131\u015f\u0131klar\u0131yla iyi \u00e7al\u0131\u015f\u0131r.<\/li>\n<\/ul>\n<\/div>\n<\/div>\n\n\n\n<div class=\"wp-block-group is-vertical is-layout-flex wp-container-core-group-is-layout-d255d7c4 wp-block-group-is-layout-flex\" style=\"padding-top:var(--wp--preset--spacing--80);padding-bottom:var(--wp--preset--spacing--80)\">\n<hr class=\"wp-block-separator has-alpha-channel-opacity\"\/>\n\n\n\n<div class=\"wp-block-media-text has-media-on-the-right is-stacked-on-mobile\" style=\"grid-template-columns:auto 40%\"><div class=\"wp-block-media-text__content\">\n<h2 class=\"wp-block-heading\" style=\"padding-top:var(--wp--preset--spacing--40);padding-bottom:var(--wp--preset--spacing--40);font-size:25px;font-style:normal;font-weight:600;text-transform:capitalize\">80 mm G\u00f6mme LED Zemin S\u00fcp\u00fcrgesini Nas\u0131l Kullan\u0131l\u0131r<\/h2>\n\n\n\n<ul class=\"wp-block-list\">\n<li>Zemin veya duvar\u0131n\u0131z\u0131n kenar\u0131nda, g\u00f6mme al\u00fcminyum s\u00fcp\u00fcrgenin oturmas\u0131 i\u00e7in bir yuva a\u00e7\u0131n.<\/li>\n\n\n\n<li>G\u00f6mme al\u00fcminyum kanal par\u00e7as\u0131n\u0131 yuvaya yerle\u015ftirin ve al\u00e7\u0131 ile al\u00e7\u0131pan LED kenar\u0131n\u0131 yerinde tutun.<\/li>\n\n\n\n<li>8 mm LED bant \u0131\u015f\u0131\u011f\u0131n\u0131z\u0131 al\u00fcminyum lamba par\u00e7as\u0131n\u0131n i\u00e7ine yerle\u015ftirin.<\/li>\n\n\n\n<li>Al\u00fcminyum lamba g\u00f6vdesini sabit kanala yerle\u015ftirin ve buzlu dif\u00fcz\u00f6r\u00fc tak\u0131n.<\/li>\n\n\n\n<li>G\u00fc\u00e7 ba\u011flant\u0131s\u0131n\u0131 yapmak ve kontrol etmek i\u00e7in do\u011fru LED s\u00fcr\u00fcc\u00fcs\u00fc ve dimmer kullan\u0131n.<\/li>\n<\/ul>\n<\/div><figure class=\"wp-block-media-text__media\"><img loading=\"lazy\" decoding=\"async\" width=\"500\" height=\"500\" src=\"https:\/\/tangooled.com\/wp-content\/uploads\/2025\/12\/sk04-ins.webp\" alt=\"80mm aluminum embedded led floor baseboard for 8mm tape light\" class=\"wp-image-42138 size-full\" srcset=\"https:\/\/tangooled.com\/wp-content\/uploads\/2025\/12\/sk04-ins.webp 500w, https:\/\/tangooled.com\/wp-content\/uploads\/2025\/12\/sk04-ins-300x300.webp 300w, https:\/\/tangooled.com\/wp-content\/uploads\/2025\/12\/sk04-ins-150x150.webp 150w\" sizes=\"auto, (max-width: 500px) 100vw, 500px\" \/><\/figure><\/div>\n<\/div>\n\n\n\n<div class=\"wp-block-group has-background is-vertical is-layout-flex wp-container-core-group-is-layout-b429018a wp-block-group-is-layout-flex\" style=\"background-color:#f1f1f1f2;padding-top:var(--wp--preset--spacing--70);padding-bottom:var(--wp--preset--spacing--70)\">\n<h2 class=\"wp-block-heading\" style=\"padding-top:var(--wp--preset--spacing--40);padding-bottom:var(--wp--preset--spacing--40);font-size:25px;font-style:normal;font-weight:600\">Nerelerde Kullanabilirsiniz?<\/h2>\n\n\n\n<p>80 mm g\u00f6mme LED zemin s\u00fcp\u00fcrgesi \u015funlar i\u00e7in harikad\u0131r:<\/p>\n\n\n\n<ul class=\"wp-block-list\">\n<li>Koridorlar ve ge\u00e7itler (g\u00fcvenli y\u00f6nlendirici ayd\u0131nlatma)<\/li>\n\n\n\n<li>Modern yatak odalar\u0131 ve ya\u015fam alanlar\u0131\u00a0<\/li>\n\n\n\n<li>Oteller ve di\u011fer konaklama yerleri<\/li>\n\n\n\n<li>Mutfaklar (dolaplar\u0131n alt\u0131nda ve ayak k\u0131s\u0131mlar\u0131nda m\u00fckemmel ayd\u0131nlatma)<\/li>\n\n\n\n<li>Merdivenler ve banyolar (yumu\u015fak zemin y\u0131kama \u0131\u015f\u0131\u011f\u0131)<\/li>\n<\/ul>\n<\/div>\n\n\n\n<div class=\"wp-block-group is-vertical is-layout-flex wp-container-core-group-is-layout-d255d7c4 wp-block-group-is-layout-flex\" style=\"padding-top:var(--wp--preset--spacing--80);padding-bottom:var(--wp--preset--spacing--80)\">\n<h2 class=\"wp-block-heading\" style=\"padding-top:var(--wp--preset--spacing--40);padding-bottom:var(--wp--preset--spacing--40);font-size:25px;font-style:normal;font-weight:600;text-transform:capitalize\">What\u2019s in the box?<\/h2>\n\n\n\n<ul class=\"wp-block-list\">\n<li>LED zemin s\u00fcp\u00fcrgeleri i\u00e7in al\u00fcminyum kanal<\/li>\n\n\n\n<li>Opal dif\u00fcz\u00f6r<\/li>\n\n\n\n<li>Son kapaklar<\/li>\n\n\n\n<li>K\u00f6\u015fe ba\u011flant\u0131lar\u0131<\/li>\n<\/ul>\n<\/div>\n\n\n\n<div class=\"wp-block-group has-background\" style=\"background-color:#f1f1f1;padding-top:var(--wp--preset--spacing--80);padding-bottom:var(--wp--preset--spacing--80)\"><div class=\"wp-block-group__inner-container is-layout-constrained wp-block-group-is-layout-constrained\">\n<h2 class=\"wp-block-heading\" style=\"padding-top:var(--wp--preset--spacing--40);padding-right:0;padding-bottom:var(--wp--preset--spacing--40);padding-left:0;font-size:25px;font-style:normal;font-weight:600;text-transform:capitalize\">\u00f6zet<\/h2>\n\n\n\n<p style=\"padding-right:var(--wp--preset--spacing--50);padding-left:var(--wp--preset--spacing--50)\">80 mm g\u00f6mme LED zemin s\u00fcp\u00fcrgemiz, d\u00fc\u015f\u00fck seviyeli alanlar\u0131 ayd\u0131nlatman\u0131n modern, uzun \u00f6m\u00fcrl\u00fc ve d\u00fczenli bir yoludur. 8 mm bant \u0131\u015f\u0131\u011f\u0131na tam oturur ve da\u011f\u0131n\u0131k olmadan yumu\u015fak, ambiyans ayd\u0131nlatmas\u0131 sa\u011flar. D\u00fcz montaj tasar\u0131m\u0131 ile duvarlar\u0131n\u0131z p\u00fcr\u00fczs\u00fcz ve \u00e7ekici g\u00f6r\u00fcnecektir. Bug\u00fcn TG-SK04'\u00fc se\u00e7in, herhangi bir ev veya i\u015fyerinde harika g\u00f6r\u00fcnen, kolayca monte edilebilen, g\u00fcvenli bir zemin seviyesi \u0131\u015f\u0131k i\u00e7in.<\/p>\n<\/div><\/div>\n\n\n\n<p><\/p>","protected":false},"featured_media":13628,"template":"","meta":{"_acf_changed":true,"_seopress_robots_primary_cat":"none","_seopress_titles_title":"80mm Embedded LED Floor Baseboard | Flush Aluminum Profile SK04","_seopress_titles_desc":"The SK04 is an 80mm embedded led floor baseboard designed for a seamless flush finish. This aluminum profile houses 8mm tape lights to create a professional linear glow at the wall base.","_seopress_robots_index":""},"pcb-width":[228],"product-cat":[198],"class_list":{"0":"post-42107","1":"product","2":"type-product","3":"status-publish","4":"has-post-thumbnail","6":"pcb-width-6-12mm","7":"product-cat-skirting-profile"},"acf":[],"_links":{"self":[{"href":"https:\/\/tangooled.com\/tr\/wp-json\/wp\/v2\/product\/42107","targetHints":{"allow":["GET"]}}],"collection":[{"href":"https:\/\/tangooled.com\/tr\/wp-json\/wp\/v2\/product"}],"about":[{"href":"https:\/\/tangooled.com\/tr\/wp-json\/wp\/v2\/types\/product"}],"wp:featuredmedia":[{"embeddable":true,"href":"https:\/\/tangooled.com\/tr\/wp-json\/wp\/v2\/media\/13628"}],"wp:attachment":[{"href":"https:\/\/tangooled.com\/tr\/wp-json\/wp\/v2\/media?parent=42107"}],"wp:term":[{"taxonomy":"pcb-width","embeddable":true,"href":"https:\/\/tangooled.com\/tr\/wp-json\/wp\/v2\/pcb-width?post=42107"},{"taxonomy":"product-cat","embeddable":true,"href":"https:\/\/tangooled.com\/tr\/wp-json\/wp\/v2\/product-cat?post=42107"}],"curies":[{"name":"wp","href":"https:\/\/api.w.org\/{rel}","templated":true}]}}