{"id":42104,"date":"2025-12-16T01:19:59","date_gmt":"2025-12-16T09:19:59","guid":{"rendered":"https:\/\/tangooled.com\/?post_type=product&#038;p=42104"},"modified":"2026-02-02T22:06:44","modified_gmt":"2026-02-03T06:06:44","slug":"tile-wall-skirting-board-black-aluminum-profile-for-8mm-led-strip","status":"publish","type":"product","link":"https:\/\/tangooled.com\/tr\/urun\/tile-wall-skirting-board-black-aluminum-profile-for-8mm-led-strip\/","title":{"rendered":"8mm LED \u015ferit i\u00e7in siyah al\u00fcminyum profil ile fayans duvar pervaz\u0131"},"content":{"rendered":"<div class=\"wp-block-group is-vertical is-layout-flex wp-container-core-group-is-layout-d255d7c4 wp-block-group-is-layout-flex\" style=\"padding-top:var(--wp--preset--spacing--80);padding-bottom:var(--wp--preset--spacing--80)\">\n<p>Y\u00fcksek kaliteli al\u00fcminyum fayans duvar pervaz\u0131m\u0131z, 8 mm LED \u015ferit lambalar i\u00e7in geli\u015ftirilmi\u015ftir ve odan\u0131zdaki zemin ayd\u0131nlatmas\u0131n\u0131n g\u00f6r\u00fcn\u00fcm\u00fcn\u00fc iyile\u015ftirir. Bu p\u00fcr\u00fczs\u00fcz siyah anodize al\u00fcminyum profili duvar\u0131n\u0131za m\u00fckemmel \u015fekilde uyum sa\u011flar, yumu\u015fak ve&nbsp;ortam ayd\u0131nlatmas\u0131 sunar. Modern tasar\u0131m\u0131, herhangi bir dekoru tamamlayan huzurlu ve davetkar bir atmosfer sa\u011flar. Ayd\u0131nlatmal\u0131 pervaz, zemin ve duvar aras\u0131nda \u0131\u015f\u0131k ve g\u00f6lge efekti olu\u015fturarak oday\u0131 an\u0131nda daha geni\u015f ve a\u00e7\u0131k g\u00f6sterir.<\/p>\n\n\n\n<p>Bu profil, duvarlar\u0131n\u0131za hem \u0131\u015f\u0131k hem de koruma sa\u011flamak amac\u0131yla tasarlanm\u0131\u015ft\u0131r ve \u015f\u0131k, modern pervazlar yapman\u0131za yard\u0131mc\u0131 olur. Bu \u00fcr\u00fcn, hem vurgu ayd\u0131nlatmas\u0131 hem de dayan\u0131kl\u0131 zemin kenarlar\u0131 i\u00e7in m\u00fckemmeldir. Bir sonraki oda tasar\u0131m\u0131n\u0131z\u0131 LED ayd\u0131nlatmal\u0131 pervaz\u0131m\u0131zla y\u00fckseltin.<\/p>\n<\/div>\n\n\n\n<div class=\"wp-block-group has-background is-vertical is-layout-flex wp-container-core-group-is-layout-d255d7c4 wp-block-group-is-layout-flex\" style=\"background-color:#f1f1f1;padding-top:var(--wp--preset--spacing--80);padding-bottom:var(--wp--preset--spacing--80)\">\n<div class=\"wp-block-group is-vertical is-layout-flex wp-container-core-group-is-layout-8cf370e7 wp-block-group-is-layout-flex\">\n<h2 class=\"wp-block-heading\" style=\"padding-top:var(--wp--preset--spacing--40);padding-bottom:var(--wp--preset--spacing--40);font-size:25px;font-style:normal;font-weight:600;text-transform:capitalize\">Neden Fayans Duvar Pervaz\u0131m\u0131z\u0131 Se\u00e7melisiniz?<\/h2>\n\n\n\n<ul class=\"wp-block-list\">\n<li>Dayan\u0131kl\u0131 ve uzun \u00f6m\u00fcrl\u00fc: Ah\u015fap veya MDF'ye g\u00f6re nem ve hasara kar\u015f\u0131 \u00fcst\u00fcn \u00f6zelliklere sahip 6063 al\u00fcminyum ala\u015f\u0131m\u0131ndan \u00fcretilmi\u015ftir.<\/li>\n\n\n\n<li>8mm LED \u015feritler i\u00e7in do\u011fru boyut; \u0131\u015f\u0131k \u015feridinizi s\u0131k\u0131 bir \u015fekilde tutar.<\/li>\n\n\n\n<li>Mat siyah kaplama, her t\u00fcrl\u00fc dekor tarz\u0131yla m\u00fckemmel uyum sa\u011flar.<\/li>\n\n\n\n<li>Dahil olan polikarbonat dif\u00fcz\u00f6r, yumu\u015fak ve parlamadan uzak bir ayd\u0131nlatma sa\u011flar.<\/li>\n\n\n\n<li>Zemin ve kablolar aras\u0131ndaki bo\u015fluklar\u0131 d\u00fczenli bir \u015fekilde kaplar.<\/li>\n<\/ul>\n<\/div>\n<\/div>\n\n\n\n<div class=\"wp-block-group\" style=\"padding-top:var(--wp--preset--spacing--60);padding-bottom:var(--wp--preset--spacing--60)\"><div class=\"wp-block-group__inner-container is-layout-constrained wp-block-group-is-layout-constrained\">\n<div class=\"wp-block-media-text has-media-on-the-right is-stacked-on-mobile\" style=\"grid-template-columns:auto 40%\"><div class=\"wp-block-media-text__content\">\n<h2 class=\"wp-block-heading\" style=\"padding-top:var(--wp--preset--spacing--40);padding-bottom:var(--wp--preset--spacing--40);font-size:25px;font-style:normal;font-weight:600;text-transform:capitalize\">Montaj<\/h2>\n\n\n\n<ul class=\"wp-block-list\">\n<li>LED \u015ferit lambay\u0131 bu al\u00fcminyum profilin i\u00e7ine yerle\u015ftirin.<\/li>\n\n\n\n<li>Dif\u00fcz\u00f6r\u00fc bu al\u00fcminyum profilin i\u00e7ine oturtun.<\/li>\n\n\n\n<li>Kolay montaj: Pervaz profilini duvara vida ile sabitleyin veya p\u00fcr\u00fczs\u00fcz bir biti\u015f i\u00e7in g\u00fc\u00e7l\u00fc yap\u0131\u015ft\u0131r\u0131c\u0131 kullan\u0131n.<\/li>\n<\/ul>\n<\/div><figure class=\"wp-block-media-text__media\"><img loading=\"lazy\" decoding=\"async\" width=\"500\" height=\"500\" src=\"https:\/\/tangooled.com\/wp-content\/uploads\/2025\/12\/sk03-ins.webp\" alt=\"tile wall skirting board black aluminum profile for 8mm led strip\" class=\"wp-image-42135 size-full\" srcset=\"https:\/\/tangooled.com\/wp-content\/uploads\/2025\/12\/sk03-ins.webp 500w, https:\/\/tangooled.com\/wp-content\/uploads\/2025\/12\/sk03-ins-300x300.webp 300w, https:\/\/tangooled.com\/wp-content\/uploads\/2025\/12\/sk03-ins-150x150.webp 150w\" sizes=\"auto, (max-width: 500px) 100vw, 500px\" \/><\/figure><\/div>\n<\/div><\/div>\n\n\n\n<div class=\"wp-block-group has-background is-vertical is-layout-flex wp-container-core-group-is-layout-b429018a wp-block-group-is-layout-flex\" style=\"background-color:#f1f1f1f2;padding-top:var(--wp--preset--spacing--70);padding-bottom:var(--wp--preset--spacing--70)\">\n<h2 class=\"wp-block-heading\" style=\"padding-top:var(--wp--preset--spacing--40);padding-bottom:var(--wp--preset--spacing--40);font-size:25px;font-style:normal;font-weight:600\">Kullan\u0131m Senaryolar\u0131 &amp; Avantajlar<\/h2>\n\n\n\n<p>Siyah al\u00fcminyum profil ile fayans duvar pervaz\u0131n\u0131z\u0131 a\u015fa\u011f\u0131daki alanlarda kullanabilirsiniz:<\/p>\n\n\n\n<ul class=\"wp-block-list\">\n<li>Koridorlar ve ge\u00e7itler i\u00e7in LED duvar pervaz\u0131: yol ayd\u0131nlatmas\u0131, zemin seviyesinde g\u00fcvenli, yumu\u015fak \u0131\u015f\u0131k sa\u011flayarak yolunuzu bulman\u0131za yard\u0131mc\u0131 olur.<\/li>\n\n\n\n<li>Oturma odalar\u0131 ve yatak odalar\u0131: Ambiyans\u0131 daha rahat hale getirmek i\u00e7in p\u00fcr\u00fczs\u00fcz, e\u015fit \u0131\u015f\u0131k hatlar\u0131 kullan\u0131n.<\/li>\n\n\n\n<li>\u0130\u015f yerleri ve oteller gibi ticari yap\u0131larda, temiz mimari ayd\u0131nlatma \u00f6nemlidir ve duvarlar\u0131n zarar g\u00f6rmemesi gerekir.<\/li>\n\n\n\n<li>Seramiklerin al\u00e7\u0131pan veya al\u00e7\u0131yla birle\u015fti\u011fi yerlerde zemin kenar koruma olarak kullan\u0131n.<\/li>\n\n\n\n<li>Modern mekanlarda tasar\u0131m\u0131 basit tutmak i\u00e7in kablolar\u0131 gizlemek m\u00fckemmeldir.<\/li>\n<\/ul>\n\n\n\n<p>Bu profil ile \u00e7izik ve kirlerden korunman\u0131n yan\u0131 s\u0131ra, fayans d\u00f6\u015feme uygulamalar\u0131nda yayg\u0131n olan genle\u015fme bo\u015flu\u011funu gizleyebilirsiniz.<\/p>\n<\/div>\n\n\n\n<div class=\"wp-block-group is-vertical is-layout-flex wp-container-core-group-is-layout-d255d7c4 wp-block-group-is-layout-flex\" style=\"padding-top:var(--wp--preset--spacing--80);padding-bottom:var(--wp--preset--spacing--80)\">\n<h2 class=\"wp-block-heading\" style=\"padding-top:var(--wp--preset--spacing--40);padding-bottom:var(--wp--preset--spacing--40);font-size:25px;font-style:normal;font-weight:600;text-transform:capitalize\">\u0130lgili \u00dcr\u00fcnler<\/h2>\n\n\n\n<ul class=\"wp-block-list\">\n<li>Ke\u015ffedin <a href=\"https:\/\/tangooled.com\/tr\/urun\/black-led-profile-with-black-diffuser-for-10mm-led-strip-light\/\"><mark style=\"background-color:rgba(0, 0, 0, 0)\" class=\"has-inline-color has-vivid-red-color\">10mm LED \u015ferit \u0131\u015f\u0131k i\u00e7in siyah dif\u00fcz\u00f6rl\u00fc siyah LED profili<\/mark><\/a><\/li>\n\n\n\n<li>G\u00f6r\u00fcn\u00fcm <a href=\"https:\/\/tangooled.com\/tr\/urun\/led-strip-light-channel-aluminum-profile-with-diffused-cover-6mm-height\/\"><mark style=\"background-color:rgba(0, 0, 0, 0)\" class=\"has-inline-color has-vivid-red-color\">Dif\u00fcz\u00f6r kapakl\u0131 6mm y\u00fckseklikteki LED \u015ferit \u0131\u015f\u0131k kanal\u0131 al\u00fcminyum profil<\/mark><\/a><\/li>\n\n\n\n<li>Kontrol et <a href=\"https:\/\/tangooled.com\/tr\/urun\/surface-mount-led-profile-with-frosted-diffuser-for-10mm-rope-lights\/\"><mark style=\"background-color:rgba(0, 0, 0, 0)\" class=\"has-inline-color has-vivid-red-color\">10 mm iplikler i\u00e7in mat dif\u00f6re sahip y\u00fczeye montaj LED profili<\/mark><\/a><\/li>\n<\/ul>\n<\/div>\n\n\n\n<div class=\"wp-block-group has-background\" style=\"background-color:#f1f1f1;padding-top:var(--wp--preset--spacing--80);padding-bottom:var(--wp--preset--spacing--80)\"><div class=\"wp-block-group__inner-container is-layout-constrained wp-block-group-is-layout-constrained\">\n<p style=\"padding-right:var(--wp--preset--spacing--50);padding-left:var(--wp--preset--spacing--50)\">8mm LED \u015feritler i\u00e7in bu fayans duvar pervaz\u0131 al\u00fcminyum profili, ortam\u0131n\u0131za \u015f\u0131kl\u0131k ve i\u015flev katman\u0131n harika bir yoludur. Bu mimari ayd\u0131nlatma \u00e7\u00f6z\u00fcm\u00fc, kal\u0131c\u0131 g\u00fczellik ekler ve zeminlerinizin kenarlar\u0131n\u0131 korumaya yard\u0131mc\u0131 olur.<\/p>\n<\/div><\/div>\n\n\n\n<p><\/p>","protected":false},"featured_media":13626,"template":"","meta":{"_acf_changed":true,"_seopress_robots_primary_cat":"none","_seopress_titles_title":"Tile Wall Skirting Board | Recessed Aluminum LED Profile SK03","_seopress_titles_desc":"The SK03 is a professional tile wall skirting board made from black aluminum. Optimized for 8mm led strips, it creates a sleek, recessed light path between tiles and floors.","_seopress_robots_index":""},"pcb-width":[228],"product-cat":[198],"class_list":{"0":"post-42104","1":"product","2":"type-product","3":"status-publish","4":"has-post-thumbnail","6":"pcb-width-6-12mm","7":"product-cat-skirting-profile"},"acf":[],"_links":{"self":[{"href":"https:\/\/tangooled.com\/tr\/wp-json\/wp\/v2\/product\/42104","targetHints":{"allow":["GET"]}}],"collection":[{"href":"https:\/\/tangooled.com\/tr\/wp-json\/wp\/v2\/product"}],"about":[{"href":"https:\/\/tangooled.com\/tr\/wp-json\/wp\/v2\/types\/product"}],"wp:featuredmedia":[{"embeddable":true,"href":"https:\/\/tangooled.com\/tr\/wp-json\/wp\/v2\/media\/13626"}],"wp:attachment":[{"href":"https:\/\/tangooled.com\/tr\/wp-json\/wp\/v2\/media?parent=42104"}],"wp:term":[{"taxonomy":"pcb-width","embeddable":true,"href":"https:\/\/tangooled.com\/tr\/wp-json\/wp\/v2\/pcb-width?post=42104"},{"taxonomy":"product-cat","embeddable":true,"href":"https:\/\/tangooled.com\/tr\/wp-json\/wp\/v2\/product-cat?post=42104"}],"curies":[{"name":"wp","href":"https:\/\/api.w.org\/{rel}","templated":true}]}}