{"id":42103,"date":"2025-12-16T01:16:15","date_gmt":"2025-12-16T09:16:15","guid":{"rendered":"https:\/\/tangooled.com\/?post_type=product&#038;p=42103"},"modified":"2026-02-02T22:06:25","modified_gmt":"2026-02-03T06:06:25","slug":"ultra-thin-aluminum-skirting-wall-profile-for-10mm-tile-wall","status":"publish","type":"product","link":"https:\/\/tangooled.com\/tr\/urun\/ultra-thin-aluminum-skirting-wall-profile-for-10mm-tile-wall\/","title":{"rendered":"10 mm seramik duvar i\u00e7in ultra ince al\u00fcminyum pervaz profili"},"content":{"rendered":"<div class=\"wp-block-group is-vertical is-layout-flex wp-container-core-group-is-layout-d255d7c4 wp-block-group-is-layout-flex\" style=\"padding-top:var(--wp--preset--spacing--80);padding-bottom:var(--wp--preset--spacing--80)\">\n<p>If you want a clean, modern, and long-lasting finish for your space, our Ultra-Thin Aluminum Skirting Wall Profile is the way to go. It is made to fit nicely with tiles that are 10 mm thick, especially very thin ceramic or porcelain tiles, so the baseboard doesn&#8217;t make the borders look too thick. You can&#8217;t see the fixtures when this profile is placed; only the light is visible. When the skirting is put into the drywall, it makes the room look cleaner and more organized.<\/p>\n\n\n\n<p>I\u015f\u0131k kayna\u011f\u0131, bu al\u00fcminyum profilde \u0131\u015f\u0131k sa\u011flamak i\u00e7in kas\u0131tl\u0131 olarak yerden 40 mm y\u00fckseklikte yerle\u015ftirilmi\u015ftir. Bu planl\u0131 y\u00fckseklik, modern i\u00e7 mekanlar, mutfaklar ve oturma odalar\u0131 i\u00e7in m\u00fckemmeldir \u00e7\u00fcnk\u00fc yumu\u015fak bir ortam \u0131\u015f\u0131\u011f\u0131 verir. Siyah al\u00fcminyum kaplama, bir\u00e7ok farkl\u0131 i\u00e7 dekorasyon ile uyumlu g\u00f6r\u00fcn\u00fcr.<\/p>\n<\/div>\n\n\n\n<div class=\"wp-block-group has-background is-vertical is-layout-flex wp-container-core-group-is-layout-d255d7c4 wp-block-group-is-layout-flex\" style=\"background-color:#f1f1f1;padding-top:var(--wp--preset--spacing--80);padding-bottom:var(--wp--preset--spacing--80)\">\n<div class=\"wp-block-group is-vertical is-layout-flex wp-container-core-group-is-layout-8cf370e7 wp-block-group-is-layout-flex\">\n<h2 class=\"wp-block-heading\" style=\"padding-top:var(--wp--preset--spacing--40);padding-bottom:var(--wp--preset--spacing--40);font-size:25px;font-style:normal;font-weight:600;text-transform:capitalize\">Ultra \u0130nce Al\u00fcminyum Pervaz Duvar Profilimizi Neden Se\u00e7melisiniz?<\/h2>\n\n\n\n<ul class=\"wp-block-list\">\n<li>D\u00fcz ve Minimalist Tasar\u0131m: \u00c7ok ince profil, duvar\u0131n\u0131z ve yer d\u00f6\u015femenizle uyumlu, p\u00fcr\u00fczs\u00fcz ve d\u00fc\u015f\u00fck profilli bir kenar olu\u015fturur.<\/li>\n\n\n\n<li>Durable and Rust-Resistant: This product is made of anodized aluminum, which makes it resistant to rust, corrosion, and wear. It&#8217;s great for bathrooms, kitchens, and places with a lot of foot traffic.<\/li>\n\n\n\n<li>Simple to put together: just cut it to size, stick it on the wall, and you&#8217;re done. Special end caps help keep corners clean.<\/li>\n\n\n\n<li>Fayanslar\u0131n par\u00e7alanmas\u0131n\u0131 veya \u00e7atlamas\u0131n\u0131 \u00f6nler ve duvarlar ile zeminler aras\u0131ndaki bo\u015fluklar\u0131 doldurur.<\/li>\n\n\n\n<li>Her tarza uyum sa\u011flamak i\u00e7in anodize g\u00fcm\u00fc\u015f, siyah, beyaz, alt\u0131n ve ah\u015fap desenli kaplamalarda mevcuttur.<\/li>\n<\/ul>\n<\/div>\n<\/div>\n\n\n\n<div class=\"wp-block-group\" style=\"padding-top:var(--wp--preset--spacing--60);padding-bottom:var(--wp--preset--spacing--60)\"><div class=\"wp-block-group__inner-container is-layout-constrained wp-block-group-is-layout-constrained\">\n<div class=\"wp-block-media-text has-media-on-the-right is-stacked-on-mobile\" style=\"grid-template-columns:auto 40%\"><div class=\"wp-block-media-text__content\">\n<h2 class=\"wp-block-heading\" style=\"padding-top:var(--wp--preset--spacing--40);padding-bottom:var(--wp--preset--spacing--40);font-size:25px;font-style:normal;font-weight:600;text-transform:capitalize\">Montaj Talimatlar\u0131<\/h2>\n\n\n\n<ul class=\"wp-block-list\">\n<li>Bu al\u00fcminyum profilin i\u00e7ine 6 mm LED \u015ferit \u0131\u015f\u0131\u011f\u0131n\u0131 yerle\u015ftirin.<\/li>\n\n\n\n<li>Dif\u00fcz\u00f6r\u00fc bu al\u00fcminyum profilin i\u00e7ine oturtun.<\/li>\n\n\n\n<li>Kolay montaj: Pervaz profilini duvara vida ile sabitleyin veya p\u00fcr\u00fczs\u00fcz bir biti\u015f i\u00e7in g\u00fc\u00e7l\u00fc yap\u0131\u015ft\u0131r\u0131c\u0131 kullan\u0131n.<\/li>\n<\/ul>\n<\/div><figure class=\"wp-block-media-text__media\"><img loading=\"lazy\" decoding=\"async\" width=\"500\" height=\"500\" src=\"https:\/\/tangooled.com\/wp-content\/uploads\/2025\/12\/sk02-ins.webp\" alt=\"ultra thin aluminum skirting wall profile for 10mm tile wall\" class=\"wp-image-42132 size-full\" srcset=\"https:\/\/tangooled.com\/wp-content\/uploads\/2025\/12\/sk02-ins.webp 500w, https:\/\/tangooled.com\/wp-content\/uploads\/2025\/12\/sk02-ins-300x300.webp 300w, https:\/\/tangooled.com\/wp-content\/uploads\/2025\/12\/sk02-ins-150x150.webp 150w\" sizes=\"auto, (max-width: 500px) 100vw, 500px\" \/><\/figure><\/div>\n<\/div><\/div>\n\n\n\n<div class=\"wp-block-group has-background is-vertical is-layout-flex wp-container-core-group-is-layout-b429018a wp-block-group-is-layout-flex\" style=\"background-color:#f1f1f1f2;padding-top:var(--wp--preset--spacing--70);padding-bottom:var(--wp--preset--spacing--70)\">\n<h2 class=\"wp-block-heading\" style=\"padding-top:var(--wp--preset--spacing--40);padding-bottom:var(--wp--preset--spacing--40);font-size:25px;font-style:normal;font-weight:600;text-transform:capitalize\">Bu uygulamalar i\u00e7in m\u00fckemmel<\/h2>\n\n\n\n<ul class=\"wp-block-list\">\n<li>Konut Kullan\u0131m\u0131: Koridorlar, oturma odalar\u0131, mutfaklar ve banyolar. Fayanslar\u0131 ve duvarlar\u0131 su ve hasardan korur.<\/li>\n\n\n\n<li>Ticari Alanlar: Showroomlar, ofisler, oteller ve perakendeciler. Duvarlar\u0131n temiz ve hasars\u0131z kalmas\u0131na yard\u0131mc\u0131 olur.<\/li>\n\n\n\n<li>Kamu Binalar\u0131: Hastaneler ve okullar, temizlik ve dayan\u0131kl\u0131l\u0131k ihtiyac\u0131n\u0131 kar\u015f\u0131lar.<\/li>\n\n\n\n<li>\u00d6zel kullan\u0131mlar: Duvarlar ve zeminler aras\u0131ndaki kenarlar\u0131 kaplamak i\u00e7in kullan\u0131labilir.<\/li>\n<\/ul>\n<\/div>\n\n\n\n<div class=\"wp-block-group is-vertical is-layout-flex wp-container-core-group-is-layout-d255d7c4 wp-block-group-is-layout-flex\" style=\"padding-top:var(--wp--preset--spacing--80);padding-bottom:var(--wp--preset--spacing--80)\">\n<p>Tangooled'de \u0130lgili \u00dcr\u00fcnler<\/p>\n\n\n\n<ul class=\"wp-block-list\">\n<li><a href=\"https:\/\/tangooled.com\/tr\/urun\/black-aluminum-u-channel-profile-for-10mm-led-strips\/\"><mark style=\"background-color:rgba(0, 0, 0, 0)\" class=\"has-inline-color has-vivid-red-color\">10 mm LED \u015feritleri i\u00e7in siyah al\u00fcminyum U kanal\u0131 profili.<\/mark><\/a><\/li>\n\n\n\n<li><mark style=\"background-color:rgba(0, 0, 0, 0)\" class=\"has-inline-color has-vivid-red-color\"><a href=\"https:\/\/tangooled.com\/tr\/urun\/surface-mount-led-profile-with-frosted-diffuser-for-10mm-rope-lights\/\">Sarma montaj LED profili ile frosted dif\u00fcz\u00f6r<\/a>.<\/mark><\/li>\n\n\n\n<li><a href=\"https:\/\/tangooled.com\/tr\/urun\/black-led-profile-with-black-diffuser-for-10mm-led-strip-light\/\"><mark style=\"background-color:rgba(0, 0, 0, 0)\" class=\"has-inline-color has-vivid-red-color\">10mm LED \u015ferit \u0131\u015f\u0131\u011f\u0131 i\u00e7in siyah dif\u00fcz\u00f6rl\u00fc siyah LED profili<\/mark><\/a>.<\/li>\n\n\n\n<li><a href=\"https:\/\/tangooled.com\/tr\/urun\/surface-mount-led-profile-with-frosted-diffuser-for-10mm-rope-lights\/\"><mark style=\"background-color:rgba(0, 0, 0, 0)\" class=\"has-inline-color has-vivid-red-color\">10 mm kablo \u0131\u015f\u0131klar\u0131 i\u00e7in frosted dif\u00fcz\u00f6rl\u00fc y\u00fczey montaj LED profili<\/mark><\/a>.<\/li>\n\n\n\n<li><a href=\"https:\/\/tangooled.com\/tr\/urun\/ultra-thin-aluminum-skirting-wall-profile-for-10mm-tile-wall\/\"><mark style=\"background-color:rgba(0, 0, 0, 0)\" class=\"has-inline-color has-vivid-red-color\">10 mm seramik duvar i\u00e7in ultra ince al\u00fcminyum pervaz profili<\/mark><\/a>.<\/li>\n<\/ul>\n<\/div>\n\n\n\n<div class=\"wp-block-group has-background\" style=\"background-color:#f1f1f1;padding-top:var(--wp--preset--spacing--80);padding-bottom:var(--wp--preset--spacing--80)\"><div class=\"wp-block-group__inner-container is-layout-constrained wp-block-group-is-layout-constrained\">\n<h2 class=\"wp-block-heading\" style=\"padding-top:var(--wp--preset--spacing--40);padding-right:0;padding-bottom:var(--wp--preset--spacing--40);padding-left:0;font-size:25px;font-style:normal;font-weight:600;text-transform:capitalize\">\u00f6zet<\/h2>\n\n\n\n<p style=\"padding-right:var(--wp--preset--spacing--50);padding-left:var(--wp--preset--spacing--50)\">If you want a modern, long-lasting, and easy-to-install tile edge protector and baseboard, our Ultra Thin Aluminum Skirting Wall Profile for 10mm Tile Wall is the way to go. It protects against chipping, cracking, and dampness for a long time and gives walls and floors a smooth, stylish look. Choose this aluminum profile for homes, workplaces, hospitals, or stores. It&#8217;s lightweight yet robust and won&#8217;t rust, and it will keep its neat edges for years.<\/p>\n<\/div><\/div>\n\n\n\n<p><\/p>","protected":false},"featured_media":13624,"template":"","meta":{"_acf_changed":true,"_seopress_robots_primary_cat":"none","_seopress_titles_title":"Ultra Thin LED Skirting Profile | Baseboard for 10mm Tile SK02","_seopress_titles_desc":"The SK02 is an ultra thin aluminum led skirting profile designed specifically for 10mm tile walls. Achieve a flush, minimalist baseboard finish with integrated linear lighting.","_seopress_robots_index":""},"pcb-width":[228],"product-cat":[198],"class_list":{"0":"post-42103","1":"product","2":"type-product","3":"status-publish","4":"has-post-thumbnail","6":"pcb-width-6-12mm","7":"product-cat-skirting-profile"},"acf":[],"_links":{"self":[{"href":"https:\/\/tangooled.com\/tr\/wp-json\/wp\/v2\/product\/42103","targetHints":{"allow":["GET"]}}],"collection":[{"href":"https:\/\/tangooled.com\/tr\/wp-json\/wp\/v2\/product"}],"about":[{"href":"https:\/\/tangooled.com\/tr\/wp-json\/wp\/v2\/types\/product"}],"wp:featuredmedia":[{"embeddable":true,"href":"https:\/\/tangooled.com\/tr\/wp-json\/wp\/v2\/media\/13624"}],"wp:attachment":[{"href":"https:\/\/tangooled.com\/tr\/wp-json\/wp\/v2\/media?parent=42103"}],"wp:term":[{"taxonomy":"pcb-width","embeddable":true,"href":"https:\/\/tangooled.com\/tr\/wp-json\/wp\/v2\/pcb-width?post=42103"},{"taxonomy":"product-cat","embeddable":true,"href":"https:\/\/tangooled.com\/tr\/wp-json\/wp\/v2\/product-cat?post=42103"}],"curies":[{"name":"wp","href":"https:\/\/api.w.org\/{rel}","templated":true}]}}