{"id":42071,"date":"2025-12-15T00:37:30","date_gmt":"2025-12-15T08:37:30","guid":{"rendered":"https:\/\/tangooled.com\/?post_type=product&#038;p=42071"},"modified":"2026-01-31T06:28:44","modified_gmt":"2026-01-31T14:28:44","slug":"up-lighting-led-wall-aluminum-channel-with-tall-flange-for-12mm-led-tape-light","status":"publish","type":"product","link":"https:\/\/tangooled.com\/tr\/urun\/up-lighting-led-wall-aluminum-channel-with-tall-flange-for-12mm-led-tape-light\/","title":{"rendered":"12mm LED \u015ferit \u0131\u015f\u0131k i\u00e7in y\u00fcksek flan\u015fl\u0131 yukar\u0131 ayd\u0131nlatma LED duvar al\u00fcminyum kanal\u0131"},"content":{"rendered":"<div class=\"wp-block-group is-vertical is-layout-flex wp-container-core-group-is-layout-d255d7c4 wp-block-group-is-layout-flex\" style=\"padding-top:var(--wp--preset--spacing--80);padding-bottom:var(--wp--preset--spacing--80)\">\n<p>Yukar\u0131da ayd\u0131nlatma LED duvar kanal\u0131m\u0131z, duvara yerle\u015ftirmeyi kolay ve g\u00fcvenli hale getiren y\u00fcksek bir flan\u015fa sahiptir. Bu profil, duvarlar\u0131n\u0131za g\u00fczel, dolayl\u0131 bir \u0131\u015f\u0131k y\u0131kamas\u0131 yapman\u0131z i\u00e7in harikad\u0131r.<\/p>\n\n\n\n<p>Kanal, 12mm LED \u015ferit \u0131\u015f\u0131\u011f\u0131n\u0131z\u0131n so\u011fumas\u0131na ve daha uzun s\u00fcre dayanmas\u0131na yard\u0131mc\u0131 olan g\u00fc\u00e7l\u00fc 6063 T5 ekstr\u00fcde al\u00fcminyumdan yap\u0131lm\u0131\u015ft\u0131r. I\u015f\u0131\u011f\u0131 yumu\u015fatan, lekeleri ortadan kald\u0131ran ve p\u00fcr\u00fczs\u00fcz, ambiyans veren bir parlakl\u0131k sa\u011flayan tak\u0131labilir polikarbonat (PC) dif\u00fcz\u00f6r ile donat\u0131lm\u0131\u015ft\u0131r.<\/p>\n\n\n\n<p>Y\u00fcksek flan\u015f\u0131 do\u011frudan duvara vidalayabilirsiniz, bu da sa\u011flam bir yukar\u0131 ayd\u0131nlatma duvar montaj kanal\u0131 olu\u015fturur. Al\u00fcminyum duvar profili sabitlendi\u011finde, LED \u015feridinizi yerle\u015ftirin ve temiz ve profesyonel g\u00f6r\u00fcnmesi i\u00e7in u\u00e7 kapaklar\u0131 ve dif\u00fcz\u00f6r\u00fc tak\u0131n.<\/p>\n\n\n\n<p>Bu uyumlu profil, bir\u00e7ok farkl\u0131 kullan\u0131m i\u00e7in iyi \u00e7al\u0131\u015f\u0131r. Evinizde oturma odalar\u0131 veya koridorlara modern bir dokunu\u015f eklemek i\u00e7in kullan\u0131n. Otel ve restoranlara s\u0131cak ve \u015f\u0131k bir hava kat\u0131yor. Mimari vurgular\u0131 g\u00f6steren g\u00fczel yukar\u0131 ayd\u0131nlatmalar isteyen i\u015f alanlar\u0131 i\u00e7in de idealdir.<\/p>\n<\/div>\n\n\n\n<div class=\"wp-block-group has-background is-vertical is-layout-flex wp-container-core-group-is-layout-d255d7c4 wp-block-group-is-layout-flex\" style=\"background-color:#f1f1f1;padding-top:var(--wp--preset--spacing--80);padding-bottom:var(--wp--preset--spacing--80)\">\n<div class=\"wp-block-group is-vertical is-layout-flex wp-container-core-group-is-layout-8cf370e7 wp-block-group-is-layout-flex\">\n<h2 class=\"wp-block-heading\" style=\"padding-top:var(--wp--preset--spacing--40);padding-bottom:var(--wp--preset--spacing--40);font-size:25px;font-style:normal;font-weight:600;text-transform:capitalize\">Bu Y\u00fcksek Flan\u015fl\u0131 Yukar\u0131 Ayd\u0131nlatma LED Duvar Kanal\u0131n\u0131 Neden Se\u00e7melisiniz?<\/h2>\n\n\n\n<ul class=\"wp-block-list\">\n<li>I\u015f\u0131k Y\u00f6nlendirme Kontrol\u00fc: 45 derece a\u00e7\u0131, \u0131\u015f\u0131\u011f\u0131n yukar\u0131 ve d\u0131\u015far\u0131 akmas\u0131n\u0131 sa\u011flar; bu, duvar y\u0131kama ve dolayl\u0131 ayd\u0131nlatma i\u00e7in harikad\u0131r.<\/li>\n\n\n\n<li>14mm geni\u015fli\u011fe kadar LED \u015feritlerle uyumlu, y\u00fcksek \u00e7\u0131k\u0131\u015fl\u0131, RGB+W LED \u015feritler ve COB LED \u015feritleri i\u00e7erir. Bu, t\u00fcm ayd\u0131nlatma ihtiya\u00e7lar\u0131n\u0131z\u0131 kar\u015f\u0131layabilece\u011finiz anlam\u0131na gelir.<\/li>\n\n\n\n<li>Bir araya getirmesi basit: Temiz bir biti\u015f i\u00e7in u\u00e7 kapaklar ve montaj klipleri ile birlikte gelir. Duvarlara asabilir veya mimari ni\u015flere yerle\u015ftirebilirsiniz.<\/li>\n\n\n\n<li>Modern evlerde, ofislerde, ma\u011fazalarda ve otellerde iyi \u00e7al\u0131\u015f\u0131r.<\/li>\n\n\n\n<li>\u00d6zel kurulumlar i\u00e7in sahada kesilebilir.<\/li>\n<\/ul>\n<\/div>\n<\/div>\n\n\n\n<div class=\"wp-block-group is-vertical is-layout-flex wp-container-core-group-is-layout-d255d7c4 wp-block-group-is-layout-flex\" style=\"padding-top:var(--wp--preset--spacing--80);padding-bottom:var(--wp--preset--spacing--80)\">\n<hr class=\"wp-block-separator has-alpha-channel-opacity\"\/>\n\n\n\n<div class=\"wp-block-media-text has-media-on-the-right is-stacked-on-mobile\" style=\"grid-template-columns:auto 40%\"><div class=\"wp-block-media-text__content\">\n<h2 class=\"wp-block-heading\" style=\"padding-top:var(--wp--preset--spacing--40);padding-bottom:var(--wp--preset--spacing--40);font-size:25px;font-style:normal;font-weight:600;text-transform:capitalize\">Bu Yukar\u0131 Ayd\u0131nlatma LED Duvar Al\u00fcminyum Kanal\u0131n\u0131 Nas\u0131l Kullanmal\u0131<\/h2>\n\n\n\n<ul class=\"wp-block-list\">\n<li>Kanal\u0131 istedi\u011finiz uzunlukta kesin.<\/li>\n\n\n\n<li>Kanal\u0131 duvar direklerine veya al\u00e7\u0131pan\u0131n i\u00e7ine vidalarla sabitleyin.<\/li>\n\n\n\n<li>12mm LED \u015ferit \u0131\u015f\u0131\u011f\u0131n\u0131z\u0131 yerle\u015ftirin.<\/li>\n\n\n\n<li>I\u015f\u0131\u011f\u0131 yumu\u015fatmak i\u00e7in buzlu dif\u00fcz\u00f6r kapa\u011f\u0131n\u0131 tak\u0131n.<\/li>\n\n\n\n<li>Temiz bir g\u00f6r\u00fcn\u00fcm vermesi i\u00e7in u\u00e7 kapaklar\u0131 ekleyin.<\/li>\n<\/ul>\n<\/div><figure class=\"wp-block-media-text__media\"><img loading=\"lazy\" decoding=\"async\" width=\"500\" height=\"500\" src=\"https:\/\/tangooled.com\/wp-content\/uploads\/2025\/12\/wp08-ins.webp\" alt=\"up lighting wall angled led channel inner width 14mm (copy)\" class=\"wp-image-42072 size-full\" srcset=\"https:\/\/tangooled.com\/wp-content\/uploads\/2025\/12\/wp08-ins.webp 500w, https:\/\/tangooled.com\/wp-content\/uploads\/2025\/12\/wp08-ins-300x300.webp 300w, https:\/\/tangooled.com\/wp-content\/uploads\/2025\/12\/wp08-ins-150x150.webp 150w\" sizes=\"auto, (max-width: 500px) 100vw, 500px\" \/><\/figure><\/div>\n<\/div>\n\n\n\n<div class=\"wp-block-group has-background is-vertical is-layout-flex wp-container-core-group-is-layout-b429018a wp-block-group-is-layout-flex\" style=\"background-color:#f1f1f1f2;padding-top:var(--wp--preset--spacing--70);padding-bottom:var(--wp--preset--spacing--70)\">\n<h2 class=\"wp-block-heading\" style=\"padding-top:var(--wp--preset--spacing--40);padding-bottom:var(--wp--preset--spacing--40);font-size:25px;font-style:normal;font-weight:600\">Kullan\u0131m Senaryolar\u0131<\/h2>\n\n\n\n<ul class=\"wp-block-list\">\n<li>Yumu\u015fak yukar\u0131 ayd\u0131nlatma eklemek i\u00e7in koridorlar ve oturma odalar\u0131nda kullan\u0131n.<\/li>\n\n\n\n<li>Ruh hali ayd\u0131nlatmas\u0131n\u0131n kritik oldu\u011fu modern mutfaklar veya ev sinemalar\u0131 i\u00e7in m\u00fckemmeldir.<\/li>\n\n\n\n<li>Restoranlar\u0131n, otel lobilerinin, ofis koridorlar\u0131n\u0131n ve ma\u011faza vitrinlerinin duvarlar\u0131na harikad\u0131r.<\/li>\n\n\n\n<li>Mimari vurgular\u0131 \u00f6ne \u00e7\u0131karan keskin \u00e7izgili ayd\u0131nlatmalar yapar.<\/li>\n<\/ul>\n<\/div>\n\n\n\n<div class=\"wp-block-group is-vertical is-layout-flex wp-container-core-group-is-layout-d255d7c4 wp-block-group-is-layout-flex\" style=\"padding-top:var(--wp--preset--spacing--80);padding-bottom:var(--wp--preset--spacing--80)\">\n<h2 class=\"wp-block-heading\" style=\"padding-top:var(--wp--preset--spacing--40);padding-bottom:var(--wp--preset--spacing--40);font-size:25px;font-style:normal;font-weight:600;text-transform:capitalize\">Projeniz i\u00e7in \u0130lgili \u00dcr\u00fcnler<\/h2>\n\n\n\n<ul class=\"wp-block-list\">\n<li>Ke\u015ffedin <a href=\"https:\/\/tangooled.com\/tr\/urun\/black-led-diffuser-aluminum-channel-for-12mm-tape-lights\/\"><mark style=\"background-color:rgba(0, 0, 0, 0)\" class=\"has-inline-color has-vivid-red-color\">12 mm bant \u0131\u015f\u0131klar\u0131 i\u00e7in siyah LED dif\u00f6re al\u00fcminyum kanal <\/mark><\/a>\u015f\u0131k bir koyu biti\u015f i\u00e7in.<\/li>\n\n\n\n<li>Bunu kontrol edin <a href=\"https:\/\/tangooled.com\/tr\/urun\/surface-mount-led-profile-with-frosted-diffuser-for-10mm-rope-lights\/\"><mark style=\"background-color:rgba(0, 0, 0, 0)\" class=\"has-inline-color has-vivid-red-color\">10 mm iplikler i\u00e7in mat dif\u00f6re sahip y\u00fczeye montaj LED profili<\/mark><\/a> y\u00fczey montaj se\u00e7ene\u011fi istiyorsan\u0131z.<\/li>\n\n\n\n<li>\u015eunu deneyin <a href=\"https:\/\/tangooled.com\/tr\/urun\/18x18mm-led-strip-corner-profile-for-12mm-led-strips\/\"><mark style=\"background-color:rgba(0, 0, 0, 0)\" class=\"has-inline-color has-vivid-red-color\">12 mm LED \u015feritler i\u00e7in 18x18 mm k\u00f6\u015fe profili<\/mark><\/a> k\u00f6\u015fe montajlar\u0131 i\u00e7in.<\/li>\n\n\n\n<li>D\u00fc\u015f\u00fcn\u00fcn <a href=\"https:\/\/tangooled.com\/tr\/urun\/recessed-led-aluminum-profile-up-and-down-lighting-channel-for-cabinet\/\"><mark style=\"background-color:rgba(0, 0, 0, 0)\" class=\"has-inline-color has-vivid-red-color\">g\u00f6m\u00fcl\u00fc LED al\u00fcminyum profili, dolap i\u00e7in yukar\u0131 ve a\u015fa\u011f\u0131 ayd\u0131nlatma kanal\u0131<\/mark><\/a> yukar\u0131 ve a\u015fa\u011f\u0131 ayd\u0131nlatma efektleri i\u00e7in.<\/li>\n\n\n\n<li>G\u00f6r\u00fcn\u00fcm <a href=\"https:\/\/tangooled.com\/tr\/urun\/25x14m-surface-mounted-led-light-aluminum-profile\/\"><mark style=\"background-color:rgba(0, 0, 0, 0)\" class=\"has-inline-color has-vivid-red-color\">25x14m y\u00fczeye montelenmi\u015f LED \u0131\u015f\u0131k al\u00fcminyum profili<\/mark><\/a> geni\u015f y\u00fczey montaj projeleri i\u00e7in.<\/li>\n<\/ul>\n<\/div>\n\n\n\n<div class=\"wp-block-group has-background\" style=\"background-color:#f1f1f1;padding-top:var(--wp--preset--spacing--80);padding-bottom:var(--wp--preset--spacing--80)\"><div class=\"wp-block-group__inner-container is-layout-constrained wp-block-group-is-layout-constrained\">\n<h2 class=\"wp-block-heading\" style=\"padding-top:var(--wp--preset--spacing--40);padding-bottom:var(--wp--preset--spacing--40);font-size:25px;font-style:normal;font-weight:600;text-transform:capitalize\">Yukar\u0131 Ayd\u0131nlatma LED Duvar Kanal\u0131m\u0131z En \u0130yi Se\u00e7im Neden<\/h2>\n\n\n\n<p style=\"padding-right:var(--wp--preset--spacing--50);padding-left:var(--wp--preset--spacing--50)\">This product is designed for simple installation and long-lasting. It meets the standards for professional architectural lighting and is great for anyone who wants modern lighting design.The tall flange and durable aluminum alloy keep your LED tape safe while giving it a smooth, professional look. It\u2019s also a flexible choice for many locations \u2014 from residential to office to retail.<\/p>\n<\/div><\/div>\n\n\n\n<p><\/p>","protected":false},"featured_media":13519,"template":"","meta":{"_acf_changed":true,"_seopress_robots_primary_cat":"none","_seopress_titles_title":"Up Lighting LED Wall Channel with Tall Flange | TANGOOLED","_seopress_titles_desc":"The WP08 is a professional up lighting led wall channel featuring a tall flange to eliminate glare. Optimized for 12mm led tape lights, this aluminum profile creates a clean upward glow for architectural wall washing.","_seopress_robots_index":""},"pcb-width":[228],"product-cat":[195],"class_list":{"0":"post-42071","1":"product","2":"type-product","3":"status-publish","4":"has-post-thumbnail","6":"pcb-width-6-12mm","7":"product-cat-wall-mout-profile"},"acf":[],"_links":{"self":[{"href":"https:\/\/tangooled.com\/tr\/wp-json\/wp\/v2\/product\/42071","targetHints":{"allow":["GET"]}}],"collection":[{"href":"https:\/\/tangooled.com\/tr\/wp-json\/wp\/v2\/product"}],"about":[{"href":"https:\/\/tangooled.com\/tr\/wp-json\/wp\/v2\/types\/product"}],"wp:featuredmedia":[{"embeddable":true,"href":"https:\/\/tangooled.com\/tr\/wp-json\/wp\/v2\/media\/13519"}],"wp:attachment":[{"href":"https:\/\/tangooled.com\/tr\/wp-json\/wp\/v2\/media?parent=42071"}],"wp:term":[{"taxonomy":"pcb-width","embeddable":true,"href":"https:\/\/tangooled.com\/tr\/wp-json\/wp\/v2\/pcb-width?post=42071"},{"taxonomy":"product-cat","embeddable":true,"href":"https:\/\/tangooled.com\/tr\/wp-json\/wp\/v2\/product-cat?post=42071"}],"curies":[{"name":"wp","href":"https:\/\/api.w.org\/{rel}","templated":true}]}}