{"id":38886,"date":"2025-08-20T22:52:22","date_gmt":"2025-08-21T06:52:22","guid":{"rendered":"https:\/\/tangooled.com\/?post_type=product&#038;p=38886"},"modified":"2026-02-02T02:20:38","modified_gmt":"2026-02-02T10:20:38","slug":"v-shape-diffuser-corner-led-profile-inner-20mm","status":"publish","type":"product","link":"https:\/\/tangooled.com\/tr\/urun\/v-shape-diffuser-corner-led-profile-inner-20mm\/","title":{"rendered":"v \u015fekli dif\u00fcz\u00f6r k\u00f6\u015fe al\u00fcminyum led profili i\u00e7 20mm"},"content":{"rendered":"<div class=\"wp-block-group is-vertical is-layout-flex wp-container-core-group-is-layout-d255d7c4 wp-block-group-is-layout-flex\" style=\"padding-top:var(--wp--preset--spacing--80);padding-bottom:var(--wp--preset--spacing--80)\">\n<p>V \u015fekli dif\u00fcz\u00f6r k\u00f6\u015fe&nbsp;LED profilimiz k\u00f6\u015felerinizi ayd\u0131nlatmak i\u00e7in ideal bir yoldur. Bu sa\u011flam al\u00fcminyum kanal, 90 derece olan herhangi bir k\u00f6\u015feye m\u00fckemmel bir \u015fekilde uymak \u00fczere tasarlanm\u0131\u015ft\u0131r. 20 mm geni\u015fli\u011fine kadar olan LED \u015ferit lambalar\u0131n\u0131 d\u00fczg\u00fcn bir \u015fekilde destekleyebilir.<\/p>\n\n\n\n<p>Bu profil, keskin LED noktalar\u0131n\u0131 s\u00fcrekli \u0131\u015f\u0131\u011fa yumu\u015fatarak, p\u00fcr\u00fczs\u00fcz ve temiz bir ayd\u0131nlatma sa\u011flamak i\u00e7in herhangi bir par\u0131lt\u0131 noktas\u0131 olmadan yumu\u015fak, e\u015fit bir \u0131\u015f\u0131k yayar. Ayr\u0131ca, beraberinde gelen buzlu dif\u00fcz\u00f6r kapa\u011f\u0131, s\u0131cak b\u00f6lgeleri kapat\u0131r ve keskin LED noktalar\u0131n\u0131 s\u00fcrekli \u0131\u015f\u0131\u011fa yumu\u015fat\u0131r. Sa\u011flam anodize al\u00fcminyum profili de LED \u015feritlerinizi serin tutmaya yard\u0131mc\u0131 olur, bu da onlar\u0131 tozdan ve hasardan korur ve \u00f6m\u00fcrlerini uzat\u0131r.<\/p>\n<\/div>\n\n\n\n<div class=\"wp-block-group has-background is-vertical is-layout-flex wp-container-core-group-is-layout-d255d7c4 wp-block-group-is-layout-flex\" style=\"background-color:#f1f1f1;padding-top:var(--wp--preset--spacing--80);padding-bottom:var(--wp--preset--spacing--80)\">\n<div class=\"wp-block-group is-vertical is-layout-flex wp-container-core-group-is-layout-8cf370e7 wp-block-group-is-layout-flex\">\n<h2 class=\"wp-block-heading\" style=\"padding-top:var(--wp--preset--spacing--40);padding-bottom:var(--wp--preset--spacing--40);font-size:25px;font-style:normal;font-weight:600;text-transform:capitalize\">Bu V Forma Profilini \u00d6zel Yapan Nedir?<\/h2>\n\n\n\n<ul class=\"wp-block-list\">\n<li>E\u015fit \u0131\u015f\u0131k \u00e7\u0131k\u0131\u015f\u0131: Buzlu dif\u00fcz\u00f6r, \u0131\u015f\u0131\u011f\u0131 lekesiz ve par\u0131lt\u0131s\u0131z bir \u015fekilde p\u00fcr\u00fczs\u00fcz bir \u0131\u015f\u0131k \u00e7izgisi halinde da\u011f\u0131t\u0131r.<\/li>\n\n\n\n<li>Y\u00fcksek kaliteli al\u00fcminyum: Sa\u011flam ve uzun \u00f6m\u00fcrl\u00fc bir kanal, ayn\u0131 zamanda bir \u0131s\u0131 emici olarak i\u015flev g\u00f6r\u00fcr.<\/li>\n\n\n\n<li>Kolay montaj: Profili y\u00fczeye vidalay\u0131n ve dif\u00fcz\u00f6r\u00fc tak\u0131n.&nbsp;<\/li>\n\n\n\n<li>Y\u00fcksek l\u00fcmen LED \u015feritlerle, ak\u0131ll\u0131 LED \u015feritlerle veya ekstra alanla \u00e7ift s\u0131ra LED \u015feritlerle uyumlu \u00e7al\u0131\u015f\u0131r. 20mm LED \u015feritlerle harika \u00e7al\u0131\u015f\u0131r.<\/li>\n<\/ul>\n<\/div>\n<\/div>\n\n\n\n<div class=\"wp-block-group\" style=\"padding-top:var(--wp--preset--spacing--60);padding-bottom:var(--wp--preset--spacing--60)\"><div class=\"wp-block-group__inner-container is-layout-constrained wp-block-group-is-layout-constrained\">\n<div class=\"wp-block-media-text has-media-on-the-right is-stacked-on-mobile\" style=\"grid-template-columns:auto 40%\"><div class=\"wp-block-media-text__content\">\n<h2 class=\"wp-block-heading\" style=\"padding-top:var(--wp--preset--spacing--40);padding-bottom:var(--wp--preset--spacing--40);font-size:25px;font-style:normal;font-weight:600;text-transform:capitalize\">Kolayca Nas\u0131l Montaj Yap\u0131l\u0131r<\/h2>\n\n\n\n<ul class=\"wp-block-list\">\n<li>Bu kanal\u0131 k\u00f6\u015feye sabitlemek i\u00e7in vidalar kullan\u0131n.<\/li>\n\n\n\n<li>LED \u015feridi kanal\u0131n i\u00e7ine yerle\u015ftirin.<\/li>\n\n\n\n<li>I\u015f\u0131\u011f\u0131n e\u015fit da\u011f\u0131lmas\u0131n\u0131 sa\u011flamak i\u00e7in LED dif\u00fcz\u00f6r\u00fc tak\u0131n.<\/li>\n\n\n\n<li>Tamamlanm\u0131\u015f g\u00f6r\u00fcnmesi i\u00e7in u\u00e7 kapaklar\u0131 tak\u0131n.<\/li>\n<\/ul>\n<\/div><figure class=\"wp-block-media-text__media\"><img loading=\"lazy\" decoding=\"async\" width=\"500\" height=\"500\" src=\"https:\/\/tangooled.com\/wp-content\/uploads\/2025\/08\/la30a-ins.webp\" alt=\"v \u015fekli dif\u00fcz\u00f6r k\u00f6\u015fe al\u00fcminyum led profili i\u00e7 20mm\" class=\"wp-image-41961 size-full\" srcset=\"https:\/\/tangooled.com\/wp-content\/uploads\/2025\/08\/la30a-ins.webp 500w, https:\/\/tangooled.com\/wp-content\/uploads\/2025\/08\/la30a-ins-300x300.webp 300w, https:\/\/tangooled.com\/wp-content\/uploads\/2025\/08\/la30a-ins-150x150.webp 150w\" sizes=\"auto, (max-width: 500px) 100vw, 500px\" \/><\/figure><\/div>\n<\/div><\/div>\n\n\n\n<div class=\"wp-block-group has-background is-vertical is-layout-flex wp-container-core-group-is-layout-b429018a wp-block-group-is-layout-flex\" style=\"background-color:#f1f1f1f2;padding-top:var(--wp--preset--spacing--70);padding-bottom:var(--wp--preset--spacing--70)\">\n<h2 class=\"wp-block-heading\" style=\"padding-top:var(--wp--preset--spacing--40);padding-bottom:var(--wp--preset--spacing--40);font-size:25px;font-style:normal;font-weight:600;text-transform:capitalize\">V \u015eekli Dif\u00fcz\u00f6r K\u00f6\u015fe LED Profilini Nas\u0131l Kullan\u0131rs\u0131n\u0131z<\/h2>\n\n\n\n<p style=\"padding-right:var(--wp--preset--spacing--50);padding-left:var(--wp--preset--spacing--50)\">Bu al\u00fcminyum kanal bir\u00e7ok ayd\u0131nlatma projesi i\u00e7in \u00e7ok kullan\u0131\u015fl\u0131d\u0131r. 45 derece a\u00e7\u0131yla \u0131\u015f\u0131k yayar ve geni\u015f LED \u015ferit lambalar\u0131yla (20mm kadar) \u00e7al\u0131\u015f\u0131r. K\u00f6\u015felerde \u0131\u015f\u0131\u011f\u0131n e\u015fit \u015fekilde da\u011f\u0131lmas\u0131 gereken yerler i\u00e7in harikad\u0131r.<\/p>\n\n\n\n<ul class=\"wp-block-list\">\n<li>Mutfaklarda dolap alt\u0131 \u0131\u015f\u0131klar&nbsp;<\/li>\n\n\n\n<li>K\u0131yafet dolaplar\u0131nda \u0131\u015f\u0131klar&nbsp;<\/li>\n\n\n\n<li>Perakende sergi raflar\u0131nda \u0131\u015f\u0131klar<\/li>\n\n\n\n<li>Mimari ni\u015flerde \u0131\u015f\u0131klar&nbsp;<\/li>\n<\/ul>\n<\/div>\n\n\n\n<div class=\"wp-block-group is-vertical is-layout-flex wp-container-core-group-is-layout-d255d7c4 wp-block-group-is-layout-flex\" style=\"padding-top:var(--wp--preset--spacing--80);padding-bottom:var(--wp--preset--spacing--80)\">\n<h2 class=\"wp-block-heading\" style=\"padding-top:var(--wp--preset--spacing--40);padding-bottom:var(--wp--preset--spacing--40);font-size:25px;font-style:normal;font-weight:600;text-transform:capitalize\">Y\u00fczey Montajl\u0131 LED Profil Uygulamalar\u0131<\/h2>\n\n\n\n<p>V \u015fekli dif\u00fcz\u00f6r k\u00f6\u015fe al\u00fcminyum led profilimiz, \u0131\u015f\u0131klar\u0131n\u0131z\u0131 temiz, parlak ve profesyonel g\u00f6stermesi i\u00e7in tasarlanm\u0131\u015ft\u0131r. Geni\u015f LED \u015feritleri yerle\u015ftirir, onlar\u0131 korur ve k\u00fc\u00e7\u00fck alanlarda \u0131\u015f\u0131\u011f\u0131 e\u015fit \u015fekilde yayar. Mutfaklarda, dolaplarda, ofislerde ve ma\u011faza sergilerinde stil ve i\u015flev aras\u0131nda uygun dengeyi bulmak i\u00e7in kullan\u0131n. \u00c7e\u015fitli <a href=\"https:\/\/tangooled.com\/tr\/led-profiles\/\"><mark style=\"background-color:rgba(0, 0, 0, 0)\" class=\"has-inline-color has-vivid-red-color\">al\u00fcminyum profilleri<\/mark><\/a> Tangooled web sitesinde<\/p>\n<\/div>","protected":false},"featured_media":40756,"template":"","meta":{"_acf_changed":false,"_seopress_robots_primary_cat":"none","_seopress_titles_title":"V Shape Diffuser Corner LED Profile | 20mm Inner Width | TANGOOLED","_seopress_titles_desc":"Source the LA30A V shape diffuser corner LED profile. Features a 20mm inner width for high-output strips and heavy-duty aluminum for heat management.","_seopress_robots_index":""},"pcb-width":[229],"product-cat":[196],"class_list":{"0":"post-38886","1":"product","2":"type-product","3":"status-publish","4":"has-post-thumbnail","6":"pcb-width-15-20mm","7":"product-cat-corner-profile"},"acf":[],"_links":{"self":[{"href":"https:\/\/tangooled.com\/tr\/wp-json\/wp\/v2\/product\/38886","targetHints":{"allow":["GET"]}}],"collection":[{"href":"https:\/\/tangooled.com\/tr\/wp-json\/wp\/v2\/product"}],"about":[{"href":"https:\/\/tangooled.com\/tr\/wp-json\/wp\/v2\/types\/product"}],"wp:featuredmedia":[{"embeddable":true,"href":"https:\/\/tangooled.com\/tr\/wp-json\/wp\/v2\/media\/40756"}],"wp:attachment":[{"href":"https:\/\/tangooled.com\/tr\/wp-json\/wp\/v2\/media?parent=38886"}],"wp:term":[{"taxonomy":"pcb-width","embeddable":true,"href":"https:\/\/tangooled.com\/tr\/wp-json\/wp\/v2\/pcb-width?post=38886"},{"taxonomy":"product-cat","embeddable":true,"href":"https:\/\/tangooled.com\/tr\/wp-json\/wp\/v2\/product-cat?post=38886"}],"curies":[{"name":"wp","href":"https:\/\/api.w.org\/{rel}","templated":true}]}}