{"id":35408,"date":"2025-07-03T22:21:36","date_gmt":"2025-07-04T06:21:36","guid":{"rendered":"https:\/\/tangooled.com\/?post_type=product&#038;p=35408"},"modified":"2026-01-31T01:47:57","modified_gmt":"2026-01-31T09:47:57","slug":"up-lighting-wall-angled-led-channel-inner-width-14mm","status":"publish","type":"product","link":"https:\/\/tangooled.com\/tr\/urun\/up-lighting-wall-angled-led-channel-inner-width-14mm\/","title":{"rendered":"yukar\u0131da ayd\u0131nlatma duvar a\u00e7\u0131l\u0131 led kanal\u0131 i\u00e7 geni\u015fli\u011fi 14mm"},"content":{"rendered":"<div class=\"wp-block-group is-vertical is-layout-flex wp-container-core-group-is-layout-d255d7c4 wp-block-group-is-layout-flex\" style=\"padding-top:var(--wp--preset--spacing--80);padding-bottom:var(--wp--preset--spacing--80)\">\n<p>Yukar\u0131dan ayd\u0131nlatma yapan duvar a\u00e7\u0131l\u0131 LED kanal\u0131m\u0131z, duvarlar\u0131n\u0131z\u0131 daha parlak hale getirecek. Kanal, sa\u011flam olan anodize al\u00fcminyum 6063-T5'ten yap\u0131lm\u0131\u015ft\u0131r. I\u015f\u0131\u011f\u0131 45 derece bir a\u00e7\u0131yla duvarlara y\u00f6nlendirmek i\u00e7in tasarlanm\u0131\u015ft\u0131r. Bu kesin konum, yumu\u015fak \u0131\u015f\u0131\u011f\u0131 parlamadan veya karanl\u0131k alanlar olmadan yukar\u0131ya g\u00f6nderir.<\/p>\n\n\n\n<p>Bu yukar\u0131dan ayd\u0131nlatma i\u00e7in olan LED kanal\u0131, bir\u00e7ok LED \u015ferit tutabilir ve i\u00e7 geni\u015fli\u011fi 14 mm'dir. Ayr\u0131ca opal, bu\u011fulanm\u0131\u015f ve \u015feffaf olmak \u00fczere \u00fc\u00e7 farkl\u0131 dif\u00fcz\u00f6r\u00fcm\u00fcz var. En iyi \u0131\u015f\u0131\u011f\u0131 veren tasar\u0131m\u0131 tercih edebilirsiniz. Kanal, biti\u015fin d\u00fczenli ve tam olmas\u0131n\u0131 sa\u011flamak i\u00e7in u\u00e7 kapaklar ve montaj klipleri i\u00e7erir.<\/p>\n\n\n\n<p>Bu teknoloji, yukar\u0131ya do\u011fru d\u00fczg\u00fcn, noktas\u0131z \u0131\u015f\u0131k yayd\u0131\u011f\u0131 i\u00e7in mimari ayd\u0131nlatma i\u00e7in harikad\u0131r. Konutlarda, otellerde ve i\u015fletmelerde etkili bir \u015fekilde \u00e7al\u0131\u015f\u0131r.<\/p>\n<\/div>\n\n\n\n<div class=\"wp-block-group has-background is-vertical is-layout-flex wp-container-core-group-is-layout-d255d7c4 wp-block-group-is-layout-flex\" style=\"background-color:#f1f1f1;padding-top:var(--wp--preset--spacing--80);padding-bottom:var(--wp--preset--spacing--80)\">\n<div class=\"wp-block-group is-vertical is-layout-flex wp-container-core-group-is-layout-8cf370e7 wp-block-group-is-layout-flex\">\n<h2 class=\"wp-block-heading\" style=\"padding-top:var(--wp--preset--spacing--40);padding-bottom:var(--wp--preset--spacing--40);font-size:25px;font-style:normal;font-weight:600;text-transform:capitalize\">Neden Yukar\u0131dan Ayd\u0131nlatma Yapan Duvar A\u00e7\u0131l\u0131 LED Kanal\u0131m\u0131z\u0131 Se\u00e7melisiniz?<\/h2>\n\n\n\n<ul class=\"wp-block-list\">\n<li>I\u015f\u0131k Y\u00f6nlendirme Kontrol\u00fc: 45 derece a\u00e7\u0131, \u0131\u015f\u0131\u011f\u0131n yukar\u0131 ve d\u0131\u015far\u0131 akmas\u0131n\u0131 sa\u011flar; bu, duvar y\u0131kama ve dolayl\u0131 ayd\u0131nlatma i\u00e7in harikad\u0131r.<\/li>\n\n\n\n<li>14mm geni\u015fli\u011fe kadar LED \u015feritlerle uyumlu, y\u00fcksek \u00e7\u0131k\u0131\u015fl\u0131, RGB+W LED \u015feritler ve COB LED \u015feritleri i\u00e7erir. Bu, t\u00fcm ayd\u0131nlatma ihtiya\u00e7lar\u0131n\u0131z\u0131 kar\u015f\u0131layabilece\u011finiz anlam\u0131na gelir.<\/li>\n\n\n\n<li>Bir araya getirmesi basit: Temiz bir biti\u015f i\u00e7in u\u00e7 kapaklar ve montaj klipleri ile birlikte gelir. Duvarlara asabilir veya mimari ni\u015flere yerle\u015ftirebilirsiniz.<\/li>\n\n\n\n<li>Modern evlerde, ofislerde, ma\u011fazalarda ve otellerde iyi \u00e7al\u0131\u015f\u0131r.<\/li>\n\n\n\n<li>\u00d6zel kurulumlar i\u00e7in sahada kesilebilir.<\/li>\n<\/ul>\n<\/div>\n<\/div>\n\n\n\n<div class=\"wp-block-group\" style=\"padding-top:var(--wp--preset--spacing--60);padding-bottom:var(--wp--preset--spacing--60)\"><div class=\"wp-block-group__inner-container is-layout-constrained wp-block-group-is-layout-constrained\">\n<div class=\"wp-block-media-text has-media-on-the-right is-stacked-on-mobile\"><div class=\"wp-block-media-text__content\">\n<h2 class=\"wp-block-heading\" style=\"padding-top:var(--wp--preset--spacing--40);padding-bottom:var(--wp--preset--spacing--40);font-size:25px;font-style:normal;font-weight:600;text-transform:capitalize\">Yayg\u0131n Kullan\u0131m Senaryolar\u0131<\/h2>\n\n\n\n<ul class=\"wp-block-list\">\n<li>Vurgu Duvarlar\u0131: Kanal\u0131m\u0131z\u0131 tu\u011fla veya ta\u015f gibi dokulu duvarlar\u0131 \u00f6ne \u00e7\u0131karmak i\u00e7in kullan\u0131n.<\/li>\n\n\n\n<li>Oturma odalar\u0131 ve yatak odalar\u0131: Ortam\u0131 ayarlamak ve s\u0131cak, rahat bir atmosfer yaratmak i\u00e7in yumu\u015fak, s\u0131cak yukar\u0131dan ayd\u0131nlatma ekleyin.<\/li>\n\n\n\n<li>Hallways and Corridors: Give modern lighting that doesn&#8217;t glare.<\/li>\n\n\n\n<li>Home Theaters: Make the perfect mood lighting that isn&#8217;t too bright.<\/li>\n<\/ul>\n<\/div><figure class=\"wp-block-media-text__media\"><img loading=\"lazy\" decoding=\"async\" width=\"500\" height=\"500\" src=\"https:\/\/tangooled.com\/wp-content\/uploads\/2025\/07\/wp02-ins.webp\" alt=\"up lighting led wall aluminum channel with tall flange for 12mm led tape light\" class=\"wp-image-42068 size-full\" srcset=\"https:\/\/tangooled.com\/wp-content\/uploads\/2025\/07\/wp02-ins.webp 500w, https:\/\/tangooled.com\/wp-content\/uploads\/2025\/07\/wp02-ins-300x300.webp 300w, https:\/\/tangooled.com\/wp-content\/uploads\/2025\/07\/wp02-ins-150x150.webp 150w\" sizes=\"auto, (max-width: 500px) 100vw, 500px\" \/><\/figure><\/div>\n<\/div><\/div>\n\n\n\n<div class=\"wp-block-group has-background is-vertical is-layout-flex wp-container-core-group-is-layout-b429018a wp-block-group-is-layout-flex\" style=\"background-color:#f1f1f1f2;padding-top:var(--wp--preset--spacing--70);padding-bottom:var(--wp--preset--spacing--70)\">\n<h2 class=\"wp-block-heading\" style=\"padding-top:var(--wp--preset--spacing--40);padding-bottom:var(--wp--preset--spacing--40);font-size:25px;font-style:normal;font-weight:600\">What\u2019s in the Box?<\/h2>\n\n\n\n<ul class=\"wp-block-list\">\n<li>1 x Al\u00fcminyum a\u00e7\u0131l\u0131 LED kanal\u0131 <\/li>\n\n\n\n<li>1 x Bu\u011fulanm\u0131\u015f dif\u00fcz\u00f6r kapa\u011f\u0131 (snap-on)<\/li>\n\n\n\n<li>Her metre i\u00e7in 2 x Montaj klibi<\/li>\n\n\n\n<li>2 x U\u00e7 kapak (d\u00fcz ve tel delikli)<\/li>\n<\/ul>\n<\/div>\n\n\n\n<div class=\"wp-block-group is-vertical is-layout-flex wp-container-core-group-is-layout-d255d7c4 wp-block-group-is-layout-flex\" style=\"padding-top:var(--wp--preset--spacing--80);padding-bottom:var(--wp--preset--spacing--80)\">\n<h2 class=\"wp-block-heading\" style=\"padding-top:var(--wp--preset--spacing--40);padding-bottom:var(--wp--preset--spacing--40);font-size:25px;font-style:normal;font-weight:600;text-transform:capitalize\">\u0130lgili \u00dcr\u00fcnleri \u0130nceleyin<\/h2>\n\n\n\n<ul class=\"wp-block-list\">\n<li>Dar LED \u015feritler i\u00e7in bunu kontrol edin <a href=\"https:\/\/tangooled.com\/tr\/urun\/black-led-profile-with-black-diffuser-for-10mm-led-strip-light\/\"><mark style=\"background-color:rgba(0, 0, 0, 0)\" class=\"has-inline-color has-vivid-red-color\">10mm LED \u015ferit \u0131\u015f\u0131k i\u00e7in siyah dif\u00fcz\u00f6rl\u00fc siyah LED profili<\/mark><\/a>.<\/li>\n\n\n\n<li>Orta geni\u015flikte bir dif\u00fcz\u00f6re mi ihtiyac\u0131n\u0131z var? \u015euna bak\u0131n <a href=\"https:\/\/tangooled.com\/tr\/urun\/black-led-diffuser-aluminum-channel-for-12mm-tape-lights\/\"><mark style=\"background-color:rgba(0, 0, 0, 0)\" class=\"has-inline-color has-vivid-red-color\">12mm bant i\u00e7in siyah LED dif\u00fcz\u00f6r al\u00fcminyum kanal\u0131 <\/mark><\/a><a href=\"https:\/\/tangooled.com\/tr\/urun\/led-strip-light-channel-aluminum-profile-with-diffused-cover-6mm-height\/\"><mark style=\"background-color:rgba(0, 0, 0, 0)\" class=\"has-inline-color has-vivid-red-color\">\u0131\u015f\u0131klar<\/mark><\/a>.<\/li>\n\n\n\n<li>\u0130nce bir profil mi istiyorsunuz? \u015eunu deneyin <a href=\"https:\/\/tangooled.com\/tr\/urun\/led-strip-light-channel-aluminum-profile-with-diffused-cover-6mm-height\/\"><mark style=\"background-color:rgba(0, 0, 0, 0)\" class=\"has-inline-color has-vivid-red-color\">Dif\u00fcz\u00f6r kapakl\u0131 6mm y\u00fckseklikteki LED \u015ferit \u0131\u015f\u0131k kanal\u0131 al\u00fcminyum profil<\/mark><\/a>.<\/li>\n<\/ul>\n<\/div>\n\n\n\n<div class=\"wp-block-group has-background\" style=\"background-color:#f1f1f1;padding-top:var(--wp--preset--spacing--80);padding-bottom:var(--wp--preset--spacing--80)\"><div class=\"wp-block-group__inner-container is-layout-constrained wp-block-group-is-layout-constrained\">\n<h2 class=\"wp-block-heading\" style=\"padding-top:var(--wp--preset--spacing--40);padding-bottom:var(--wp--preset--spacing--40);font-size:25px;font-style:normal;font-weight:600;text-transform:capitalize\">\u00d6zet<\/h2>\n\n\n\n<p style=\"padding-right:var(--wp--preset--spacing--50);padding-left:var(--wp--preset--spacing--50)\">14mm i\u00e7 geni\u015fli\u011fe sahip yukar\u0131dan ayd\u0131nlatma yapan duvar a\u00e7\u0131l\u0131 LED kanal\u0131m\u0131z, temiz, parlak ve uzun \u00f6m\u00fcrl\u00fc yukar\u0131dan ayd\u0131nlatma i\u00e7in en iyi se\u00e7imdir. Bir\u00e7ok LED \u015feridi s\u0131\u011fd\u0131r\u0131r, LED'lerinizi korur ve her mekan i\u00e7in g\u00fczel dolayl\u0131 ayd\u0131nlatma efektleri olu\u015fturur.<\/p>\n<\/div><\/div>\n\n\n\n<p><\/p>","protected":false},"featured_media":13473,"template":"","meta":{"_acf_changed":true,"_seopress_robots_primary_cat":"none","_seopress_titles_title":"Up Lighting Wall Angled LED Channel | 14mm Inner Width WP01 Profile | TANGOOLED","_seopress_titles_desc":"The WP02 is a professional up lighting wall angled led channel with a 14mm inner width. Designed for indirect wall washing, its angled aluminum profile creates a soft upward glow.","_seopress_robots_index":""},"pcb-width":[228],"product-cat":[195],"class_list":{"0":"post-35408","1":"product","2":"type-product","3":"status-publish","4":"has-post-thumbnail","6":"pcb-width-6-12mm","7":"product-cat-wall-mout-profile"},"acf":[],"_links":{"self":[{"href":"https:\/\/tangooled.com\/tr\/wp-json\/wp\/v2\/product\/35408","targetHints":{"allow":["GET"]}}],"collection":[{"href":"https:\/\/tangooled.com\/tr\/wp-json\/wp\/v2\/product"}],"about":[{"href":"https:\/\/tangooled.com\/tr\/wp-json\/wp\/v2\/types\/product"}],"wp:featuredmedia":[{"embeddable":true,"href":"https:\/\/tangooled.com\/tr\/wp-json\/wp\/v2\/media\/13473"}],"wp:attachment":[{"href":"https:\/\/tangooled.com\/tr\/wp-json\/wp\/v2\/media?parent=35408"}],"wp:term":[{"taxonomy":"pcb-width","embeddable":true,"href":"https:\/\/tangooled.com\/tr\/wp-json\/wp\/v2\/pcb-width?post=35408"},{"taxonomy":"product-cat","embeddable":true,"href":"https:\/\/tangooled.com\/tr\/wp-json\/wp\/v2\/product-cat?post=35408"}],"curies":[{"name":"wp","href":"https:\/\/api.w.org\/{rel}","templated":true}]}}