{"id":35407,"date":"2025-07-03T22:18:59","date_gmt":"2025-07-04T06:18:59","guid":{"rendered":"https:\/\/tangooled.com\/?post_type=product&#038;p=35407"},"modified":"2026-01-26T23:41:44","modified_gmt":"2026-01-27T07:41:44","slug":"wall-mount-up-lighting-led-profile-with-outer-curved-aluminum-channel","status":"publish","type":"product","link":"https:\/\/tangooled.com\/tr\/urun\/wall-mount-up-lighting-led-profile-with-outer-curved-aluminum-channel\/","title":{"rendered":"d\u0131\u015f kavisli al\u00fcminyum kanal ile duvar montajl\u0131 yukar\u0131 ayd\u0131nlatma LED profili"},"content":{"rendered":"<div class=\"wp-block-group is-vertical is-layout-flex wp-container-core-group-is-layout-d255d7c4 wp-block-group-is-layout-flex\" style=\"padding-top:var(--wp--preset--spacing--80);padding-bottom:var(--wp--preset--spacing--80)\">\n<p>D\u0131\u015far\u0131da e\u011fimli al\u00fcminyum profilli LED duvar profilimizi ke\u015ffedin. Bu yeni tasar\u0131m\u0131n iki par\u00e7as\u0131 vard\u0131r: LED \u015feridinizi yerle\u015ftirmek i\u00e7in ana kanal ve d\u0131\u015far\u0131da kapanan e\u011fimli al\u00fcminyum kapak. Yer alan PC dif\u00fcz\u00f6r \u0131\u015f\u0131\u011f\u0131 yumu\u015fat\u0131r, ona p\u00fcr\u00fczs\u00fcz, ho\u015f bir par\u0131lt\u0131 verir.<\/p>\n\n\n\n<p>Kurulum olduk\u00e7a kolay. Ana duvar montaj kanal\u0131n\u0131 duvara skrulad\u0131ktan sonra, p\u00fcr\u00fczs\u00fcz, vida i\u00e7ermeyen bir g\u00f6r\u00fcn\u00fcm i\u00e7in e\u011fimli al\u00fcminyum kapa\u011f\u0131 tak\u0131n. Ya\u015fam alan\u0131n\u0131zdaki ambiyans\u0131 kontrol etmek i\u00e7in i\u015flevsel a\u015fa\u011f\u0131 \u0131\u015f\u0131kland\u0131rma veya yukar\u0131 \u0131\u015f\u0131kland\u0131rma olarak monte edebilirsiniz.<\/p>\n\n\n\n<p>Bu profili \u00f6zel k\u0131lan \u015fey, kesintisiz \u0131\u015f\u0131k \u00e7izgileri yaratma yetene\u011fidir. Ba\u011flay\u0131c\u0131lar kullanarak, i\u00e7 ve d\u0131\u015f k\u00f6\u015feleri navigasyon i\u00e7in kolayca birle\u015ftirebilirsiniz, bu da duvarlar\u0131 veya mimari \u00f6zellikleri \u00e7er\u00e7evelemek i\u00e7in m\u00fckemmel.<\/p>\n\n\n\n<p>Bu uyum sa\u011flanabilir ayd\u0131nlatma duvar kanal\u0131 her ortam i\u00e7in harikad\u0131r. Modern koridor veya oturma odas\u0131 vurgular\u0131 olarak konutlarda, bir dokunu\u015f zarafet katmak i\u00e7in otellerde veya dinamik ve \u00e7ekici ortamlar yaratmak i\u00e7in ticari alanlarda kullan\u0131labilir.<\/p>\n<\/div>\n\n\n\n<div class=\"wp-block-group has-background is-vertical is-layout-flex wp-container-core-group-is-layout-d255d7c4 wp-block-group-is-layout-flex\" style=\"background-color:#f1f1f1;padding-top:var(--wp--preset--spacing--80);padding-bottom:var(--wp--preset--spacing--80)\">\n<div class=\"wp-block-group is-vertical is-layout-flex wp-container-core-group-is-layout-8cf370e7 wp-block-group-is-layout-flex\">\n<h2 class=\"wp-block-heading\" style=\"padding-top:var(--wp--preset--spacing--40);padding-bottom:var(--wp--preset--spacing--40);font-size:25px;font-style:normal;font-weight:600;text-transform:capitalize\">Neden Bu Profili Se\u00e7melisiniz?<\/h2>\n\n\n\n<ul class=\"wp-block-list\">\n<li>Modern konutlar ve mimari kullan\u0131mlar i\u00e7in yap\u0131lm\u0131\u015ft\u0131r.<\/li>\n\n\n\n<li>Duvar aplik ayd\u0131nlatmas\u0131 ve vurgu ayd\u0131nlatmas\u0131 i\u00e7in harika.<\/li>\n\n\n\n<li>Yans\u0131tma olmadan hassas bir duvar y\u0131kama ve otlama efektleri olu\u015fturur.<\/li>\n\n\n\n<li>Oteller, i\u015fletmeler ve okullar gibi geni\u015f bir i\u015f kullan\u0131m\u0131 yelpazesiyle \u00e7al\u0131\u015f\u0131r.<\/li>\n<\/ul>\n<\/div>\n<\/div>\n\n\n\n<div class=\"wp-block-group\" style=\"padding-top:var(--wp--preset--spacing--60);padding-bottom:var(--wp--preset--spacing--60)\"><div class=\"wp-block-group__inner-container is-layout-constrained wp-block-group-is-layout-constrained\">\n<div class=\"wp-block-media-text has-media-on-the-right is-stacked-on-mobile\" style=\"grid-template-columns:auto 40%\"><div class=\"wp-block-media-text__content\">\n<h2 class=\"wp-block-heading\" style=\"padding-top:var(--wp--preset--spacing--40);padding-bottom:var(--wp--preset--spacing--40);font-size:25px;font-style:normal;font-weight:600;text-transform:capitalize\">Nas\u0131l Kurulur<\/h2>\n\n\n\n<ul class=\"wp-block-list\">\n<li>Al\u00fcminyum ayd\u0131nlatma kanal\u0131n\u0131 duvara vida ile sabitleyin.<\/li>\n\n\n\n<li>LED \u015feritleri bu ayd\u0131nlatma kanal\u0131n\u0131n i\u00e7ine yerle\u015ftirin.<\/li>\n\n\n\n<li>LED'leri korumak ve \u0131\u015f\u0131\u011f\u0131 yumu\u015fatmak i\u00e7in dif\u00fcz\u00f6r kapa\u011f\u0131n\u0131 tak\u0131n.<\/li>\n\n\n\n<li>Temiz bir g\u00f6r\u00fcn\u00fcm i\u00e7in e\u011fimli al\u00fcminyum par\u00e7ay\u0131 ve u\u00e7 kapaklar\u0131 ayd\u0131nlatma kanal\u0131na tak\u0131n.<\/li>\n\n\n\n<li>G\u00fc\u00e7 kayna\u011f\u0131n\u0131 ba\u011flay\u0131n ve dolayl\u0131 yukar\u0131 \u0131\u015f\u0131kland\u0131rman\u0131n keyfini \u00e7\u0131kar\u0131n.<\/li>\n<\/ul>\n<\/div><figure class=\"wp-block-media-text__media\"><img loading=\"lazy\" decoding=\"async\" width=\"500\" height=\"500\" src=\"https:\/\/tangooled.com\/wp-content\/uploads\/2025\/07\/wp07-ins.webp\" alt=\"d\u0131\u015f kavisli al\u00fcminyum kanal ile duvar montajl\u0131 yukar\u0131 ayd\u0131nlatma LED profili\" class=\"wp-image-42099 size-full\" srcset=\"https:\/\/tangooled.com\/wp-content\/uploads\/2025\/07\/wp07-ins.webp 500w, https:\/\/tangooled.com\/wp-content\/uploads\/2025\/07\/wp07-ins-300x300.webp 300w, https:\/\/tangooled.com\/wp-content\/uploads\/2025\/07\/wp07-ins-150x150.webp 150w\" sizes=\"auto, (max-width: 500px) 100vw, 500px\" \/><\/figure><\/div>\n<\/div><\/div>\n\n\n\n<div class=\"wp-block-group has-background is-vertical is-layout-flex wp-container-core-group-is-layout-b429018a wp-block-group-is-layout-flex\" style=\"background-color:#f1f1f1f2;padding-top:var(--wp--preset--spacing--70);padding-bottom:var(--wp--preset--spacing--70)\">\n<h2 class=\"wp-block-heading\" style=\"padding-top:var(--wp--preset--spacing--40);padding-bottom:var(--wp--preset--spacing--40);font-size:25px;font-style:normal;font-weight:600;text-transform:capitalize\">what&#8217;s in the kit?<\/h2>\n\n\n\n<ul class=\"wp-block-list\">\n<li>2x Anodize edilmi\u015f al\u00fcminyum kanallar (bir montaj i\u00e7in, bir LED \u015feritler i\u00e7in)<\/li>\n\n\n\n<li>1x Opal \u0131\u015f\u0131k dif\u00fcz\u00f6r\u00fc<\/li>\n\n\n\n<li>Son kapaklar<\/li>\n\n\n\n<li>S\u00fcrekli ba\u011flant\u0131 i\u00e7in ba\u011flay\u0131c\u0131lar<\/li>\n<\/ul>\n<\/div>\n\n\n\n<div class=\"wp-block-group is-vertical is-layout-flex wp-container-core-group-is-layout-d255d7c4 wp-block-group-is-layout-flex\" style=\"padding-top:var(--wp--preset--spacing--80);padding-bottom:var(--wp--preset--spacing--80)\">\n<h2 class=\"wp-block-heading\" style=\"padding-top:var(--wp--preset--spacing--40);padding-bottom:var(--wp--preset--spacing--40);font-size:25px;font-style:normal;font-weight:600;text-transform:capitalize\">Nerede kullan\u0131l\u0131r<\/h2>\n\n\n\n<ul class=\"wp-block-list\">\n<li>Oturma Odalar\u0131: Dolayl\u0131 \u0131\u015f\u0131kla s\u0131cak ve \u015f\u0131k bir atmosfer yarat\u0131r.<\/li>\n\n\n\n<li>Koridorlar: Fazla yer kaplamadan kullan\u0131\u015fl\u0131 \u0131\u015f\u0131k ekler.<\/li>\n\n\n\n<li>Ev Sinemalar\u0131: Yans\u0131malar\u0131 azalt\u0131r ve duvarlar\u0131 ve tavanlar\u0131 vurgular.<\/li>\n\n\n\n<li>Perakende Ma\u011fazalar\u0131: \u00dcr\u00fcnlere dikkat \u00e7ekmek i\u00e7in modern vurgu ayd\u0131nlatmas\u0131 kullan\u0131r.<\/li>\n\n\n\n<li>Restoranlar: Yumu\u015fak, misafirperver \u0131\u015f\u0131k insanlar\u0131 daha iyi hissettirir.<\/li>\n\n\n\n<li>Offices: A modern style and light that doesn&#8217;t glare make it comfortable.<\/li>\n<\/ul>\n<\/div>\n\n\n\n<div class=\"wp-block-group has-background\" style=\"background-color:#f1f1f1;padding-top:var(--wp--preset--spacing--80);padding-bottom:var(--wp--preset--spacing--80)\"><div class=\"wp-block-group__inner-container is-layout-constrained wp-block-group-is-layout-constrained\">\n<h2 class=\"wp-block-heading\" style=\"padding-top:var(--wp--preset--spacing--40);padding-bottom:var(--wp--preset--spacing--40);font-size:25px;font-style:normal;font-weight:600;text-transform:capitalize\">Daha Fazla Profil ve Aksesuar Ke\u015ffedin:<\/h2>\n\n\n\n<ul class=\"wp-block-list\">\n<li><a href=\"https:\/\/tangooled.com\/tr\/urun\/black-led-profile-with-black-diffuser-for-10mm-led-strip-light\/\"><mark style=\"background-color:rgba(0, 0, 0, 0)\" class=\"has-inline-color has-vivid-red-color\">10mm LED \u015ferit \u0131\u015f\u0131k i\u00e7in siyah dif\u00fcz\u00f6rl\u00fc siyah LED profili.<\/mark><\/a><\/li>\n\n\n\n<li><a href=\"https:\/\/tangooled.com\/tr\/urun\/surface-mount-led-profile-with-frosted-diffuser-for-10mm-rope-lights\/\"><mark style=\"background-color:rgba(0, 0, 0, 0)\" class=\"has-inline-color has-vivid-red-color\">10 mm kablo \u0131\u015f\u0131klar\u0131 i\u00e7in frosted dif\u00fcz\u00f6rl\u00fc y\u00fczey montaj LED profili<\/mark><\/a>.<\/li>\n\n\n\n<li><a href=\"https:\/\/tangooled.com\/tr\/urun\/aluminum-led-profile-with-30-degree-lens-diffuser-for-10mm-led-strips\/\"><mark style=\"background-color:rgba(0, 0, 0, 0)\" class=\"has-inline-color has-vivid-red-color\">10mm LED \u015feritler i\u00e7in 30 derece lens dif\u00fcz\u00f6rl\u00fc al\u00fcminyum LED profili<\/mark><\/a>.<\/li>\n\n\n\n<li><a href=\"https:\/\/tangooled.com\/tr\/urun\/vertical-wall-mount-curved-led-profile-for-upward-lighting\/\"><mark style=\"background-color:rgba(0, 0, 0, 0)\" class=\"has-inline-color has-vivid-red-color\">Yukar\u0131ya ayd\u0131nlatma i\u00e7in dikey duvara montaj e\u011fimli LED profili<\/mark><\/a><\/li>\n<\/ul>\n<\/div><\/div>\n\n\n\n<div class=\"wp-block-group\" style=\"padding-top:var(--wp--preset--spacing--80);padding-bottom:var(--wp--preset--spacing--80)\"><div class=\"wp-block-group__inner-container is-layout-constrained wp-block-group-is-layout-constrained\">\n<h2 class=\"wp-block-heading\" style=\"padding-top:var(--wp--preset--spacing--40);padding-bottom:var(--wp--preset--spacing--40);font-size:25px;font-style:normal;font-weight:600;text-transform:capitalize\">Neden LED Duvar profilimizi kullanmal\u0131y\u0131m?<\/h2>\n\n\n\n<p>LED duvar profilimiz, \u015f\u0131k g\u00f6r\u00fcnmesini sa\u011flarken LED'leri daha iyi koruyan ve \u0131s\u0131y\u0131 daha iyi y\u00f6neten d\u0131\u015far\u0131da e\u011fimli bir al\u00fcminyum ekstr\u00fczyona sahiptir. Bu, g\u00fczel duvar aplikleri ve mimaride dolayl\u0131 ayd\u0131nlatma i\u00e7in harika hale getirir. Yukar\u0131 ayd\u0131nlatma, a\u015fa\u011f\u0131 ayd\u0131nlatma ve vurgu ayd\u0131nlatmas\u0131 gibi \u00e7e\u015fitli ama\u00e7lar i\u00e7in \u00e7al\u0131\u015facak \u015fekilde tasarlanm\u0131\u015ft\u0131r ve profesyonel bir son dokusuna sahiptir. Uzunluklar\u0131, son kaplamalar\u0131 ve onlarla \u00e7al\u0131\u015fan aksesuarlar\u0131 de\u011fi\u015ftirmek i\u00e7in OEM ve ODM hizmetleri alabilirsiniz.<\/p>\n\n\n\n<p><\/p>\n<\/div><\/div>","protected":false},"featured_media":33662,"template":"","meta":{"_acf_changed":true,"_seopress_robots_primary_cat":"none","_seopress_titles_title":"Wall Mount LED Profile with Outer Curved Aluminum Channel | TANGOOLED","_seopress_titles_desc":"The WP07 is a premium wall mount up lighting led profile featuring a distinctive outer curved aluminum channel. Designed for soft indirect illumination, this curved profile adds architectural elegance to walls while providing a smooth upward glow.","_seopress_robots_index":""},"pcb-width":[228],"product-cat":[195],"class_list":{"0":"post-35407","1":"product","2":"type-product","3":"status-publish","4":"has-post-thumbnail","6":"pcb-width-6-12mm","7":"product-cat-wall-mout-profile"},"acf":[],"_links":{"self":[{"href":"https:\/\/tangooled.com\/tr\/wp-json\/wp\/v2\/product\/35407","targetHints":{"allow":["GET"]}}],"collection":[{"href":"https:\/\/tangooled.com\/tr\/wp-json\/wp\/v2\/product"}],"about":[{"href":"https:\/\/tangooled.com\/tr\/wp-json\/wp\/v2\/types\/product"}],"wp:featuredmedia":[{"embeddable":true,"href":"https:\/\/tangooled.com\/tr\/wp-json\/wp\/v2\/media\/33662"}],"wp:attachment":[{"href":"https:\/\/tangooled.com\/tr\/wp-json\/wp\/v2\/media?parent=35407"}],"wp:term":[{"taxonomy":"pcb-width","embeddable":true,"href":"https:\/\/tangooled.com\/tr\/wp-json\/wp\/v2\/pcb-width?post=35407"},{"taxonomy":"product-cat","embeddable":true,"href":"https:\/\/tangooled.com\/tr\/wp-json\/wp\/v2\/product-cat?post=35407"}],"curies":[{"name":"wp","href":"https:\/\/api.w.org\/{rel}","templated":true}]}}