{"id":35406,"date":"2025-07-03T22:13:06","date_gmt":"2025-07-04T06:13:06","guid":{"rendered":"https:\/\/tangooled.com\/?post_type=product&#038;p=35406"},"modified":"2026-01-31T01:54:58","modified_gmt":"2026-01-31T09:54:58","slug":"low-lighting-slim-in-wall-aluminum-led-channel-for-8mm-led-strip","status":"publish","type":"product","link":"https:\/\/tangooled.com\/tr\/urun\/low-lighting-slim-in-wall-aluminum-led-channel-for-8mm-led-strip\/","title":{"rendered":"8mm led \u015ferit i\u00e7in duvar i\u00e7ine monte ince al\u00fcminyum led kanal\u0131"},"content":{"rendered":"<div class=\"wp-block-group is-vertical is-layout-flex wp-container-core-group-is-layout-d255d7c4 wp-block-group-is-layout-flex\" style=\"padding-top:var(--wp--preset--spacing--80);padding-bottom:var(--wp--preset--spacing--80)\">\n<p>D\u00fc\u015f\u00fck \u0131\u015f\u0131k veren ince i\u00e7 duvar led kanal\u0131m\u0131zla tan\u0131\u015f\u0131n, alanlar\u0131n\u0131za zarif ve modern bir vurgu \u0131\u015f\u0131\u011f\u0131 eklemek i\u00e7in harika bir se\u00e7im. Bu g\u00f6mme led al\u00e7\u0131pan kanal\u0131, led \u015feritlerinizi so\u011fuk tutarak daha uzun s\u00fcre dayanmas\u0131n\u0131 sa\u011flayan g\u00fc\u00e7l\u00fc 6063 al\u00fcminyumdan \u00fcretilmi\u015ftir. Ayr\u0131ca, yerle\u015ftirilmesi kolay olan bir polycarbonate (PC) kapa\u011f\u0131 i\u00e7erir, bu da sert ve e\u015fit bir \u0131\u015f\u0131k yarat\u0131r, parlak noktalar olmadan.<\/p>\n\n\n\n<p>G\u00f6mme olacak \u015fekilde tasarland\u0131, bu al\u00fcminyum led kanal\u0131 al\u00e7\u0131pan i\u00e7ine monte edilir ve kullan\u0131m\u0131 kolay yay klipleri ile tamamen d\u00fcz bir g\u00f6r\u00fcn\u00fcm sunar, size profesyonel, entegre bir g\u00f6r\u00fcn\u00fcm kazand\u0131r\u0131r. Profil a\u015fa\u011f\u0131 do\u011fru \u0131\u015f\u0131k yayarak, duvar boyunca nazik, dolayl\u0131 ayd\u0131nlatma olu\u015fturmak i\u00e7in m\u00fckemmeldir.<\/p>\n\n\n\n<p>It&#8217;s a versatile solution for many places. Use it in your home to light up hallways or stairs. In hotels and restaurants, it creates a warm and welcoming atmosphere. It\u2019s also great for commercial spaces like retail stores or offices wanting a touch of sleek, understated light.<\/p>\n<\/div>\n\n\n\n<div class=\"wp-block-group has-background is-vertical is-layout-flex wp-container-core-group-is-layout-d255d7c4 wp-block-group-is-layout-flex\" style=\"background-color:#f1f1f1;padding-top:var(--wp--preset--spacing--80);padding-bottom:var(--wp--preset--spacing--80)\">\n<div class=\"wp-block-group is-vertical is-layout-flex wp-container-core-group-is-layout-8cf370e7 wp-block-group-is-layout-flex\">\n<h2 class=\"wp-block-heading\" style=\"padding-top:var(--wp--preset--spacing--40);padding-bottom:var(--wp--preset--spacing--40);font-size:25px;font-style:normal;font-weight:600;text-transform:capitalize\">Neden D\u00fc\u015f\u00fck I\u015f\u0131k Veren \u0130nce \u0130\u00e7 Duvar Led Kanal\u0131m\u0131z\u0131 Se\u00e7melisiniz<\/h2>\n\n\n\n<ul class=\"wp-block-list\">\n<li>Trim olmadan, al\u00e7\u0131pan ile kullan\u0131m\u0131 kolay bir tasar\u0131m.<\/li>\n\n\n\n<li>Tipik 8mm LED \u015feritler ile \u00e7al\u0131\u015f\u0131r, COB ve 2835 gibi.<\/li>\n\n\n\n<li>Cove ayd\u0131nlatmas\u0131 veya mimari ayd\u0131nlatma i\u00e7in harika.<\/li>\n\n\n\n<li>Zemin LED'lerinde, raflarda veya merdiven ayd\u0131nlatmas\u0131 i\u00e7in kullan\u0131labilir.<\/li>\n\n\n\n<li>S\u00fcper ince profili, modern ve minimalist stillerle uyum sa\u011flar.<\/li>\n<\/ul>\n<\/div>\n<\/div>\n\n\n\n<div class=\"wp-block-group\" style=\"padding-top:var(--wp--preset--spacing--60);padding-bottom:var(--wp--preset--spacing--60)\"><div class=\"wp-block-group__inner-container is-layout-constrained wp-block-group-is-layout-constrained\">\n<div class=\"wp-block-media-text has-media-on-the-right is-stacked-on-mobile\" style=\"grid-template-columns:auto 40%\"><div class=\"wp-block-media-text__content\">\n<h2 class=\"wp-block-heading\" style=\"padding-top:var(--wp--preset--spacing--40);padding-bottom:var(--wp--preset--spacing--40);font-size:25px;font-style:normal;font-weight:600;text-transform:capitalize\">nas\u0131l kullan\u0131l\u0131r<\/h2>\n\n\n\n<ul class=\"wp-block-list\">\n<li>D\u00fc\u015f\u00fck profilli ince al\u00fcminyum LED kanal\u0131m\u0131z al\u00e7\u0131pan veya tavanda kolay kurulum i\u00e7in tasarlanm\u0131\u015ft\u0131r.<\/li>\n\n\n\n<li>Kanal, \u00f6nceden kesilmi\u015f bir olu\u011fa yerle\u015ftirilen yay destek klipleri taraf\u0131ndan yerinde tutulur; bu, montaj\u0131 kolayla\u015ft\u0131r\u0131r ve flan\u015f \u00fczerinde al\u00e7\u0131 veya al\u00e7\u0131pan macunu gerektirmeden yerinde kalmas\u0131n\u0131 sa\u011flar.<\/li>\n\n\n\n<li>Yerine yerle\u015ftirildi\u011finde, belirli bir y\u00f6nde \u0131\u015f\u0131k yaymas\u0131 ama\u00e7lanm\u0131\u015ft\u0131r; ya a\u015fa\u011f\u0131 do\u011fru ya da yan tarafa (sol veya sa\u011f).<\/li>\n\n\n\n<li>Sadece 8mm LED \u015feridinizi profilin i\u00e7ine yerle\u015ftirin ve tasar\u0131m\u0131 tamamlamak i\u00e7in buzlu dif\u00fcz\u00f6r\u00fc ekleyin. Bu, size e\u015fit, noktas\u0131z ayd\u0131nlatma sa\u011flar.<\/li>\n<\/ul>\n<\/div><figure class=\"wp-block-media-text__media\"><img loading=\"lazy\" decoding=\"async\" width=\"500\" height=\"500\" src=\"https:\/\/tangooled.com\/wp-content\/uploads\/2025\/07\/wp06-ins.webp\" alt=\"low lighting slim in wall aluminum led channel for 8mm led strip\" class=\"wp-image-42094 size-full\" srcset=\"https:\/\/tangooled.com\/wp-content\/uploads\/2025\/07\/wp06-ins.webp 500w, https:\/\/tangooled.com\/wp-content\/uploads\/2025\/07\/wp06-ins-300x300.webp 300w, https:\/\/tangooled.com\/wp-content\/uploads\/2025\/07\/wp06-ins-150x150.webp 150w\" sizes=\"auto, (max-width: 500px) 100vw, 500px\" \/><\/figure><\/div>\n<\/div><\/div>\n\n\n\n<div class=\"wp-block-group has-background is-vertical is-layout-flex wp-container-core-group-is-layout-b429018a wp-block-group-is-layout-flex\" style=\"background-color:#f1f1f1f2;padding-top:var(--wp--preset--spacing--70);padding-bottom:var(--wp--preset--spacing--70)\">\n<h2 class=\"wp-block-heading\" style=\"padding-top:var(--wp--preset--spacing--40);padding-bottom:var(--wp--preset--spacing--40);font-size:25px;font-style:normal;font-weight:600\">D\u00fc\u015f\u00fck I\u015f\u0131k Veren \u0130nce \u0130\u00e7 Duvar Led Kanal\u0131 i\u00e7in En \u0130yi Uygulamalar<\/h2>\n\n\n\n<ul class=\"wp-block-list\">\n<li>Mimari Vurgu Ayd\u0131nlatmas\u0131: Duvarlar\u0131, raflar\u0131 veya tavanlar\u0131 \u00f6ne \u00e7\u0131karmak i\u00e7in do\u011frusal \u0131\u015f\u0131k kullan\u0131n.<\/li>\n\n\n\n<li>Cove Ayd\u0131nlatmas\u0131: Tavan etraf\u0131nda yerle\u015ftirerek nazik, dolayl\u0131 bir par\u0131lt\u0131 olu\u015fturun.<\/li>\n\n\n\n<li>Raf ve Dolap Ayd\u0131nlatmas\u0131: Mobilyalar\u0131n\u0131za g\u00fczel, gizli \u0131\u015f\u0131k \u015feritleri ekleyin.<\/li>\n\n\n\n<li>Merdiven ve sa\u00e7ak ayd\u0131nlatmas\u0131: Ad\u0131mlar\u0131 veya zemin kenarlar\u0131n\u0131 g\u00fcvenli ve fazla parlak olmayan hale getirin.<\/li>\n\n\n\n<li>Al\u00e7\u0131pan ile entegrasyon: Al\u00e7\u0131 veya macun ile \u00e7al\u0131\u015f\u0131r, modern al\u00e7\u0131pan binalar i\u00e7in m\u00fckemmel bir \u00e7\u00f6z\u00fcmd\u00fcr.<\/li>\n<\/ul>\n<\/div>\n\n\n\n<div class=\"wp-block-group is-vertical is-layout-flex wp-container-core-group-is-layout-d255d7c4 wp-block-group-is-layout-flex\" style=\"padding-top:var(--wp--preset--spacing--80);padding-bottom:var(--wp--preset--spacing--80)\">\n<h2 class=\"wp-block-heading\" style=\"font-size:25px;font-style:normal;font-weight:600;text-transform:capitalize\">\u0130lgili \u00dcr\u00fcnler<\/h2>\n\n\n\n<ul class=\"wp-block-list\">\n<li>Benzer stil ve boyut i\u00e7in deneyin <a href=\"https:\/\/tangooled.com\/tr\/urun\/black-led-diffuser-aluminum-channel-for-12mm-tape-lights\/\"><mark style=\"background-color:rgba(0, 0, 0, 0)\" class=\"has-inline-color has-vivid-red-color\">12mm \u015ferit \u0131\u015f\u0131klar i\u00e7in siyah dif\u00fcz\u00f6r al\u00fcminyum kanal<\/mark><\/a> daha geni\u015f LED \u015feritler i\u00e7in.<\/li>\n\n\n\n<li>Kontrol et <a href=\"https:\/\/tangooled.com\/tr\/urun\/led-strip-light-channel-aluminum-profile-with-diffused-cover-6mm-height\/\"><mark style=\"background-color:rgba(0, 0, 0, 0)\" class=\"has-inline-color has-vivid-red-color\">Dif\u00fcz\u00f6r kapakl\u0131 6mm y\u00fckseklikteki LED \u015ferit \u0131\u015f\u0131k kanal\u0131 al\u00fcminyum profil<\/mark><\/a> ultra ince ihtiya\u00e7lar i\u00e7in.<\/li>\n\n\n\n<li>Y\u00fczey montaj ihtiya\u00e7lar\u0131 i\u00e7in, bizimkine bak\u0131n. <a href=\"https:\/\/tangooled.com\/tr\/urun\/surface-mount-led-profile-with-frosted-diffuser-for-10mm-rope-lights\/\"><mark style=\"background-color:rgba(0, 0, 0, 0)\" class=\"has-inline-color has-vivid-red-color\">10 mm iplikler i\u00e7in mat dif\u00f6re sahip y\u00fczeye montaj LED profili<\/mark><\/a>.<\/li>\n<\/ul>\n<\/div>\n\n\n\n<p><\/p>","protected":false},"featured_media":13499,"template":"","meta":{"_acf_changed":true,"_seopress_robots_primary_cat":"none","_seopress_titles_title":"Slim In-Wall LED Channel for Low Lighting WP06 | TANGOOLED","_seopress_titles_desc":"The WP06 is an ultra-slim in-wall led channel designed for low lighting applications. Optimized for 8mm led strips, this minimalist aluminum profile provides subtle footlight and path illumination for modern hallways.","_seopress_robots_index":""},"pcb-width":[228],"product-cat":[195],"class_list":{"0":"post-35406","1":"product","2":"type-product","3":"status-publish","4":"has-post-thumbnail","6":"pcb-width-6-12mm","7":"product-cat-wall-mout-profile"},"acf":[],"_links":{"self":[{"href":"https:\/\/tangooled.com\/tr\/wp-json\/wp\/v2\/product\/35406","targetHints":{"allow":["GET"]}}],"collection":[{"href":"https:\/\/tangooled.com\/tr\/wp-json\/wp\/v2\/product"}],"about":[{"href":"https:\/\/tangooled.com\/tr\/wp-json\/wp\/v2\/types\/product"}],"wp:featuredmedia":[{"embeddable":true,"href":"https:\/\/tangooled.com\/tr\/wp-json\/wp\/v2\/media\/13499"}],"wp:attachment":[{"href":"https:\/\/tangooled.com\/tr\/wp-json\/wp\/v2\/media?parent=35406"}],"wp:term":[{"taxonomy":"pcb-width","embeddable":true,"href":"https:\/\/tangooled.com\/tr\/wp-json\/wp\/v2\/pcb-width?post=35406"},{"taxonomy":"product-cat","embeddable":true,"href":"https:\/\/tangooled.com\/tr\/wp-json\/wp\/v2\/product-cat?post=35406"}],"curies":[{"name":"wp","href":"https:\/\/api.w.org\/{rel}","templated":true}]}}