{"id":35405,"date":"2025-07-03T22:11:08","date_gmt":"2025-07-04T06:11:08","guid":{"rendered":"https:\/\/tangooled.com\/?post_type=product&#038;p=35405"},"modified":"2026-01-26T23:35:02","modified_gmt":"2026-01-27T07:35:02","slug":"wall-recessed-down-lighting-60mm-led-aluminum-profile","status":"publish","type":"product","link":"https:\/\/tangooled.com\/tr\/urun\/wall-recessed-down-lighting-60mm-led-aluminum-profile\/","title":{"rendered":"duvar i\u00e7ine g\u00f6mme a\u015fa\u011f\u0131 ayd\u0131nlatma 60mm led al\u00fcminyum profili"},"content":{"rendered":"<div class=\"wp-block-group is-vertical is-layout-flex wp-container-core-group-is-layout-d255d7c4 wp-block-group-is-layout-flex\" style=\"padding-top:var(--wp--preset--spacing--80);padding-bottom:var(--wp--preset--spacing--80)\">\n<p>Mimari ayd\u0131nlatman\u0131za \u015f\u0131k ve modern bir g\u00f6r\u00fcn\u00fcm kazand\u0131rmak i\u00e7in duvara entegre edilen 60mm LED duvar profilimiz. Al\u00e7\u0131pan i\u00e7ine montaj\u0131 yap\u0131lan bir duvarda recessed downlighting i\u00e7in bir kanal olup, temiz, \u00e7er\u00e7evesiz bir g\u00f6r\u00fcn\u00fcm i\u00e7in yayl\u0131 klipsler ile monte edilmi\u015ftir. Toplam d\u0131\u015f boyutu 70mm (geni\u015flik) 24.5mm (derinlik) olan bu kanal, istenilen etkiyi elde etmek i\u00e7in duvara veya tavana g\u00f6m\u00fclmek \u00fczere m\u00fchendislik ile tasarlanm\u0131\u015ft\u0131r. Bu sa\u011flam tasar\u0131m, profilin y\u00fczeye yerle\u015fik ve g\u00fcvenli bir \u015fekilde uyum sa\u011flamas\u0131n\u0131 garantiler, bu da dikkat \u00e7ekici lineer ayd\u0131nlatma efektleri olu\u015fturmak i\u00e7in m\u00fckemmeldir.<\/p>\n\n\n\n<p>This 60mm downlighting LED wall profile features a simple design that makes it very useful. It can make homes&#8217; halls, living rooms, and stairs look elegant. It&#8217;s fantastic for emphasizing things in modern office environments, galleries, and stores when used for commercial lighting. It looks good and functions properly.<\/p>\n<\/div>\n\n\n\n<div class=\"wp-block-group has-background is-vertical is-layout-flex wp-container-core-group-is-layout-d255d7c4 wp-block-group-is-layout-flex\" style=\"background-color:#f1f1f1;padding-top:var(--wp--preset--spacing--80);padding-bottom:var(--wp--preset--spacing--80)\">\n<div class=\"wp-block-group is-vertical is-layout-flex wp-container-core-group-is-layout-8cf370e7 wp-block-group-is-layout-flex\">\n<h2 class=\"wp-block-heading\" style=\"padding-top:var(--wp--preset--spacing--40);padding-bottom:var(--wp--preset--spacing--40);font-size:25px;font-style:normal;font-weight:600;text-transform:capitalize\">Neden 60mm LED Duvar Profilimizi Se\u00e7melisiniz?<\/h2>\n\n\n\n<ul class=\"wp-block-list\">\n<li>Is\u0131y\u0131 iyi yayabilen ve LED \u0131\u015f\u0131klar\u0131n\u0131z\u0131n daha uzun \u00f6m\u00fcrl\u00fc olmas\u0131n\u0131 sa\u011flayan anodize al\u00fcminyum 6063'ten yap\u0131lm\u0131\u015ft\u0131r.<\/li>\n\n\n\n<li>\u00c7er\u00e7evesiz, s\u0131va i\u00e7ine g\u00f6mme tasar\u0131m\u0131 sayesinde al\u00e7\u0131pan veya s\u0131va i\u00e7inde gizlenir. \u00c7er\u00e7evesiz, sadece bir \u0131\u015f\u0131k \u00e7izgisi vard\u0131r.<\/li>\n\n\n\n<li>I\u015f\u0131\u011f\u0131 yumu\u015fak ve e\u015fit bir \u015fekilde da\u011f\u0131tan, parlayan noktalar veya g\u00f6lgeler olu\u015fturmayan bir frosted dif\u00fcz\u00f6r ile birlikte gelir.<\/li>\n\n\n\n<li>Duvarlar\u0131 temizlemede m\u00fckemmel, tavana, merdivenlere ve temel tahtalar\u0131na \u0131\u015f\u0131k ekler.<\/li>\n<\/ul>\n<\/div>\n<\/div>\n\n\n\n<div class=\"wp-block-group\" style=\"padding-top:var(--wp--preset--spacing--60);padding-bottom:var(--wp--preset--spacing--60)\"><div class=\"wp-block-group__inner-container is-layout-constrained wp-block-group-is-layout-constrained\">\n<div class=\"wp-block-media-text has-media-on-the-right is-stacked-on-mobile\" style=\"grid-template-columns:auto 40%\"><div class=\"wp-block-media-text__content\">\n<h2 class=\"wp-block-heading\" style=\"padding-top:var(--wp--preset--spacing--40);padding-bottom:var(--wp--preset--spacing--40);font-size:25px;font-style:normal;font-weight:600;text-transform:capitalize\">Nas\u0131l Kurulur<\/h2>\n\n\n\n<ul class=\"wp-block-list\">\n<li>Cut a precise groove in the drywall or plasterboard. This cavity&#8217;s dimensions, particularly its height, must be suitable for the profile&#8217;s 60mm embedding section and allow space for the spring support clips.<\/li>\n\n\n\n<li>Yay destek klipslerini LED profilin arkas\u0131na g\u00fcvenli bir \u015fekilde yerle\u015ftirin.<\/li>\n\n\n\n<li>LED \u015feridini kanala sabitleyin, ard\u0131ndan frosted dif\u00fcz\u00f6r\u00fc ve u\u00e7 kapaklar\u0131 tak\u0131n.<\/li>\n\n\n\n<li>Profilin haz\u0131rlanm\u0131\u015f oyuk i\u00e7ine yerle\u015ftirilmesi. Yay klipsleri s\u0131k\u0131\u015facak ve ard\u0131ndan al\u00e7\u0131pan\u0131n arkas\u0131nda geni\u015fleyerek profili y\u00fczeyle flush olarak g\u00fcvenli bir \u015fekilde sabitleyecektir.<\/li>\n\n\n\n<li>Son olarak, LED profilinizi g\u00fc\u00e7 kayna\u011f\u0131na ba\u011flay\u0131n.<\/li>\n<\/ul>\n<\/div><figure class=\"wp-block-media-text__media\"><img loading=\"lazy\" decoding=\"async\" width=\"500\" height=\"500\" src=\"https:\/\/tangooled.com\/wp-content\/uploads\/2025\/07\/wp05-ins.webp\" alt=\"duvar i\u00e7ine g\u00f6mme a\u015fa\u011f\u0131 ayd\u0131nlatma 60mm led al\u00fcminyum profili\" class=\"wp-image-42081 size-full\" srcset=\"https:\/\/tangooled.com\/wp-content\/uploads\/2025\/07\/wp05-ins.webp 500w, https:\/\/tangooled.com\/wp-content\/uploads\/2025\/07\/wp05-ins-300x300.webp 300w, https:\/\/tangooled.com\/wp-content\/uploads\/2025\/07\/wp05-ins-150x150.webp 150w\" sizes=\"auto, (max-width: 500px) 100vw, 500px\" \/><\/figure><\/div>\n<\/div><\/div>\n\n\n\n<div class=\"wp-block-group has-background is-vertical is-layout-flex wp-container-core-group-is-layout-b429018a wp-block-group-is-layout-flex\" style=\"background-color:#f1f1f1f2;padding-top:var(--wp--preset--spacing--70);padding-bottom:var(--wp--preset--spacing--70)\">\n<h2 class=\"wp-block-heading\" style=\"padding-top:var(--wp--preset--spacing--40);padding-bottom:var(--wp--preset--spacing--40);font-size:25px;font-style:normal;font-weight:600;text-transform:capitalize\">60mm recessed LED duvar profilimizi en iyi \u015fekilde kullanman\u0131n yollar\u0131<\/h2>\n\n\n\n<ul class=\"wp-block-list\">\n<li>Koridorlar ve ge\u00e7itler: Yolu ayd\u0131nlatmak i\u00e7in \u015f\u0131k, p\u00fcr\u00fczs\u00fcz duvar lambalar\u0131 kullan\u0131n.<\/li>\n\n\n\n<li>Merdivenler i\u00e7in, basamaklar ve duvarlar \u00fczerinde g\u00fcvenli, hafif bir ayd\u0131nlatma olmal\u0131d\u0131r.<\/li>\n\n\n\n<li>Vurgu duvarlar\u0131: Sanat veya tasar\u0131m unsurlar\u0131na dikkat \u00e7ekmek i\u00e7in downlighting kullan\u0131n.<\/li>\n\n\n\n<li>Ma\u011fazalar ve ofisler: \u00c7al\u0131\u015fma ve sergileme i\u00e7in modern, verimli ayd\u0131nlatma.<\/li>\n\n\n\n<li>Temel tahtalar\u0131 ve skirting board'lar: G\u00fczel g\u00f6r\u00fcnen d\u00fc\u015f\u00fck seviyeli \u0131\u015f\u0131k.<\/li>\n<\/ul>\n<\/div>\n\n\n\n<div class=\"wp-block-group is-vertical is-layout-flex wp-container-core-group-is-layout-d255d7c4 wp-block-group-is-layout-flex\" style=\"padding-top:var(--wp--preset--spacing--80);padding-bottom:var(--wp--preset--spacing--80)\">\n<h2 class=\"wp-block-heading\" style=\"padding-top:var(--wp--preset--spacing--40);padding-bottom:var(--wp--preset--spacing--40);font-size:25px;font-style:normal;font-weight:600;text-transform:capitalize\">Kutuda Ne Var?<\/h2>\n\n\n\n<ul class=\"wp-block-list\">\n<li>1 x 2.5 metre al\u00fcminyum profil<\/li>\n\n\n\n<li>1 x 2.5 metre dif\u00fcz\u00f6r kapa\u011f\u0131<\/li>\n\n\n\n<li>2 x u\u00e7 kapak (birinde kablo i\u00e7in delik bulunur)<\/li>\n\n\n\n<li>2 x yay klipsi<\/li>\n<\/ul>\n<\/div>\n\n\n\n<div class=\"wp-block-group has-background\" style=\"background-color:#f1f1f1;padding-top:var(--wp--preset--spacing--80);padding-bottom:var(--wp--preset--spacing--80)\"><div class=\"wp-block-group__inner-container is-layout-constrained wp-block-group-is-layout-constrained\">\n<h2 class=\"wp-block-heading\" style=\"padding-top:var(--wp--preset--spacing--40);padding-bottom:var(--wp--preset--spacing--40);font-size:25px;font-style:normal;font-weight:600;text-transform:capitalize\">\u00f6zet<\/h2>\n\n\n\n<p style=\"padding-right:var(--wp--preset--spacing--50);padding-left:var(--wp--preset--spacing--50)\">It\u2019s an ideal method to bring modern, clean, and soft linear lighting to any area is with our recessed 60mm LED wall profile. The robust aluminum body, broad channel, and frosted diffuser top make it easy to put powerful LED strips in walls or ceilings to generate beautiful, smooth lines of light.<\/p>\n<\/div><\/div>\n\n\n\n<p><\/p>","protected":false},"featured_media":13493,"template":"","meta":{"_acf_changed":true,"_seopress_robots_primary_cat":"none","_seopress_titles_title":"Recessed 60mm LED Wall Profile | Wall Recessed Down Lighting Channel | TANGOOLED","_seopress_titles_desc":"The WP05 is a professional recessed 60mm led wall profile designed for seamless down lighting. This 60mm aluminum channel integrates into the wall to create a clean, modern wash light effect.","_seopress_robots_index":""},"pcb-width":[229],"product-cat":[195],"class_list":{"0":"post-35405","1":"product","2":"type-product","3":"status-publish","4":"has-post-thumbnail","6":"pcb-width-15-20mm","7":"product-cat-wall-mout-profile"},"acf":[],"_links":{"self":[{"href":"https:\/\/tangooled.com\/tr\/wp-json\/wp\/v2\/product\/35405","targetHints":{"allow":["GET"]}}],"collection":[{"href":"https:\/\/tangooled.com\/tr\/wp-json\/wp\/v2\/product"}],"about":[{"href":"https:\/\/tangooled.com\/tr\/wp-json\/wp\/v2\/types\/product"}],"wp:featuredmedia":[{"embeddable":true,"href":"https:\/\/tangooled.com\/tr\/wp-json\/wp\/v2\/media\/13493"}],"wp:attachment":[{"href":"https:\/\/tangooled.com\/tr\/wp-json\/wp\/v2\/media?parent=35405"}],"wp:term":[{"taxonomy":"pcb-width","embeddable":true,"href":"https:\/\/tangooled.com\/tr\/wp-json\/wp\/v2\/pcb-width?post=35405"},{"taxonomy":"product-cat","embeddable":true,"href":"https:\/\/tangooled.com\/tr\/wp-json\/wp\/v2\/product-cat?post=35405"}],"curies":[{"name":"wp","href":"https:\/\/api.w.org\/{rel}","templated":true}]}}