{"id":35404,"date":"2025-07-03T22:08:51","date_gmt":"2025-07-04T06:08:51","guid":{"rendered":"https:\/\/tangooled.com\/?post_type=product&#038;p=35404"},"modified":"2026-01-26T23:29:38","modified_gmt":"2026-01-27T07:29:38","slug":"up-and-down-wall-sconce-light-led-strip-channel-for-15mm-white-led-strip","status":"publish","type":"product","link":"https:\/\/tangooled.com\/tr\/urun\/up-and-down-wall-sconce-light-led-strip-channel-for-15mm-white-led-strip\/","title":{"rendered":"15mm beyaz LED \u015ferit i\u00e7in yukar\u0131 ve a\u015fa\u011f\u0131 duvar aplik \u0131\u015f\u0131k LED \u015ferit kanal\u0131"},"content":{"rendered":"<div class=\"wp-block-group is-vertical is-layout-flex wp-container-core-group-is-layout-d255d7c4 wp-block-group-is-layout-flex\" style=\"padding-top:var(--wp--preset--spacing--80);padding-bottom:var(--wp--preset--spacing--80)\">\n<p>This modern wall sconce LED strip channel will make your place look better by providing balanced up and down lighting. The profile is made of long-lasting 6063 aluminum alloy, which helps it stay cool and last a long time. The entire height is 50mm, and there are two different lighting grooves, one on top and one on the bottom, each with a width of\u00a017.6mm. The two lighting surfaces shown can each hold an LED strip that is up to 15.0mm wide. The diffusers are composed of high-quality polycarbonate (PC), which makes sure that the light is smooth, soft, and even. The diffusers are composed of high-quality polycarbonate (PC), which makes sure that the light is smooth, soft, and even.<\/p>\n\n\n\n<p>Bu profil, temiz ve tutarl\u0131 bir y\u00fczeye monte kurulum i\u00e7in basit, iki ad\u0131ml\u0131 bir klips tabanl\u0131 yakla\u015f\u0131m sunar. Yukar\u0131 ve a\u015fa\u011f\u0131 \u0131\u015f\u0131k yayarak g\u00f6lgeleri etkili bir \u015fekilde ortadan kald\u0131ran m\u00fckemmel ek ayd\u0131nlatma sa\u011flar. Bu yukar\u0131 ve a\u015fa\u011f\u0131 ayd\u0131nlatma profili, evlerde, otel koridorlar\u0131nda, i\u015f yerlerinde ve mimari ayd\u0131nlatma projelerinde dikkat \u00e7ekici vurgular eklemek i\u00e7in m\u00fckemmeldir.<\/p>\n<\/div>\n\n\n\n<div class=\"wp-block-group has-background is-vertical is-layout-flex wp-container-core-group-is-layout-d255d7c4 wp-block-group-is-layout-flex\" style=\"background-color:#f1f1f1;padding-top:var(--wp--preset--spacing--80);padding-bottom:var(--wp--preset--spacing--80)\">\n<div class=\"wp-block-group is-vertical is-layout-flex wp-container-core-group-is-layout-8cf370e7 wp-block-group-is-layout-flex\">\n<h2 class=\"wp-block-heading\" style=\"padding-top:var(--wp--preset--spacing--40);padding-bottom:var(--wp--preset--spacing--40);font-size:25px;font-style:normal;font-weight:600;text-transform:capitalize\">Neden Bu Duvar Aplik LED \u015eerit Kanal\u0131n\u0131 Se\u00e7melisiniz?<\/h2>\n\n\n\n<ul class=\"wp-block-list\">\n<li>\u00c7ift Yay\u0131l\u0131m Tasar\u0131m\u0131: I\u015f\u0131k hem yukar\u0131 hem de a\u015fa\u011f\u0131ya yay\u0131l\u0131r, b\u00f6ylece duvarlar\u0131n\u0131z\u0131 yumu\u015fak ve tamamen parlat\u0131r.<\/li>\n\n\n\n<li>15mm LED \u015eeritlerle Uyumlu: COB (Chip on Board) ve y\u00fcksek yo\u011funluklu LED \u015feritler gibi geni\u015f \u015feritlerle iyi \u00e7al\u0131\u015f\u0131r.<\/li>\n\n\n\n<li>D\u00fczg\u00fcn I\u015f\u0131k: Opal dif\u00fcz\u00f6r kapa\u011f\u0131, \u0131\u015f\u0131\u011f\u0131 yumu\u015fak ve d\u00fczg\u00fcn yapar, parlak nokta b\u0131rakmaz.<\/li>\n\n\n\n<li>Sa\u011flam al\u00fcminyum g\u00f6vde: Anotlanm\u0131\u015f al\u00fcminyum muhafaza, LED \u015feridinizi paslanmaktan korur ve serin tutar.<\/li>\n\n\n\n<li>Kolay Kurulum: Klipsler, herhangi bir duvara monte etmenizi sa\u011flar. G\u00fczel g\u00f6r\u00fcn\u00fcr ve mekan\u0131n\u0131za m\u00fckemmel uyum sa\u011flar.<\/li>\n\n\n\n<li>Farkl\u0131 Renkler: Stilinizle uyumlu mat beyaz, mat siyah veya anodize g\u00fcm\u00fc\u015f kaplamay\u0131 se\u00e7ebilirsiniz.<\/li>\n<\/ul>\n<\/div>\n<\/div>\n\n\n\n<div class=\"wp-block-group\" style=\"padding-top:var(--wp--preset--spacing--60);padding-bottom:var(--wp--preset--spacing--60)\"><div class=\"wp-block-group__inner-container is-layout-constrained wp-block-group-is-layout-constrained\">\n<div class=\"wp-block-media-text has-media-on-the-right is-stacked-on-mobile\" style=\"grid-template-columns:auto 40%\"><div class=\"wp-block-media-text__content\">\n<h2 class=\"wp-block-heading\" style=\"font-size:25px;font-style:normal;font-weight:600;text-transform:capitalize\">Duvar Aplik LED \u015eerit Kanal\u0131n\u0131z\u0131 Nerede Kullanmal\u0131s\u0131n\u0131z<\/h2>\n\n\n\n<ul class=\"wp-block-list\">\n<li>Koridorlar ve merdivenler: G\u00fcvenli, parlak ve g\u00fczel bir yol ayd\u0131nlatmas\u0131.<\/li>\n\n\n\n<li>Yatak odalar\u0131 ve oturma odalar\u0131: Ortam\u0131 ayarlamak veya duvarlar\u0131 vurgulamak i\u00e7in yukar\u0131 ve a\u015fa\u011f\u0131 \u0131\u015f\u0131k kullan\u0131n.<\/li>\n\n\n\n<li>Banyolar ve makyaj masalar\u0131: Aynalar\u0131n yak\u0131n\u0131nda yumu\u015fak, temiz \u0131\u015f\u0131k i\u00e7in harika.<\/li>\n\n\n\n<li>Restoranlar ve oteller: M\u00fc\u015fterileri s\u0131cak, modern ayd\u0131nlatma ile evde hissettirir.<\/li>\n\n\n\n<li>Ofisler ve ma\u011fazalar: Oda ayd\u0131nlatmas\u0131n\u0131 art\u0131r\u0131p \u00fcr\u00fcnleri sergileyen \u015f\u0131k, verimli \u0131\u015f\u0131k.<\/li>\n<\/ul>\n<\/div><figure class=\"wp-block-media-text__media\"><img loading=\"lazy\" decoding=\"async\" width=\"500\" height=\"500\" src=\"https:\/\/tangooled.com\/wp-content\/uploads\/2025\/07\/wp04-ins.webp\" alt=\"15mm beyaz LED \u015ferit i\u00e7in yukar\u0131 ve a\u015fa\u011f\u0131 duvar aplik \u0131\u015f\u0131k LED \u015ferit kanal\u0131\" class=\"wp-image-42077 size-full\" srcset=\"https:\/\/tangooled.com\/wp-content\/uploads\/2025\/07\/wp04-ins.webp 500w, https:\/\/tangooled.com\/wp-content\/uploads\/2025\/07\/wp04-ins-300x300.webp 300w, https:\/\/tangooled.com\/wp-content\/uploads\/2025\/07\/wp04-ins-150x150.webp 150w\" sizes=\"auto, (max-width: 500px) 100vw, 500px\" \/><\/figure><\/div>\n<\/div><\/div>\n\n\n\n<div class=\"wp-block-group has-background is-vertical is-layout-flex wp-container-core-group-is-layout-b429018a wp-block-group-is-layout-flex\" style=\"background-color:#f1f1f1f2;padding-top:var(--wp--preset--spacing--70);padding-bottom:var(--wp--preset--spacing--70)\">\n<h2 class=\"wp-block-heading\" style=\"padding-top:var(--wp--preset--spacing--40);padding-bottom:var(--wp--preset--spacing--40);font-size:25px;font-style:normal;font-weight:600\">What\u2019s Inside the Box?<\/h2>\n\n\n\n<ul class=\"wp-block-list\">\n<li>Al\u00fcminyum Duvar aplik kanal\u0131<\/li>\n\n\n\n<li>Takmal\u0131 opal dif\u00fcz\u00f6r kapa\u011f\u0131<\/li>\n\n\n\n<li>\u0130ki uc kapa\u011f\u0131 (biri sa\u011flam, di\u011feri elektrik ba\u011flant\u0131s\u0131 i\u00e7in)<\/li>\n\n\n\n<li>Kolay kurulum i\u00e7in montaj klipsleri<\/li>\n<\/ul>\n<\/div>\n\n\n\n<div class=\"wp-block-group is-vertical is-layout-flex wp-container-core-group-is-layout-d255d7c4 wp-block-group-is-layout-flex\" style=\"padding-top:var(--wp--preset--spacing--80);padding-bottom:var(--wp--preset--spacing--80)\">\n<h2 class=\"wp-block-heading\" style=\"padding-top:var(--wp--preset--spacing--40);padding-bottom:var(--wp--preset--spacing--40);font-size:25px;font-style:normal;font-weight:600;text-transform:capitalize\">Be\u011fenebilece\u011finiz \u0130lgili \u00dcr\u00fcnler<\/h2>\n\n\n\n<ul class=\"wp-block-list\">\n<li>10mm Rope Lights i\u00e7in Frosted Dif\u00fcz\u00f6rl\u00fc Y\u00fczeye Monte LED Profil: <a href=\"https:\/\/tangooled.com\/tr\/urun\/surface-mount-led-profile-with-frosted-diffuser-for-10mm-rope-lights\/\"><mark style=\"background-color:rgba(0, 0, 0, 0)\" class=\"has-inline-color has-vivid-red-color\">\u00dcr\u00fcn\u00fc g\u00f6r\u00fcnt\u00fcle<\/mark><\/a><\/li>\n\n\n\n<li>25x14mm Y\u00fczeye Monte LED I\u015f\u0131k Al\u00fcminyum Profili: <a href=\"https:\/\/tangooled.com\/tr\/urun\/25x14m-surface-mounted-led-light-aluminum-profile\/\"><mark style=\"background-color:rgba(0, 0, 0, 0)\" class=\"has-inline-color has-vivid-red-color\">\u00dcr\u00fcn\u00fc g\u00f6r\u00fcnt\u00fcle<\/mark><\/a><\/li>\n\n\n\n<li>15mm Esnek LED \u015eeritler i\u00e7in 22x10mm LED Profil I\u015f\u0131k Kanal\u0131: <a href=\"https:\/\/tangooled.com\/tr\/urun\/22x10mm-led-profile-light-channel-for-15mm-flexible-led-strips\/\"><mark style=\"background-color:rgba(0, 0, 0, 0)\" class=\"has-inline-color has-vivid-red-color\">\u00dcr\u00fcn\u00fc g\u00f6r\u00fcnt\u00fcle<\/mark><\/a><\/li>\n<\/ul>\n<\/div>\n\n\n\n<div class=\"wp-block-group has-background\" style=\"background-color:#f1f1f1;padding-top:var(--wp--preset--spacing--80);padding-bottom:var(--wp--preset--spacing--80)\"><div class=\"wp-block-group__inner-container is-layout-constrained wp-block-group-is-layout-constrained\">\n<h2 class=\"wp-block-heading\" style=\"padding-top:var(--wp--preset--spacing--40);padding-bottom:var(--wp--preset--spacing--40);font-size:25px;font-style:normal;font-weight:600;text-transform:capitalize\">\u00d6zet<\/h2>\n\n\n\n<p style=\"padding-right:var(--wp--preset--spacing--50);padding-left:var(--wp--preset--spacing--50)\">Our up and down wall sconce light led strip channel gives you modern, energy-efficient lighting. It&#8217;s the ideal choice for stylish, long-lasting, and bright light that fills your complete environment. Enjoy trendy and energy-saving illumination with our up and down wall sconce light led strip channel. It&#8217;s the best option for lighting that is elegant, works well, and lasts a long time.<\/p>\n<\/div><\/div>\n\n\n\n<p><\/p>","protected":false},"featured_media":13488,"template":"","meta":{"_acf_changed":true,"_seopress_robots_primary_cat":"none","_seopress_titles_title":"Up and Down Wall Sconce LED Strip Channel | 15mm Wide WP04 Profile | TANGOOLED","_seopress_titles_desc":"The WP04 is a professional wall sconce led strip channel designed for 15mm white led strips. This up and down aluminum profile creates a sleek, bi-directional lighting effect for hallways and living areas.","_seopress_robots_index":""},"pcb-width":[229],"product-cat":[195],"class_list":{"0":"post-35404","1":"product","2":"type-product","3":"status-publish","4":"has-post-thumbnail","6":"pcb-width-15-20mm","7":"product-cat-wall-mout-profile"},"acf":[],"_links":{"self":[{"href":"https:\/\/tangooled.com\/tr\/wp-json\/wp\/v2\/product\/35404","targetHints":{"allow":["GET"]}}],"collection":[{"href":"https:\/\/tangooled.com\/tr\/wp-json\/wp\/v2\/product"}],"about":[{"href":"https:\/\/tangooled.com\/tr\/wp-json\/wp\/v2\/types\/product"}],"wp:featuredmedia":[{"embeddable":true,"href":"https:\/\/tangooled.com\/tr\/wp-json\/wp\/v2\/media\/13488"}],"wp:attachment":[{"href":"https:\/\/tangooled.com\/tr\/wp-json\/wp\/v2\/media?parent=35404"}],"wp:term":[{"taxonomy":"pcb-width","embeddable":true,"href":"https:\/\/tangooled.com\/tr\/wp-json\/wp\/v2\/pcb-width?post=35404"},{"taxonomy":"product-cat","embeddable":true,"href":"https:\/\/tangooled.com\/tr\/wp-json\/wp\/v2\/product-cat?post=35404"}],"curies":[{"name":"wp","href":"https:\/\/api.w.org\/{rel}","templated":true}]}}