{"id":35403,"date":"2025-07-03T22:06:28","date_gmt":"2025-07-04T06:06:28","guid":{"rendered":"https:\/\/tangooled.com\/?post_type=product&#038;p=35403"},"modified":"2026-01-26T23:25:50","modified_gmt":"2026-01-27T07:25:50","slug":"ceiling-wash-linear-wall-mount-led-profile-for-10mm-led-tape-light","status":"publish","type":"product","link":"https:\/\/tangooled.com\/tr\/urun\/ceiling-wash-linear-wall-mount-led-profile-for-10mm-led-tape-light\/","title":{"rendered":"10mm LED \u015ferit \u0131\u015f\u0131k i\u00e7in tavan y\u0131kama lineer duvar montaj LED profili"},"content":{"rendered":"<div class=\"wp-block-group is-vertical is-layout-flex wp-container-core-group-is-layout-d255d7c4 wp-block-group-is-layout-flex\" style=\"padding-top:var(--wp--preset--spacing--80);padding-bottom:var(--wp--preset--spacing--80)\">\n<p>Bu tavan y\u0131kama duvar montaj LED profili, g\u00fc\u00e7l\u00fc olmas\u0131n\u0131 sa\u011flayan ve \u0131s\u0131y\u0131 iyi ileten 6063-T5 al\u00fcminyum ala\u015f\u0131m\u0131ndan \u00fcretilmi\u015ftir. Profil, toplam dikey y\u00fcksekli\u011fi 46.7 mm ve ayd\u0131nlatma b\u00f6l\u00fcm\u00fcn\u00fcn geni\u015fli\u011fi 21.4 mm olan d\u0131\u015f boyutlara sahiptir. Dif\u00fcz\u00f6r, y\u00fcksek kaliteli polikarbonattan (PC) yap\u0131lm\u0131\u015ft\u0131r ve 12mm geni\u015fli\u011finde LED \u015feritlerini tutabilir, bu da \u0131\u015f\u0131\u011f\u0131n d\u00fczg\u00fcn ve noktas\u0131z olmas\u0131n\u0131 sa\u011flar.<\/p>\n\n\n\n<p>Bu duvar y\u0131kama profili, do\u011frudan duvara kolayca sabitlemek i\u00e7in g\u00fcvenli bir \u00e7\u0131tlama (klipleme) montaj sistemine sahiptir. A\u00e7\u0131land\u0131r\u0131lm\u0131\u015f \u015fekil, \u0131\u015f\u0131\u011f\u0131 tavana y\u00f6nlendirir ve tavan montaj\u0131 yap\u0131ld\u0131\u011f\u0131nda odan\u0131n daha b\u00fcy\u00fck ve daha samimi g\u00f6r\u00fcnmesini sa\u011flar.<\/p>\n\n\n\n<p>Bu uyumlu al\u00fcminyum profil, mimari ayd\u0131nlatma i\u00e7in m\u00fckemmeldir ve evlerde, otel lobilerinde ve i\u015f yerlerinde ruh halini iyile\u015ftirir.<\/p>\n<\/div>\n\n\n\n<div class=\"wp-block-group has-background is-vertical is-layout-flex wp-container-core-group-is-layout-d255d7c4 wp-block-group-is-layout-flex\" style=\"background-color:#f1f1f1;padding-top:var(--wp--preset--spacing--80);padding-bottom:var(--wp--preset--spacing--80)\">\n<div class=\"wp-block-group is-vertical is-layout-flex wp-container-core-group-is-layout-8cf370e7 wp-block-group-is-layout-flex\">\n<h2 class=\"wp-block-heading\" style=\"padding-top:var(--wp--preset--spacing--40);padding-bottom:var(--wp--preset--spacing--40);font-size:25px;font-style:normal;font-weight:600;text-transform:capitalize\">Neden Tavan Y\u0131kama Duvar Montaj LED Profilimizi Se\u00e7melisiniz?<\/h2>\n\n\n\n<ul class=\"wp-block-list\">\n<li>Hava ak\u0131\u015f\u0131n\u0131 koruyan, \u0131s\u0131y\u0131 so\u011fuk tutmaya yard\u0131mc\u0131 olan, y\u00fcksek kaliteli 6063-T5 al\u00fcminyumdan \u00fcretilmi\u015ftir. Bu, LED \u015feridinizi serin tutar, b\u00f6ylece daha uzun \u00f6m\u00fcrl\u00fc olmas\u0131n\u0131 ve renklerin canl\u0131 kalmas\u0131n\u0131 sa\u011flar.<\/li>\n\n\n\n<li>Opal dif\u00fcz\u00f6r kapa\u011f\u0131, LED noktalar\u0131n\u0131 gizler ve size yumu\u015fak, parlamas\u0131z bir \u0131\u015f\u0131k sunar.<\/li>\n\n\n\n<li>Harika bir duvar k\u0131vr\u0131m etkisi i\u00e7in tavandan hemen a\u015fa\u011f\u0131ya monte edilen birey olarak tasarlanm\u0131\u015ft\u0131r.<\/li>\n\n\n\n<li>SMD 3528, 5050 ve COB LED'ler gibi iyi bilinen 10 mm veya 12 mm geni\u015fli\u011finde LED \u015ferit \u0131\u015f\u0131klar\u0131 ile \u00e7al\u0131\u015f\u0131r.<\/li>\n\n\n\n<li>Available in three colors: silver anodized, white powder-coated, or black. It&#8217;s easy to find something that fits your style!<\/li>\n\n\n\n<li>Profili, k\u00fc\u00e7\u00fck koridorlardan b\u00fcy\u00fck ma\u011fazalara kadar istedi\u011finiz uzunlukta kesebilirsiniz.<\/li>\n<\/ul>\n<\/div>\n<\/div>\n\n\n\n<div class=\"wp-block-group is-vertical is-layout-flex wp-container-core-group-is-layout-d255d7c4 wp-block-group-is-layout-flex\" style=\"padding-top:var(--wp--preset--spacing--80);padding-bottom:var(--wp--preset--spacing--80)\">\n<hr class=\"wp-block-separator has-alpha-channel-opacity\"\/>\n\n\n\n<div class=\"wp-block-media-text has-media-on-the-right is-stacked-on-mobile\" style=\"grid-template-columns:auto 40%\"><div class=\"wp-block-media-text__content\">\n<h2 class=\"wp-block-heading\" style=\"padding-top:var(--wp--preset--spacing--40);padding-bottom:var(--wp--preset--spacing--40);font-size:25px;font-style:normal;font-weight:600;text-transform:capitalize\">Kolay Kurulum K\u0131lavuzu<\/h2>\n\n\n\n<ul class=\"wp-block-list\">\n<li>Profili duvarda nereye yerle\u015ftirece\u011finizi se\u00e7in. Tavan\u0131n 4 ile 12 in\u00e7 aras\u0131nda bir mesafede olmal\u0131d\u0131r.<\/li>\n\n\n\n<li>Profille birlikte gelen montaj kliplerini kullanarak do\u011frudan duvara sabitleyin.<\/li>\n\n\n\n<li>10mm LED \u015feridinizi kanala yerle\u015ftirin.<\/li>\n\n\n\n<li>I\u015f\u0131\u011f\u0131n d\u00fczg\u00fcn bir \u015fekilde yay\u0131lmas\u0131 i\u00e7in opal dif\u00fcz\u00f6r\u00fc \u00fcst\u00fcne yerle\u015ftirin.<\/li>\n\n\n\n<li>Kablolar\u0131 korumak ve gizlemek i\u00e7in profilin her iki taraf\u0131ndaki u\u00e7 kapaklar\u0131n\u0131 kapat\u0131n.<\/li>\n<\/ul>\n<\/div><figure class=\"wp-block-media-text__media\"><img loading=\"lazy\" decoding=\"async\" width=\"500\" height=\"500\" src=\"https:\/\/tangooled.com\/wp-content\/uploads\/2025\/07\/wp03-ins.webp\" alt=\"ceiling wash linear wall mount led profile for 10mm led tape light\" class=\"wp-image-42074 size-full\" srcset=\"https:\/\/tangooled.com\/wp-content\/uploads\/2025\/07\/wp03-ins.webp 500w, https:\/\/tangooled.com\/wp-content\/uploads\/2025\/07\/wp03-ins-300x300.webp 300w, https:\/\/tangooled.com\/wp-content\/uploads\/2025\/07\/wp03-ins-150x150.webp 150w\" sizes=\"auto, (max-width: 500px) 100vw, 500px\" \/><\/figure><\/div>\n<\/div>\n\n\n\n<div class=\"wp-block-group has-background is-vertical is-layout-flex wp-container-core-group-is-layout-b429018a wp-block-group-is-layout-flex\" style=\"background-color:#f1f1f1f2;padding-top:var(--wp--preset--spacing--70);padding-bottom:var(--wp--preset--spacing--70)\">\n<h2 class=\"wp-block-heading\" style=\"padding-top:var(--wp--preset--spacing--40);padding-bottom:var(--wp--preset--spacing--40);font-size:25px;font-style:normal;font-weight:600\">Bu LED Profilin En \u0130yi Kullan\u0131m Alanlar\u0131<\/h2>\n\n\n\n<ul class=\"wp-block-list\">\n<li>Vurgu ve Duvar Y\u0131kama: Tu\u011fla, ta\u015f veya dekoratif panellerden olu\u015fan duvarlar\u0131n dokusunu vurgulamak i\u00e7in yumu\u015fak \u0131\u015f\u0131k kullan\u0131n.<\/li>\n\n\n\n<li>Perimeter Ayd\u0131nlatmas\u0131: Odalar\u0131, koridorlar\u0131 veya ofisleri yumu\u015fak ve dolayl\u0131 bir \u015fekilde ayd\u0131nlatmak i\u00e7in kullan\u0131n.<\/li>\n\n\n\n<li>Retail and Hospitality: This lighting is great for restaurants, hotels, and stores that don&#8217;t want it to be too bright but yet need it to work.<\/li>\n\n\n\n<li>Dolaplar\u0131n veya raflar\u0131n \u00fcst\u00fc: Y\u00fczeyleri \u00e7ok parlak hale getirmeden ayd\u0131nlat\u0131n.<\/li>\n<\/ul>\n<\/div>\n\n\n\n<div class=\"wp-block-group is-vertical is-layout-flex wp-container-core-group-is-layout-d255d7c4 wp-block-group-is-layout-flex\" style=\"padding-top:var(--wp--preset--spacing--80);padding-bottom:var(--wp--preset--spacing--80)\">\n<h2 class=\"wp-block-heading\" style=\"padding-top:var(--wp--preset--spacing--40);padding-bottom:var(--wp--preset--spacing--40);font-size:25px;font-style:normal;font-weight:600;text-transform:capitalize\">Be\u011fenebilece\u011finiz \u0130lgili \u00dcr\u00fcnler<\/h2>\n\n\n\n<ul class=\"wp-block-list\">\n<li>10mm LED \u015eerit I\u015f\u0131k i\u00e7in Siyah Dif\u00fcz\u00f6rl\u00fc Siyah LED Profil:<mark style=\"background-color:rgba(0, 0, 0, 0)\" class=\"has-inline-color has-vivid-red-color\"> <a href=\"https:\/\/tangooled.com\/tr\/urun\/black-led-profile-with-black-diffuser-for-10mm-led-strip-light\/\">Buradan g\u00f6r\u00fcnt\u00fcleyin<\/a><\/mark><\/li>\n\n\n\n<li>10mm Rope Lights i\u00e7in Frosted Dif\u00fcz\u00f6rl\u00fc Y\u00fczeye Monte LED Profil: <a href=\"https:\/\/tangooled.com\/tr\/urun\/surface-mount-led-profile-with-frosted-diffuser-for-10mm-rope-lights\/\"><mark style=\"background-color:rgba(0, 0, 0, 0)\" class=\"has-inline-color has-vivid-red-color\">Buradan g\u00f6r\u00fcnt\u00fcleyin<\/mark><\/a><\/li>\n\n\n\n<li>10mm LED \u015eerit I\u015f\u0131k i\u00e7in 25x6mm D\u00fc\u015f\u00fck Profil LED \u015eerit Kanal\u0131: <a href=\"https:\/\/tangooled.com\/tr\/urun\/25x6mm-low-profile-led-strip-channel-for-10mm-led-strip-light\/\"><mark style=\"background-color:rgba(0, 0, 0, 0)\" class=\"has-inline-color has-vivid-red-color\">Buradan g\u00f6r\u00fcnt\u00fcleyin<\/mark><\/a><\/li>\n\n\n\n<li>Y\u00fczeye Montaj i\u00e7in 18x9mm LED \u015eerit I\u015f\u0131k Profili: <a href=\"https:\/\/tangooled.com\/tr\/urun\/18x9mm-led-tape-light-profile-for-surface-installation\/\"><mark style=\"background-color:rgba(0, 0, 0, 0)\" class=\"has-inline-color has-vivid-red-color\">Buradan g\u00f6r\u00fcnt\u00fcleyin<\/mark><\/a><\/li>\n<\/ul>\n<\/div>\n\n\n\n<div class=\"wp-block-group has-background is-vertical is-layout-flex wp-container-core-group-is-layout-b429018a wp-block-group-is-layout-flex\" style=\"background-color:#f1f1f1f2;padding-top:var(--wp--preset--spacing--70);padding-bottom:var(--wp--preset--spacing--70)\">\n<h2 class=\"wp-block-heading\" style=\"padding-top:var(--wp--preset--spacing--40);padding-bottom:var(--wp--preset--spacing--40);font-size:25px;font-style:normal;font-weight:600\">\u00d6zet<\/h2>\n\n\n\n<p style=\"padding-right:var(--wp--preset--spacing--50);padding-left:var(--wp--preset--spacing--50)\">If you want smooth, indirect lighting with your 10mm LED tape light, our ceiling wash wall mount LED profile is the ideal choice. The aluminum extrusion protects your LEDs, keeps them cool, and makes them look clean with the included diffusers, end caps, and mounting clips. This profile works for any kind of lighting you want, whether it&#8217;s architectural uplighting, ambient ceiling cove lighting, or modern perimeter accent lights.<\/p>\n<\/div>\n\n\n\n<p><\/p>","protected":false},"featured_media":13477,"template":"","meta":{"_acf_changed":true,"_seopress_robots_primary_cat":"none","_seopress_titles_title":"Ceiling Wash Wall Mount LED Profile | WP03 Linear Channel for 10mm Tape | TANGOOLED","_seopress_titles_desc":"The WP03 is a sleek ceiling wash wall mount led profile tailored for 10mm LED tape lights. This linear aluminum channel creates an indirect upward glow, perfect for cove lighting and architectural accents.","_seopress_robots_index":""},"pcb-width":[228],"product-cat":[195],"class_list":{"0":"post-35403","1":"product","2":"type-product","3":"status-publish","4":"has-post-thumbnail","6":"pcb-width-6-12mm","7":"product-cat-wall-mout-profile"},"acf":[],"_links":{"self":[{"href":"https:\/\/tangooled.com\/tr\/wp-json\/wp\/v2\/product\/35403","targetHints":{"allow":["GET"]}}],"collection":[{"href":"https:\/\/tangooled.com\/tr\/wp-json\/wp\/v2\/product"}],"about":[{"href":"https:\/\/tangooled.com\/tr\/wp-json\/wp\/v2\/types\/product"}],"wp:featuredmedia":[{"embeddable":true,"href":"https:\/\/tangooled.com\/tr\/wp-json\/wp\/v2\/media\/13477"}],"wp:attachment":[{"href":"https:\/\/tangooled.com\/tr\/wp-json\/wp\/v2\/media?parent=35403"}],"wp:term":[{"taxonomy":"pcb-width","embeddable":true,"href":"https:\/\/tangooled.com\/tr\/wp-json\/wp\/v2\/pcb-width?post=35403"},{"taxonomy":"product-cat","embeddable":true,"href":"https:\/\/tangooled.com\/tr\/wp-json\/wp\/v2\/product-cat?post=35403"}],"curies":[{"name":"wp","href":"https:\/\/api.w.org\/{rel}","templated":true}]}}