{"id":35400,"date":"2025-07-03T22:02:01","date_gmt":"2025-07-04T06:02:01","guid":{"rendered":"https:\/\/tangooled.com\/?post_type=product&#038;p=35400"},"modified":"2026-02-02T02:29:35","modified_gmt":"2026-02-02T10:29:35","slug":"vertical-wall-mount-curved-led-profile-for-upward-lighting","status":"publish","type":"product","link":"https:\/\/tangooled.com\/tr\/urun\/vertical-wall-mount-curved-led-profile-for-upward-lighting\/","title":{"rendered":"dikey duvar montajl\u0131 kavisli led profili yukar\u0131 ayd\u0131nlatma i\u00e7in"},"content":{"rendered":"<div class=\"wp-block-group is-vertical is-layout-flex wp-container-core-group-is-layout-d255d7c4 wp-block-group-is-layout-flex\" style=\"padding-top:var(--wp--preset--spacing--80);padding-bottom:var(--wp--preset--spacing--80)\">\n<p>Duvarlar\u0131n\u0131z\u0131, dikey kavisli yukar\u0131 LED duvar profili ile ayd\u0131nlat\u0131n. Bu al\u00fcminyum LED profili, LED \u015ferit lambay\u0131 tutmak ve \u0131\u015f\u0131\u011f\u0131 duvara da\u011f\u0131tmak i\u00e7in tasarlanm\u0131\u015ft\u0131r. Bu, yatak odalar\u0131n\u0131, oturma odalar\u0131n\u0131 ve di\u011fer alanlar\u0131 daha konforlu hale getiren yumu\u015fak, parlamayan dif\u00fcz \u0131\u015f\u0131k olu\u015fturur. Kanal, y\u00fcksek kaliteli 6063-T5 al\u00fcminyum ala\u015f\u0131m\u0131ndan imal edilmi\u015ftir, bu da \u015feridi zararlardan korur ve \u0131s\u0131n\u0131n kolayca tahliye edilmesini sa\u011flar. 14.7 mm i\u00e7 geni\u015fli\u011fi ile \u00e7o\u011fu LED \u015feridi, RGBW olanlar dahil, ile \u00e7al\u0131\u015f\u0131r.<\/p>\n\n\n\n<p>The profile comes with three different PC LED light diffusers to choose from, and it has\u00a0end caps for a clean, professional look. You can also get a mounting solution that is simple and quick to put up on the wall.<\/p>\n<\/div>\n\n\n\n<div class=\"wp-block-group has-background is-vertical is-layout-flex wp-container-core-group-is-layout-d255d7c4 wp-block-group-is-layout-flex\" style=\"background-color:#f1f1f1;padding-top:var(--wp--preset--spacing--80);padding-bottom:var(--wp--preset--spacing--80)\">\n<div class=\"wp-block-group is-vertical is-layout-flex wp-container-core-group-is-layout-8cf370e7 wp-block-group-is-layout-flex\">\n<h2 class=\"wp-block-heading\" style=\"padding-top:var(--wp--preset--spacing--40);padding-bottom:var(--wp--preset--spacing--40);font-size:25px;font-style:normal;font-weight:600;text-transform:capitalize\">Neden Dikey Kavisli Yukar\u0131 LED Duvar Profilimizi Se\u00e7melisiniz?<\/h2>\n\n\n\n<ul class=\"wp-block-list\">\n<li>Y\u00fcksek kaliteli 6063-T5 anodize al\u00fcminyum, \u0131s\u0131n\u0131n kolayca tahliye edilmesini sa\u011flar.<\/li>\n\n\n\n<li>Yumu\u015fak ve e\u015fit \u0131\u015f\u0131k sa\u011flayan, sert parlama yapmayan bu\u011fulu dif\u00fcz\u00f6r.<\/li>\n\n\n\n<li>Kolay ve temiz dikey duvar montaj\u0131.<\/li>\n\n\n\n<li>Ambiyans, vurgu ve mimari ayd\u0131nlatma i\u00e7in iyi \u00e7al\u0131\u015f\u0131r.<\/li>\n\n\n\n<li>14 mm geni\u015fli\u011fe kadar \u00e7o\u011fu pop\u00fcler LED \u015feridi ile \u00e7al\u0131\u015f\u0131r.<\/li>\n\n\n\n<li>D\u00fczenli bir g\u00f6r\u00fcn\u00fcm i\u00e7in u\u00e7 kapaklar ve montaj k\u0131ska\u00e7lar\u0131 i\u00e7erir.<\/li>\n<\/ul>\n<\/div>\n<\/div>\n\n\n\n<div class=\"wp-block-group\" style=\"padding-top:var(--wp--preset--spacing--60);padding-bottom:var(--wp--preset--spacing--60)\"><div class=\"wp-block-group__inner-container is-layout-constrained wp-block-group-is-layout-constrained\">\n<div class=\"wp-block-media-text has-media-on-the-right is-stacked-on-mobile\" style=\"grid-template-columns:auto 40%\"><div class=\"wp-block-media-text__content\">\n<h2 class=\"wp-block-heading\" style=\"padding-top:var(--wp--preset--spacing--40);padding-bottom:var(--wp--preset--spacing--40);font-size:25px;font-style:normal;font-weight:600;text-transform:capitalize\">Kullan\u0131m Alanlar\u0131 ve Faydalar\u0131<\/h2>\n\n\n\n<ul class=\"wp-block-list\">\n<li>Otel lobileri, koridorlar ve resepsiyon alanlar\u0131 i\u00e7in dostane bir atmosfer yaratmak.<\/li>\n\n\n\n<li>G\u00fcncel ve \u015f\u0131k g\u00f6r\u00fcnen ma\u011fazalar ve ofisler.<\/li>\n\n\n\n<li>\u0130nsanlar\u0131 s\u0131cak ve kar\u015f\u0131lanm\u0131\u015f hissettiren barlar ve restoranlar.<\/li>\n\n\n\n<li>Yumu\u015fak \u0131\u015f\u0131k ihtiyac\u0131 olan evlerdeki koridorlar, merdivenler ve oturma alanlar\u0131.<\/li>\n<\/ul>\n<\/div><figure class=\"wp-block-media-text__media\"><img loading=\"lazy\" decoding=\"async\" width=\"500\" height=\"500\" src=\"https:\/\/tangooled.com\/wp-content\/uploads\/2025\/07\/wp01-ins.webp\" alt=\"dikey duvar montajl\u0131 kavisli led profili yukar\u0131 ayd\u0131nlatma i\u00e7in\" class=\"wp-image-42065 size-full\" srcset=\"https:\/\/tangooled.com\/wp-content\/uploads\/2025\/07\/wp01-ins.webp 500w, https:\/\/tangooled.com\/wp-content\/uploads\/2025\/07\/wp01-ins-300x300.webp 300w, https:\/\/tangooled.com\/wp-content\/uploads\/2025\/07\/wp01-ins-150x150.webp 150w\" sizes=\"auto, (max-width: 500px) 100vw, 500px\" \/><\/figure><\/div>\n<\/div><\/div>\n\n\n\n<div class=\"wp-block-group has-background is-vertical is-layout-flex wp-container-core-group-is-layout-b429018a wp-block-group-is-layout-flex\" style=\"background-color:#f1f1f1f2;padding-top:var(--wp--preset--spacing--70);padding-bottom:var(--wp--preset--spacing--70)\">\n<h2 class=\"wp-block-heading\" style=\"padding-top:var(--wp--preset--spacing--40);padding-bottom:var(--wp--preset--spacing--40);font-size:25px;font-style:normal;font-weight:600\">Paket \u0130\u00e7eri\u011fi<\/h2>\n\n\n\n<ul class=\"wp-block-list\">\n<li>1 x Dikey kavisli al\u00fcminyum LED profili<\/li>\n\n\n\n<li>1 x Bu\u011fulu polikarbonat dif\u00fcz\u00f6r<\/li>\n\n\n\n<li>2 x Montaj klipsi ile vidalar<\/li>\n\n\n\n<li>2 x U\u00e7 kapak (1 tel deli\u011fi olan, 1 d\u00fcz)<\/li>\n<\/ul>\n<\/div>\n\n\n\n<div class=\"wp-block-group is-vertical is-layout-flex wp-container-core-group-is-layout-d255d7c4 wp-block-group-is-layout-flex\" style=\"padding-top:var(--wp--preset--spacing--80);padding-bottom:var(--wp--preset--spacing--80)\">\n<h2 class=\"wp-block-heading\" style=\"padding-top:var(--wp--preset--spacing--40);padding-bottom:var(--wp--preset--spacing--40);font-size:25px;font-style:normal;font-weight:600;text-transform:capitalize\">bu ilgili \u00fcr\u00fcnleri de sevebilirsiniz<\/h2>\n\n\n\n<ul class=\"wp-block-list\">\n<li><a href=\"https:\/\/tangooled.com\/tr\/urun\/black-led-profile-with-black-diffuser-for-10mm-led-strip-light\/\"><mark style=\"background-color:rgba(0, 0, 0, 0)\" class=\"has-inline-color has-vivid-red-color\">10mm LED \u015ferit \u0131\u015f\u0131\u011f\u0131 i\u00e7in siyah dif\u00fcz\u00f6rl\u00fc siyah LED profili<\/mark><\/a><\/li>\n\n\n\n<li><a href=\"https:\/\/tangooled.com\/tr\/urun\/surface-mount-led-profile-with-frosted-diffuser-for-10mm-rope-lights\/\"><mark style=\"background-color:rgba(0, 0, 0, 0)\" class=\"has-inline-color has-vivid-red-color\">10 mm kablo \u0131\u015f\u0131klar\u0131 i\u00e7in frosted dif\u00fcz\u00f6rl\u00fc y\u00fczey montaj LED profili<\/mark><\/a><\/li>\n\n\n\n<li><a href=\"https:\/\/tangooled.com\/tr\/urun\/25x14m-surface-mounted-led-light-aluminum-profile\/\"><mark style=\"background-color:rgba(0, 0, 0, 0)\" class=\"has-inline-color has-vivid-red-color\">25x14m y\u00fczeye montelenmi\u015f LED \u0131\u015f\u0131k al\u00fcminyum profili<\/mark><\/a><\/li>\n\n\n\n<li><a href=\"https:\/\/tangooled.com\/tr\/urun\/led-strip-light-channel-aluminum-profile-with-diffused-cover-6mm-height\/\"><mark style=\"background-color:rgba(0, 0, 0, 0)\" class=\"has-inline-color has-vivid-red-color\">Dif\u00fcz\u00f6r kapakl\u0131 6mm y\u00fckseklikteki LED \u015ferit \u0131\u015f\u0131k kanal\u0131 al\u00fcminyum profil<\/mark><\/a><\/li>\n\n\n\n<li><a href=\"https:\/\/tangooled.com\/tr\/urun\/black-aluminum-u-channel-profile-for-10mm-led-strips\/\"><mark style=\"background-color:rgba(0, 0, 0, 0)\" class=\"has-inline-color has-vivid-red-color\">10mm LED \u015feritler i\u00e7in siyah al\u00fcminyum U kanal\u0131 profili<\/mark><\/a><\/li>\n<\/ul>\n<\/div>\n\n\n\n<div class=\"wp-block-group has-background is-vertical is-layout-flex wp-container-core-group-is-layout-b429018a wp-block-group-is-layout-flex\" style=\"background-color:#f1f1f1f2;padding-top:var(--wp--preset--spacing--70);padding-bottom:var(--wp--preset--spacing--70)\">\n<h2 class=\"wp-block-heading\" style=\"padding-top:var(--wp--preset--spacing--40);padding-bottom:var(--wp--preset--spacing--40);font-size:25px;font-style:normal;font-weight:600\">Neden Dikey Kavisli Yukar\u0131 LED Duvar Profilimizi Se\u00e7melisiniz?<\/h2>\n\n\n\n<p style=\"padding-right:var(--wp--preset--spacing--50);padding-left:var(--wp--preset--spacing--50)\">Our profile is the best mix of durability, style, and adaptability. It makes it easy to add modern, stylish uplighting on interior\u00a0walls.\u00a0 The frosted diffuser and high-quality aluminum make the light look smooth and even.Plus, it\u2019s easy to fit, maintain, and customize with a range of finishes and accessories.<\/p>\n<\/div>\n\n\n\n<p><\/p>","protected":false},"featured_media":13469,"template":"","meta":{"_acf_changed":true,"_seopress_robots_primary_cat":"none","_seopress_titles_title":"Vertical Curved Upward LED Wall Profile | WP01 Ambient Light Channel | TANGOOLED","_seopress_titles_desc":"The WP01 is a premium vertical curved upward led wall profile designed for soft, indirect lighting. Its sleek aluminum design mounts vertically to create a beautiful upward glow on wall surfaces.","_seopress_robots_index":""},"pcb-width":[228],"product-cat":[195],"class_list":{"0":"post-35400","1":"product","2":"type-product","3":"status-publish","4":"has-post-thumbnail","6":"pcb-width-6-12mm","7":"product-cat-wall-mout-profile"},"acf":[],"_links":{"self":[{"href":"https:\/\/tangooled.com\/tr\/wp-json\/wp\/v2\/product\/35400","targetHints":{"allow":["GET"]}}],"collection":[{"href":"https:\/\/tangooled.com\/tr\/wp-json\/wp\/v2\/product"}],"about":[{"href":"https:\/\/tangooled.com\/tr\/wp-json\/wp\/v2\/types\/product"}],"wp:featuredmedia":[{"embeddable":true,"href":"https:\/\/tangooled.com\/tr\/wp-json\/wp\/v2\/media\/13469"}],"wp:attachment":[{"href":"https:\/\/tangooled.com\/tr\/wp-json\/wp\/v2\/media?parent=35400"}],"wp:term":[{"taxonomy":"pcb-width","embeddable":true,"href":"https:\/\/tangooled.com\/tr\/wp-json\/wp\/v2\/pcb-width?post=35400"},{"taxonomy":"product-cat","embeddable":true,"href":"https:\/\/tangooled.com\/tr\/wp-json\/wp\/v2\/product-cat?post=35400"}],"curies":[{"name":"wp","href":"https:\/\/api.w.org\/{rel}","templated":true}]}}