{"id":35304,"date":"2025-07-03T02:36:36","date_gmt":"2025-07-03T10:36:36","guid":{"rendered":"https:\/\/tangooled.com\/?post_type=product&#038;p=35304"},"modified":"2026-02-01T22:05:20","modified_gmt":"2026-02-02T06:05:20","slug":"slim-plaster-in-led-ceiling-profile-for-8mm-led-strip","status":"publish","type":"product","link":"https:\/\/tangooled.com\/tr\/urun\/slim-plaster-in-led-ceiling-profile-for-8mm-led-strip\/","title":{"rendered":"8 mm led \u015feridi i\u00e7in ince al\u00e7\u0131 tavanda profil"},"content":{"rendered":"<div class=\"wp-block-group is-vertical is-layout-flex wp-container-core-group-is-layout-d255d7c4 wp-block-group-is-layout-flex\" style=\"padding-top:var(--wp--preset--spacing--80);padding-bottom:var(--wp--preset--spacing--80)\">\n<p>Bizim 8 mm \u015ferit led al\u00e7\u0131 tavan profili&nbsp;DWP01&nbsp;size p\u00fcr\u00fczs\u00fcz, modern bir ayd\u0131nlatma g\u00f6r\u00fcn\u00fcm\u00fc sunar. Bu ince al\u00fcminyum kanal, sadece al\u00e7\u0131pan ve al\u00e7\u0131 uygulamalar\u0131 i\u00e7in yap\u0131lm\u0131\u015ft\u0131r. Ayd\u0131nlat\u0131c\u0131y\u0131 tamamen gizler, temiz, kenars\u0131z bir g\u00f6r\u00fcn\u00fcm verir. Kanal, 32.4 mm geni\u015fli\u011finde ve 13 mm derinli\u011findedir. B\u00fcy\u00fck montaj flan\u015f\u0131, al\u00e7\u0131n\u0131n alt\u0131nda g\u00fcvenli bir \u015fekilde takmas\u0131n\u0131 kolayla\u015ft\u0131r\u0131r. Bu profil, her alanda nazik, gizli lineer ayd\u0131nlatma yapman\u0131z i\u00e7in m\u00fckemmeldir. 8 mm \u015ferit kullan\u0131m\u0131 i\u00e7in led al\u00e7\u0131 tavan profili ihtiya\u00e7lar\u0131n\u0131z\u0131 kar\u015f\u0131lar.<\/p>\n<\/div>\n\n\n\n<div class=\"wp-block-group has-background is-vertical is-layout-flex wp-container-core-group-is-layout-d255d7c4 wp-block-group-is-layout-flex\" style=\"background-color:#f1f1f1;padding-top:var(--wp--preset--spacing--80);padding-bottom:var(--wp--preset--spacing--80)\">\n<div class=\"wp-block-group is-vertical is-layout-flex wp-container-core-group-is-layout-8cf370e7 wp-block-group-is-layout-flex\">\n<h2 class=\"wp-block-heading\" style=\"padding-top:var(--wp--preset--spacing--40);padding-bottom:var(--wp--preset--spacing--40);font-size:25px;font-style:normal;font-weight:600;text-transform:capitalize\">Neden 8 mm \u015ferit kullan\u0131ml\u0131 led al\u00e7\u0131 tavan profilini se\u00e7melisiniz?<\/h2>\n\n\n\n<ul class=\"wp-block-list\">\n<li>Kenarlar veya trim yok: Al\u00e7\u0131 i\u00e7inde tasar\u0131m, kurulum s\u0131ras\u0131nda profili gizler. I\u015f\u0131\u011f\u0131n\u0131z\u0131n, bir ayd\u0131nlat\u0131c\u0131dan de\u011fil, tavandan geldi\u011fi gibi g\u00f6r\u00fcn\u00fcr.<\/li>\n\n\n\n<li>8 mm LED \u015eerit i\u00e7in Do\u011fru Boyut: Bu profil, 8 mm geni\u015fli\u011finde olan led \u015feritler i\u00e7in \u00f6zel olarak yap\u0131lm\u0131\u015f ve \u0131\u015f\u0131klar\u0131n serin ve g\u00fcvenli kalmas\u0131n\u0131 sa\u011flar.<\/li>\n\n\n\n<li>P\u00fcr\u00fczs\u00fcz I\u015f\u0131k Da\u011f\u0131l\u0131m\u0131: Beraberinde gelen opal buzlu dif\u00fcz\u00f6r, \u0131\u015f\u0131\u011f\u0131 e\u015fit ve yumu\u015fak bir \u015fekilde, noktalar olmadan yayar.<\/li>\n\n\n\n<li>Sa\u011flam ve dayan\u0131kl\u0131: Y\u00fcksek kaliteli anodize al\u00fcminyum (6063-T5) ile \u00fcretilmi\u015ftir, bu da led \u015feridi serin tutmaya yard\u0131mc\u0131 olur. Bu, led'lerin daha uzun s\u00fcre dayanmas\u0131n\u0131 ve daha parlak parlamas\u0131n\u0131 sa\u011flar.<\/li>\n\n\n\n<li>Kurulumu basit: Al\u00e7\u0131pan i\u00e7indeki slotlara oturur; al\u00e7\u0131, kanatlar\u0131n i\u00e7indeki delikleri kapat\u0131r ve d\u00fczg\u00fcn bir y\u00fczey sa\u011flar.<\/li>\n<\/ul>\n<\/div>\n<\/div>\n\n\n\n<div class=\"wp-block-group is-vertical is-layout-flex wp-container-core-group-is-layout-d255d7c4 wp-block-group-is-layout-flex\" style=\"padding-top:var(--wp--preset--spacing--80);padding-bottom:var(--wp--preset--spacing--80)\">\n<hr class=\"wp-block-separator has-alpha-channel-opacity\"\/>\n\n\n\n<div class=\"wp-block-media-text has-media-on-the-right is-stacked-on-mobile\" style=\"grid-template-columns:auto 40%\"><div class=\"wp-block-media-text__content\">\n<h2 class=\"wp-block-heading\" style=\"padding-top:var(--wp--preset--spacing--40);padding-bottom:var(--wp--preset--spacing--40);font-size:25px;font-style:normal;font-weight:600;text-transform:capitalize\">Bu 8 mm LED \u015ferit al\u00e7\u0131 tavan profilini nas\u0131l kullan\u0131rs\u0131n\u0131z?<\/h2>\n\n\n\n<ul class=\"wp-block-list\">\n<li>Al\u00e7\u0131panel veya al\u00e7\u0131boardda temiz bir kesim yap\u0131n.<\/li>\n\n\n\n<li>Profili yerle\u015ftirmek i\u00e7in vidalar\u0131 kullan\u0131n.<br>\u2022Use LED plaster ceiling profile light tape to connect your 8mm strip inside the channel.<\/li>\n\n\n\n<li>Klipli dif\u00fcz\u00f6r\u00fc tak\u0131n.<\/li>\n\n\n\n<li>Deliklerin bulundu\u011fu flan\u015flar\u0131n \u00fczerine al\u00e7\u0131 koyun.<\/li>\n\n\n\n<li>\u0130stenirse y\u00fczeyi boyay\u0131n.<\/li>\n<\/ul>\n<\/div><figure class=\"wp-block-media-text__media\"><img loading=\"lazy\" decoding=\"async\" width=\"500\" height=\"500\" src=\"https:\/\/tangooled.com\/wp-content\/uploads\/2025\/07\/dwp01-ins.webp\" alt=\"8 mm led \u015feridi i\u00e7in ince al\u00e7\u0131 tavanda profil\" class=\"wp-image-42766 size-full\" srcset=\"https:\/\/tangooled.com\/wp-content\/uploads\/2025\/07\/dwp01-ins.webp 500w, https:\/\/tangooled.com\/wp-content\/uploads\/2025\/07\/dwp01-ins-300x300.webp 300w, https:\/\/tangooled.com\/wp-content\/uploads\/2025\/07\/dwp01-ins-150x150.webp 150w\" sizes=\"auto, (max-width: 500px) 100vw, 500px\" \/><\/figure><\/div>\n<\/div>\n\n\n\n<div class=\"wp-block-group has-background is-vertical is-layout-flex wp-container-core-group-is-layout-b429018a wp-block-group-is-layout-flex\" style=\"background-color:#f1f1f1f2;padding-top:var(--wp--preset--spacing--70);padding-bottom:var(--wp--preset--spacing--70)\">\n<h2 class=\"wp-block-heading\" style=\"padding-top:var(--wp--preset--spacing--40);padding-bottom:var(--wp--preset--spacing--40);font-size:25px;font-style:normal;font-weight:600\">Nerede Kullan\u0131l\u0131r: Kullan\u0131m Senaryolar\u0131<\/h2>\n\n\n\n<p>8 mm \u015ferit kullan\u0131ml\u0131 led al\u00e7\u0131 tavan profili bir\u00e7ok farkl\u0131 yerde kullan\u0131labilir:<\/p>\n\n\n\n<ul class=\"wp-block-list\">\n<li>Evlerde huzurlu, ambiyans ayd\u0131nlatmalar\u0131 i\u00e7in oturma odalar\u0131.<\/li>\n\n\n\n<li>Nazik\u00e7e duvarlar\u0131 y\u0131kamak i\u00e7in koridorlar ve merdivenler.<\/li>\n\n\n\n<li>Ticari Alanlar: Otel lobileri ve koridorlar i\u00e7in \u015f\u0131k dokunu\u015flar.<\/li>\n\n\n\n<li>Mevcut d\u00fcnyada iyi g\u00f6r\u00fcnen ofisler ve toplant\u0131 odalar\u0131.<\/li>\n\n\n\n<li>Haval\u0131 atmosfer ayd\u0131nlatmas\u0131 ile restoranlar ve kafeler.<\/li>\n<\/ul>\n<\/div>\n\n\n\n<div class=\"wp-block-group is-vertical is-layout-flex wp-container-core-group-is-layout-d255d7c4 wp-block-group-is-layout-flex\" style=\"padding-top:var(--wp--preset--spacing--80);padding-bottom:var(--wp--preset--spacing--80)\">\n<h2 class=\"wp-block-heading\" style=\"padding-top:var(--wp--preset--spacing--40);padding-bottom:var(--wp--preset--spacing--40);font-size:25px;font-style:normal;font-weight:600;text-transform:capitalize\">\u0130lgili \u00dcr\u00fcnler<\/h2>\n\n\n\n<p>Kurulumunuza tamamlay\u0131c\u0131 bu ilgili LED profilleri ke\u015ffedin:<\/p>\n\n\n\n<ul class=\"wp-block-list\">\n<li><a href=\"https:\/\/tangooled.com\/tr\/urun\/10mm-led-profile-aluminum-channel-for-8mm-led-tape-lights\/\"><mark style=\"background-color:rgba(0, 0, 0, 0)\" class=\"has-inline-color has-vivid-red-color\">10 mm LED profili 8 mm \u015ferit \u0131\u015f\u0131klar i\u00e7in<\/mark><\/a>: Benzer kurulum kolayl\u0131\u011f\u0131 ile biraz daha geni\u015f led \u015feritler i\u00e7in.<\/li>\n\n\n\n<li><a href=\"https:\/\/tangooled.com\/tr\/urun\/curved-diffuser-flexible-led-strip-light-channel-for-8mm-led-strips\/\"><mark style=\"background-color:rgba(0, 0, 0, 0)\" class=\"has-inline-color has-vivid-red-color\">8 mm LED \u015eeritler i\u00e7in Kavisli Dif\u00fcz\u00f6r LED I\u015f\u0131k Kanal\u0131<\/mark><\/a>: I\u015f\u0131\u011f\u0131n\u0131z\u0131 k\u00f6\u015felerde p\u00fcr\u00fczs\u00fcz bir \u015fekilde \u015fekillendirin.<\/li>\n\n\n\n<li><a href=\"https:\/\/tangooled.com\/tr\/urun\/low-lighting-slim-in-wall-aluminum-led-channel-for-8mm-led-strip\/\"><mark style=\"background-color:rgba(0, 0, 0, 0)\" class=\"has-inline-color has-vivid-red-color\">8 mm LED \u015eerit i\u00e7in Duvarda \u0130nce Al\u00fcminyum LED Kanal\u0131<\/mark><\/a>: Duvar vurgular\u0131 ve basamak ayd\u0131nlatmas\u0131 i\u00e7in m\u00fckemmel.<\/li>\n\n\n\n<li><a href=\"https:\/\/tangooled.com\/tr\/urun\/led-strip-light-channel-aluminum-profile-with-diffused-cover-6mm-height\/\"><mark style=\"background-color:rgba(0, 0, 0, 0)\" class=\"has-inline-color has-vivid-red-color\">Dif\u00fcz\u00f6r Kapakl\u0131 6mm Y\u00fckseklikteki LED \u015eerit I\u015f\u0131k Kanal\u0131 Al\u00fcminyum Profili<\/mark><\/a>: \u00c7ok d\u00fc\u015f\u00fck profilli ayd\u0131nlatma ihtiya\u00e7lar\u0131 i\u00e7in.<\/li>\n<\/ul>\n<\/div>\n\n\n\n<div class=\"wp-block-group is-vertical is-layout-flex wp-container-core-group-is-layout-d255d7c4 wp-block-group-is-layout-flex\" style=\"padding-top:var(--wp--preset--spacing--80);padding-bottom:var(--wp--preset--spacing--80)\">\n<p>8 mm LED \u015feritleriniz i\u00e7in tasarlanm\u0131\u015f m\u00fckemmel ince, al\u00e7\u0131 i\u00e7inde LED kanal\u0131 ile alan\u0131n\u0131z\u0131 ayd\u0131nlat\u0131n. G\u00f6r\u00fcnmez bir biti\u015f ile temiz, modern ayd\u0131nlatma olu\u015fturun. Al\u00e7\u0131pan ve al\u00e7\u0131 tavan projelerinize uygun, zahmetsiz bir y\u00fckseltme i\u00e7in \u015fimdi sipari\u015f verin!<\/p>\n<\/div>\n\n\n\n<p><\/p>","protected":false},"featured_media":13703,"template":"","meta":{"_acf_changed":true,"_seopress_robots_primary_cat":"none","_seopress_titles_title":"8mm Slim Plaster-in LED Ceiling Profile | Trimless Channel DWP01","_seopress_titles_desc":"The DWP01 is an ultra-slim plaster-in led ceiling profile optimized for 8mm strips. Achieve a seamless trimless finish on drywalls and ceilings with this professional aluminum channel.","_seopress_robots_index":""},"pcb-width":[228],"product-cat":[197],"class_list":{"0":"post-35304","1":"product","2":"type-product","3":"status-publish","4":"has-post-thumbnail","6":"pcb-width-6-12mm","7":"product-cat-plaster-in-profile"},"acf":[],"_links":{"self":[{"href":"https:\/\/tangooled.com\/tr\/wp-json\/wp\/v2\/product\/35304","targetHints":{"allow":["GET"]}}],"collection":[{"href":"https:\/\/tangooled.com\/tr\/wp-json\/wp\/v2\/product"}],"about":[{"href":"https:\/\/tangooled.com\/tr\/wp-json\/wp\/v2\/types\/product"}],"wp:featuredmedia":[{"embeddable":true,"href":"https:\/\/tangooled.com\/tr\/wp-json\/wp\/v2\/media\/13703"}],"wp:attachment":[{"href":"https:\/\/tangooled.com\/tr\/wp-json\/wp\/v2\/media?parent=35304"}],"wp:term":[{"taxonomy":"pcb-width","embeddable":true,"href":"https:\/\/tangooled.com\/tr\/wp-json\/wp\/v2\/pcb-width?post=35304"},{"taxonomy":"product-cat","embeddable":true,"href":"https:\/\/tangooled.com\/tr\/wp-json\/wp\/v2\/product-cat?post=35304"}],"curies":[{"name":"wp","href":"https:\/\/api.w.org\/{rel}","templated":true}]}}