{"id":35274,"date":"2025-07-03T02:11:20","date_gmt":"2025-07-03T10:11:20","guid":{"rendered":"https:\/\/tangooled.com\/?post_type=product&#038;p=35274"},"modified":"2026-02-02T02:03:50","modified_gmt":"2026-02-02T10:03:50","slug":"35x35mm-circular-ring-lights-led-aluminum-profile-for-hanging","status":"publish","type":"product","link":"https:\/\/tangooled.com\/tr\/urun\/35x35mm-circular-ring-lights-led-aluminum-profile-for-hanging\/","title":{"rendered":"35x35mm Yuvarlak Ring I\u015f\u0131klar LED al\u00fcminyum profili asma i\u00e7in"},"content":{"rendered":"<div class=\"wp-block-group is-vertical is-layout-flex wp-container-core-group-is-layout-d255d7c4 wp-block-group-is-layout-flex\" style=\"padding-top:var(--wp--preset--spacing--80);padding-bottom:var(--wp--preset--spacing--80)\">\n<p>G\u00fczel 35x35mm dairesel halka LED profilimiz ortam\u0131n\u0131z\u0131 ayd\u0131nlatacak. Al\u00fcminyum profil, \u015f\u0131k, \u00f6zel boyutland\u0131r\u0131lm\u0131\u015f dairesel halka \u0131\u015f\u0131k olarak asmak i\u00e7in kullan\u0131labilir. Bu halan\u0131n \u00e7ap\u0131, alan\u0131n\u0131za uygun olarak 600mm ile 3000mm aras\u0131nda \u00f6zelle\u015ftirilebilir. Dayan\u0131kl\u0131 al\u00fcminyumdan yap\u0131ld\u0131\u011f\u0131 i\u00e7in, i\u015f yerlerine, otellere, ma\u011fazalara ve evlere g\u00fczel, e\u015fit bir \u0131\u015f\u0131k sunar. Ayr\u0131ca, klasik siyah, temiz beyaz veya \u015f\u0131k g\u00fcm\u00fc\u015f renklerinden birini se\u00e7erek g\u00f6r\u00fcn\u00fcm\u00fcn\u00fc daha da iyile\u015ftirebilirsiniz. \u00d6zel renk kaplamalar\u0131 da sunuyoruz, b\u00f6ylece evinizin i\u00e7 mekan\u0131ndaki g\u00f6rsel tasar\u0131m\u0131n\u0131za uygun olmas\u0131n\u0131 sa\u011fl\u0131yoruz.<\/p>\n<\/div>\n\n\n\n<div class=\"wp-block-group has-background is-vertical is-layout-flex wp-container-core-group-is-layout-d255d7c4 wp-block-group-is-layout-flex\" style=\"background-color:#f1f1f1;padding-top:var(--wp--preset--spacing--80);padding-bottom:var(--wp--preset--spacing--80)\">\n<div class=\"wp-block-group is-vertical is-layout-flex wp-container-core-group-is-layout-8cf370e7 wp-block-group-is-layout-flex\">\n<h2 class=\"wp-block-heading\" style=\"padding-top:var(--wp--preset--spacing--40);padding-bottom:var(--wp--preset--spacing--40);font-size:25px;font-style:normal;font-weight:600;text-transform:capitalize\">Neden Bu 35x35mm Dairesel Halka LED Profilini Se\u00e7melisiniz?<\/h2>\n\n\n\n<ul class=\"wp-block-list\">\n<li>35x35mm dairesel halka LED profili, modern ayd\u0131nlatma ile iyi \u00e7al\u0131\u015fan sa\u011flam ve \u00e7ekici bir al\u00fcminyum ekstr\u00fczyondur.<\/li>\n\n\n\n<li>Dairesel \u015fekli, onu harika bir mimari halka lamba veya halo pendant lamba yapar. <\/li>\n\n\n\n<li>Frosted dif\u00fcz\u00f6r, \u0131\u015f\u0131\u011f\u0131n yumu\u015fak ve noktas\u0131z olmas\u0131n\u0131 sa\u011flar, parlamay\u0131 \u00f6nler. <\/li>\n\n\n\n<li>Asma pendant montaj\u0131, tel ask\u0131 kiti ile olduk\u00e7a basittir.<\/li>\n\n\n\n<li>Modern bir \u015fekilde ayd\u0131nlatma asmak i\u00e7in evlerde, ofislerde, otellerde ve ma\u011fazalarda \u00e7al\u0131\u015f\u0131r.<\/li>\n<\/ul>\n<\/div>\n<\/div>\n\n\n\n<div class=\"wp-block-group\" style=\"padding-top:var(--wp--preset--spacing--80);padding-bottom:var(--wp--preset--spacing--80)\"><div class=\"wp-block-group__inner-container is-layout-constrained wp-block-group-is-layout-constrained\">\n<h2 class=\"wp-block-heading\" style=\"font-size:25px;font-style:normal;font-weight:600;text-transform:capitalize\">Bu Uygulamalar \u0130\u00e7in M\u00fckemmeldir<\/h2>\n\n\n\n<ul class=\"wp-block-list\">\n<li>Toplant\u0131 odalar\u0131 ve ticari ofisler\u00a0<\/li>\n\n\n\n<li>Otel lobileri ve atriyumlar<\/li>\n\n\n\n<li>Perakende sergi salonlar\u0131 ve butikler\u00a0<\/li>\n\n\n\n<li>Evlerde ya\u015fam ve yemek alanlar\u0131<\/li>\n\n\n\n<li>Sanat st\u00fcdyolar\u0131 ve yarat\u0131c\u0131 \u00e7al\u0131\u015fma alanlar\u0131<\/li>\n<\/ul>\n<\/div><\/div>\n\n\n\n<div class=\"wp-block-group has-background is-vertical is-layout-flex wp-container-core-group-is-layout-b429018a wp-block-group-is-layout-flex\" style=\"background-color:#f1f1f1f2;padding-top:var(--wp--preset--spacing--70);padding-bottom:var(--wp--preset--spacing--70)\">\n<h2 class=\"wp-block-heading\" style=\"padding-top:var(--wp--preset--spacing--40);padding-right:0;padding-bottom:var(--wp--preset--spacing--40);padding-left:0;font-size:25px;font-style:normal;font-weight:600\">Bu LED \u015ferit \u0131\u015f\u0131klar\u0131yla \u00e7al\u0131\u015f\u0131r<\/h2>\n\n\n\n<ul class=\"wp-block-list\">\n<li>LED strips with a high CRI (Ra > 90) for accurate colors.<\/li>\n\n\n\n<li>Tek renkte beyaz LED \u015feritler (3000K, 4000K veya 6000K).<\/li>\n\n\n\n<li>Renkleri RGB'den RGBW'ye de\u011fi\u015ftiren \u015feritler.<\/li>\n\n\n\n<li>Profili kanalda s\u0131k\u0131 oturan, geni\u015fli\u011fi 20mm'ye kadar olan \u015feritler.<\/li>\n<\/ul>\n<\/div>\n\n\n\n<div class=\"wp-block-group\" style=\"padding-top:var(--wp--preset--spacing--80);padding-bottom:var(--wp--preset--spacing--80)\"><div class=\"wp-block-group__inner-container is-layout-constrained wp-block-group-is-layout-constrained\">\n<h2 class=\"wp-block-heading\" style=\"padding-top:var(--wp--preset--spacing--40);padding-bottom:var(--wp--preset--spacing--40);font-size:25px;font-style:normal;font-weight:600;text-transform:capitalize\">\u00d6zet<\/h2>\n\n\n\n<p>35x35mm dairesel halka LED asma profili ekstr\u00fcde al\u00fcminyumdan yap\u0131lm\u0131\u015ft\u0131r. Frosted dif\u00fcz\u00f6r, \u0131\u015f\u0131\u011f\u0131 a\u015f\u0131r\u0131 parlak hale getirmeden e\u015fit \u015fekilde yayar. Bu profil, pendant lambalar, mimari halka \u0131\u015f\u0131klar\u0131 ve \u00f6ne \u00e7\u0131kan dairesel seri LED profilleri i\u00e7in m\u00fckemmel bir \u015fekilde tasarlanm\u0131\u015ft\u0131r. \u00c7ok say\u0131da renkte gelir, k\u0131s\u0131labilir ve herhangi bir boyuta uyacak \u015fekilde de\u011fi\u015ftirilebilir, b\u00f6ylece evlerde, ma\u011fazalarda, otellerde ve i\u015f yerlerinde iyi \u00e7al\u0131\u015f\u0131r.<\/p>\n<\/div><\/div>\n\n\n\n<p><\/p>","protected":false},"featured_media":20009,"template":"","meta":{"_acf_changed":true,"_seopress_robots_primary_cat":"none","_seopress_titles_title":"35x35mm Circular Ring LED Profile | Curved Aluminum Channel C3535","_seopress_titles_desc":"The C3535 is a premium 35x35mm circular ring led profile for bespoke curved lighting. Create elegant suspended ring lights and geometric halo fixtures with ease.","_seopress_robots_index":""},"pcb-width":[230],"product-cat":[202],"class_list":{"0":"post-35274","1":"product","2":"type-product","3":"status-publish","4":"has-post-thumbnail","6":"pcb-width-20-25mm","7":"product-cat-circular-profile"},"acf":[],"_links":{"self":[{"href":"https:\/\/tangooled.com\/tr\/wp-json\/wp\/v2\/product\/35274","targetHints":{"allow":["GET"]}}],"collection":[{"href":"https:\/\/tangooled.com\/tr\/wp-json\/wp\/v2\/product"}],"about":[{"href":"https:\/\/tangooled.com\/tr\/wp-json\/wp\/v2\/types\/product"}],"wp:featuredmedia":[{"embeddable":true,"href":"https:\/\/tangooled.com\/tr\/wp-json\/wp\/v2\/media\/20009"}],"wp:attachment":[{"href":"https:\/\/tangooled.com\/tr\/wp-json\/wp\/v2\/media?parent=35274"}],"wp:term":[{"taxonomy":"pcb-width","embeddable":true,"href":"https:\/\/tangooled.com\/tr\/wp-json\/wp\/v2\/pcb-width?post=35274"},{"taxonomy":"product-cat","embeddable":true,"href":"https:\/\/tangooled.com\/tr\/wp-json\/wp\/v2\/product-cat?post=35274"}],"curies":[{"name":"wp","href":"https:\/\/api.w.org\/{rel}","templated":true}]}}