{"id":35252,"date":"2025-07-03T01:29:32","date_gmt":"2025-07-03T09:29:32","guid":{"rendered":"https:\/\/tangooled.com\/?post_type=product&#038;p=35252"},"modified":"2026-02-02T02:14:09","modified_gmt":"2026-02-02T10:14:09","slug":"20mm-round-led-profile-light-aluminum-channel-for-12mm-strip-light","status":"publish","type":"product","link":"https:\/\/tangooled.com\/tr\/urun\/20mm-round-led-profile-light-aluminum-channel-for-12mm-strip-light\/","title":{"rendered":"12mm \u015ferit \u0131\u015f\u0131k i\u00e7in 20mm yuvarlak LED profil al\u00fcminyum kanal\u0131"},"content":{"rendered":"<div class=\"wp-block-group is-vertical is-layout-flex wp-container-core-group-is-layout-d255d7c4 wp-block-group-is-layout-flex\" style=\"padding-top:var(--wp--preset--spacing--80);padding-bottom:var(--wp--preset--spacing--80)\">\n<p>The 20mm Round LED Profile we sell is made to work with LED strips that are up to 12mm wide. This profile has a sleek outer diameter of 20.8 mm, which makes it more of a design element than just a functional channel. The channel&#8217;s inside width is 12.2mm, which is perfect for 12mm LED light strips.The strong aluminum profile keeps your LED strip safe and cool, while the included diffuser makes the light smooth and dotless.<\/p>\n\n\n\n<p>It&#8217;s easy and flexible to put together. The application diagram shows that the profile may be hung from a wire, which makes it a great alternative for modern interiors and high ceilings.<\/p>\n\n\n\n<p>Bu g\u00fc\u00e7l\u00fc, yuvarlak al\u00fcminyum kanal hem profesyonel hem de kendi ba\u015f\u0131na yap\u0131m projeleri i\u00e7in kullan\u0131labilir. E\u015fit ve s\u00fcrekli bir \u0131\u015f\u0131k yayd\u0131\u011f\u0131 i\u00e7in evlerde, ofislerde ve i\u015f yerlerinde dekoratif ve ortam ayd\u0131nlatmas\u0131 i\u00e7in m\u00fckemmeldir.<\/p>\n<\/div>\n\n\n\n<div class=\"wp-block-group has-background is-vertical is-layout-flex wp-container-core-group-is-layout-d255d7c4 wp-block-group-is-layout-flex\" style=\"background-color:#f1f1f1;padding-top:var(--wp--preset--spacing--80);padding-bottom:var(--wp--preset--spacing--80)\">\n<div class=\"wp-block-group is-vertical is-layout-flex wp-container-core-group-is-layout-8cf370e7 wp-block-group-is-layout-flex\">\n<h2 class=\"wp-block-heading\" style=\"padding-top:var(--wp--preset--spacing--40);padding-bottom:var(--wp--preset--spacing--40);font-size:25px;font-style:normal;font-weight:600;text-transform:capitalize\">Neden bu 20mm Yuvarlak LED Profilini se\u00e7melisiniz?<\/h2>\n\n\n\n<ul class=\"wp-block-list\">\n<li>Uzun \u00f6m\u00fcrl\u00fc ve \u0131s\u0131y\u0131 iyi yayabilen anodize al\u00fcminyum 6063-T5'ten yap\u0131lm\u0131\u015ft\u0131r.\u00a0<\/li>\n\n\n\n<li>5050, 2835 ve RGB \u015feritleri gibi t\u00fcm standart 12mm LED \u015ferit \u0131\u015f\u0131klar\u0131yla uyumludur. <\/li>\n\n\n\n<li>I\u015f\u0131\u011f\u0131 e\u015fit \u015fekilde da\u011f\u0131tan, lekesiz bir dif\u00fcz\u00f6r ile gelir.<\/li>\n\n\n\n<li>Tel kitleri ile kolayca kurulur.<\/li>\n\n\n\n<li>LED \u015feritlerinizi kir, toz ve hasardan korur.<\/li>\n<\/ul>\n<\/div>\n<\/div>\n\n\n\n<div class=\"wp-block-group\" style=\"padding-top:var(--wp--preset--spacing--60);padding-bottom:var(--wp--preset--spacing--60)\"><div class=\"wp-block-group__inner-container is-layout-constrained wp-block-group-is-layout-constrained\">\n<div class=\"wp-block-media-text has-media-on-the-right is-stacked-on-mobile\" style=\"grid-template-columns:auto 40%\"><div class=\"wp-block-media-text__content\">\n<h2 class=\"wp-block-heading\" style=\"padding-top:var(--wp--preset--spacing--40);padding-bottom:var(--wp--preset--spacing--40);font-size:25px;font-style:normal;font-weight:600;text-transform:capitalize\">Bunu nas\u0131l kurar\u0131m?<\/h2>\n\n\n\n<ul class=\"wp-block-list\">\n<li>Al\u00fcminyum kanal\u0131 ve dif\u00fcz\u00f6r\u00fc uygun bir uzunlukta kesin.<\/li>\n\n\n\n<li>12mm LED \u015eeridi kanala yerle\u015ftirin.<\/li>\n\n\n\n<li>Asma kablolar\u0131 kanal\u0131n arka k\u0131sm\u0131ndaki yere tak\u0131n.<\/li>\n\n\n\n<li>Dif\u00fcz\u00f6r\u00fc yerine oturtun ve her iki uca u\u00e7 kapaklar\u0131n\u0131 tak\u0131n.<\/li>\n\n\n\n<li>Bu al\u00fcminyum kanal \u0131\u015f\u0131\u011f\u0131n\u0131 gerekli yere as\u0131n.<\/li>\n<\/ul>\n<\/div><figure class=\"wp-block-media-text__media\"><img loading=\"lazy\" decoding=\"async\" width=\"500\" height=\"500\" src=\"https:\/\/tangooled.com\/wp-content\/uploads\/2025\/07\/ar01-ins.webp\" alt=\"20mm round led profile light aluminum channel for 12mm led strip\" class=\"wp-image-42267 size-full\" srcset=\"https:\/\/tangooled.com\/wp-content\/uploads\/2025\/07\/ar01-ins.webp 500w, https:\/\/tangooled.com\/wp-content\/uploads\/2025\/07\/ar01-ins-300x300.webp 300w, https:\/\/tangooled.com\/wp-content\/uploads\/2025\/07\/ar01-ins-150x150.webp 150w\" sizes=\"auto, (max-width: 500px) 100vw, 500px\" \/><\/figure><\/div>\n<\/div><\/div>\n\n\n\n<div class=\"wp-block-group has-background is-vertical is-layout-flex wp-container-core-group-is-layout-b429018a wp-block-group-is-layout-flex\" style=\"background-color:#f1f1f1f2;padding-top:var(--wp--preset--spacing--70);padding-bottom:var(--wp--preset--spacing--70)\">\n<h2 class=\"wp-block-heading\" style=\"padding-top:var(--wp--preset--spacing--40);padding-bottom:var(--wp--preset--spacing--40);font-size:25px;font-style:normal;font-weight:600\">Nerelerde Kullanabilirsiniz?<\/h2>\n\n\n\n<p>Bu 20mm yuvarlak al\u00fcminyum LED kanal\u0131n\u0131 bir\u00e7ok ayd\u0131nlatma fikri ile kullanabilirsiniz:<\/p>\n\n\n\n<ul class=\"wp-block-list\">\n<li>Mutfak adalar\u0131 veya masalar \u00fczerinde sarkan lambalar.<\/li>\n\n\n\n<li>Daha iyi g\u00f6rmenize yard\u0131mc\u0131 olmak i\u00e7in dolap \u00e7ubuklar\u0131 ve giysi ayd\u0131nlatmalar\u0131.\u00a0<\/li>\n\n\n\n<li>Under-cabinet and shelf lighting to assist you see what you&#8217;re doing.<\/li>\n\n\n\n<li>\u00dcr\u00fcnleri vurgu yapmak i\u00e7in perakende sergi vitrinleri ayd\u0131nlatmas\u0131.<\/li>\n<\/ul>\n<\/div>\n\n\n\n<div class=\"wp-block-group is-vertical is-layout-flex wp-container-core-group-is-layout-d255d7c4 wp-block-group-is-layout-flex\" style=\"padding-top:var(--wp--preset--spacing--80);padding-bottom:var(--wp--preset--spacing--80)\">\n<h2 class=\"wp-block-heading\" style=\"padding-top:var(--wp--preset--spacing--40);padding-bottom:var(--wp--preset--spacing--40);font-size:25px;font-style:normal;font-weight:600;text-transform:capitalize\">What\u2019s In The Box?<\/h2>\n\n\n\n<ul class=\"wp-block-list\">\n<li>20mm \u00e7ap\u0131nda bir yuvarlak al\u00fcminyum kanal\u00a0<\/li>\n\n\n\n<li>Bir frosted veya opal dif\u00fcz\u00f6r kapak<\/li>\n\n\n\n<li>\u0130ki u\u00e7 kapa\u011f\u0131 (birinde kablolama i\u00e7in delik var)<\/li>\n\n\n\n<li>Asma montaj i\u00e7in iki ask\u0131 teli<\/li>\n<\/ul>\n<\/div>\n\n\n\n<div class=\"wp-block-group has-background\" style=\"background-color:#f1f1f1;padding-top:var(--wp--preset--spacing--80);padding-bottom:var(--wp--preset--spacing--80)\"><div class=\"wp-block-group__inner-container is-layout-constrained wp-block-group-is-layout-constrained\">\n<h2 class=\"wp-block-heading\" style=\"font-size:25px;font-style:normal;font-weight:600;text-transform:capitalize\">ho\u015funuza gidebilecek ilgili \u00fcr\u00fcnler<\/h2>\n\n\n\n<ul class=\"wp-block-list\">\n<li>Ke\u015ffedin <a href=\"https:\/\/tangooled.com\/tr\/urun\/surface-mount-led-profile-with-frosted-diffuser-for-10mm-rope-lights\/\"><mark style=\"background-color:rgba(0, 0, 0, 0)\" class=\"has-inline-color has-vivid-red-color\">10mm Tel Ayd\u0131nlatmalar\u0131 i\u00e7in Buzlu Dif\u00fcz\u00f6rl\u00fc Y\u00fczeye Montaj LED Profili<\/mark><\/a> k\u00fc\u00e7\u00fck \u015feritler i\u00e7in<\/li>\n\n\n\n<li>\u015eunu deneyin <a href=\"https:\/\/tangooled.com\/tr\/urun\/17mm-led-strip-light-aluminum-channel-for-surface-mounting\/\"><mark style=\"background-color:rgba(0, 0, 0, 0)\" class=\"has-inline-color has-vivid-red-color\">Y\u00fczeye Montaj i\u00e7in 17mm LED \u015eerit I\u015f\u0131k Al\u00fcminyum Kanal\u0131<\/mark><\/a> daha geni\u015f bir ayd\u0131nlatma etkisi i\u00e7in<\/li>\n\n\n\n<li>G\u00f6z at <a href=\"https:\/\/tangooled.com\/tr\/urun\/wardrobe-closet-hanging-rod-aluminum-led-profile-for-12mm-led-strip-lights\/\"><mark style=\"background-color:rgba(0, 0, 0, 0)\" class=\"has-inline-color has-vivid-red-color\">12mm LED \u015eerit I\u015f\u0131klar\u0131 i\u00e7in Dolap K\u0131yafet Ask\u0131s\u0131 Al\u00fcminyum Profili<\/mark><\/a> dolap ayd\u0131nlatma \u00e7\u00f6z\u00fcmleri i\u00e7in<\/li>\n<\/ul>\n<\/div><\/div>\n\n\n\n<div class=\"wp-block-group\" style=\"padding-top:var(--wp--preset--spacing--80);padding-bottom:var(--wp--preset--spacing--80)\"><div class=\"wp-block-group__inner-container is-layout-constrained wp-block-group-is-layout-constrained\">\n<h2 class=\"wp-block-heading\" style=\"font-size:25px;font-style:normal;font-weight:600;text-transform:capitalize\">\u00d6zet<\/h2>\n\n\n\n<p>12mm LED \u015feritler i\u00e7in 20mm yuvarlak LED profil al\u00fcminyum kanal\u0131m\u0131z, g\u00fcvenilir \u0131s\u0131 da\u011f\u0131l\u0131m\u0131 ve koruma ile temiz, kesintisiz bir g\u00f6r\u00fcn\u00fcm isteyen herkes i\u00e7in ak\u0131ll\u0131ca bir se\u00e7imdir. Asma lamba, dolap \u00e7ubu\u011fu \u0131\u015f\u0131\u011f\u0131 veya dolap alt\u0131 \u0131\u015f\u0131\u011f\u0131 olarak g\u00fczel bir \u015fekilde \u00e7al\u0131\u015f\u0131r. P\u00fcr\u00fczs\u00fcz, lekesiz dif\u00fcz\u00f6r, \u0131\u015f\u0131k noktalar\u0131n\u0131 yumu\u015fak bir lineer par\u0131lt\u0131ya d\u00f6n\u00fc\u015ft\u00fcr\u00fcr. Bir\u00e7ok kullan\u0131m i\u00e7in idealdir, 12V veya 24V'da t\u00fcm standart 12mm LED \u015ferit \u0131\u015f\u0131klar\u0131yla uyumludur.<\/p>\n<\/div><\/div>\n\n\n\n<p><\/p>","protected":false},"featured_media":14282,"template":"","meta":{"_acf_changed":true,"_seopress_robots_primary_cat":"none","_seopress_titles_title":"20mm Round LED Profile Aluminum Channel AR01 | TANGOOLED","_seopress_titles_desc":"The AR01 is a 20mm round led profile designed for 12mm strips. Create elegant pendant lights or decorative luminous tubes with this circular aluminum channel. Perfect for modern interior accents.","_seopress_robots_index":""},"pcb-width":[228],"product-cat":[234],"class_list":{"0":"post-35252","1":"product","2":"type-product","3":"status-publish","4":"has-post-thumbnail","6":"pcb-width-6-12mm","7":"product-cat-round-tube-profile"},"acf":[],"_links":{"self":[{"href":"https:\/\/tangooled.com\/tr\/wp-json\/wp\/v2\/product\/35252","targetHints":{"allow":["GET"]}}],"collection":[{"href":"https:\/\/tangooled.com\/tr\/wp-json\/wp\/v2\/product"}],"about":[{"href":"https:\/\/tangooled.com\/tr\/wp-json\/wp\/v2\/types\/product"}],"wp:featuredmedia":[{"embeddable":true,"href":"https:\/\/tangooled.com\/tr\/wp-json\/wp\/v2\/media\/14282"}],"wp:attachment":[{"href":"https:\/\/tangooled.com\/tr\/wp-json\/wp\/v2\/media?parent=35252"}],"wp:term":[{"taxonomy":"pcb-width","embeddable":true,"href":"https:\/\/tangooled.com\/tr\/wp-json\/wp\/v2\/pcb-width?post=35252"},{"taxonomy":"product-cat","embeddable":true,"href":"https:\/\/tangooled.com\/tr\/wp-json\/wp\/v2\/product-cat?post=35252"}],"curies":[{"name":"wp","href":"https:\/\/api.w.org\/{rel}","templated":true}]}}