{"id":35212,"date":"2025-07-02T20:23:44","date_gmt":"2025-07-03T04:23:44","guid":{"rendered":"https:\/\/tangooled.com\/?post_type=product&#038;p=35212"},"modified":"2026-02-02T22:06:07","modified_gmt":"2026-02-03T06:06:07","slug":"wooden-wall-skirting-led-black-aluminum-baseboard-for-18mm-wood","status":"publish","type":"product","link":"https:\/\/tangooled.com\/tr\/urun\/wooden-wall-skirting-led-black-aluminum-baseboard-for-18mm-wood\/","title":{"rendered":"18 mm ah\u015fap i\u00e7in siyah al\u00fcminyum tabanl\u0131 ah\u015fap duvar s\u00fcslemesi LED"},"content":{"rendered":"<div class=\"wp-block-group is-vertical is-layout-flex wp-container-core-group-is-layout-d255d7c4 wp-block-group-is-layout-flex\" style=\"padding-top:var(--wp--preset--spacing--80);padding-bottom:var(--wp--preset--spacing--80)\">\n<p>Our wooden wall skirting LED baseboard is built to fit 18\u00a0mm thick tiles and wooden wall panels. It features a unique lighting structure that offers a more creative illumination effect.<\/p>\n\n\n\n<p>LED \u015feridi, duvardan yakla\u015f\u0131k 20 mm uzakta bir kanalda yer al\u0131r. I\u015f\u0131k, s\u00fcslemenin dik y\u00fczeyinin a\u015fa\u011f\u0131s\u0131nda parlayarak yumu\u015fak bir \u015fekilde yere geri yans\u0131r. I\u015f\u0131k kayna\u011f\u0131n\u0131 s\u00fcslemenin i\u00e7ine g\u00f6merek, ortaya \u00e7\u0131kan \u0131\u015f\u0131ma estetik a\u00e7\u0131dan ho\u015f ve g\u00f6zle uyumlu bir \u015fekilde g\u00f6r\u00fcn\u00fcr.<\/p>\n\n\n\n<p>This black aluminum board makes it to integrate seamlessly with a wide range of decorative styles, including modern minimalism, industrial, and light luxury designs. It is perfectly suited for LED skirting profile lighting design in various settings. The black background further enhances the strip light&#8217;s color and brilliance, making it stand out more distinctly.<\/p>\n<\/div>\n\n\n\n<div class=\"wp-block-group has-background is-vertical is-layout-flex wp-container-core-group-is-layout-d255d7c4 wp-block-group-is-layout-flex\" style=\"background-color:#f1f1f1;padding-top:var(--wp--preset--spacing--80);padding-bottom:var(--wp--preset--spacing--80)\">\n<div class=\"wp-block-group is-vertical is-layout-flex wp-container-core-group-is-layout-8cf370e7 wp-block-group-is-layout-flex\">\n<h2 class=\"wp-block-heading\" style=\"padding-top:var(--wp--preset--spacing--40);padding-bottom:var(--wp--preset--spacing--40);font-size:25px;font-style:normal;font-weight:600;text-transform:capitalize\">TG-SK01 Siyah Al\u00fcminyum LED Profilin Temel \u00d6zellikleri<\/h2>\n\n\n\n<ul class=\"wp-block-list\">\n<li>D\u00fcz montaj tasar\u0131m\u0131, 18 mm kal\u0131nl\u0131\u011f\u0131ndaki ah\u015fap paneller ve karolarla uyum sa\u011flar.<\/li>\n\n\n\n<li>Mat siyah anodize kaplama ile \u00fcretilmi\u015f y\u00fcksek kaliteli 6063-T5 ekstr\u00fcde al\u00fcminyum, \u00e7o\u011fu i\u00e7 dekor ile uyumludur.<\/li>\n\n\n\n<li>\u0130\u00e7 geni\u015fli\u011fi 7.9 mm, 7 mm geni\u015fli\u011findeki veya daha k\u00fc\u00e7\u00fck \u0131\u015f\u0131k \u015feritlerini tutabilir.<\/li>\n\n\n\n<li>I\u015f\u0131\u011f\u0131n \u00e7ok parlak olmamas\u0131 veya g\u00f6lge olu\u015fturmamas\u0131 i\u00e7in diyagonal olarak ayd\u0131nlat\u0131lan siyah al\u00fcminyum s\u00fcsleme profili.<\/li>\n\n\n\n<li>The height of the skirting led light from the ground is ideal; it&#8217;s neither too high to look out of place or too low to change the lighting effect. It works well with the baseboard lighting needs of most rooms.<\/li>\n<\/ul>\n<\/div>\n<\/div>\n\n\n\n<div class=\"wp-block-group is-vertical is-layout-flex wp-container-core-group-is-layout-d255d7c4 wp-block-group-is-layout-flex\" style=\"padding-top:var(--wp--preset--spacing--80);padding-bottom:var(--wp--preset--spacing--80)\">\n<hr class=\"wp-block-separator has-alpha-channel-opacity\"\/>\n\n\n\n<div class=\"wp-block-media-text has-media-on-the-right is-stacked-on-mobile\" style=\"grid-template-columns:auto 40%\"><div class=\"wp-block-media-text__content\">\n<h2 class=\"wp-block-heading\" style=\"padding-top:var(--wp--preset--spacing--40);padding-bottom:var(--wp--preset--spacing--40);font-size:25px;font-style:normal;font-weight:600;text-transform:capitalize\">Ah\u015fap duvar s\u00fcslemesi LED taban kanal\u0131 nas\u0131l kurulur?<\/h2>\n\n\n\n<ul class=\"wp-block-list\">\n<li>LED \u015ferit \u0131\u015f\u0131\u011f\u0131n\u0131z\u0131 kanala yerle\u015ftirin.<\/li>\n\n\n\n<li>LED \u015feridin \u00fczerine mat dif\u00fcz\u00f6r\u00fc yerle\u015ftirin ve p\u00fcr\u00fczs\u00fcz bir \u0131\u015f\u0131k elde etmek i\u00e7in \u00fczerine tak\u0131n.<\/li>\n\n\n\n<li>18 mm ah\u015fap panelde profil ile ayn\u0131 boyutta bir kanal a\u00e7mak i\u00e7in bir freze kullan\u0131n.<\/li>\n\n\n\n<li>Al\u00fcminyum LED s\u00fcsleme panosunu yerinde tutmak i\u00e7in vida veya g\u00fc\u00e7l\u00fc yap\u0131\u015ft\u0131r\u0131c\u0131 kullan\u0131n.<\/li>\n\n\n\n<li>DC g\u00fc\u00e7 kayna\u011f\u0131na ba\u011flay\u0131n ve \u0131\u015f\u0131\u011f\u0131n tad\u0131n\u0131 \u00e7\u0131kar\u0131n.<\/li>\n<\/ul>\n<\/div><figure class=\"wp-block-media-text__media\"><img loading=\"lazy\" decoding=\"async\" width=\"500\" height=\"500\" src=\"https:\/\/tangooled.com\/wp-content\/uploads\/2025\/07\/sk01-ins.webp\" alt=\"wooden wall skirting led black aluminum baseboard for 18mm wood\" class=\"wp-image-42129 size-full\" srcset=\"https:\/\/tangooled.com\/wp-content\/uploads\/2025\/07\/sk01-ins.webp 500w, https:\/\/tangooled.com\/wp-content\/uploads\/2025\/07\/sk01-ins-300x300.webp 300w, https:\/\/tangooled.com\/wp-content\/uploads\/2025\/07\/sk01-ins-150x150.webp 150w\" sizes=\"auto, (max-width: 500px) 100vw, 500px\" \/><\/figure><\/div>\n<\/div>\n\n\n\n<div class=\"wp-block-group has-background is-vertical is-layout-flex wp-container-core-group-is-layout-b429018a wp-block-group-is-layout-flex\" style=\"background-color:#f1f1f1f2;padding-top:var(--wp--preset--spacing--70);padding-bottom:var(--wp--preset--spacing--70)\">\n<h2 class=\"wp-block-heading\" style=\"padding-top:var(--wp--preset--spacing--40);padding-bottom:var(--wp--preset--spacing--40);font-size:25px;font-style:normal;font-weight:600\">Nerelerde Kullanabilirsiniz?<\/h2>\n\n\n\n<p>TG-SK01 profili bir\u00e7ok yerde harikad\u0131r. \u0130\u015fte onu kullanman\u0131n baz\u0131 fikirleri ve \u00f6rnekleri:<\/p>\n\n\n\n<ul class=\"wp-block-list\">\n<li>Gece ge\u00e7erken size g\u00f6rmenizde yard\u0131mc\u0131 olacak koridorda taban ayd\u0131nlatmas\u0131.<\/li>\n\n\n\n<li>Mutfak tezgah\u0131n\u0131n alt\u0131nda karanl\u0131k k\u00f6\u015feleri ayd\u0131nlatmak i\u00e7in ayd\u0131nlatma.<\/li>\n\n\n\n<li>Merdivenlerde insanlar\u0131n tak\u0131l\u0131p d\u00fc\u015fmesini \u00f6nlemek i\u00e7in \u0131\u015f\u0131klar.<\/li>\n\n\n\n<li>Otel koridorlar\u0131ndaki yollar\u0131 g\u00fczel ve g\u00fcvenli bir \u015fekilde g\u00f6r\u00fcn\u00fcr k\u0131lmak i\u00e7in \u0131\u015f\u0131klar.<\/li>\n\n\n\n<li>Sinema salonunun zemininde ho\u015f, zarif bir par\u0131lt\u0131 i\u00e7in ayd\u0131nlatma.<\/li>\n\n\n\n<li>Yatak odalar\u0131na veya oturma alanlar\u0131na huzur verici bir s\u0131cakl\u0131k katmak i\u00e7in ruh halini yans\u0131tan ayd\u0131nlatma.<\/li>\n<\/ul>\n<\/div>\n\n\n\n<div class=\"wp-block-group is-vertical is-layout-flex wp-container-core-group-is-layout-d255d7c4 wp-block-group-is-layout-flex\" style=\"padding-top:var(--wp--preset--spacing--80);padding-bottom:var(--wp--preset--spacing--80)\">\n<h2 class=\"wp-block-heading\" style=\"padding-top:var(--wp--preset--spacing--40);padding-bottom:var(--wp--preset--spacing--40);font-size:25px;font-style:normal;font-weight:600;text-transform:capitalize\">Ah\u015fap duvar s\u00fcslemesi LED taban\u0131m\u0131z\u0131 neden g\u00fcvenmelisiniz?<\/h2>\n\n\n\n<p>Ah\u015fap duvar s\u00fcslemesi LED taban\u0131m\u0131z\u0131 18 mm ah\u015fap panellere tam oturdu\u011fundan emin olmak i\u00e7in test ettik. Hem pratik hem de dekoratif d\u00fc\u015f\u00fck seviyeli ayd\u0131nlatma gereksinimlerinizi kar\u015f\u0131layacak \u015fekilde, hem \u00e7ekici hem de enerji verimli bir s\u00fcsleme \u0131\u015f\u0131\u011f\u0131 sa\u011flamaktad\u0131r. G\u00f6mme LED taban montaj\u0131, y\u00fczey montaj\u0131 s\u00fcsleme profili veya d\u00fcz montaj LED taban kurmak istiyorsan\u0131z, TG-SK01 en iyi tercihtir.<\/p>\n<\/div>\n\n\n\n<div class=\"wp-block-group has-background\" style=\"background-color:#f1f1f1;padding-top:var(--wp--preset--spacing--80);padding-bottom:var(--wp--preset--spacing--80)\"><div class=\"wp-block-group__inner-container is-layout-constrained wp-block-group-is-layout-constrained\">\n<h2 class=\"wp-block-heading\" style=\"padding-top:var(--wp--preset--spacing--40);padding-right:0;padding-bottom:var(--wp--preset--spacing--40);padding-left:0;font-size:25px;font-style:normal;font-weight:600;text-transform:capitalize\">\u0130lgili Ba\u011flant\u0131lar<\/h2>\n\n\n\n<ul class=\"wp-block-list\">\n<li>Hakk\u0131nda bilgi edinin <a href=\"https:\/\/tangooled.com\/tr\/how-to-install-led-aluminum-profiles\/\"><mark style=\"background-color:rgba(0, 0, 0, 0)\" class=\"has-inline-color has-vivid-red-color\">LED al\u00fcminyum profilleri nas\u0131l kurabilirim <\/mark><\/a>sitemizde.<\/li>\n\n\n\n<li>G\u00f6z at\u0131n <mark style=\"background-color:rgba(0, 0, 0, 0)\" class=\"has-inline-color has-vivid-red-color\"><a href=\"https:\/\/tangooled.com\/tr\/top-10-led-aluminum-profile-application-ideas\/\">LED al\u00fcminyum profil kurulum fikirleri<\/a><\/mark> ilham\u0131n\u0131z i\u00e7in.<\/li>\n<\/ul>\n<\/div><\/div>\n\n\n\n<p><\/p>","protected":false},"featured_media":13622,"template":"","meta":{"_acf_changed":true,"_seopress_robots_primary_cat":"none","_seopress_titles_title":"LED Skirting Board Base Black Aluminum Profile for 18mm Wood SK01 | TANGOOLED","_seopress_titles_desc":"The SK01 is a black aluminum led skirting board base specifically designed for 18mm wood panels. Create modern up-light wall wash effects at floor level with this durable recessed baseboard profile.","_seopress_robots_index":""},"pcb-width":[228],"product-cat":[198],"class_list":{"0":"post-35212","1":"product","2":"type-product","3":"status-publish","4":"has-post-thumbnail","6":"pcb-width-6-12mm","7":"product-cat-skirting-profile"},"acf":[],"_links":{"self":[{"href":"https:\/\/tangooled.com\/tr\/wp-json\/wp\/v2\/product\/35212","targetHints":{"allow":["GET"]}}],"collection":[{"href":"https:\/\/tangooled.com\/tr\/wp-json\/wp\/v2\/product"}],"about":[{"href":"https:\/\/tangooled.com\/tr\/wp-json\/wp\/v2\/types\/product"}],"wp:featuredmedia":[{"embeddable":true,"href":"https:\/\/tangooled.com\/tr\/wp-json\/wp\/v2\/media\/13622"}],"wp:attachment":[{"href":"https:\/\/tangooled.com\/tr\/wp-json\/wp\/v2\/media?parent=35212"}],"wp:term":[{"taxonomy":"pcb-width","embeddable":true,"href":"https:\/\/tangooled.com\/tr\/wp-json\/wp\/v2\/pcb-width?post=35212"},{"taxonomy":"product-cat","embeddable":true,"href":"https:\/\/tangooled.com\/tr\/wp-json\/wp\/v2\/product-cat?post=35212"}],"curies":[{"name":"wp","href":"https:\/\/api.w.org\/{rel}","templated":true}]}}