{"id":35192,"date":"2025-07-02T20:04:44","date_gmt":"2025-07-03T04:04:44","guid":{"rendered":"https:\/\/tangooled.com\/?post_type=product&#038;p=35192"},"modified":"2026-01-27T01:34:50","modified_gmt":"2026-01-27T09:34:50","slug":"45-degree-stair-aluminum-profile-down-lighting-stp01","status":"publish","type":"product","link":"https:\/\/tangooled.com\/tr\/urun\/45-degree-stair-aluminum-profile-down-lighting-stp01\/","title":{"rendered":"10mm \u015eeritler i\u00e7in 45 Derece A\u015fa\u011f\u0131 Ayd\u0131nlatma Merdiven Profili"},"content":{"rendered":"<div class=\"wp-block-group is-vertical is-layout-flex wp-container-core-group-is-layout-d255d7c4 wp-block-group-is-layout-flex\" style=\"padding-top:var(--wp--preset--spacing--80);padding-bottom:var(--wp--preset--spacing--80)\">\n<p>Merdivenlerinizi g\u00fcvenli ve \u015f\u0131k bir \u015fekilde ayd\u0131nlatmak i\u00e7in 45 derecelik a\u015fa\u011f\u0131 ayd\u0131nlatma al\u00fcminyum profilimizi kullan\u0131n. LED merdiven profilimiz al\u00fcminyumdan \u00fcretilmi\u015ftir ve hem i\u00e7 hem de d\u0131\u015f mekanlarda kullan\u0131m i\u00e7in son derece dayan\u0131kl\u0131d\u0131r. Bu profilin i\u00e7 geni\u015fli\u011fi, 10&nbsp;mm geni\u015fli\u011finde LED \u015feridi veya 12&nbsp;mm RGB \u015feritler i\u00e7in uygundur. Tek renk \u0131\u015f\u0131\u011f\u0131n \u00f6tesinde, RGB \u015feritler kullanarak de\u011fi\u015fken ve zengin renkler elde edebilir, merdiveninizin g\u00f6r\u00fcn\u00fcm\u00fcn\u00fc dramatik bir \u015fekilde art\u0131rabilirsiniz.<\/p>\n\n\n\n<p>Bu al\u00fcminyum merdiven profilinin montaj\u0131 da olduk\u00e7a kolayd\u0131r. \u015eeritleri ve u\u00e7 kapaklar\u0131 birle\u015ftirdikten sonra, kenar\u0131na vidalarla sabitleyerek yerle\u015ftirin. Bu merdiven ayd\u0131nlatma profili, \u0131\u015f\u0131\u011f\u0131 45 derece a\u00e7\u0131yla a\u015fa\u011f\u0131ya verir; bu, g\u00f6zlerinizi kama\u015ft\u0131rmayan bir ayd\u0131nlatma sa\u011flar ve her ad\u0131m\u0131n net ve iyi ayd\u0131nlat\u0131lmas\u0131n\u0131 garanti eder. Evler, ofisler, oteller ve d\u0131\u015f mekanlar i\u00e7in m\u00fckemmeldir.<\/p>\n<\/div>\n\n\n\n<div class=\"wp-block-group has-background is-vertical is-layout-flex wp-container-core-group-is-layout-d255d7c4 wp-block-group-is-layout-flex\" style=\"background-color:#f1f1f1;padding-top:var(--wp--preset--spacing--80);padding-bottom:var(--wp--preset--spacing--80)\">\n<div class=\"wp-block-group is-vertical is-layout-flex wp-container-core-group-is-layout-8cf370e7 wp-block-group-is-layout-flex\">\n<h2 class=\"wp-block-heading\" style=\"padding-top:var(--wp--preset--spacing--40);padding-bottom:var(--wp--preset--spacing--40);font-size:25px;font-style:normal;font-weight:600;text-transform:capitalize\">Anahtar \u00d6zellikler ve Avantajlar<\/h2>\n\n\n\n<ul class=\"wp-block-list\">\n<li>45 derece a\u015fa\u011f\u0131 ayd\u0131nlatma: LED \u015feritleri tutar ve merdiven basama\u011f\u0131n\u0131 45 derece a\u00e7\u0131yla ayd\u0131nlat\u0131r, g\u00f6z kama\u015ft\u0131r\u0131c\u0131 \u0131\u015f\u0131k yoktur.<\/li>\n\n\n\n<li>Farkl\u0131 LED \u015feritleri ile uyumlu: 8mm, 10mm LED \u015feritleri ile \u00e7al\u0131\u015f\u0131r, ayr\u0131ca 12mm RGB \u015feritleri i\u00e7erir.<\/li>\n\n\n\n<li>Dayan\u0131kl\u0131 al\u00fcminyum: paslanma ve a\u015f\u0131nmaya kar\u015f\u0131 dayan\u0131kl\u0131 anodize 6063 al\u00fcminyum ala\u015f\u0131m\u0131ndan \u00fcretilmi\u015ftir.<\/li>\n\n\n\n<li>Dif\u00fcz\u00f6rle yumu\u015fak \u0131\u015f\u0131k: opal veya buzlu dif\u00fcz\u00f6r kapa\u011f\u0131 ile donat\u0131lm\u0131\u015ft\u0131r, lekeli \u0131\u015f\u0131k noktalar\u0131 yoktur.<\/li>\n\n\n\n<li>Kolay montaj: merdiven kenarlar\u0131na do\u011frudan vidalarla sabitlenebilir.<\/li>\n\n\n\n<li>Merdivenlerinize m\u00fckemmel uyum sa\u011flamak i\u00e7in her uzunlukta kesilebilir.<\/li>\n<\/ul>\n<\/div>\n<\/div>\n\n\n\n<div class=\"wp-block-group is-vertical is-layout-flex wp-container-core-group-is-layout-d255d7c4 wp-block-group-is-layout-flex\" style=\"padding-top:var(--wp--preset--spacing--80);padding-bottom:var(--wp--preset--spacing--80)\">\n<hr class=\"wp-block-separator has-alpha-channel-opacity\"\/>\n\n\n\n<div class=\"wp-block-media-text has-media-on-the-right is-stacked-on-mobile\" style=\"grid-template-columns:auto 40%\"><div class=\"wp-block-media-text__content\">\n<h2 class=\"wp-block-heading\" style=\"padding-top:var(--wp--preset--spacing--40);padding-bottom:var(--wp--preset--spacing--40);font-size:25px;font-style:normal;font-weight:600;text-transform:capitalize\">Montaj \u0130\u00e7in Kolay Ad\u0131mlar<\/h2>\n\n\n\n<ul class=\"wp-block-list\">\n<li>Profilin do\u011fru boyutunu kesmek i\u00e7in bir testere kullan\u0131n.<\/li>\n\n\n\n<li>10mm LED \u015feritlerinizi kanala yerle\u015ftirin.<\/li>\n\n\n\n<li>I\u015f\u0131\u011f\u0131 yumu\u015fatmak i\u00e7in dif\u00fcz\u00f6r kapa\u011f\u0131n\u0131 yerine tak\u0131n.<\/li>\n\n\n\n<li>D\u00fczenli ve \u015f\u0131k g\u00f6r\u00fcnmesi i\u00e7in u\u00e7 kapaklar\u0131 tak\u0131n.<\/li>\n\n\n\n<li>Profili merdiven kenar\u0131na vidalarla sabitleyin.<\/li>\n\n\n\n<li>LED \u015feridinizi bir g\u00fc\u00e7 kayna\u011f\u0131na ba\u011flay\u0131n.<\/li>\n<\/ul>\n<\/div><figure class=\"wp-block-media-text__media\"><img loading=\"lazy\" decoding=\"async\" width=\"500\" height=\"500\" src=\"https:\/\/tangooled.com\/wp-content\/uploads\/2025\/07\/stp01-ins.webp\" alt=\"down lighting 45 degree stair aluminum profile for 10mm strips\" class=\"wp-image-42205 size-full\" srcset=\"https:\/\/tangooled.com\/wp-content\/uploads\/2025\/07\/stp01-ins.webp 500w, https:\/\/tangooled.com\/wp-content\/uploads\/2025\/07\/stp01-ins-300x300.webp 300w, https:\/\/tangooled.com\/wp-content\/uploads\/2025\/07\/stp01-ins-150x150.webp 150w\" sizes=\"auto, (max-width: 500px) 100vw, 500px\" \/><\/figure><\/div>\n<\/div>\n\n\n\n<div class=\"wp-block-group has-background is-vertical is-layout-flex wp-container-core-group-is-layout-b429018a wp-block-group-is-layout-flex\" style=\"background-color:#f1f1f1f2;padding-top:var(--wp--preset--spacing--70);padding-bottom:var(--wp--preset--spacing--70)\">\n<h2 class=\"wp-block-heading\" style=\"padding-top:var(--wp--preset--spacing--40);padding-bottom:var(--wp--preset--spacing--40);font-size:25px;font-style:normal;font-weight:600;text-transform:capitalize\">Bu 45 derece a\u015fa\u011f\u0131 ayd\u0131nlatma al\u00fcminyum profilinin kullan\u0131labilece\u011fi m\u00fckemmel yerler<\/h2>\n\n\n\n<ul class=\"wp-block-list\">\n<li>Ah\u015fap, karo veya hal\u0131dan yap\u0131lm\u0131\u015f ev merdivenleri&nbsp;<\/li>\n\n\n\n<li>G\u00fczel ve g\u00fcvenli merdiven ayd\u0131nlatmas\u0131na ihtiya\u00e7 duyan oteller ve tiyatrolar<\/li>\n\n\n\n<li>D\u0131\u015f mekan platformlar\u0131 (su ge\u00e7irmez LED \u015feritlerle)<\/li>\n\n\n\n<li>G\u00fcvenli, g\u00fczel merdivenler isteyen restoranlar ve ma\u011fazalar<\/li>\n\n\n\n<li>Ofisler ve ticari binalar<\/li>\n<\/ul>\n<\/div>\n\n\n\n<div class=\"wp-block-group is-vertical is-layout-flex wp-container-core-group-is-layout-d255d7c4 wp-block-group-is-layout-flex\" style=\"padding-top:var(--wp--preset--spacing--80);padding-bottom:var(--wp--preset--spacing--80)\">\n<h2 class=\"wp-block-heading\" style=\"padding-top:var(--wp--preset--spacing--40);padding-bottom:var(--wp--preset--spacing--40);font-size:25px;font-style:normal;font-weight:600;text-transform:capitalize\">Be\u011fenebilece\u011finiz \u0130lgili \u00dcr\u00fcnler<\/h2>\n\n\n\n<ul class=\"wp-block-list\">\n<li>12mm LED bant \u0131\u015f\u0131klar\u0131 i\u00e7in lastik \u015feritli merdiven LED profili: <a href=\"https:\/\/tangooled.com\/tr\/urun\/staircase-led-profile-with-rubber-strip-for-12mm-led-tape-lights\/\"><mark style=\"background-color:rgba(0, 0, 0, 0)\" class=\"has-inline-color has-vivid-red-color\">Merdiven LED Profili<\/mark><\/a><\/li>\n\n\n\n<li>10mm LED \u015ferit i\u00e7in y\u00fczey montaj al\u00fcminyum merdiven profili: <a href=\"https:\/\/tangooled.com\/tr\/urun\/surface-mount-aluminum-stair-nosing-profile-for-10mm-led-strip\/\"><mark style=\"background-color:rgba(0, 0, 0, 0)\" class=\"has-inline-color has-vivid-red-color\">Al\u00fcminyum Merdiven Profili<\/mark><\/a><\/li>\n\n\n\n<li>10mm LED \u015feritler i\u00e7in 45 derece k\u00f6\u015fe LED al\u00fcminyum kanal\u0131: <a href=\"https:\/\/tangooled.com\/tr\/urun\/45-degree-corner-led-aluminum-channel-for-10mm-led-strips\/\"><mark style=\"background-color:rgba(0, 0, 0, 0)\" class=\"has-inline-color has-vivid-red-color\">45 Derece K\u00f6\u015fe LED Kanal\u0131<\/mark><\/a><\/li>\n<\/ul>\n<\/div>\n\n\n\n<div class=\"wp-block-group has-background\" style=\"background-color:#f1f1f1;padding-top:var(--wp--preset--spacing--80);padding-bottom:var(--wp--preset--spacing--80)\"><div class=\"wp-block-group__inner-container is-layout-constrained wp-block-group-is-layout-constrained\">\n<h2 class=\"wp-block-heading\" style=\"padding-top:var(--wp--preset--spacing--40);padding-bottom:var(--wp--preset--spacing--40);font-size:25px;font-style:normal;font-weight:600;text-transform:capitalize\">Bu Profil Hakk\u0131nda Daha Fazla<\/h2>\n\n\n\n<p style=\"padding-right:var(--wp--preset--spacing--50);padding-left:var(--wp--preset--spacing--50)\">45 derecelik a\u015fa\u011f\u0131 ayd\u0131nlatma al\u00fcminyum profilimiz, merdiven kenar\u0131 LED ayd\u0131nlatma ekstr\u00fczyonu ve ad\u0131m ayd\u0131nlatma al\u00fcminyum kanal\u0131 olarak i\u015flev g\u00f6r\u00fcr. Hem yeni merdivenler hem de g\u00fcncellemeler i\u00e7in m\u00fckemmeldir. Yumu\u015fak \u0131\u015f\u0131k, merdivenlerinizin geceleri y\u00fcz\u00fcyormu\u015f gibi g\u00f6r\u00fcnmesini sa\u011flar.<br>Bu profil ayr\u0131ca, i\u00e7 i\u00e7e ge\u00e7mi\u015f merdiven ayd\u0131nlatma profili veya LED \u015feritler i\u00e7in bir al\u00fcminyum yuva olarak adland\u0131r\u0131l\u0131r. G\u00fcvenli bir \u015fekilde \u00fczerine bas\u0131labilmesi i\u00e7in y\u00fcr\u00fcme alan\u0131 LED merdiven profilinin g\u00fcc\u00fcn\u00fc sunar. Ad\u0131mlar i\u00e7in harika bir LED lineer ekstr\u00fczyonudur ve LED bant i\u00e7in ideal a\u00e7\u0131l\u0131 kanald\u0131r. Dekorunuzla uyum sa\u011flayacak y\u00fczey montaj merdiven ayd\u0131nlatma kullan\u0131n.<\/p>\n<\/div><\/div>\n\n\n\n<p><\/p>","protected":false},"featured_media":13547,"template":"","meta":{"_acf_changed":true,"_seopress_robots_primary_cat":"none","_seopress_titles_title":"45 Degree Stair Aluminum Profile | Down-Lighting Step Channel STP01","_seopress_titles_desc":"The STP01 is a specialized 45 degree stair aluminum profile for down lighting. Designed for 10mm strips, this angled channel ensures glare-free step illumination and enhanced safety for modern staircases.","_seopress_robots_index":""},"pcb-width":[228],"product-cat":[200],"class_list":{"0":"post-35192","1":"product","2":"type-product","3":"status-publish","4":"has-post-thumbnail","6":"pcb-width-6-12mm","7":"product-cat-stair-nosing-profile"},"acf":[],"_links":{"self":[{"href":"https:\/\/tangooled.com\/tr\/wp-json\/wp\/v2\/product\/35192","targetHints":{"allow":["GET"]}}],"collection":[{"href":"https:\/\/tangooled.com\/tr\/wp-json\/wp\/v2\/product"}],"about":[{"href":"https:\/\/tangooled.com\/tr\/wp-json\/wp\/v2\/types\/product"}],"wp:featuredmedia":[{"embeddable":true,"href":"https:\/\/tangooled.com\/tr\/wp-json\/wp\/v2\/media\/13547"}],"wp:attachment":[{"href":"https:\/\/tangooled.com\/tr\/wp-json\/wp\/v2\/media?parent=35192"}],"wp:term":[{"taxonomy":"pcb-width","embeddable":true,"href":"https:\/\/tangooled.com\/tr\/wp-json\/wp\/v2\/pcb-width?post=35192"},{"taxonomy":"product-cat","embeddable":true,"href":"https:\/\/tangooled.com\/tr\/wp-json\/wp\/v2\/product-cat?post=35192"}],"curies":[{"name":"wp","href":"https:\/\/api.w.org\/{rel}","templated":true}]}}