{"id":35175,"date":"2025-07-02T19:12:46","date_gmt":"2025-07-03T03:12:46","guid":{"rendered":"https:\/\/tangooled.com\/?post_type=product&#038;p=35175"},"modified":"2026-02-02T01:56:56","modified_gmt":"2026-02-02T09:56:56","slug":"shallow-recessed-floor-led-profile-10mm-deep","status":"publish","type":"product","link":"https:\/\/tangooled.com\/tr\/urun\/shallow-recessed-floor-led-profile-10mm-deep\/","title":{"rendered":"10 mm derinli\u011finde y\u00fczeye g\u00f6m\u00fcl\u00fc LED profili"},"content":{"rendered":"<div class=\"wp-block-group is-vertical is-layout-flex wp-container-core-group-is-layout-d255d7c4 wp-block-group-is-layout-flex\" style=\"padding-top:var(--wp--preset--spacing--80);padding-bottom:var(--wp--preset--spacing--80)\">\n<p>Our FL01 shallow recessed floor LED profile is a great\u00a0way to provide clean, modern lighting. This slim\u00a0aluminum channel is 19.5mm wide and 10mm deep\u00a0on the outside. The inner width is\u00a011.4mm. It works with LED strips that are up to 10mm wide, so it&#8217;s great for simple floor lighting designs that can be walked on.<\/p>\n\n\n\n<p>Zeminlere, y\u00fcr\u00fcy\u00fc\u015f yollar\u0131na veya platformlara g\u00f6m\u00fcl\u00fc olarak in\u015fa edilmi\u015ftir, bu sayede y\u00fczeyle kusursuz bir \u015fekilde b\u00fct\u00fcnle\u015fir. Bu sa\u011flam profil hem havan\u0131n serin kalmas\u0131n\u0131 hem de g\u00fcvenli\u011fini sa\u011flar. Ev veya i\u015f ortam\u0131n\u0131zda g\u00fcvenli ve profesyonel mimari bir etki yaratmak i\u00e7in uzun \u00f6m\u00fcrl\u00fc, yumu\u015fak \u0131\u015f\u0131k hatlar\u0131 olu\u015fturun.<\/p>\n<\/div>\n\n\n\n<div class=\"wp-block-group has-background is-vertical is-layout-flex wp-container-core-group-is-layout-d255d7c4 wp-block-group-is-layout-flex\" style=\"background-color:#f1f1f1;padding-top:var(--wp--preset--spacing--80);padding-bottom:var(--wp--preset--spacing--80)\">\n<div class=\"wp-block-group is-vertical is-layout-flex wp-container-core-group-is-layout-8cf370e7 wp-block-group-is-layout-flex\">\n<h2 class=\"wp-block-heading\" style=\"padding-top:var(--wp--preset--spacing--40);padding-bottom:var(--wp--preset--spacing--40);font-size:25px;font-style:normal;font-weight:600;text-transform:capitalize\">Neden S\u0131\u011f G\u00f6mme Zemin LED Profilimizi Se\u00e7melisiniz?<\/h2>\n\n\n\n<ul class=\"wp-block-list\">\n<li>Ultra ince tasar\u0131m: Yaln\u0131zca 10mm derin, s\u0131\u011f g\u00f6mme i\u00e7in.<\/li>\n\n\n\n<li>\u00dczerine basma dereceli: Kamu alanlar\u0131nda ve koridorlarda y\u00fcr\u00fcy\u00fc\u015f yapmak i\u00e7in yeterince g\u00fc\u00e7l\u00fcd\u00fcr.<\/li>\n\n\n\n<li>Paslanmaz y\u00fcksek kaliteli anodize al\u00fcminyum, \u0131s\u0131 emici \u00f6zelli\u011fi ta\u015f\u0131r.<\/li>\n\n\n\n<li>10mm geni\u015fli\u011finde LED \u015feritlerle \u00e7al\u0131\u015f\u0131r: SMD3528, COB ve RGB versiyonlar\u0131 ile uyumludur.<\/li>\n\n\n\n<li>Opal dif\u00fcz\u00f6r: I\u015f\u0131\u011f\u0131 d\u00fczg\u00fcn ve noktalar olmadan da\u011f\u0131t\u0131r.<\/li>\n\n\n\n<li>Available in 2m and 3m lengths, so it&#8217;s easy to cut to size for any application.<\/li>\n\n\n\n<li>Su ge\u00e7irmez LED \u015feritlerle kullan\u0131ld\u0131\u011f\u0131nda, hem i\u00e7 hem de d\u0131\u015f mekanda yar\u0131 korumal\u0131 alanlarda kullan\u0131labilir.<\/li>\n<\/ul>\n<\/div>\n<\/div>\n\n\n\n<div class=\"wp-block-group\" style=\"padding-top:var(--wp--preset--spacing--60);padding-bottom:var(--wp--preset--spacing--60)\"><div class=\"wp-block-group__inner-container is-layout-constrained wp-block-group-is-layout-constrained\">\n<div class=\"wp-block-media-text has-media-on-the-right is-stacked-on-mobile\" style=\"grid-template-columns:auto 40%\"><div class=\"wp-block-media-text__content\">\n<h2 class=\"wp-block-heading\" style=\"padding-top:var(--wp--preset--spacing--40);padding-bottom:var(--wp--preset--spacing--40);font-size:25px;font-style:normal;font-weight:600;text-transform:capitalize\">Birle\u015ftirmek basit<\/h2>\n\n\n\n<ul class=\"wp-block-list\">\n<li>Zeminde yar\u0131k a\u00e7\u0131n: Tam olarak \u015fekliyle uyumlu 10mm derinli\u011finde bir yar\u0131k.<\/li>\n\n\n\n<li>Profil ekleyin: Al\u00fcminyum kanal\u0131 zeminle hizal\u0131 olacak \u015fekilde yar\u0131\u011fa yerle\u015ftirin.<\/li>\n\n\n\n<li>Yerinde tutmak i\u00e7in: Zemin insanlar\u0131n y\u00fcr\u00fcyebilmesi i\u00e7in yeterince sa\u011flam m\u0131 kontrol edin.<\/li>\n\n\n\n<li>LED \u015feritlerini ekleyin: Profilin i\u00e7ine uyan herhangi bir 10mm geni\u015fli\u011findeki LED \u015feridi yerle\u015ftirin.<\/li>\n\n\n\n<li>Tak\u0131l\u0131 dif\u00fcz\u00f6r: Opal kapak, \u015feritlerin \u00fczerine yerine oturur ve \u0131\u015f\u0131\u011f\u0131 yayar.<\/li>\n\n\n\n<li>Suyla temas etmemesi gerekiyorsa, u\u00e7 kapaklar\u0131n\u0131 yerle\u015ftirip silikonla m\u00fch\u00fcrleyin.<\/li>\n<\/ul>\n<\/div><figure class=\"wp-block-media-text__media\"><img loading=\"lazy\" decoding=\"async\" width=\"500\" height=\"500\" src=\"https:\/\/tangooled.com\/wp-content\/uploads\/2025\/07\/fl01-ins.webp\" alt=\"shallow recessed floor led profile 10mm deep\" class=\"wp-image-42242 size-full\" srcset=\"https:\/\/tangooled.com\/wp-content\/uploads\/2025\/07\/fl01-ins.webp 500w, https:\/\/tangooled.com\/wp-content\/uploads\/2025\/07\/fl01-ins-300x300.webp 300w, https:\/\/tangooled.com\/wp-content\/uploads\/2025\/07\/fl01-ins-150x150.webp 150w\" sizes=\"auto, (max-width: 500px) 100vw, 500px\" \/><\/figure><\/div>\n<\/div><\/div>\n\n\n\n<div class=\"wp-block-group has-background is-vertical is-layout-flex wp-container-core-group-is-layout-b429018a wp-block-group-is-layout-flex\" style=\"background-color:#f1f1f1f2;padding-top:var(--wp--preset--spacing--70);padding-bottom:var(--wp--preset--spacing--70)\">\n<h2 class=\"wp-block-heading\" style=\"padding-top:var(--wp--preset--spacing--40);padding-bottom:var(--wp--preset--spacing--40);font-size:25px;font-style:normal;font-weight:600;text-transform:capitalize\">10mm derin y\u00fcr\u00fcme ge\u00e7i\u015fi kanal\u0131 i\u00e7in m\u00fckemmel kullan\u0131mlar<\/h2>\n\n\n\n<p>\u00dcr\u00fcn\u00fcm\u00fcz, i\u00e7eride ve d\u0131\u015far\u0131da bir\u00e7ok ayd\u0131nlatma uygulamas\u0131 i\u00e7in harikad\u0131r:<\/p>\n\n\n\n<ul class=\"wp-block-list\">\n<li>Zemin Entegre Ayd\u0131nlatma: Seramik fayans, ah\u015fap, laminat veya beton zeminlerle ayn\u0131 hizada monte edin.<\/li>\n\n\n\n<li>Merdivenler ve basamaklar i\u00e7in \u0131\u015f\u0131klar: Daha g\u00fcvenli ve \u015f\u0131k hale getirmek i\u00e7in merdiven \u00e7\u0131k\u0131nt\u0131lar\u0131na \u0131\u015f\u0131k yerle\u015ftirin.<\/li>\n\n\n\n<li>Y\u00fcr\u00fcy\u00fc\u015f yollar\u0131 ve koridorlar i\u00e7in ayd\u0131nlatma: \u00dczerine basma kullan\u0131m\u0131na uygun ve uzun \u00f6m\u00fcrl\u00fc LED profiller kullanarak rehber \u00e7izgileri olu\u015fturun.<\/li>\n\n\n\n<li>\u0130\u015f ve Perakende i\u00e7in Vitrinler: T\u00fcketicilerin i\u00e7eride y\u00f6n bulmalar\u0131na yard\u0131mc\u0131 olun veya \u00fcr\u00fcnleri sergileyin.<\/li>\n\n\n\n<li>Balkonlar ve platformlar (su ge\u00e7irmezlik ile): D\u0131\u015f mekan zemin ayd\u0131nlatmalar\u0131 ile onlar\u0131 daha davetkar hale getirin.<\/li>\n<\/ul>\n<\/div>\n\n\n\n<div class=\"wp-block-group is-vertical is-layout-flex wp-container-core-group-is-layout-d255d7c4 wp-block-group-is-layout-flex\" style=\"padding-top:var(--wp--preset--spacing--80);padding-bottom:var(--wp--preset--spacing--80)\">\n<h2 class=\"wp-block-heading\" style=\"padding-top:var(--wp--preset--spacing--40);padding-bottom:var(--wp--preset--spacing--40);font-size:25px;font-style:normal;font-weight:600;text-transform:capitalize\">Di\u011fer ilgili \u00fcr\u00fcnler<\/h2>\n\n\n\n<p>S\u0131\u011f g\u00f6mme zemin LED profilinizi tamamlayan bu ilgili al\u00fcminyum LED profillerini ke\u015ffedin:<\/p>\n\n\n\n<ul class=\"wp-block-list\">\n<li><a href=\"https:\/\/tangooled.com\/tr\/urun\/black-led-profile-with-black-diffuser-for-10mm-led-strip-light\/\"><mark style=\"background-color:rgba(0, 0, 0, 0)\" class=\"has-inline-color has-vivid-red-color\">10mm LED \u015ferit \u0131\u015f\u0131\u011f\u0131 i\u00e7in siyah dif\u00fcz\u00f6rl\u00fc siyah LED profili<\/mark><\/a>.<\/li>\n\n\n\n<li><a href=\"https:\/\/tangooled.com\/tr\/urun\/surface-mount-led-profile-with-frosted-diffuser-for-10mm-rope-lights\/\"><mark style=\"background-color:rgba(0, 0, 0, 0)\" class=\"has-inline-color has-vivid-red-color\">10 mm kablo \u0131\u015f\u0131klar\u0131 i\u00e7in frosted dif\u00fcz\u00f6rl\u00fc y\u00fczey montaj LED profili<\/mark><\/a>.<\/li>\n\n\n\n<li><a href=\"https:\/\/tangooled.com\/tr\/urun\/led-strip-light-channel-aluminum-profile-with-diffused-cover-6mm-height\/\"><mark style=\"background-color:rgba(0, 0, 0, 0)\" class=\"has-inline-color has-vivid-red-color\">Dif\u00fcz\u00f6r kapakl\u0131 6mm y\u00fckseklikteki LED \u015ferit \u0131\u015f\u0131k kanal\u0131 al\u00fcminyum profil<\/mark><\/a>.<\/li>\n\n\n\n<li><mark style=\"background-color:rgba(0, 0, 0, 0)\" class=\"has-inline-color has-vivid-red-color\"><a href=\"https:\/\/tangooled.com\/tr\/urun\/26mm-floor-recessed-led-aluminum-channel-for-12mm-led-strips\/\">12mm LED \u015feritler i\u00e7in 26mm zemin i\u00e7inde yer alan LED al\u00fcminyum kanal<\/a>.<\/mark><\/li>\n\n\n\n<li><a href=\"https:\/\/tangooled.com\/tr\/urun\/recessed-floor-step-edge-lighting-led-profile\/\"><mark style=\"background-color:rgba(0, 0, 0, 0)\" class=\"has-inline-color has-vivid-red-color\">G\u00f6mme zemin merdiven kenar\u0131 ayd\u0131nlatma LED profili<\/mark><\/a>.<\/li>\n<\/ul>\n<\/div>\n\n\n\n<div class=\"wp-block-group has-background\" style=\"background-color:#f1f1f1;padding-top:var(--wp--preset--spacing--80);padding-bottom:var(--wp--preset--spacing--80)\"><div class=\"wp-block-group__inner-container is-layout-constrained wp-block-group-is-layout-constrained\">\n<p style=\"padding-right:var(--wp--preset--spacing--50);padding-left:var(--wp--preset--spacing--50)\">The ideal choice for professional-grade floor lighting that can be walked on is our shallow recessed floor LED profile, which is 10mm deep. It works great in homes, offices, stores, and architectural projects, and it has a sleek look. With Tangooled&#8217;s TG-FL01, you can improve your lighting right now.<\/p>\n<\/div><\/div>\n\n\n\n<p><\/p>","protected":false},"featured_media":13524,"template":"","meta":{"_acf_changed":true,"_seopress_robots_primary_cat":"none","_seopress_titles_title":"Shallow Recessed Floor LED Profile | 10mm Deep Walk-over Channel | TANGOOLED","_seopress_titles_desc":"The FL01 is a premium shallow recessed floor LED profile with a slim 10mm depth. Designed for high-durability and walk-over safety, this aluminum channel is perfect for linear floor lighting in hallways and commercial spaces.","_seopress_robots_index":""},"pcb-width":[228],"product-cat":[199],"class_list":{"0":"post-35175","1":"product","2":"type-product","3":"status-publish","4":"has-post-thumbnail","6":"pcb-width-6-12mm","7":"product-cat-inground-profile"},"acf":[],"_links":{"self":[{"href":"https:\/\/tangooled.com\/tr\/wp-json\/wp\/v2\/product\/35175","targetHints":{"allow":["GET"]}}],"collection":[{"href":"https:\/\/tangooled.com\/tr\/wp-json\/wp\/v2\/product"}],"about":[{"href":"https:\/\/tangooled.com\/tr\/wp-json\/wp\/v2\/types\/product"}],"wp:featuredmedia":[{"embeddable":true,"href":"https:\/\/tangooled.com\/tr\/wp-json\/wp\/v2\/media\/13524"}],"wp:attachment":[{"href":"https:\/\/tangooled.com\/tr\/wp-json\/wp\/v2\/media?parent=35175"}],"wp:term":[{"taxonomy":"pcb-width","embeddable":true,"href":"https:\/\/tangooled.com\/tr\/wp-json\/wp\/v2\/pcb-width?post=35175"},{"taxonomy":"product-cat","embeddable":true,"href":"https:\/\/tangooled.com\/tr\/wp-json\/wp\/v2\/product-cat?post=35175"}],"curies":[{"name":"wp","href":"https:\/\/api.w.org\/{rel}","templated":true}]}}