{"id":35173,"date":"2025-07-02T18:58:37","date_gmt":"2025-07-03T02:58:37","guid":{"rendered":"https:\/\/tangooled.com\/?post_type=product&#038;p=35173"},"modified":"2026-01-26T19:57:03","modified_gmt":"2026-01-27T03:57:03","slug":"up-down-illumination-pendant-led-profile-sgd5470","status":"publish","type":"product","link":"https:\/\/tangooled.com\/tr\/urun\/up-down-illumination-pendant-led-profile-sgd5470\/","title":{"rendered":"SGD5470: Yukar\u0131 A\u015fa\u011f\u0131 Ayd\u0131nlatma Ask\u0131 LED Profili"},"content":{"rendered":"<div class=\"wp-block-group\" style=\"padding-top:var(--wp--preset--spacing--80);padding-bottom:var(--wp--preset--spacing--80)\"><div class=\"wp-block-group__inner-container is-layout-constrained wp-block-group-is-layout-constrained\">\n<p>Yukar\u0131-a\u015fa\u011f\u0131 ayd\u0131nlatma sark\u0131t LED profili SGD5470, modern ayd\u0131nlatma ihtiya\u00e7lar\u0131n\u0131z i\u00e7in ideal bir \u00e7\u00f6z\u00fcmd\u00fcr. Bu y\u00fcksek kaliteli al\u00fcminyum ekstr\u00fczyon kanal\u0131, \u00e7ift ayd\u0131nlatma i\u00e7in tasarlanm\u0131\u015ft\u0131r, bu sayede hem yukar\u0131 hem de a\u015fa\u011f\u0131 bir \u015f\u0131k lineer armat\u00fcrle ayd\u0131nlatabilir. Al\u00fcminyum profil, esnek ve sert LED \u015ferit \u0131\u015f\u0131klar\u0131yla \u00e7al\u0131\u015f\u0131r. Harika \u0131s\u0131 y\u00f6netimi, d\u00fczg\u00fcn \u0131\u015f\u0131k da\u011f\u0131l\u0131m\u0131 ve ticari, konut veya misafirperver alanlar\u0131 \u015f\u0131k ve i\u015flevsel bir \u015fekilde ayd\u0131nlatman\u0131za olanak tan\u0131yan ask\u0131l\u0131 montaj se\u00e7enekleri vard\u0131r.<\/p>\n\n\n\n<p>SGD5470 yukar\u0131 ve a\u015fa\u011f\u0131 ayd\u0131nlatma sark\u0131t LED profili hem \u015f\u0131k hem de pratiktir. G\u00fc\u00e7l\u00fc al\u00fcminyum g\u00f6vde, LED \u015feritlerin serin kalmas\u0131n\u0131 sa\u011flar, bu da onlar\u0131n daha uzun s\u00fcre dayanmas\u0131n\u0131 ve zamanla parlakl\u0131\u011f\u0131n\u0131 korumas\u0131n\u0131 sa\u011flar. \u00c7ift kanal tasar\u0131m\u0131, iki LED \u015feridi i\u00e7in alan tan\u0131r ve bu sayede alan\u0131n hem \u00fcst\u00fcn\u00fc hem de alt\u0131n\u0131 ayd\u0131nlatarak duvar y\u0131kama, tavan parlakl\u0131\u011f\u0131 veya birle\u015ftirilmi\u015f kullan\u0131\u015fl\u0131 \u0131\u015f\u0131k gibi sofistike ayd\u0131nlatma efektleri olu\u015fturman\u0131z\u0131 sa\u011flar.<\/p>\n<\/div><\/div>\n\n\n\n<div class=\"wp-block-group has-background\" style=\"background-color:#f1f1f1;padding-top:var(--wp--preset--spacing--80);padding-bottom:var(--wp--preset--spacing--80)\"><div class=\"wp-block-group__inner-container is-layout-constrained wp-block-group-is-layout-constrained\">\n<div class=\"wp-block-group\" style=\"padding-top:var(--wp--preset--spacing--40);padding-bottom:var(--wp--preset--spacing--40)\"><div class=\"wp-block-group__inner-container is-layout-constrained wp-block-group-is-layout-constrained\">\n<h2 class=\"wp-block-heading\" style=\"padding-top:var(--wp--preset--spacing--40);padding-bottom:var(--wp--preset--spacing--40);font-size:25px;font-style:normal;font-weight:600;text-transform:capitalize\">Neden Bu Yukar\u0131 ve A\u015fa\u011f\u0131 Ayd\u0131nlatma Sark\u0131t LED Profilini Se\u00e7melisiniz?<\/h2>\n\n\n\n<ul class=\"wp-block-list\">\n<li> \u00c7ift ayd\u0131nlatma: A\u015fa\u011f\u0131ya parlak g\u00f6rev ayd\u0131nlatmas\u0131 ile yumu\u015fak ortam ayd\u0131nlatmas\u0131 yukar\u0131.<\/li>\n\n\n\n<li> Y\u00fcksek kaliteli malzeme: G\u00fc\u00e7l\u00fc ve \u0131s\u0131y\u0131 iyi da\u011f\u0131tan anodize 6063-T5 al\u00fcminyumdan yap\u0131lm\u0131\u015ft\u0131r.<\/li>\n\n\n\n<li>D\u00fczg\u00fcn, noktas\u0131z ayd\u0131nlatma: Buzlu polikarbonat dif\u00fcz\u00f6r, LED noktalar\u0131n\u0131n g\u00f6r\u00fcn\u00fcr olmamas\u0131n\u0131 sa\u011flar.<\/li>\n\n\n\n<li>\u00c7e\u015fitli montaj: Sark\u0131t-suspansiyon sistemi ofisler, mutfaklar, i\u015fletmeler ve daha fazlas\u0131 i\u00e7in iyi \u00e7al\u0131\u015f\u0131r.<\/li>\n\n\n\n<li>\u00d6zelle\u015ftirilebilir ve mod\u00fcler tasar\u0131m: Uzun ko\u015fular i\u00e7in kesilebilir veya profilleri birle\u015ftirebilirsiniz.<\/li>\n<\/ul>\n<\/div><\/div>\n<\/div><\/div>\n\n\n\n<div class=\"wp-block-group\" style=\"padding-top:var(--wp--preset--spacing--80);padding-bottom:var(--wp--preset--spacing--80)\"><div class=\"wp-block-group__inner-container is-layout-constrained wp-block-group-is-layout-constrained\">\n<h2 class=\"wp-block-heading\" style=\"font-size:25px;font-style:normal;font-weight:600;text-transform:capitalize\">Uygulama ve Montaj<\/h2>\n\n\n\n<p style=\"padding-top:var(--wp--preset--spacing--40);padding-bottom:var(--wp--preset--spacing--40)\">SGD5470 yukar\u0131 ve a\u015fa\u011f\u0131 ayd\u0131nlatma sark\u0131t al\u00fcminyum LED profili, dengeli mimari ayd\u0131nlatmaya ihtiya\u00e7 duyan her yerde harikad\u0131r:<\/p>\n\n\n\n<div class=\"wp-block-media-text has-media-on-the-right is-stacked-on-mobile\" style=\"grid-template-columns:auto 40%\"><div class=\"wp-block-media-text__content\">\n<ul class=\"wp-block-list\">\n<li>Verimli bir \u00e7al\u0131\u015fma ortam\u0131 i\u00e7in, ofislerde ve konferans odalar\u0131nda ayn\u0131 anda \u00e7al\u0131\u015fma alanlar\u0131n\u0131 ve tavanlar\u0131 ayd\u0131nlat\u0131n.<\/li>\n\n\n\n<li>Mutfak adalar\u0131 ve yemek alanlar\u0131 i\u00e7in, a\u015fa\u011f\u0131da parlak bir g\u00f6rev \u0131\u015f\u0131\u011f\u0131 ve yukar\u0131da s\u0131cak bir ortam par\u0131lt\u0131s\u0131.<\/li>\n\n\n\n<li>Ma\u011fazalar ve butikler: \u00dcr\u00fcnleri \u00f6ne \u00e7\u0131kar\u0131n ve davetkar bir alan\u0131 koruyun.<\/li>\n\n\n\n<li>Otellerin ve restoranlar\u0131n lobileri: Oday\u0131 iyi ayd\u0131nlatan \u015f\u0131k sark\u0131t sistemler.<\/li>\n\n\n\n<li>Sanat galerileri ve m\u00fczeler: Yumu\u015fak, pratik ayd\u0131nlatma ve duvar y\u0131kama etkileri i\u00e7in harikad\u0131r.<\/li>\n\n\n\n<li>Bu profil, kablo kitleri ile bir sark\u0131t ask\u0131 sistemi olarak kurulum yap\u0131l\u0131r. Tak-\u00e7\u0131kart dif\u00fcz\u00f6r, LED s\u0131cak noktalar\u0131 gizler ve d\u00fczg\u00fcn bir \u0131\u015f\u0131k hatt\u0131 olu\u015fturur.<\/li>\n<\/ul>\n<\/div><figure class=\"wp-block-media-text__media\"><img loading=\"lazy\" decoding=\"async\" width=\"500\" height=\"500\" src=\"https:\/\/tangooled.com\/wp-content\/uploads\/2025\/07\/sgd5470-ins.webp\" alt=\"up and down illumination pendant aluminum led strip mounting profile sgd5470\" class=\"wp-image-41053 size-full\" srcset=\"https:\/\/tangooled.com\/wp-content\/uploads\/2025\/07\/sgd5470-ins.webp 500w, https:\/\/tangooled.com\/wp-content\/uploads\/2025\/07\/sgd5470-ins-300x300.webp 300w, https:\/\/tangooled.com\/wp-content\/uploads\/2025\/07\/sgd5470-ins-150x150.webp 150w\" sizes=\"auto, (max-width: 500px) 100vw, 500px\" \/><\/figure><\/div>\n<\/div><\/div>\n\n\n\n<div class=\"wp-block-group has-background is-vertical is-layout-flex wp-container-core-group-is-layout-b429018a wp-block-group-is-layout-flex\" style=\"background-color:#f1f1f1f2;padding-top:var(--wp--preset--spacing--70);padding-bottom:var(--wp--preset--spacing--70)\">\n<h2 class=\"wp-block-heading\" style=\"padding-top:var(--wp--preset--spacing--40);padding-bottom:var(--wp--preset--spacing--40);font-size:25px;font-style:normal;font-weight:600;text-transform:capitalize\">what&#8217;s can you get from the kit?<\/h2>\n\n\n\n<ul class=\"wp-block-list\">\n<li>Y\u00fcksek kaliteli bir al\u00fcminyum kanal.<\/li>\n\n\n\n<li>I\u015f\u0131\u011f\u0131 da\u011f\u0131tan opal dif\u00fcz\u00f6r kapa\u011f\u0131.<\/li>\n\n\n\n<li>\u0130ki metal u\u00e7 kapak.<\/li>\n\n\n\n<li>Ask\u0131 kablosu kiti.<\/li>\n<\/ul>\n<\/div>\n\n\n\n<div class=\"wp-block-group\" style=\"padding-top:var(--wp--preset--spacing--80);padding-bottom:var(--wp--preset--spacing--80)\"><div class=\"wp-block-group__inner-container is-layout-constrained wp-block-group-is-layout-constrained\">\n<h2 class=\"wp-block-heading\" style=\"padding-top:var(--wp--preset--spacing--40);padding-bottom:var(--wp--preset--spacing--40);font-size:25px;font-style:normal;font-weight:600;text-transform:capitalize\">\u0130lgili \u00fcr\u00fcnler<\/h2>\n\n\n\n<p>\u0130htiya\u00e7lar\u0131n\u0131za uyan al\u00fcminyum LED profillerde daha fazla se\u00e7enek ke\u015ffedin:<\/p>\n\n\n\n<ul class=\"wp-block-list\">\n<li><a href=\"https:\/\/tangooled.com\/tr\/urun\/black-led-diffuser-aluminum-channel-for-12mm-tape-lights\/\"><mark style=\"background-color:rgba(0, 0, 0, 0)\" class=\"has-inline-color has-vivid-red-color\">12 mm bant i\u015f\u0131klar\u0131 i\u00e7in siyah LED dif\u00fcz\u00f6r al\u00fcminyum kanal\u0131<\/mark><\/a><\/li>\n\n\n\n<li><a href=\"https:\/\/tangooled.com\/tr\/urun\/surface-mount-led-profile-with-frosted-diffuser-for-10mm-rope-lights\/\"><mark style=\"background-color:rgba(0, 0, 0, 0)\" class=\"has-inline-color has-vivid-red-color\">10 mm kablo \u0131\u015f\u0131klar\u0131 i\u00e7in frosted dif\u00fcz\u00f6rl\u00fc y\u00fczey montaj LED profili<\/mark><\/a><\/li>\n\n\n\n<li><a href=\"https:\/\/tangooled.com\/tr\/urun\/aluminum-profile-with-60-degree-lens-led-diffuser\/\"><mark style=\"background-color:rgba(0, 0, 0, 0)\" class=\"has-inline-color has-vivid-red-color\">60 derece lensli LED dif\u00fcz\u00f6r ile aluminyum profil<\/mark><\/a><\/li>\n\n\n\n<li><a href=\"https:\/\/tangooled.com\/tr\/urun\/led-strip-light-channel-aluminum-profile-with-diffused-cover-6mm-height\/\"><mark style=\"background-color:rgba(0, 0, 0, 0)\" class=\"has-inline-color has-vivid-red-color\">Dif\u00fcz\u00f6r kapakl\u0131 6mm y\u00fckseklikteki LED \u015ferit \u0131\u015f\u0131k kanal\u0131 al\u00fcminyum profil<\/mark><\/a><\/li>\n<\/ul>\n<\/div><\/div>\n\n\n\n<p>SGD5470 yukar\u0131-a\u015fa\u011f\u0131 ayd\u0131nlatma sark\u0131t LED profili stil ve performans i\u00e7in tasarlanm\u0131\u015ft\u0131r. Ayd\u0131nlatma tasar\u0131m\u0131n\u0131z\u0131 bug\u00fcn y\u00fckseltin!<\/p>","protected":false},"featured_media":35146,"template":"","meta":{"_acf_changed":true,"_seopress_robots_primary_cat":"none","_seopress_titles_title":"Up Down Illumination Pendant LED Profile | SGD5470 Dual-Sided Glow | TANGOOLED","_seopress_titles_desc":"The SGD5470 is a premium up down illumination pendant led profile. Featuring dual-sided light output, this 54x70mm aluminum channel creates both direct and indirect lighting for high-end office interiors.","_seopress_robots_index":""},"pcb-width":[231],"product-cat":[194],"class_list":{"0":"post-35173","1":"product","2":"type-product","3":"status-publish","4":"has-post-thumbnail","6":"pcb-width-25-35mm","7":"product-cat-suspended-profile"},"acf":[],"_links":{"self":[{"href":"https:\/\/tangooled.com\/tr\/wp-json\/wp\/v2\/product\/35173","targetHints":{"allow":["GET"]}}],"collection":[{"href":"https:\/\/tangooled.com\/tr\/wp-json\/wp\/v2\/product"}],"about":[{"href":"https:\/\/tangooled.com\/tr\/wp-json\/wp\/v2\/types\/product"}],"wp:featuredmedia":[{"embeddable":true,"href":"https:\/\/tangooled.com\/tr\/wp-json\/wp\/v2\/media\/35146"}],"wp:attachment":[{"href":"https:\/\/tangooled.com\/tr\/wp-json\/wp\/v2\/media?parent=35173"}],"wp:term":[{"taxonomy":"pcb-width","embeddable":true,"href":"https:\/\/tangooled.com\/tr\/wp-json\/wp\/v2\/pcb-width?post=35173"},{"taxonomy":"product-cat","embeddable":true,"href":"https:\/\/tangooled.com\/tr\/wp-json\/wp\/v2\/product-cat?post=35173"}],"curies":[{"name":"wp","href":"https:\/\/api.w.org\/{rel}","templated":true}]}}