{"id":35169,"date":"2025-07-02T18:51:56","date_gmt":"2025-07-03T02:51:56","guid":{"rendered":"https:\/\/tangooled.com\/?post_type=product&#038;p=35169"},"modified":"2026-01-26T19:47:11","modified_gmt":"2026-01-27T03:47:11","slug":"sg7575-75mm-pendant-led-channel-middle-tray-quad-row","status":"publish","type":"product","link":"https:\/\/tangooled.com\/tr\/urun\/sg7575-75mm-pendant-led-channel-middle-tray-quad-row\/","title":{"rendered":"SG7575: 75x75mm Sarkan LED Kanal\u0131 Orta Tepsi (D\u00f6rt Sat\u0131r Uyumludur)"},"content":{"rendered":"<div class=\"wp-block-group\" style=\"padding-top:var(--wp--preset--spacing--80);padding-bottom:var(--wp--preset--spacing--80)\"><div class=\"wp-block-group__inner-container is-layout-constrained wp-block-group-is-layout-constrained\">\n<p>Bu 75mm sarkan LED kanal\u0131 orta tepsi ile g\u00fc\u00e7l\u00fc bir mimari lineer ayd\u0131nlatmad\u0131r ve herhangi bir ticari veya profesyonel alan\u0131 geli\u015ftirecektir.<\/p>\n\n\n\n<p>Bu 75mm geni\u015fli\u011findeki LED kanal\u0131, g\u00fc\u00e7l\u00fc aluminyumdan yap\u0131lm\u0131\u015ft\u0131r ve g\u00fc\u00e7l\u00fc, e\u015fit genel ayd\u0131nlatma sa\u011flamaya y\u00f6nelik tasarlanm\u0131\u015ft\u0131r. Entegre tasar\u0131m\u0131 en \u00f6nemli \u00f6zelli\u011fidir. Geni\u015f i\u00e7 tepsi, d\u00f6rt LED \u015feridi yan yana tutabilir ve en \u00f6nemlisi, driver'lar\u0131 (g\u00fc\u00e7 kayna\u011f\u0131) g\u00fcvenli bir \u015fekilde i\u00e7te gizler.<\/p>\n\n\n\n<p>Bu entegre konut, hacimli d\u0131\u015f kutulara veya kar\u0131\u015f\u0131k kablolar\u0131 kald\u0131rarak d\u00fczenli, profesyonel ve g\u00f6rsel olarak ho\u015f bir kurulum sa\u011flar. SG7575, ofisler, ma\u011fazalar, oteller ve konaklama ile di\u011fer y\u00fcksek kaliteli mimari ayd\u0131nlatma uygulamalar\u0131 i\u00e7in ideal olan ince, s\u00fcrekli bir \u0131\u015f\u0131k hatt\u0131 sunar.<\/p>\n\n\n\n<p>Odan\u0131z\u0131 y\u00fcksek \u00e7\u0131k\u0131\u015fl\u0131 \u0131\u015f\u0131kla ayd\u0131nlatmak ve basit, derli toplu bir g\u00f6r\u00fcn\u00fcm\u00fc korumak i\u00e7in SG7575'i se\u00e7in.<\/p>\n<\/div><\/div>\n\n\n\n<div class=\"wp-block-group has-background is-vertical is-layout-flex wp-container-core-group-is-layout-d255d7c4 wp-block-group-is-layout-flex\" style=\"background-color:#f1f1f1;padding-top:var(--wp--preset--spacing--80);padding-bottom:var(--wp--preset--spacing--80)\">\n<div class=\"wp-block-group is-vertical is-layout-flex wp-container-core-group-is-layout-8cf370e7 wp-block-group-is-layout-flex\">\n<h2 class=\"wp-block-heading\" style=\"padding-top:var(--wp--preset--spacing--40);padding-bottom:var(--wp--preset--spacing--40);font-size:25px;font-style:normal;font-weight:600;text-transform:capitalize\">Neden 75mm Orta Tepsili Sarkan LED Kanal\u0131 Se\u00e7melisiniz?<\/h2>\n\n\n\n<ul class=\"wp-block-list\">\n<li>Kanal\u0131n orta tepsisi, son derece parlak bir \u0131\u015f\u0131k olu\u015fturan d\u00f6rt LED \u015feridi destekler.<\/li>\n\n\n\n<li>G\u00fc\u00e7 s\u00fcr\u00fcc\u00fcleri ve kablolar, ortadaki tepsi taraf\u0131ndan gizlenmi\u015ftir, bu da d\u00fczenli g\u00f6r\u00fcnmesini sa\u011flar.<\/li>\n\n\n\n<li>I\u015f\u0131klar\u0131 serin tutan sa\u011flam anodize aluminyum ekstr\u00fczyondan yap\u0131lm\u0131\u015ft\u0131r.<\/li>\n\n\n\n<li>I\u015f\u0131\u011f\u0131 d\u00fczg\u00fcn ve noktas\u0131z yapan bir buzlu dif\u00fcz\u00f6rle birlikte gelir.&nbsp;<\/li>\n\n\n\n<li>As\u0131l\u0131 kanal sistemi olarak tavanlardan as\u0131labilir.<\/li>\n<\/ul>\n<\/div>\n<\/div>\n\n\n\n<div class=\"wp-block-group\" style=\"padding-top:var(--wp--preset--spacing--60);padding-bottom:var(--wp--preset--spacing--60)\"><div class=\"wp-block-group__inner-container is-layout-constrained wp-block-group-is-layout-constrained\">\n<div class=\"wp-block-media-text has-media-on-the-right is-stacked-on-mobile\"><div class=\"wp-block-media-text__content\">\n<h2 class=\"wp-block-heading\" style=\"padding-top:var(--wp--preset--spacing--40);padding-bottom:var(--wp--preset--spacing--40);font-size:25px;font-style:normal;font-weight:600;text-transform:capitalize\">SG7575 Sarkan Kanal\u0131n\u0131 Nerede Kullanabilirsiniz<\/h2>\n\n\n\n<ul class=\"wp-block-list\">\n<li>Modern ofisler: Masalar ve toplant\u0131 odalar\u0131 i\u00e7in parlak, parlamayan \u0131\u015f\u0131klar.<\/li>\n\n\n\n<li>Perakende Ma\u011fazalar\u0131: Koridorlarda iyi g\u00f6r\u00fcnen parlak \u0131\u015f\u0131klar.<\/li>\n\n\n\n<li>Oteller ve restoranlar: Lobi ve yemek alanlar\u0131nda ho\u015f ayd\u0131nlatma.<\/li>\n\n\n\n<li>Mimari ayd\u0131nlatma: Bu geni\u015f LED kanal\u0131n\u0131 hollerde veya b\u00fcy\u00fck odalarda dikkat \u00e7ekmek i\u00e7in kullan\u0131n.<\/li>\n\n\n\n<li>G\u00f6rev ayd\u0131nlatmas\u0131: \u0130htiyac\u0131 olan \u00e7al\u0131\u015fma alanlar\u0131 veya tezgahlar \u00fczerinde parlak, do\u011frudan \u0131\u015f\u0131k.<\/li>\n<\/ul>\n<\/div><figure class=\"wp-block-media-text__media\"><img loading=\"lazy\" decoding=\"async\" width=\"500\" height=\"500\" src=\"https:\/\/tangooled.com\/wp-content\/uploads\/2025\/07\/sg7575-ins.webp\" alt=\"sg7575 pendant led tape mounting channel with middle tray for quad row led strips\" class=\"wp-image-41070 size-full\" srcset=\"https:\/\/tangooled.com\/wp-content\/uploads\/2025\/07\/sg7575-ins.webp 500w, https:\/\/tangooled.com\/wp-content\/uploads\/2025\/07\/sg7575-ins-300x300.webp 300w, https:\/\/tangooled.com\/wp-content\/uploads\/2025\/07\/sg7575-ins-150x150.webp 150w\" sizes=\"auto, (max-width: 500px) 100vw, 500px\" \/><\/figure><\/div>\n<\/div><\/div>\n\n\n\n<div class=\"wp-block-group has-background\" style=\"background-color:#f1f1f1;padding-top:var(--wp--preset--spacing--80);padding-bottom:var(--wp--preset--spacing--80)\"><div class=\"wp-block-group__inner-container is-layout-constrained wp-block-group-is-layout-constrained\">\n<h2 class=\"wp-block-heading\" style=\"font-size:25px;font-style:normal;font-weight:600;text-transform:capitalize\">SG7575 Sarkan LED Kanal\u0131n\u0131 Nerede Kullanabilirsiniz<\/h2>\n\n\n\n<ul class=\"wp-block-list\">\n<li>Modern ofisler: Masalar ve toplant\u0131 odalar\u0131 i\u00e7in parlak, parlamayan \u0131\u015f\u0131klar.<\/li>\n\n\n\n<li>Perakende Ma\u011fazalar\u0131: Koridorlarda iyi g\u00f6r\u00fcnen parlak \u0131\u015f\u0131klar.<\/li>\n\n\n\n<li>Oteller ve restoranlar: Lobi ve yemek alanlar\u0131nda ho\u015f ayd\u0131nlatma.<\/li>\n\n\n\n<li>Mimari ayd\u0131nlatma: Bu geni\u015f LED kanal\u0131n\u0131 hollerde veya b\u00fcy\u00fck odalarda dikkat \u00e7ekmek i\u00e7in kullan\u0131n.<\/li>\n\n\n\n<li>G\u00f6rev ayd\u0131nlatmas\u0131: \u0130htiyac\u0131 olan \u00e7al\u0131\u015fma alanlar\u0131 veya tezgahlar \u00fczerinde parlak, do\u011frudan \u0131\u015f\u0131k.<\/li>\n<\/ul>\n<\/div><\/div>\n\n\n\n<div class=\"wp-block-group is-vertical is-layout-flex wp-container-core-group-is-layout-b429018a wp-block-group-is-layout-flex\" style=\"padding-top:var(--wp--preset--spacing--70);padding-bottom:var(--wp--preset--spacing--70)\">\n<h2 class=\"wp-block-heading\" style=\"font-size:25px;font-style:normal;font-weight:600\">What\u2019s in the Box?<\/h2>\n\n\n\n<ul class=\"wp-block-list\">\n<li>1x SG7575 Aluminyum LED kanal\u0131 (se\u00e7ti\u011finiz uzunlukta)<\/li>\n\n\n\n<li>1x Opal lens kapa\u011f\u0131 (snap-on t\u00fcr\u00fc)<\/li>\n\n\n\n<li>2x Metal u\u00e7 kapak<\/li>\n\n\n\n<li>1x Suspendi\u0307yon kiti<\/li>\n<\/ul>\n<\/div>\n\n\n\n<div class=\"wp-block-group has-background is-vertical is-layout-flex wp-container-core-group-is-layout-d255d7c4 wp-block-group-is-layout-flex\" style=\"background-color:#f1f1f1;padding-top:var(--wp--preset--spacing--80);padding-bottom:var(--wp--preset--spacing--80)\">\n<h2 class=\"wp-block-heading\" style=\"padding-top:var(--wp--preset--spacing--40);padding-bottom:var(--wp--preset--spacing--40);font-size:25px;font-style:normal;font-weight:600;text-transform:capitalize\">SG7575 Sarkan LED Kanal\u0131 Hakk\u0131nda Daha Fazla Bilgi<\/h2>\n\n\n\n<p style=\"padding-right:var(--wp--preset--spacing--50);padding-left:var(--wp--preset--spacing--50)\">Bu, d\u00f6rt LED \u015ferit s\u0131ras\u0131n\u0131 tutabilen ve g\u00fc\u00e7l\u00fc, \u015f\u0131k lineer ayd\u0131nlatma sa\u011flar. S\u00fcr\u00fcc\u00fc ve kablolar, orta tepsinin arkas\u0131nda gizlenmi\u015ftir, b\u00f6ylece tavan\u0131n\u0131z d\u00fczenli g\u00f6r\u00fcn\u00fcr. D\u00f6rt s\u0131radan \u0131\u015f\u0131klar\u0131n buzlu lens kapa\u011f\u0131, noktas\u0131z e\u015fit bir par\u0131lt\u0131 verir. Anodize aluminyum kanal son derece dayan\u0131kl\u0131d\u0131r ve bir \u0131s\u0131 emici olarak da \u00e7al\u0131\u015f\u0131r. SG7575, ticari ayd\u0131nlatma, ofis ayd\u0131nlatmas\u0131, perakende koridorlar\u0131 ve konaklama ayarlar\u0131 i\u00e7in harikad\u0131r.<\/p>\n\n\n\n<p style=\"padding-right:var(--wp--preset--spacing--50);padding-left:var(--wp--preset--spacing--50)\">\u0130yi g\u00f6r\u00fcnen ve uzun s\u00fcre dayanacak parlak \u0131\u015f\u0131k istiyorsan\u0131z, bu mimari kalite LED kanal\u0131n\u0131 al\u0131n.<\/p>\n<\/div>\n\n\n\n<div class=\"wp-block-group\" style=\"padding-top:var(--wp--preset--spacing--80);padding-bottom:var(--wp--preset--spacing--80)\"><div class=\"wp-block-group__inner-container is-layout-constrained wp-block-group-is-layout-constrained\">\n<h2 class=\"wp-block-heading\" style=\"font-size:25px;font-style:normal;font-weight:600;text-transform:capitalize\">\u0130lgili LED kanallar\u0131 hakk\u0131nda daha fazla bilgi edinin<\/h2>\n\n\n\n<ul class=\"wp-block-list\">\n<li><a href=\"https:\/\/tangooled.com\/tr\/urun\/black-led-diffuser-aluminum-channel-for-12mm-tape-lights\/\"><mark style=\"background-color:rgba(0, 0, 0, 0)\" class=\"has-inline-color has-vivid-red-color\">12 mm bant i\u015f\u0131klar\u0131 i\u00e7in siyah LED dif\u00fcz\u00f6r al\u00fcminyum kanal\u0131<\/mark><\/a><\/li>\n\n\n\n<li><a href=\"https:\/\/tangooled.com\/tr\/urun\/surface-mount-led-profile-with-frosted-diffuser-for-10mm-rope-lights\/\"><mark style=\"background-color:rgba(0, 0, 0, 0)\" class=\"has-inline-color has-vivid-red-color\">10 mm kablo \u0131\u015f\u0131klar\u0131 i\u00e7in frosted dif\u00fcz\u00f6rl\u00fc y\u00fczey montaj LED profili<\/mark><\/a><\/li>\n\n\n\n<li><a href=\"https:\/\/tangooled.com\/tr\/urun\/25x14m-surface-mounted-led-light-aluminum-profile\/\"><mark style=\"background-color:rgba(0, 0, 0, 0)\" class=\"has-inline-color has-vivid-red-color\">25x14m y\u00fczeye montelenmi\u015f LED \u0131\u015f\u0131k al\u00fcminyum profili<\/mark><\/a><\/li>\n\n\n\n<li><a href=\"https:\/\/tangooled.com\/tr\/urun\/75x75mm-pendant-aluminum-led-channel-with-space-for-led-driver\/\"><mark style=\"background-color:rgba(0, 0, 0, 0)\" class=\"has-inline-color has-vivid-red-color\">LED s\u00fcr\u00fcc\u00fcs\u00fc i\u00e7in alan\u0131 olan 75x75mm sarkan aluminyum LED kanal\u0131<\/mark><\/a><\/li>\n<\/ul>\n\n\n\n<p>D\u00f6rt sat\u0131r LED \u015feritleri i\u00e7in orta tepsi ile birlikte sarkan SG7575 LED bant montaj kanal\u0131, parlak, d\u00fczg\u00fcn ve profesyonel lineer ayd\u0131nlatma olu\u015fturman\u0131z i\u00e7in en iyi \u00e7\u00f6z\u00fcm\u00fcd\u00fcr. Lineer ayd\u0131nlatma armat\u00fcr projeleri i\u00e7in daha fazla se\u00e7ene\u011fi ke\u015ffedin<a href=\"https:\/\/tangooled.com\/tr\/led-profiles\/\"> <mark style=\"background-color:rgba(0, 0, 0, 0)\" class=\"has-inline-color has-vivid-red-color\">TANGOOLED \u00fcr\u00fcn sayfas\u0131nda.<\/mark><\/a><\/p>\n<\/div><\/div>","protected":false},"featured_media":35142,"template":"","meta":{"_acf_changed":true,"_seopress_robots_primary_cat":"none","_seopress_titles_title":"75mm Pendant LED Channel with Middle Tray | Quad-Row Support | TANGOOLED","_seopress_titles_desc":"The SG7575 is a robust 75mm pendant led channel featuring a middle tray for quad-row LED strips. Designed for heavy-duty commercial lighting, it provides ample space for internal drivers and superior heat dissipation.","_seopress_robots_index":""},"pcb-width":[232],"product-cat":[194],"class_list":{"0":"post-35169","1":"product","2":"type-product","3":"status-publish","4":"has-post-thumbnail","6":"pcb-width-35-45mm","7":"product-cat-suspended-profile"},"acf":[],"_links":{"self":[{"href":"https:\/\/tangooled.com\/tr\/wp-json\/wp\/v2\/product\/35169","targetHints":{"allow":["GET"]}}],"collection":[{"href":"https:\/\/tangooled.com\/tr\/wp-json\/wp\/v2\/product"}],"about":[{"href":"https:\/\/tangooled.com\/tr\/wp-json\/wp\/v2\/types\/product"}],"wp:featuredmedia":[{"embeddable":true,"href":"https:\/\/tangooled.com\/tr\/wp-json\/wp\/v2\/media\/35142"}],"wp:attachment":[{"href":"https:\/\/tangooled.com\/tr\/wp-json\/wp\/v2\/media?parent=35169"}],"wp:term":[{"taxonomy":"pcb-width","embeddable":true,"href":"https:\/\/tangooled.com\/tr\/wp-json\/wp\/v2\/pcb-width?post=35169"},{"taxonomy":"product-cat","embeddable":true,"href":"https:\/\/tangooled.com\/tr\/wp-json\/wp\/v2\/product-cat?post=35169"}],"curies":[{"name":"wp","href":"https:\/\/api.w.org\/{rel}","templated":true}]}}