{"id":35151,"date":"2025-07-02T18:41:59","date_gmt":"2025-07-03T02:41:59","guid":{"rendered":"https:\/\/tangooled.com\/?post_type=product&#038;p=35151"},"modified":"2026-01-29T23:59:40","modified_gmt":"2026-01-30T07:59:40","slug":"suspended-led-extrusion-profile-70mm-height","status":"publish","type":"product","link":"https:\/\/tangooled.com\/tr\/urun\/suspended-led-extrusion-profile-70mm-height\/","title":{"rendered":"ask\u0131ya al\u0131nm\u0131\u015f led ekstr\u00fczyon profili 70mm y\u00fckseklik"},"content":{"rendered":"<div class=\"wp-block-group is-vertical is-layout-flex wp-container-core-group-is-layout-d255d7c4 wp-block-group-is-layout-flex\" style=\"padding-top:var(--wp--preset--spacing--80);padding-bottom:var(--wp--preset--spacing--80)\">\n<p>Bu ask\u0131ya al\u0131nm\u0131\u015f led ekstr\u00fczyon 70mm y\u00fckseklik profili, modern ticari ve profesyonel alanlar i\u00e7in g\u00fc\u00e7l\u00fc bir do\u011frusal ayd\u0131nlatmad\u0131r. 70mm derinli\u011findeki kanal dayan\u0131kl\u0131 al\u00fcminyumdan yap\u0131lm\u0131\u015ft\u0131r ve m\u00fckemmel \u0131s\u0131 tahliye \u00f6zelliklerine sahiptir, bu da led \u015feritlerin daha uzun s\u00fcre dayanmas\u0131n\u0131 sa\u011flar.<\/p>\n\n\n\n<p>Parlak ledleri yumu\u015fak, e\u015fit bir \u0131\u015f\u0131k \u00e7izgisine d\u00f6n\u00fc\u015ft\u00fcren bir polikarbonat dif\u00fcz\u00f6re sahiptir. Geni\u015f tasar\u0131m\u0131, g\u00fc\u00e7 s\u00fcr\u00fcc\u00fclerini d\u00fczenli bir \u015fekilde gizlemek i\u00e7in yeterli alan sa\u011flar.<br>Bu profil, montaj i\u00e7in en fazla olas\u0131l\u0131\u011f\u0131 sunar: zarif ask\u0131ya alma (bir \u00e7elik tel kiti ile), temiz y\u00fczey montaj\u0131 ve d\u00fczg\u00fcn g\u00f6mme (entegrasyon) montaj\u0131.<\/p>\n<\/div>\n\n\n\n<div class=\"wp-block-group has-background\" style=\"background-color:#f1f1f1;padding-top:var(--wp--preset--spacing--80);padding-bottom:var(--wp--preset--spacing--80)\"><div class=\"wp-block-group__inner-container is-layout-constrained wp-block-group-is-layout-constrained\">\n<div class=\"wp-block-group is-vertical is-layout-flex wp-container-core-group-is-layout-8cf370e7 wp-block-group-is-layout-flex\">\n<h2 class=\"wp-block-heading\" style=\"padding-top:var(--wp--preset--spacing--40);padding-bottom:var(--wp--preset--spacing--40);font-size:25px;font-style:normal;font-weight:600;text-transform:capitalize\">Neden 70mm derinli\u011findeki Ask\u0131ya Al\u0131nm\u0131\u015f LED Ekstr\u00fczyonumuzu Se\u00e7melisiniz?<\/h2>\n\n\n\n<ul class=\"wp-block-list\">\n<li>70mm derinlik: b\u00fcy\u00fck odalar veya y\u00fcksek tavanlar i\u00e7in harika. Derin \u015fekil, g\u00fc\u00e7l\u00fc ve enerji verimli \u0131\u015f\u0131k yayan \u00e7ift s\u0131ral\u0131 LED bant kanal\u0131na uyar.<\/li>\n\n\n\n<li>Daha iyi \u0131s\u0131l y\u00f6netim: Al\u00fcminyum, ledleri so\u011fuk tutan g\u00fc\u00e7l\u00fc bir \u0131s\u0131 tahliye profilidir, b\u00f6ylece ledler daha uzun s\u00fcre dayan\u0131r.<\/li>\n\n\n\n<li>Noktas\u0131z: G\u00f6rsel konfor i\u00e7in harika, yumu\u015fak, p\u00fcr\u00fczs\u00fcz \u0131\u015f\u0131k veren opal led dif\u00fcz\u00f6r al\u00fcminyum kanal\u0131m\u0131zla kullan\u0131n.<\/li>\n\n\n\n<li>Kurulumu basit: Profilin boyutunu yerinde kesebilir veya ekstr\u00fczyon i\u00e7in lineer ba\u011flant\u0131 elemanlar\u0131 kullanarak birden fazla par\u00e7ay\u0131 birle\u015ftirebilirsiniz. Ayarlanabilir ask\u0131 kitleri ile y\u00fcksekli\u011fi tam olarak do\u011fru ayarlayabilirsiniz.<\/li>\n\n\n\n<li>Opsiyonel Kaplama: g\u00fcm\u00fc\u015f anodize, siyah toz kaplama veya dekorunuza uyacak \u00f6zel RAL renkleri.<\/li>\n<\/ul>\n<\/div>\n<\/div><\/div>\n\n\n\n<div class=\"wp-block-group\" style=\"padding-top:var(--wp--preset--spacing--60);padding-bottom:var(--wp--preset--spacing--60)\"><div class=\"wp-block-group__inner-container is-layout-constrained wp-block-group-is-layout-constrained\">\n<div class=\"wp-block-media-text has-media-on-the-right is-stacked-on-mobile\"><div class=\"wp-block-media-text__content\">\n<h2 class=\"wp-block-heading\" style=\"padding-top:var(--wp--preset--spacing--40);padding-bottom:var(--wp--preset--spacing--40);font-size:25px;font-style:normal;font-weight:600;text-transform:capitalize\">Tam Bir Sistem \u0130\u00e7in Aksesuarlar<\/h2>\n\n\n\n<p>To finish your project, you\u2019ll need some key items:<\/p>\n\n\n\n<ul class=\"wp-block-list\">\n<li>Ayarlanabilir Ask\u0131 Kitleri, tavandan asmak i\u00e7in kullanabilece\u011finiz \u00e7elik kablolar i\u00e7erir.<\/li>\n\n\n\n<li>Lineer Ba\u011flay\u0131c\u0131lar: uzun, p\u00fcr\u00fczs\u00fcz hatlar yapmak i\u00e7in birden fazla profili ba\u011flar.<\/li>\n\n\n\n<li>U\u00e7 Kapaklar: teller i\u00e7in delikli se\u00e7enekler, kablolar\u0131 d\u00fczenli g\u00f6stermek i\u00e7in.<\/li>\n\n\n\n<li>Montaj Braketleri: onu ask\u0131 yerine duvara veya ba\u015fka bir y\u00fczeye yerle\u015ftirmek i\u00e7in.<\/li>\n\n\n\n<li>LED s\u00fcr\u00fcc\u00fcleri, bir dizi LED \u015ferit ile \u00e7al\u0131\u015f\u0131r ve \u0131\u015f\u0131klar\u0131 k\u0131sman\u0131za olanak tan\u0131r.<\/li>\n<\/ul>\n<\/div><figure class=\"wp-block-media-text__media\"><img loading=\"lazy\" decoding=\"async\" width=\"500\" height=\"500\" src=\"https:\/\/tangooled.com\/wp-content\/uploads\/2025\/07\/sg5470-ins.webp\" alt=\"ask\u0131ya al\u0131nm\u0131\u015f led ekstr\u00fczyon profili 70mm y\u00fckseklik\" class=\"wp-image-41080 size-full\" srcset=\"https:\/\/tangooled.com\/wp-content\/uploads\/2025\/07\/sg5470-ins.webp 500w, https:\/\/tangooled.com\/wp-content\/uploads\/2025\/07\/sg5470-ins-300x300.webp 300w, https:\/\/tangooled.com\/wp-content\/uploads\/2025\/07\/sg5470-ins-150x150.webp 150w\" sizes=\"auto, (max-width: 500px) 100vw, 500px\" \/><\/figure><\/div>\n<\/div><\/div>\n\n\n\n<div class=\"wp-block-group has-background\" style=\"background-color:#f1f1f1;padding-top:var(--wp--preset--spacing--80);padding-bottom:var(--wp--preset--spacing--80)\"><div class=\"wp-block-group__inner-container is-layout-constrained wp-block-group-is-layout-constrained\">\n<h2 class=\"wp-block-heading\" style=\"padding-top:var(--wp--preset--spacing--40);padding-bottom:var(--wp--preset--spacing--40);font-size:25px;font-style:normal;font-weight:600;text-transform:capitalize\">what&#8217;s included in the kit?<\/h2>\n\n\n\n<ul class=\"wp-block-list\">\n<li>1x y\u00fcksek kaliteli ekstr\u00fcde al\u00fcminyum kanal<\/li>\n\n\n\n<li>1x polikarbonat (PC) opal dif\u00fcz\u00f6r<\/li>\n\n\n\n<li>1x 2 metal u\u00e7 kapak<\/li>\n\n\n\n<li>1x ask\u0131 kablo seti<\/li>\n\n\n\n<li>1x g\u00f6mme tokal\u0131 (opsiyon)<\/li>\n<\/ul>\n<\/div><\/div>\n\n\n\n<div class=\"wp-block-group\" style=\"padding-top:var(--wp--preset--spacing--80);padding-bottom:var(--wp--preset--spacing--80)\"><div class=\"wp-block-group__inner-container is-layout-constrained wp-block-group-is-layout-constrained\">\n<h2 class=\"wp-block-heading\" style=\"padding-top:var(--wp--preset--spacing--40);padding-bottom:var(--wp--preset--spacing--40);font-size:25px;font-style:normal;font-weight:600;text-transform:capitalize\">70mm Y\u00fckseklikteki Ask\u0131ya Al\u0131nm\u0131\u015f LED Ekstr\u00fczyon Profilinizi Nerede Kullanabilirsiniz?<\/h2>\n\n\n\n<p style=\"padding-right:var(--wp--preset--spacing--50);padding-left:var(--wp--preset--spacing--50)\">Bu do\u011frusal \u0131\u015f\u0131k profili \u015funlar i\u00e7in m\u00fckemmeldir:<\/p>\n\n\n\n<ul class=\"wp-block-list\">\n<li>Ofisler, konferans odalar\u0131, koridorlar ve lobiler gibi i\u015fletmeler i\u00e7in ayd\u0131nlatma.<\/li>\n\n\n\n<li>Ma\u011fazalarda: raflar, sergiler ve indirimli katlar i\u00e7in ayd\u0131nlatma.<\/li>\n\n\n\n<li>Misafirperverlik: restoranlar, barlar, oteller ve kafeler.<\/li>\n\n\n\n<li>\u00d6\u011frenme yerleri: k\u00fct\u00fcphaneler ve s\u0131n\u0131flar.<\/li>\n\n\n\n<li>Modern evlerdeki y\u00fcksek tavanl\u0131 oturma alanlar\u0131 ve mutfaklar.<\/li>\n<\/ul>\n<\/div><\/div>\n\n\n\n<div class=\"wp-block-group has-background\" style=\"background-color:#f1f1f1;padding-top:var(--wp--preset--spacing--80);padding-bottom:var(--wp--preset--spacing--80)\"><div class=\"wp-block-group__inner-container is-layout-constrained wp-block-group-is-layout-constrained\">\n<h2 class=\"wp-block-heading\" style=\"padding-top:var(--wp--preset--spacing--40);padding-bottom:var(--wp--preset--spacing--40);font-size:25px;font-style:normal;font-weight:600;text-transform:capitalize\">Daha Fazla Profil ve Aksesuar\u0131 Ke\u015ffedin<\/h2>\n\n\n\n<ul class=\"wp-block-list\">\n<li><a href=\"https:\/\/tangooled.com\/tr\/urun\/surface-mount-led-profile-with-frosted-diffuser-for-10mm-rope-lights\/\"><mark style=\"background-color:rgba(0, 0, 0, 0)\" class=\"has-inline-color has-vivid-red-color\">10 mm kablo \u0131\u015f\u0131klar\u0131 i\u00e7in frosted dif\u00fcz\u00f6rl\u00fc y\u00fczey montaj LED profili<\/mark><\/a><\/li>\n\n\n\n<li><a href=\"https:\/\/tangooled.com\/tr\/urun\/black-aluminum-u-channel-profile-for-10mm-led-strips\/\"><mark style=\"background-color:rgba(0, 0, 0, 0)\" class=\"has-inline-color has-vivid-red-color\">10mm LED \u015feritler i\u00e7in siyah al\u00fcminyum U kanal\u0131 profili<\/mark><\/a><\/li>\n\n\n\n<li><a href=\"http:\/\/Up and down illumination pendant aluminum led strip mounting profile sgd5470\"><mark style=\"background-color:rgba(0, 0, 0, 0)\" class=\"has-inline-color has-vivid-red-color\">yukar\u0131 ve a\u015fa\u011f\u0131 ayd\u0131nlatma sark\u0131t al\u00fcminyum LED \u015ferit montaj profili sgd5470<\/mark><\/a><\/li>\n<\/ul>\n<\/div><\/div>","protected":false},"featured_media":35138,"template":"","meta":{"_acf_changed":true,"_seopress_robots_primary_cat":"none","_seopress_titles_title":"Suspended LED Extrusion 70mm Height | SG5470 Internal Driver Profile I TANGOOLED","_seopress_titles_desc":"The SG5470 is a professional suspended led extrusion 70mm height designed for architectural lighting. Its deep housing ensures dot-free illumination and provides ample space for internal drivers. Ideal for office linear lighting.","_seopress_robots_index":""},"pcb-width":[231],"product-cat":[192,194],"class_list":{"0":"post-35151","1":"product","2":"type-product","3":"status-publish","4":"has-post-thumbnail","6":"pcb-width-25-35mm","7":"product-cat-surface-led-profile","8":"product-cat-suspended-profile"},"acf":[],"_links":{"self":[{"href":"https:\/\/tangooled.com\/tr\/wp-json\/wp\/v2\/product\/35151","targetHints":{"allow":["GET"]}}],"collection":[{"href":"https:\/\/tangooled.com\/tr\/wp-json\/wp\/v2\/product"}],"about":[{"href":"https:\/\/tangooled.com\/tr\/wp-json\/wp\/v2\/types\/product"}],"wp:featuredmedia":[{"embeddable":true,"href":"https:\/\/tangooled.com\/tr\/wp-json\/wp\/v2\/media\/35138"}],"wp:attachment":[{"href":"https:\/\/tangooled.com\/tr\/wp-json\/wp\/v2\/media?parent=35151"}],"wp:term":[{"taxonomy":"pcb-width","embeddable":true,"href":"https:\/\/tangooled.com\/tr\/wp-json\/wp\/v2\/pcb-width?post=35151"},{"taxonomy":"product-cat","embeddable":true,"href":"https:\/\/tangooled.com\/tr\/wp-json\/wp\/v2\/product-cat?post=35151"}],"curies":[{"name":"wp","href":"https:\/\/api.w.org\/{rel}","templated":true}]}}