{"id":35123,"date":"2025-07-02T17:09:17","date_gmt":"2025-07-03T01:09:17","guid":{"rendered":"https:\/\/tangooled.com\/?post_type=product&#038;p=35123"},"modified":"2026-01-26T01:19:17","modified_gmt":"2026-01-26T09:19:17","slug":"black-led-strip-light-channel-35x66mm-for-ceiling-hanging","status":"publish","type":"product","link":"https:\/\/tangooled.com\/tr\/urun\/black-led-strip-light-channel-35x66mm-for-ceiling-hanging\/","title":{"rendered":"Tavan Ask\u0131 \u0130\u00e7in 35x66mm Siyah LED Profil (Derin Seri)"},"content":{"rendered":"<div class=\"wp-block-group is-vertical is-layout-flex wp-container-core-group-is-layout-d255d7c4 wp-block-group-is-layout-flex\" style=\"padding-top:var(--wp--preset--spacing--80);padding-bottom:var(--wp--preset--spacing--80)\">\n<p>35X66mm Siyah LED Kanal\u0131m\u0131z, derin bir alan\u0131 olan sark\u0131t al\u00fcminyum profildir. Bu sark\u0131t ayd\u0131nlatma armat\u00fcr\u00fc, daha iyi tasar\u0131m ve i\u015flev ile profesyonel seviyede lineer ayd\u0131nlatma sa\u011flar.<\/p>\n\n\n\n<p>The profile&#8217;s sophisticated design includes a movable middle&nbsp;tray dedicated to LED strip installation. This tray splits the profile into two parts: the top part contains the LED strip, while the bottom part is made to hold and hide the LED drivers and wiring. This eliminates the need for large external driver boxes, resulting in a clean, seamless appearance. The movable center tray is very important since it makes it easy to get to the LED strips and power supply modules for both installation and future maintenance.<\/p>\n\n\n\n<p>Kanal, geni\u015fli\u011fi 20mm'ye kadar olan LED \u015feritlere uyacak \u015fekilde tasarlanm\u0131\u015ft\u0131r. Bu profil, metal u\u00e7 kapaklara sahiptir ve uzun \u00f6m\u00fcrl\u00fc, y\u00fcksek kaliteli bir g\u00f6r\u00fcn\u00fcm veren bir \u00e7elik tel montaj kiti ile ask\u0131 montaj\u0131 i\u00e7in tasarlanm\u0131\u015ft\u0131r. Bu, kamu alanlar\u0131, l\u00fcks ofisler ve ma\u011fazalar i\u00e7in harika bir se\u00e7im yapar.<\/p>\n<\/div>\n\n\n\n<div class=\"wp-block-group has-background is-vertical is-layout-flex wp-container-core-group-is-layout-d255d7c4 wp-block-group-is-layout-flex\" style=\"background-color:#f1f1f1;padding-top:var(--wp--preset--spacing--80);padding-bottom:var(--wp--preset--spacing--80)\">\n<div class=\"wp-block-group is-vertical is-layout-flex wp-container-core-group-is-layout-8cf370e7 wp-block-group-is-layout-flex\">\n<h2 class=\"wp-block-heading\" style=\"padding-top:var(--wp--preset--spacing--40);padding-bottom:var(--wp--preset--spacing--40);font-size:25px;font-style:normal;font-weight:600;text-transform:capitalize\">Neden 35x66mm Siyah LED \u015eerit I\u015f\u0131k Kanal\u0131m\u0131z\u0131 Se\u00e7melisiniz?<\/h2>\n\n\n\n<ul class=\"wp-block-list\">\n<li>Bu siyah LED \u015ferit \u0131\u015f\u0131k kanal\u0131, 6063-T5 anodize al\u00fcminyumdan yap\u0131lm\u0131\u015ft\u0131r ve LED \u015feritlerinizi serin tutmak i\u00e7in g\u00fc\u00e7l\u00fc bir \u0131s\u0131 da\u011f\u0131t\u0131c\u0131 olarak i\u015flev g\u00f6r\u00fcr, bu da onlar\u0131n daha uzun \u00f6m\u00fcrl\u00fc olmas\u0131n\u0131 sa\u011flar.<\/li>\n\n\n\n<li>Dahili S\u00fcr\u00fcc\u00fc Alan\u0131: Derin alan mimarisi sayesinde, bu profil entegre LED s\u00fcr\u00fcc\u00fcleri yerle\u015ftirmek i\u00e7in yeterli alan sunar.<\/li>\n\n\n\n<li>Bir sark\u0131t ayd\u0131nlatma kanal\u0131 olarak tasarlanm\u0131\u015ft\u0131r, tavan ask\u0131 kitleri ile birlikte gelir; bu kitler, tel ask\u0131 sistemleri ve ayd\u0131nlatma i\u00e7in kablo i\u00e7erir.<\/li>\n\n\n\n<li>I\u015f\u0131\u011f\u0131 daha e\u015fit bir \u015fekilde yaymak ve s\u0131cak noktalar\u0131 ortadan kald\u0131rmak i\u00e7in matla\u015ft\u0131r\u0131lm\u0131\u015f polikarbonat dif\u00fcz\u00f6r lense sahiptir.<\/li>\n\n\n\n<li>LED \u015feridin i\u00e7 boyutu 21.5mm geni\u015fli\u011findedir, b\u00f6ylece m\u00fcmk\u00fcn olan en fazla \u0131\u015f\u0131\u011f\u0131 elde etmek i\u00e7in y\u00fcksek yo\u011funluklu LED \u015feritleri, \u00f6rne\u011fin COB LED \u015feritleri veya \u00e7ift s\u0131ral\u0131 \u015feritler ekleyebilirsiniz.<\/li>\n<\/ul>\n<\/div>\n<\/div>\n\n\n\n<div class=\"wp-block-group\" style=\"padding-top:var(--wp--preset--spacing--60);padding-bottom:var(--wp--preset--spacing--60)\"><div class=\"wp-block-group__inner-container is-layout-constrained wp-block-group-is-layout-constrained\">\n<div class=\"wp-block-media-text has-media-on-the-right is-stacked-on-mobile\"><div class=\"wp-block-media-text__content\">\n<h2 class=\"wp-block-heading\" style=\"font-size:25px;font-style:normal;font-weight:600;text-transform:capitalize\">nas\u0131l kurulur<\/h2>\n\n\n\n<ul class=\"wp-block-list\">\n<li>Kanal\u0131 istedi\u011finiz uzunlu\u011fa kesmek i\u00e7in bir metal testere kullan\u0131n.<\/li>\n\n\n\n<li>Kanal\u0131n i\u00e7ine y\u00fcksek kaliteli LED \u015feritleri yerle\u015ftirin.<\/li>\n\n\n\n<li>Kanal\u0131, onunla uyumlu tavan ask\u0131 kitleri ile as\u0131n (ayr\u0131 olarak sat\u0131l\u0131r).<\/li>\n\n\n\n<li>LED'leri korumak ve \u0131\u015f\u0131\u011f\u0131n d\u00fczg\u00fcn olmas\u0131n\u0131 sa\u011flamak i\u00e7in matla\u015ft\u0131r\u0131lm\u0131\u015f dif\u00fcz\u00f6r lensini yer yerine oturtun.<\/li>\n\n\n\n<li>G\u00fczel g\u00f6r\u00fcnmesi i\u00e7in u\u00e7 kapaklar\u0131 tak\u0131n.<\/li>\n\n\n\n<li>Elektri\u011fe ba\u011flanmak i\u00e7in iste\u011fe ba\u011fl\u0131 dimmable s\u00fcr\u00fcc\u00fcler veya Lutron veya Philips Hue gibi ak\u0131ll\u0131 ev entegrasyon mod\u00fclleri ile birlikte 24V DC g\u00fc\u00e7 kayna\u011f\u0131 kullan\u0131n.<\/li>\n<\/ul>\n<\/div><figure class=\"wp-block-media-text__media\"><img loading=\"lazy\" decoding=\"async\" width=\"500\" height=\"500\" src=\"https:\/\/tangooled.com\/wp-content\/uploads\/2025\/07\/sg3566-ins.webp\" alt=\"tavan montaj\u0131 i\u00e7in 35x66mm siyah led \u015ferit \u0131\u015f\u0131k kanal\u0131\" class=\"wp-image-41089 size-full\" srcset=\"https:\/\/tangooled.com\/wp-content\/uploads\/2025\/07\/sg3566-ins.webp 500w, https:\/\/tangooled.com\/wp-content\/uploads\/2025\/07\/sg3566-ins-300x300.webp 300w, https:\/\/tangooled.com\/wp-content\/uploads\/2025\/07\/sg3566-ins-150x150.webp 150w\" sizes=\"auto, (max-width: 500px) 100vw, 500px\" \/><\/figure><\/div>\n<\/div><\/div>\n\n\n\n<div class=\"wp-block-group has-background\" style=\"background-color:#f1f1f1;padding-top:var(--wp--preset--spacing--80);padding-bottom:var(--wp--preset--spacing--80)\"><div class=\"wp-block-group__inner-container is-layout-constrained wp-block-group-is-layout-constrained\">\n<h2 class=\"wp-block-heading\" style=\"font-size:25px;font-style:normal;font-weight:600;text-transform:capitalize\">What\u2019s in the kit?<\/h2>\n\n\n\n<ul class=\"wp-block-list\">\n<li>Al\u00fcminyum Profil: 1 adet, \u00f6zel uzunluk.<\/li>\n\n\n\n<li>Al\u00fcminyum Orta Insert\/Tepsi: 1 adet, \u00f6zel uzunluk.<\/li>\n\n\n\n<li>Polikarbonat (PC) Dif\u00fcz\u00f6r: 1 adet, \u00f6zel uzunluk.<\/li>\n\n\n\n<li>Metal U\u00e7 Kapaklar: 2 adet (1 \u00e7ift).<\/li>\n\n\n\n<li>Duvar montaj\u0131 klipsi.<\/li>\n\n\n\n<li>Ask\u0131 Kiti: 1 set (kablolar, d\u00fcbel ve sabitleyiciler dahil).<\/li>\n<\/ul>\n<\/div><\/div>\n\n\n\n<div class=\"wp-block-group is-vertical is-layout-flex wp-container-core-group-is-layout-d255d7c4 wp-block-group-is-layout-flex\" style=\"padding-top:var(--wp--preset--spacing--80);padding-bottom:var(--wp--preset--spacing--80)\">\n<h2 class=\"wp-block-heading\" style=\"padding-top:var(--wp--preset--spacing--40);padding-bottom:var(--wp--preset--spacing--40);font-size:25px;font-style:normal;font-weight:600;text-transform:capitalize\">\u0130deal Kullan\u0131m Senaryolar\u0131<\/h2>\n\n\n\n<ul class=\"wp-block-list\">\n<li>Ambiyans ve atmosfer ayd\u0131nlatmas\u0131: Oturma odalar\u0131, mutfaklar veya insanlar\u0131n bulundu\u011fu yerler i\u00e7in nazik, modern ambiyans ayd\u0131nlatmas\u0131 yap\u0131n.<\/li>\n\n\n\n<li>Mimari Vurgu Ayd\u0131nlatmas\u0131: Tavanlara, duvarlara ve dolaplara dikkat \u00e7ekmek i\u00e7in \u015f\u0131k siyah lineer armat\u00fcrler kullan\u0131n.<\/li>\n\n\n\n<li>Ofisler ve i\u015fletmeler i\u00e7in, ofislerde, toplant\u0131 odalar\u0131nda, ma\u011faza vitrinlerinde ve kar\u015f\u0131lama masalar\u0131nda sark\u0131t ayd\u0131nlatma i\u00e7in kullan\u0131n.<\/li>\n\n\n\n<li>Evler i\u00e7in Sark\u0131t Lineer I\u015f\u0131klar: Modern oturma odalar\u0131, mutfaklar ve y\u00fcksek tavanl\u0131 yemek alanlar\u0131 i\u00e7in harika.<\/li>\n\n\n\n<li>Genel Ayd\u0131nlatma: Renkleri do\u011fal bir \u015fekilde daha iyi g\u00f6steren y\u00fcksek CRI LED \u015feritler ile kullan\u0131n, iyi renk s\u0131cakl\u0131\u011f\u0131 (CCT) se\u00e7enekleri sunar.<\/li>\n<\/ul>\n<\/div>\n\n\n\n<div class=\"wp-block-group has-background\" style=\"background-color:#f1f1f1;padding-top:var(--wp--preset--spacing--80);padding-bottom:var(--wp--preset--spacing--80)\"><div class=\"wp-block-group__inner-container is-layout-constrained wp-block-group-is-layout-constrained\">\n<h2 class=\"wp-block-heading\" style=\"font-size:25px;font-style:normal;font-weight:600\">Be\u011fenebilece\u011finiz \u0130lgili \u00dcr\u00fcnler<\/h2>\n\n\n\n<ul class=\"wp-block-list\">\n<li><a href=\"https:\/\/tangooled.com\/tr\/urun\/black-led-profile-with-black-diffuser-for-10mm-led-strip-light\/\"><mark style=\"background-color:rgba(0, 0, 0, 0)\" class=\"has-inline-color has-vivid-red-color\">10mm LED \u015eerit Ayd\u0131nlatma i\u00e7in Siyah Dif\u00fcz\u00f6rl\u00fc Siyah LED Profili<\/mark><\/a><\/li>\n\n\n\n<li><a href=\"https:\/\/tangooled.com\/tr\/urun\/black-led-diffuser-aluminum-channel-for-12mm-tape-lights\/\"><mark style=\"background-color:rgba(0, 0, 0, 0)\" class=\"has-inline-color has-vivid-red-color\">12 mm \u015eerit I\u015f\u0131klar i\u00e7in Siyah LED Dif\u00fcz\u00f6r Al\u00fcminyum Kanal<\/mark><\/a><\/li>\n\n\n\n<li><a href=\"https:\/\/tangooled.com\/tr\/urun\/surface-mount-led-profile-with-frosted-diffuser-for-10mm-rope-lights\/\"><mark style=\"background-color:rgba(0, 0, 0, 0)\" class=\"has-inline-color has-vivid-red-color\">10mm Tel Ayd\u0131nlatmalar\u0131 i\u00e7in Buzlu Dif\u00fcz\u00f6rl\u00fc Y\u00fczeye Montaj LED Profili<\/mark><\/a><\/li>\n\n\n\n<li><a href=\"https:\/\/tangooled.com\/tr\/urun\/black-aluminum-u-channel-profile-for-10mm-led-strips\/\"><mark style=\"background-color:rgba(0, 0, 0, 0)\" class=\"has-inline-color has-vivid-red-color\">10mm LED \u015eeritler i\u00e7in Siyah Al\u00fcminyum U Profil<\/mark><\/a><\/li>\n<\/ul>\n<\/div><\/div>\n\n\n\n<div class=\"wp-block-group\" style=\"padding-top:var(--wp--preset--spacing--80);padding-bottom:var(--wp--preset--spacing--80)\"><div class=\"wp-block-group__inner-container is-layout-constrained wp-block-group-is-layout-constrained\">\n<h2 class=\"wp-block-heading\" style=\"padding-top:var(--wp--preset--spacing--40);padding-bottom:var(--wp--preset--spacing--40);font-size:25px;font-style:normal;font-weight:600;text-transform:capitalize\">\u00d6zet<\/h2>\n\n\n\n<p>Our black led channel 35x66mm for ceiling hanging is a stylish, sturdy choice to build suspended LED linear lights. The matte black finish, durable aluminum extrusion, and frosted diffuser create dotless LED strip lighting that fits multiple scenarios\u2014from residential kitchens, commercial offices, to retail environments.<\/p>\n\n\n\n<p>Bu kanal, kolay montaj, m\u00fckemmel \u0131s\u0131 da\u011f\u0131t\u0131m\u0131 ve ideal \u0131\u015f\u0131k da\u011f\u0131l\u0131m\u0131 sunar. Bir\u00e7ok LED \u015ferit t\u00fcr\u00fcn\u00fc destekler ve modern mimari ayd\u0131nlatma tasar\u0131mlar\u0131yla sark\u0131t montajda g\u00fczelce b\u00fct\u00fcnle\u015fir.<\/p>\n\n\n\n<p>Elevate your lighting project with our black led strip light channel 35x66mm\u2014engineered for performance, designed for style.<\/p>\n\n\n\n<p style=\"font-size:25px\"><\/p>\n<\/div><\/div>","protected":false},"featured_media":16248,"template":"","meta":{"_acf_changed":true,"_seopress_robots_primary_cat":"none","_seopress_titles_title":"35x66mm Black LED Channel | Deep-Cavity Pendant Aluminum Profile | TANGOOLED","_seopress_titles_desc":"This 35x66mm black led channel for ceiling hanging features a deep-profile design, ensuring a dot-free glow and providing space for internal drivers. Ideal for sleek, modern office lighting.","_seopress_robots_index":""},"pcb-width":[229],"product-cat":[192,194],"class_list":{"0":"post-35123","1":"product","2":"type-product","3":"status-publish","4":"has-post-thumbnail","6":"pcb-width-15-20mm","7":"product-cat-surface-led-profile","8":"product-cat-suspended-profile"},"acf":[],"_links":{"self":[{"href":"https:\/\/tangooled.com\/tr\/wp-json\/wp\/v2\/product\/35123","targetHints":{"allow":["GET"]}}],"collection":[{"href":"https:\/\/tangooled.com\/tr\/wp-json\/wp\/v2\/product"}],"about":[{"href":"https:\/\/tangooled.com\/tr\/wp-json\/wp\/v2\/types\/product"}],"wp:featuredmedia":[{"embeddable":true,"href":"https:\/\/tangooled.com\/tr\/wp-json\/wp\/v2\/media\/16248"}],"wp:attachment":[{"href":"https:\/\/tangooled.com\/tr\/wp-json\/wp\/v2\/media?parent=35123"}],"wp:term":[{"taxonomy":"pcb-width","embeddable":true,"href":"https:\/\/tangooled.com\/tr\/wp-json\/wp\/v2\/pcb-width?post=35123"},{"taxonomy":"product-cat","embeddable":true,"href":"https:\/\/tangooled.com\/tr\/wp-json\/wp\/v2\/product-cat?post=35123"}],"curies":[{"name":"wp","href":"https:\/\/api.w.org\/{rel}","templated":true}]}}