{"id":35122,"date":"2025-07-02T17:06:40","date_gmt":"2025-07-03T01:06:40","guid":{"rendered":"https:\/\/tangooled.com\/?post_type=product&#038;p=35122"},"modified":"2026-01-26T01:02:59","modified_gmt":"2026-01-26T09:02:59","slug":"pendant-light-aluminum-led-channel-35x40mm-with-flat-light-cover","status":"publish","type":"product","link":"https:\/\/tangooled.com\/tr\/urun\/pendant-light-aluminum-led-channel-35x40mm-with-flat-light-cover\/","title":{"rendered":"35x40mm Pendant LED Kanal Al\u00fcminyum D\u00fcz I\u015f\u0131k Kapa\u011f\u0131 ile"},"content":{"rendered":"<div class=\"wp-block-group\" style=\"padding-top:var(--wp--preset--spacing--80);padding-bottom:var(--wp--preset--spacing--80)\"><div class=\"wp-block-group__inner-container is-layout-constrained wp-block-group-is-layout-constrained\">\n<p>Odan\u0131z\u0131 d\u00fcz \u0131\u015f\u0131k kapa\u011f\u0131na sahip 35x40mm al\u00fcminyum profilli pendant LED kanal\u0131m\u0131zla ayd\u0131nlat\u0131n. Bu profesyonel LED konut, modern evler ve i\u015fyerleri i\u00e7in tasarlanm\u0131\u015ft\u0131r, \u015f\u0131k as\u0131l\u0131 lineer ayd\u0131nlatma yaratmak i\u00e7in m\u00fckemmeldir. Y\u00fcksek kaliteli bir estetik sa\u011flarken m\u00fckemmel, e\u015fit olarak da\u011f\u0131t\u0131lm\u0131\u015f ayd\u0131nlatma sunar. <\/p>\n\n\n\n<p>Pendant LED al\u00fcminyum kanal\u0131 \u00e7ift odac\u0131kl\u0131 bir yap\u0131ya sahiptir. \u00dcst odas\u0131, LED \u015ferit \u0131\u015f\u0131klar\u0131n\u0131 g\u00fcvenli bir \u015fekilde monte etmek i\u00e7in tasarlanm\u0131\u015ft\u0131r ve bu \u0131\u015f\u0131klar, d\u00fcz, noktas\u0131z ayd\u0131nlatma i\u00e7in polikarbonat (PC) dif\u00fcz\u00f6r ile kaplanm\u0131\u015ft\u0131r. Ayr\u0131 alt odas\u0131, g\u00fc\u00e7 kayna\u011f\u0131n\u0131 bar\u0131nd\u0131rmak i\u00e7in \u00f6zel olarak tasarlanm\u0131\u015ft\u0131r, bu da alan\u0131 optimize eder ve kurulumu basit hale getirir.<\/p>\n\n\n\n<p>Bu as\u0131l\u0131 kanal, metal u\u00e7 kapaklar, s\u00fcspansiyon tel kitleri, s\u00fcrekli \u00e7al\u0131\u015fmalara y\u00f6nelik konekt\u00f6rler ve g\u00fcvenli montaj i\u00e7in g\u00f6m\u00fcl\u00fc kancalar i\u00e7ermektedir. Bu \u00e7ok y\u00f6nl\u00fc profil, hem pendant montaj\u0131 hem de duvara g\u00f6mme montaj\u0131 destekler, evler, ofisler ve perakende alanlar\u0131 i\u00e7in esnek tasar\u0131m \u00e7\u00f6z\u00fcmleri sunar.<\/p>\n<\/div><\/div>\n\n\n\n<div class=\"wp-block-group has-background is-vertical is-layout-flex wp-container-core-group-is-layout-d255d7c4 wp-block-group-is-layout-flex\" style=\"background-color:#f1f1f1;padding-top:var(--wp--preset--spacing--80);padding-bottom:var(--wp--preset--spacing--80)\">\n<div class=\"wp-block-group is-vertical is-layout-flex wp-container-core-group-is-layout-8cf370e7 wp-block-group-is-layout-flex\">\n<h2 class=\"wp-block-heading\" style=\"padding-top:var(--wp--preset--spacing--40);padding-bottom:var(--wp--preset--spacing--40);font-size:25px;font-style:normal;font-weight:600;text-transform:capitalize\">Neden 35x40mm Pendant LED Kanal\u0131m\u0131z\u0131 Se\u00e7melisiniz?<\/h2>\n\n\n\n<ul class=\"wp-block-list\">\n<li>Made of durable 6063-T5 anodized aluminum that won&#8217;t rust.<\/li>\n\n\n\n<li>16 ila 20 mm geni\u015fli\u011findeki LED \u015feritleri ile \u00e7al\u0131\u015f\u0131r, \u00f6rne\u011fin SMD 2835, 5050 veya COB \u015feritler.<\/li>\n\n\n\n<li>I\u015f\u0131\u011f\u0131 nazik ve e\u015fit yapmak i\u00e7in d\u00fcz bu\u011fulu polikarbonat dif\u00fcz\u00f6r ile birlikte gelir.<\/li>\n\n\n\n<li>As\u0131l\u0131 ayd\u0131nlatma veya duvar ve tavanlarda y\u00fczey montaj\u0131 olarak kullan\u0131labilir.<\/li>\n\n\n\n<li>Kurulumu kolayla\u015ft\u0131rmak i\u00e7in u\u00e7 kapaklar, montaj klipleri ve s\u00fcspansiyon kitleri ile birlikte gelir.<\/li>\n\n\n\n<li>Mimari ayd\u0131nlatma, g\u00f6rev ayd\u0131nlatmas\u0131, ortam ayd\u0131nlatmas\u0131 ve lineer ayd\u0131nlatma gibi bir\u00e7ok farkl\u0131 ayd\u0131nlatma t\u00fcr\u00fc ile \u00e7al\u0131\u015f\u0131r.<\/li>\n<\/ul>\n<\/div>\n<\/div>\n\n\n\n<div class=\"wp-block-group\" style=\"padding-top:var(--wp--preset--spacing--60);padding-bottom:var(--wp--preset--spacing--60)\"><div class=\"wp-block-group__inner-container is-layout-constrained wp-block-group-is-layout-constrained\">\n<div class=\"wp-block-media-text has-media-on-the-right is-stacked-on-mobile\"><div class=\"wp-block-media-text__content\">\n<h2 class=\"wp-block-heading\" style=\"font-size:25px;font-style:normal;font-weight:600;text-transform:capitalize\">nas\u0131l kurulur<\/h2>\n\n\n\n<ul class=\"wp-block-list\">\n<li>Kanal\u0131 ve dif\u00fcz\u00f6r\u00fc istedi\u011finiz uzunlukta kesmek i\u00e7in profesyonel bir testere kullan\u0131n.<\/li>\n\n\n\n<li>Duvar\u0131n\u0131za veya tavan\u0131n\u0131za kancalar\u0131 ya da s\u00fcspansiyon tellerini yerle\u015ftirin.<\/li>\n\n\n\n<li>LED \u015feritini kanala yerle\u015ftirin ve iyi bir \u015fekilde yap\u0131\u015ft\u0131\u011f\u0131ndan emin olun.<\/li>\n\n\n\n<li>LED \u015ferit kablolar\u0131n\u0131 s\u00fcr\u00fcc\u00fcye ba\u011flamak i\u00e7in u\u00e7 kapak deli\u011fini kullan\u0131n.<\/li>\n\n\n\n<li>LED'leri korumak ve \u0131\u015f\u0131\u011f\u0131 yumu\u015fatmak i\u00e7in d\u00fcz kapa\u011f\u0131 koyun.<\/li>\n\n\n\n<li>Kanal\u0131 g\u00fcvenli bir \u015fekilde as\u0131n veya monte edin, ard\u0131ndan yeni \u0131\u015f\u0131klar\u0131n\u0131z\u0131n tad\u0131n\u0131 \u00e7\u0131kar\u0131n!<\/li>\n<\/ul>\n<\/div><figure class=\"wp-block-media-text__media\"><img loading=\"lazy\" decoding=\"async\" width=\"500\" height=\"500\" src=\"https:\/\/tangooled.com\/wp-content\/uploads\/2025\/07\/sg3540-ins.webp\" alt=\"pendant light aluminum led channel 35x40mm with flat light cover\" class=\"wp-image-41104 size-full\" srcset=\"https:\/\/tangooled.com\/wp-content\/uploads\/2025\/07\/sg3540-ins.webp 500w, https:\/\/tangooled.com\/wp-content\/uploads\/2025\/07\/sg3540-ins-300x300.webp 300w, https:\/\/tangooled.com\/wp-content\/uploads\/2025\/07\/sg3540-ins-150x150.webp 150w\" sizes=\"auto, (max-width: 500px) 100vw, 500px\" \/><\/figure><\/div>\n<\/div><\/div>\n\n\n\n<div class=\"wp-block-group has-background\" style=\"background-color:#f1f1f1;padding-top:var(--wp--preset--spacing--80);padding-bottom:var(--wp--preset--spacing--80)\"><div class=\"wp-block-group__inner-container is-layout-constrained wp-block-group-is-layout-constrained\">\n<h2 class=\"wp-block-heading\" style=\"padding-top:var(--wp--preset--spacing--40);padding-bottom:var(--wp--preset--spacing--40);font-size:25px;font-style:normal;font-weight:600;text-transform:capitalize\">What&#8217;s inside the box?<\/h2>\n\n\n\n<ul class=\"wp-block-list\">\n<li>1x 35x40mm LED Kanal Pendant (istenilen uzunlukta)<\/li>\n\n\n\n<li>1x Dif\u00fcz\u00f6r i\u00e7in d\u00fcz bu\u011fulu polikarbonat kapak<\/li>\n\n\n\n<li>\u0130ki metal u\u00e7 kapak (deliksiz)<\/li>\n\n\n\n<li>Bir s\u00fcspansiyon tel kiti, g\u00f6mme kancalar veya duvar montaj kancas\u0131 (kurulumuna ba\u011fl\u0131 olarak)<\/li>\n<\/ul>\n<\/div><\/div>\n\n\n\n<div class=\"wp-block-group is-vertical is-layout-flex wp-container-core-group-is-layout-d255d7c4 wp-block-group-is-layout-flex\" style=\"padding-top:var(--wp--preset--spacing--80);padding-bottom:var(--wp--preset--spacing--80)\">\n<h2 class=\"wp-block-heading\" style=\"padding-top:var(--wp--preset--spacing--40);padding-bottom:var(--wp--preset--spacing--40);font-size:25px;font-style:normal;font-weight:600;text-transform:capitalize\">Bu Pendant LED Kanal 35x40mm Nerelerde Kullan\u0131l\u0131r<\/h2>\n\n\n\n<p>This aluminum LED channel is ideal for making pendant lights that hang from the ceiling. This is what it&#8217;s best for:<\/p>\n\n\n\n<ul class=\"wp-block-list\">\n<li>Mutfak Adalar\u0131: pi\u015firme alan\u0131n\u0131z i\u00e7in e\u015fit \u0131\u015f\u0131k<\/li>\n\n\n\n<li>Ofis Ayd\u0131nlatmas\u0131: masalar ve toplant\u0131 odalar\u0131 i\u00e7in parlak, s\u00fcrekli \u0131\u015f\u0131k<\/li>\n\n\n\n<li>Perakende G\u00f6sterimleri: e\u015fyalar\u0131 \u00f6ne \u00e7\u0131karmak i\u00e7in net, parlak \u0131\u015f\u0131k hatlar\u0131 kullan\u0131n<\/li>\n\n\n\n<li>Ev at\u00f6lyeleri: g\u00fc\u00e7l\u00fc, parlamayan g\u00f6rev ayd\u0131nlatmas\u0131<\/li>\n\n\n\n<li>Konaklama Alanlar\u0131: barlar, oteller ve restoranlar i\u00e7in \u015f\u0131k ayd\u0131nlatma<\/li>\n<\/ul>\n<\/div>\n\n\n\n<div class=\"wp-block-group has-background\" style=\"background-color:#f1f1f1f2;padding-top:var(--wp--preset--spacing--80);padding-bottom:var(--wp--preset--spacing--80)\"><div class=\"wp-block-group__inner-container is-layout-constrained wp-block-group-is-layout-constrained\">\n<h2 class=\"wp-block-heading\" style=\"font-size:25px;font-style:normal;font-weight:600;text-transform:capitalize\">ilginizi \u00e7ekebilecek ilgili \u00fcr\u00fcn<\/h2>\n\n\n\n<ul class=\"wp-block-list\">\n<li>Daha fazla bilgi edinin <a href=\"http:\/\/black led strip light channel 35x66mm for ceiling hanging\"><mark style=\"background-color:rgba(0, 0, 0, 0)\" class=\"has-inline-color has-vivid-red-color\">tavan montaj\u0131 i\u00e7in 35x66mm siyah led \u015ferit \u0131\u015f\u0131k kanal\u0131<\/mark><\/a><\/li>\n\n\n\n<li>G\u00f6z at <a href=\"https:\/\/tangooled.com\/tr\/urun\/aluminum-base-with-opal-square-light-cover-for-suspension\/\"><mark style=\"background-color:rgba(0, 0, 0, 0)\" class=\"has-inline-color has-vivid-red-color\">ask\u0131 i\u00e7in opal kare \u0131\u015f\u0131k kapa\u011f\u0131 ile al\u00fcminyum taban<\/mark><\/a><\/li>\n\n\n\n<li>Farkl\u0131lar\u0131n\u0131 ke\u015ffedin <a href=\"https:\/\/tangooled.com\/tr\/led-profiles\/\"><mark style=\"background-color:rgba(0, 0, 0, 0)\" class=\"has-inline-color has-vivid-red-color\">LED al\u00fcminyum profilleri<\/mark><\/a> \u00fcr\u00fcn sayfam\u0131zda<\/li>\n<\/ul>\n<\/div><\/div>\n\n\n\n<div class=\"wp-block-group\" style=\"padding-top:var(--wp--preset--spacing--80);padding-bottom:var(--wp--preset--spacing--80)\"><div class=\"wp-block-group__inner-container is-layout-constrained wp-block-group-is-layout-constrained\">\n<h2 class=\"wp-block-heading\" style=\"padding-top:var(--wp--preset--spacing--40);padding-bottom:var(--wp--preset--spacing--40);font-size:25px;font-style:normal;font-weight:600;text-transform:capitalize\">\u00f6zet<\/h2>\n\n\n\n<p>Modern pendant ayd\u0131nlatma i\u00e7in y\u00fcksek kaliteli ve premium al\u00fcminyum konut istiyorsan\u0131z, TG-SG3540 pendant LED kanal\u0131m\u0131z 35x40mm en iyi se\u00e7imdir. LED \u015feritlerle iyi \u00e7al\u0131\u015f\u0131r, noktas\u0131z, parlamayan ayd\u0131nlatma sa\u011flar ve evler, i\u015fletmeler ve ma\u011fazalar gibi bir\u00e7ok i\u00e7 mekana uyum sa\u011flar. Bu mimari s\u0131n\u0131f al\u00fcminyum profili ve d\u00fcz bu\u011fulu dif\u00fcz\u00f6r kapa\u011f\u0131n\u0131 kullanarak ayd\u0131nlatma armat\u00fcrlerinizi \u00f6ne \u00e7\u0131kar\u0131n.<\/p>\n\n\n\n<p><\/p>\n<\/div><\/div>","protected":false},"featured_media":33395,"template":"","meta":{"_acf_changed":true,"_seopress_robots_primary_cat":"none","_seopress_titles_title":"35x40mm Pendant LED Channel | Flat Cover Linear Aluminum Profile | TANGOOLED","_seopress_titles_desc":"This 35x40mm pendant led channel is designed with a sleek flat light cover. The aluminum linear profile offers a minimalist design and seamless light distribution for modern office and residential interiors.","_seopress_robots_index":""},"pcb-width":[229],"product-cat":[194],"class_list":{"0":"post-35122","1":"product","2":"type-product","3":"status-publish","4":"has-post-thumbnail","6":"pcb-width-15-20mm","7":"product-cat-suspended-profile"},"acf":[],"_links":{"self":[{"href":"https:\/\/tangooled.com\/tr\/wp-json\/wp\/v2\/product\/35122","targetHints":{"allow":["GET"]}}],"collection":[{"href":"https:\/\/tangooled.com\/tr\/wp-json\/wp\/v2\/product"}],"about":[{"href":"https:\/\/tangooled.com\/tr\/wp-json\/wp\/v2\/types\/product"}],"wp:featuredmedia":[{"embeddable":true,"href":"https:\/\/tangooled.com\/tr\/wp-json\/wp\/v2\/media\/33395"}],"wp:attachment":[{"href":"https:\/\/tangooled.com\/tr\/wp-json\/wp\/v2\/media?parent=35122"}],"wp:term":[{"taxonomy":"pcb-width","embeddable":true,"href":"https:\/\/tangooled.com\/tr\/wp-json\/wp\/v2\/pcb-width?post=35122"},{"taxonomy":"product-cat","embeddable":true,"href":"https:\/\/tangooled.com\/tr\/wp-json\/wp\/v2\/product-cat?post=35122"}],"curies":[{"name":"wp","href":"https:\/\/api.w.org\/{rel}","templated":true}]}}