{"id":35118,"date":"2025-07-02T17:00:18","date_gmt":"2025-07-03T01:00:18","guid":{"rendered":"https:\/\/tangooled.com\/?post_type=product&#038;p=35118"},"modified":"2026-01-29T23:46:12","modified_gmt":"2026-01-30T07:46:12","slug":"35mm-aluminum-base-opal-square-light-cover-sg3535c","status":"publish","type":"product","link":"https:\/\/tangooled.com\/tr\/urun\/35mm-aluminum-base-opal-square-light-cover-sg3535c\/","title":{"rendered":"SG3535C: Opal Kare Kapa\u011fa sahip 35mm Al\u00fcminyum LED Profili"},"content":{"rendered":"<div class=\"wp-block-group is-vertical is-layout-flex wp-container-core-group-is-layout-d255d7c4 wp-block-group-is-layout-flex\" style=\"padding-top:var(--wp--preset--spacing--80);padding-bottom:var(--wp--preset--spacing--80)\">\n<p>Y\u00fcksek kalite al\u00fcminyum baz\u0131m\u0131z opal kare \u0131\u015f\u0131k kapa\u011f\u0131 ile odan\u0131z\u0131 ayd\u0131nlatacak. Bu \u015f\u0131k lineer ayd\u0131nlatma armat\u00fcr\u00fc 35x35mm boyutundad\u0131r ve mutfaklar ile ofisler gibi y\u00fcksek kaliteli alanlar i\u00e7in m\u00fckemmeldir. Dayan\u0131kl\u0131 yap\u0131s\u0131, \u0131s\u0131y\u0131 iyi da\u011f\u0131tan ektr\u00fcde al\u00fcminyumdan \u00fcretilmi\u015ftir. Bu, LED \u015ferit \u0131\u015f\u0131klar\u0131n\u0131z\u0131n daha uzun s\u00fcre dayanmas\u0131n\u0131 ve daha g\u00fcvenilir bir performans sergilemesini sa\u011flar.<\/p>\n\n\n\n<p>Profil, muhte\u015fem bir kare opal dif\u00fcz\u00f6r ile birlikte gelir. Bu \u00f6zellik, \u0131\u015f\u0131\u011f\u0131 daha az sert hale getirir, b\u00f6ylece parlama olmaz ve \u0131\u015f\u0131k e\u015fit da\u011f\u0131l\u0131r. Profesyonel, noktas\u0131z bir ayd\u0131nlatma g\u00f6r\u00fcn\u00fcm\u00fc al\u0131rs\u0131n\u0131z, bu da g\u00f6zlerinizi \u00e7ok daha rahat hale getirir ve \u0131\u015f\u0131\u011f\u0131n odan\u0131zda e\u015fit bir \u015fekilde yay\u0131lmas\u0131n\u0131 sa\u011flar.<\/p>\n\n\n\n<p>Kurulum s\u00f6z konusu oldu\u011funda, kare LED profilimiz son derece uyumlu. Ya bir y\u00fczeye g\u00fcvenli bir \u015fekilde monte edebilir ya da ask\u0131 tel kitlerini kullanarak asabilirsiniz. Metal u\u00e7 kapaklar ve montaj klipsleri, kitin iki \u00f6nemli aksesuar\u0131d\u0131r. Bu 35x35mm kanal\u0131 kullanarak her odada s\u0131rad\u0131\u015f\u0131, modern ayd\u0131nlatma armat\u00fcrleri olu\u015fturabilirsiniz.<\/p>\n<\/div>\n\n\n\n<div class=\"wp-block-group has-background is-vertical is-layout-flex wp-container-core-group-is-layout-d255d7c4 wp-block-group-is-layout-flex\" style=\"background-color:#f1f1f1;padding-top:var(--wp--preset--spacing--80);padding-bottom:var(--wp--preset--spacing--80)\">\n<div class=\"wp-block-group is-vertical is-layout-flex wp-container-core-group-is-layout-8cf370e7 wp-block-group-is-layout-flex\">\n<h2 class=\"wp-block-heading\" style=\"padding-top:var(--wp--preset--spacing--40);padding-bottom:var(--wp--preset--spacing--40);font-size:25px;font-style:normal;font-weight:600;text-transform:capitalize\">Neden Opal Kare I\u015f\u0131k Kapa\u011f\u0131na sahip 35mm Al\u00fcminyum Baz\u0131m\u0131z\u0131 Se\u00e7melisiniz?<\/h2>\n\n\n\n<ul class=\"wp-block-list\">\n<li>Sa\u011flam ve hafif al\u00fcminyum baz: Baz, LED \u0131\u015f\u0131klar\u0131n uzun s\u00fcre so\u011fuk kalmas\u0131na yard\u0131mc\u0131 olan mimari s\u0131n\u0131f al\u00fcminumdan \u00fcretilmi\u015ftir.<\/li>\n\n\n\n<li>Opal Kare Dif\u00fcz\u00f6r: Y\u00fcksek iletimli polikarbonat (PC) opal dif\u00fcz\u00f6rden yap\u0131lm\u0131\u015ft\u0131r, yumu\u015fak ve e\u015fit \u0131\u015f\u0131k sa\u011flar, parlama veya sert noktalar yoktur.<\/li>\n\n\n\n<li>Ayarlanabilir Ask\u0131: Y\u00fcksekli\u011fi de\u011fi\u015ftirmeyi kolayla\u015ft\u0131ran bir u\u00e7ak kablosu ask\u0131 kiti ile birlikte gelir ve temiz, modern bir g\u00f6r\u00fcn\u00fcm sa\u011flar.<\/li>\n\n\n\n<li>Kurulumu Kolay: Montaj klipsleri ve uyumlu bir tavan ask\u0131 kiti ile birlikte gelir, b\u00f6ylece hem d\u00fcz hem e\u011fimli tavanlarla uyumlu \u00e7al\u0131\u015f\u0131r.<\/li>\n\n\n\n<li>Bir\u00e7ok Yerde \u00c7al\u0131\u015f\u0131r: Mutfaklar, yemek odalar\u0131, konferans odalar\u0131, perakende alanlar\u0131 ve a\u00e7\u0131k ofisler i\u00e7in harika.<\/li>\n<\/ul>\n<\/div>\n<\/div>\n\n\n\n<div class=\"wp-block-group\" style=\"padding-top:var(--wp--preset--spacing--60);padding-bottom:var(--wp--preset--spacing--60)\"><div class=\"wp-block-group__inner-container is-layout-constrained wp-block-group-is-layout-constrained\">\n<h2 class=\"wp-block-heading\" style=\"font-size:25px;font-style:normal;font-weight:600;text-transform:capitalize\">Bu Al\u00fcminyum Baz ile Opal Kare I\u015f\u0131k Kapa\u011f\u0131n\u0131n En \u0130yi Kullan\u0131mlar\u0131<\/h2>\n\n\n\n<div class=\"wp-block-media-text has-media-on-the-right is-stacked-on-mobile\"><div class=\"wp-block-media-text__content\">\n<ul class=\"wp-block-list\">\n<li>Mutfak adas\u0131 i\u00e7in ayd\u0131nlatma: parlak, e\u015fit \u0131\u015f\u0131k ile parlama yok.<\/li>\n\n\n\n<li>Yemek odas\u0131 i\u00e7in sark\u0131t lamba: oday\u0131 s\u0131cak ve \u015f\u0131k hale getirir.<\/li>\n\n\n\n<li>Ofis \u00c7al\u0131\u015fma Alanlar\u0131: Net do\u011fal \u0131\u015f\u0131k, odaklanman\u0131za yard\u0131mc\u0131 olur ve g\u00f6z yorgunlu\u011funu azalt\u0131r.<\/li>\n\n\n\n<li>Konferans Odalar\u0131: I\u015f\u0131klar \u00fczerinde tam kontrol ile \u015f\u0131k, modern bir stil.<\/li>\n\n\n\n<li>Perakende Alanlar\u0131: \u00dcr\u00fcnleri parlak, net \u0131\u015f\u0131kta sergileyin.<\/li>\n\n\n\n<li>Kar\u015f\u0131lama Alanlar\u0131 ve Lobiler: Ziyaret\u00e7iler \u015f\u0131k, etkileyici ayd\u0131nlatma ile kar\u015f\u0131lan\u0131r.<\/li>\n<\/ul>\n<\/div><figure class=\"wp-block-media-text__media\"><img loading=\"lazy\" decoding=\"async\" width=\"500\" height=\"500\" src=\"https:\/\/tangooled.com\/wp-content\/uploads\/2025\/07\/sg3535c-ins.webp\" alt=\"ask\u0131 i\u00e7in opal kare \u0131\u015f\u0131k kapa\u011f\u0131 ile al\u00fcminyum taban\" class=\"wp-image-41107 size-full\" srcset=\"https:\/\/tangooled.com\/wp-content\/uploads\/2025\/07\/sg3535c-ins.webp 500w, https:\/\/tangooled.com\/wp-content\/uploads\/2025\/07\/sg3535c-ins-300x300.webp 300w, https:\/\/tangooled.com\/wp-content\/uploads\/2025\/07\/sg3535c-ins-150x150.webp 150w\" sizes=\"auto, (max-width: 500px) 100vw, 500px\" \/><\/figure><\/div>\n<\/div><\/div>\n\n\n\n<div class=\"wp-block-group has-background\" style=\"background-color:#f1f1f1;padding-top:var(--wp--preset--spacing--80);padding-bottom:var(--wp--preset--spacing--80)\"><div class=\"wp-block-group__inner-container is-layout-constrained wp-block-group-is-layout-constrained\">\n<h2 class=\"wp-block-heading\" style=\"font-size:25px;font-style:normal;font-weight:600;text-transform:capitalize\">Sat\u0131n Ald\u0131\u011f\u0131n\u0131zda Alaca\u011f\u0131n\u0131z<\/h2>\n\n\n\n<ul class=\"wp-block-list\">\n<li>As\u0131l\u0131 al\u00fcminyum kanal<\/li>\n\n\n\n<li>Opal kare \u0131\u015f\u0131k kapa\u011f\u0131<\/li>\n\n\n\n<li>\u0130ki metal u\u00e7 kapa\u011f\u0131<\/li>\n\n\n\n<li>Montaj donan\u0131m\u0131 ile ayarlanabilir u\u00e7ak kablosu ask\u0131<\/li>\n<\/ul>\n<\/div><\/div>\n\n\n\n<div class=\"wp-block-group\" style=\"padding-top:var(--wp--preset--spacing--80);padding-bottom:var(--wp--preset--spacing--80)\"><div class=\"wp-block-group__inner-container is-layout-constrained wp-block-group-is-layout-constrained\">\n<h2 class=\"wp-block-heading\" style=\"padding-top:0;padding-bottom:0;font-size:25px;font-style:normal;font-weight:600;text-transform:capitalize\">Be\u011fenebilece\u011finiz \u0130lgili \u00dcr\u00fcnler<\/h2>\n\n\n\n<ul class=\"wp-block-list\">\n<li><a href=\"https:\/\/tangooled.com\/tr\/urun\/black-led-diffuser-aluminum-channel-for-12mm-tape-lights\/\"><mark style=\"background-color:rgba(0, 0, 0, 0)\" class=\"has-inline-color has-vivid-red-color\">12 mm bant i\u015f\u0131klar\u0131 i\u00e7in siyah LED dif\u00fcz\u00f6r al\u00fcminyum kanal\u0131<\/mark><\/a><\/li>\n\n\n\n<li><mark style=\"background-color:rgba(0, 0, 0, 0)\" class=\"has-inline-color has-vivid-red-color\"><a href=\"https:\/\/tangooled.com\/tr\/urun\/25x14m-surface-mounted-led-light-aluminum-profile\/\">Y\u00fczeye monte edilebilen 25x14mm LED \u0131\u015f\u0131k al\u00fcminyum profili<\/a><\/mark><\/li>\n\n\n\n<li><a href=\"https:\/\/tangooled.com\/tr\/urun\/square-led-diffuser-channel-with-hidden-mounting-clips-for-surface-mounting\/\"><mark style=\"background-color:rgba(0, 0, 0, 0)\" class=\"has-inline-color has-vivid-red-color\">Y\u00fczey montaj\u0131 i\u00e7in gizli montaj klipsleri bulunan kare LED dif\u00fcz\u00f6r kanal\u0131<\/mark><\/a><\/li>\n\n\n\n<li><a href=\"https:\/\/tangooled.com\/tr\/urun\/aluminum-u-channel-with-curved-led-diffuser-inner-16mm\/\"><mark style=\"background-color:rgba(0, 0, 0, 0)\" class=\"has-inline-color has-vivid-red-color\">16mm i\u00e7 kavisli LED dif\u00fcz\u00f6rl\u00fc al\u00fcminyum U kanal\u0131<\/mark><\/a><\/li>\n<\/ul>\n<\/div><\/div>\n\n\n\n<div class=\"wp-block-group has-background\" style=\"background-color:#f1f1f1;padding-top:var(--wp--preset--spacing--80);padding-bottom:var(--wp--preset--spacing--80)\"><div class=\"wp-block-group__inner-container is-layout-constrained wp-block-group-is-layout-constrained\">\n<h2 class=\"wp-block-heading\" style=\"padding-top:var(--wp--preset--spacing--40);padding-bottom:var(--wp--preset--spacing--40);font-size:25px;font-style:normal;font-weight:600;text-transform:capitalize\">\u00d6zet<\/h2>\n\n\n\n<p style=\"padding-right:var(--wp--preset--spacing--50);padding-left:var(--wp--preset--spacing--50);font-size:20px\">Our aluminum base with opal square light cover is a modern suspension fixture that has clean lines and no glare. The adjustable suspension and sturdy aluminum channel make it a great choice for homes and businesses alike. It&#8217;s great for offices, kitchens, and more. Check out our other <a href=\"https:\/\/tangooled.com\/tr\/led-profiles\/\"><mark style=\"background-color:rgba(0, 0, 0, 0)\" class=\"has-inline-color has-vivid-red-color\">al\u00fcminyum LED profilleri<\/mark><\/a> daha fazla ak\u0131ll\u0131 ayd\u0131nlatma se\u00e7ene\u011fi i\u00e7in g\u00f6z at\u0131n.<\/p>\n<\/div><\/div>","protected":false},"featured_media":14711,"template":"","meta":{"_acf_changed":true,"_seopress_robots_primary_cat":"none","_seopress_titles_title":"35mm Aluminum Base with Opal Square Light Cover | SG3535C Profile","_seopress_titles_desc":"The SG3535C features a 35mm aluminum base with a premium opal square light cover. This suspended profile creates a unique 3-sided 3D lighting effect, ensuring soft, spotless illumination for modern interiors.","_seopress_robots_index":""},"pcb-width":[230],"product-cat":[192,194],"class_list":{"0":"post-35118","1":"product","2":"type-product","3":"status-publish","4":"has-post-thumbnail","6":"pcb-width-20-25mm","7":"product-cat-surface-led-profile","8":"product-cat-suspended-profile"},"acf":[],"_links":{"self":[{"href":"https:\/\/tangooled.com\/tr\/wp-json\/wp\/v2\/product\/35118","targetHints":{"allow":["GET"]}}],"collection":[{"href":"https:\/\/tangooled.com\/tr\/wp-json\/wp\/v2\/product"}],"about":[{"href":"https:\/\/tangooled.com\/tr\/wp-json\/wp\/v2\/types\/product"}],"wp:featuredmedia":[{"embeddable":true,"href":"https:\/\/tangooled.com\/tr\/wp-json\/wp\/v2\/media\/14711"}],"wp:attachment":[{"href":"https:\/\/tangooled.com\/tr\/wp-json\/wp\/v2\/media?parent=35118"}],"wp:term":[{"taxonomy":"pcb-width","embeddable":true,"href":"https:\/\/tangooled.com\/tr\/wp-json\/wp\/v2\/pcb-width?post=35118"},{"taxonomy":"product-cat","embeddable":true,"href":"https:\/\/tangooled.com\/tr\/wp-json\/wp\/v2\/product-cat?post=35118"}],"curies":[{"name":"wp","href":"https:\/\/api.w.org\/{rel}","templated":true}]}}