{"id":35074,"date":"2025-07-02T01:55:05","date_gmt":"2025-07-02T09:55:05","guid":{"rendered":"https:\/\/tangooled.com\/?post_type=product&#038;p=35074"},"modified":"2026-01-29T23:43:08","modified_gmt":"2026-01-30T07:43:08","slug":"75x75mm-pendant-aluminum-led-channel-with-space-for-led-driver","status":"publish","type":"product","link":"https:\/\/tangooled.com\/tr\/urun\/75x75mm-pendant-aluminum-led-channel-with-space-for-led-driver\/","title":{"rendered":"LED s\u00fcr\u00fcc\u00fcs\u00fc i\u00e7in alan\u0131 olan 75x75mm sark\u0131t al\u00fcminyum LED kanal\u0131"},"content":{"rendered":"<div class=\"wp-block-group is-vertical is-layout-flex wp-container-core-group-is-layout-d255d7c4 wp-block-group-is-layout-flex\" style=\"padding-top:var(--wp--preset--spacing--80);padding-bottom:var(--wp--preset--spacing--80)\">\n<p>S\u00fcr\u00fcc\u00fc alan\u0131 olan 75x75mm sark\u0131t LED kanal\u0131, odalar\u0131n\u0131z\u0131 daha ayd\u0131nl\u0131k hale getirecek g\u00fc\u00e7l\u00fc ve \u015f\u0131k bir tarza sahiptir. Bu b\u00fcy\u00fck 75X75MM al\u00fcminyum LED profili, dramatik bir stil, h\u0131zl\u0131 kurulum ve ek s\u00fcr\u00fcc\u00fc kutular\u0131 g\u00f6r\u00fcnmeden ak\u0131c\u0131 bir ayd\u0131nlatma isteyen mimarlar, elektrik\u00e7iler ve tasar\u0131mc\u0131lar i\u00e7in \u00fcretilmi\u015ftir. G\u00fc\u00e7l\u00fc yap\u0131, LED s\u00fcr\u00fcc\u00fcleri ve bir g\u00fc\u00e7 kayna\u011f\u0131n\u0131 g\u00fcvenli bir \u015fekilde saklamak i\u00e7in \u00f6zel olarak tasarlanm\u0131\u015f geni\u015f bir i\u00e7 bo\u015flu\u011fa sahiptir; bu nedenle d\u0131\u015f par\u00e7alar i\u00e7in herhangi bir ihtiya\u00e7 yoktur.<\/p>\n\n\n\n<p>Bu esnek lineer kanal, b\u00fcy\u00fck ofislerde ve i\u015fletmelerde ayd\u0131nlatma montajlar\u0131 i\u00e7in harika bir se\u00e7enektir. LED \u015feritleri, konumlamay\u0131 ve temizlemeyi kolayla\u015ft\u0131ran \u00e7\u0131kar\u0131labilir ve ayarlanabilir bir i\u00e7 tepsiye yerle\u015ftirilmi\u015ftir. Kurulum olduk\u00e7a esnektir; LED kanal\u0131 hem tavana hem de duvara monte edilebilir. Bu, tasar\u0131mc\u0131lar\u0131n temiz ve profesyonel bir g\u00f6r\u00fcn\u00fcm sa\u011flayan g\u00fczel lineer armat\u00fcrler yapmas\u0131na olanak tan\u0131r.<\/p>\n<\/div>\n\n\n\n<div class=\"wp-block-group has-background is-vertical is-layout-flex wp-container-core-group-is-layout-d255d7c4 wp-block-group-is-layout-flex\" style=\"background-color:#f1f1f1;padding-top:var(--wp--preset--spacing--80);padding-bottom:var(--wp--preset--spacing--80)\">\n<div class=\"wp-block-group is-vertical is-layout-flex wp-container-core-group-is-layout-8cf370e7 wp-block-group-is-layout-flex\">\n<h2 class=\"wp-block-heading\" style=\"padding-top:var(--wp--preset--spacing--40);padding-bottom:var(--wp--preset--spacing--40);font-size:25px;font-style:normal;font-weight:600;text-transform:capitalize\">Neden S\u00fcr\u00fcc\u00fc Alan\u0131 Olan 75x75mm Sark\u0131t LED Kanal\u0131m\u0131z\u0131 Se\u00e7melisiniz?<\/h2>\n\n\n\n<ul class=\"wp-block-list\">\n<li>Hepsi bir arada tasar\u0131m: \u0130\u00e7 alan, LED s\u00fcr\u00fcc\u00fcn\u00fcn s\u0131\u011fabilece\u011fi kadar b\u00fcy\u00fckt\u00fcr. Duvarlarda veya tavanlarda daha fazla kutu yok.<\/li>\n\n\n\n<li>G\u00fc\u00e7l\u00fc ve hafif: Bu, y\u00fcksek kaliteli bir malzeme olan anodize al\u00fcminyum 6063-T5'ten yap\u0131lm\u0131\u015ft\u0131r. \u0130yi bir \u0131s\u0131 da\u011f\u0131t\u0131c\u0131, LED'in daha uzun s\u00fcre dayanmas\u0131na yard\u0131mc\u0131 olacakt\u0131r.<\/li>\n\n\n\n<li>B\u00fcy\u00fck \u0131\u015f\u0131k i\u00e7in b\u00fcy\u00fck boyut: 75mm x 75mm boyutu, parlak ve e\u015fit \u0131\u015f\u0131k sa\u011flamak i\u00e7in geni\u015f LED \u015feritler veya birden fazla \u015feridi kullanman\u0131za olanak tan\u0131r.<\/li>\n\n\n\n<li>Easy to hang: It&#8217;s a pendant style that hangs from cables, which looks wonderful and makes it easy to change the height.<\/li>\n\n\n\n<li>Yumu\u015fak \u0131\u015f\u0131k: Beraberinde gelen opal polikarbonat dif\u00fcz\u00f6r, \u0131\u015f\u0131\u011f\u0131 yumu\u015fak ve noktas\u0131z hale getirir.<\/li>\n\n\n\n<li>\u00d6zel renkler ve uzunluklar: Toz kaplama y\u00fczeylerden veya \u00f6zel kesimlerden ihtiyac\u0131n\u0131za tam olarak uygun olan\u0131 se\u00e7ebilirsiniz.<\/li>\n<\/ul>\n<\/div>\n<\/div>\n\n\n\n<div class=\"wp-block-group\" style=\"padding-top:var(--wp--preset--spacing--60);padding-bottom:var(--wp--preset--spacing--60)\"><div class=\"wp-block-group__inner-container is-layout-constrained wp-block-group-is-layout-constrained\">\n<div class=\"wp-block-media-text has-media-on-the-right is-stacked-on-mobile\"><div class=\"wp-block-media-text__content\">\n<h2 class=\"wp-block-heading\" style=\"font-size:25px;font-style:normal;font-weight:600;text-transform:capitalize\">Kurulum \u0130pu\u00e7lar\u0131<\/h2>\n\n\n\n<ul class=\"wp-block-list\">\n<li>Y\u00fcksekli\u011fi de\u011fi\u015ftirmek i\u00e7in ayarlanabilir tel \u00fczerinden as\u0131l\u0131r.<\/li>\n\n\n\n<li>Dahili s\u00fcr\u00fcc\u00fc i\u00e7in alana uygun LED s\u00fcr\u00fcc\u00fcler se\u00e7in. Bu, kablolamay\u0131 kolayla\u015ft\u0131racakt\u0131r.<\/li>\n\n\n\n<li>If you&#8217;re building a long run of lights, add mounting clips or joiners.<\/li>\n\n\n\n<li>Profilin u\u00e7lar\u0131n\u0131 metal u\u00e7 kapaklar ile kapat\u0131n, b\u00f6ylece bitmi\u015f bir g\u00f6r\u00fcn\u00fcm elde edin.<\/li>\n<\/ul>\n<\/div><figure class=\"wp-block-media-text__media\"><img loading=\"lazy\" decoding=\"async\" width=\"500\" height=\"500\" src=\"https:\/\/tangooled.com\/wp-content\/uploads\/2025\/07\/s7575-ins.webp\" alt=\"75x75mm pendant aluminum led channel with space for led driver\" class=\"wp-image-41110 size-full\" srcset=\"https:\/\/tangooled.com\/wp-content\/uploads\/2025\/07\/s7575-ins.webp 500w, https:\/\/tangooled.com\/wp-content\/uploads\/2025\/07\/s7575-ins-300x300.webp 300w, https:\/\/tangooled.com\/wp-content\/uploads\/2025\/07\/s7575-ins-150x150.webp 150w\" sizes=\"auto, (max-width: 500px) 100vw, 500px\" \/><\/figure><\/div>\n<\/div><\/div>\n\n\n\n<div class=\"wp-block-group has-background\" style=\"background-color:#f1f1f1;padding-top:var(--wp--preset--spacing--80);padding-bottom:var(--wp--preset--spacing--80)\"><div class=\"wp-block-group__inner-container is-layout-constrained wp-block-group-is-layout-constrained\">\n<h2 class=\"wp-block-heading\" style=\"padding-top:var(--wp--preset--spacing--40);padding-bottom:var(--wp--preset--spacing--40);font-size:25px;font-style:normal;font-weight:600;text-transform:capitalize\">S\u00fcr\u00fcc\u00fc Alan\u0131 Olan 75mm Sark\u0131t LED Kanal\u0131n\u0131n Uygulamalar\u0131<\/h2>\n\n\n\n<p>Bu 75mm sark\u0131t al\u00fcminyum LED kanal\u0131 geni\u015f bir uygulama yelpazesi i\u00e7in uygundur.<\/p>\n\n\n\n<ul class=\"wp-block-list\">\n<li>Ofisler: Konferans odalar\u0131n\u0131 ve \u00e7al\u0131\u015fma masalar\u0131n\u0131 ayd\u0131nlatmak i\u00e7in \u015f\u0131k lineer sark\u0131tlar kullan\u0131n.<\/li>\n\n\n\n<li>Evler: B\u00fcy\u00fck sark\u0131t lambalar ile mutfak adalar\u0131 veya yemek odalar\u0131 i\u00e7in m\u00fckemmeldir.<\/li>\n\n\n\n<li>Perakende ve Sergi Alanlar\u0131: \u00dcr\u00fcnlerinizi, g\u00f6r\u00fcn\u00fcr kablolar olmadan, parlak ve e\u015fit bir \u0131\u015f\u0131kla sergileyin.<\/li>\n\n\n\n<li>Oteller veya Restoranlar: Lobide veya barda \u0131\u015f\u0131klar\u0131 ho\u015f ve profesyonel bir g\u00f6r\u00fcn\u00fcm kazand\u0131r\u0131n.<\/li>\n\n\n\n<li>G\u00f6rev ve Ortam Ayd\u0131nlatmas\u0131: Bir armat\u00fcrle hem parlak g\u00f6rev \u0131\u015f\u0131\u011f\u0131 hem de nazik ortam \u0131\u015f\u0131\u011f\u0131 elde edebilirsiniz.<\/li>\n<\/ul>\n<\/div><\/div>\n\n\n\n<div class=\"wp-block-group\" style=\"padding-top:var(--wp--preset--spacing--80);padding-bottom:var(--wp--preset--spacing--80)\"><div class=\"wp-block-group__inner-container is-layout-constrained wp-block-group-is-layout-constrained\">\n<h2 class=\"wp-block-heading\" style=\"padding-top:var(--wp--preset--spacing--40);padding-bottom:var(--wp--preset--spacing--40);font-size:25px;font-style:normal;font-weight:600;text-transform:capitalize\">Bir kitten neler alabilirsiniz<\/h2>\n\n\n\n<ul class=\"wp-block-list\">\n<li>Ekstr\u00fcde al\u00fcminyum kanal (g\u00fcm\u00fc\u015f, beyaz veya siyah)<\/li>\n\n\n\n<li>Opal polikarbonat LED dif\u00fcz\u00f6r<\/li>\n\n\n\n<li>Metal u\u00e7 kapaklar<\/li>\n\n\n\n<li>Asma tel seti (sark\u0131t kullan\u0131m\u0131 i\u00e7in)<\/li>\n\n\n\n<li>G\u00f6mme tokas\u0131 (g\u00f6mme kullan\u0131m i\u00e7in)<\/li>\n\n\n\n<li>Montaj klipleri (y\u00fczeye montaj i\u00e7in)<\/li>\n\n\n\n<li>\u015eekiller veya uzun diziler yapmak i\u00e7in ba\u011flant\u0131 par\u00e7alar\u0131 <\/li>\n<\/ul>\n<\/div><\/div>\n\n\n\n<div class=\"wp-block-group\" style=\"padding-top:var(--wp--preset--spacing--80);padding-bottom:var(--wp--preset--spacing--80)\"><div class=\"wp-block-group__inner-container is-layout-constrained wp-block-group-is-layout-constrained\">\n<h2 class=\"wp-block-heading\" style=\"padding-top:var(--wp--preset--spacing--40);padding-bottom:var(--wp--preset--spacing--40);font-size:25px;font-style:normal;font-weight:600;text-transform:capitalize\">\u00d6zet<\/h2>\n\n\n\n<p>S\u00fcr\u00fcc\u00fc alan\u0131 olan 75mm sark\u0131t LED kanal\u0131, \u015f\u0131k, dayan\u0131kl\u0131 ve herkese harika ve g\u00fc\u00e7l\u00fc sark\u0131t ayd\u0131nlatma yapmak isteyenler i\u00e7in ak\u0131ll\u0131 bir se\u00e7imdir. B\u00fcy\u00fck al\u00fcminyum kanal, LED s\u00fcr\u00fcc\u00fcn\u00fcz\u00fc t\u00fcmle\u015fik tasar\u0131m i\u00e7inde saklar. Sa\u011flam \u0131s\u0131 da\u011f\u0131t\u0131c\u0131 ve buzlu\/opal dif\u00fcz\u00f6r, \u0131\u015f\u0131\u011f\u0131n uzun s\u00fcre dayanmas\u0131n\u0131 sa\u011flar ve nazik bir \u0131\u015f\u0131k olu\u015fturur. Geni\u015f LED \u015feritleri ile uyumlu olup, asmas\u0131 olduk\u00e7a kolayd\u0131r. Evler, ofisler, ma\u011fazalar veya konaklama yerleri i\u00e7in harika.<\/p>\n\n\n\n<p>Ayd\u0131nlatma sisteminizi tamamlamak i\u00e7in LED al\u00fcminyum profillerimizin ve dif\u00fcz\u00f6rlerimizin tam serisine g\u00f6z at\u0131n:<\/p>\n\n\n\n<ul class=\"wp-block-list\">\n<li><a href=\"https:\/\/tangooled.com\/tr\/urun\/black-aluminum-u-channel-profile-for-10mm-led-strips\/\"><mark style=\"background-color:rgba(0, 0, 0, 0)\" class=\"has-inline-color has-vivid-red-color\">10mm LED \u015feritler i\u00e7in siyah al\u00fcminyum U kanal\u0131 profili<\/mark><\/a><\/li>\n\n\n\n<li><a href=\"https:\/\/tangooled.com\/tr\/urun\/led-strip-light-channel-aluminum-profile-with-diffused-cover-6mm-height\/\"><mark style=\"background-color:rgba(0, 0, 0, 0)\" class=\"has-inline-color has-vivid-red-color\">Dif\u00fcz\u00f6r kapakl\u0131 6mm y\u00fckseklikteki LED \u015ferit \u0131\u015f\u0131k kanal\u0131 al\u00fcminyum profil<\/mark><\/a><\/li>\n\n\n\n<li><a href=\"https:\/\/tangooled.com\/tr\/urun\/25mm-u-shape-led-mounting-channel-for-15mm-double-row-led-strip-lights\/\"><mark style=\"background-color:rgba(0, 0, 0, 0)\" class=\"has-inline-color has-vivid-red-color\">15mm \u00e7ift s\u0131ra LED \u015ferit lambalar i\u00e7in 25mm u \u015feklinde LED montaj kanal\u0131<\/mark><\/a><\/li>\n<\/ul>\n<\/div><\/div>","protected":false},"featured_media":33392,"template":"","meta":{"_acf_changed":true,"_seopress_robots_primary_cat":"none","_seopress_titles_title":"75x75mm Pendant LED Channel | Large Profile with Driver Space | TANGOOLED","_seopress_titles_desc":"This 75x75mm pendant led channel featuring a built-in space for LED drivers. This large square aluminum profile provides high-output, dot-free lighting for commercial offices and retail spaces.","_seopress_robots_index":""},"pcb-width":[232],"product-cat":[192,194],"class_list":{"0":"post-35074","1":"product","2":"type-product","3":"status-publish","4":"has-post-thumbnail","6":"pcb-width-35-45mm","7":"product-cat-surface-led-profile","8":"product-cat-suspended-profile"},"acf":[],"_links":{"self":[{"href":"https:\/\/tangooled.com\/tr\/wp-json\/wp\/v2\/product\/35074","targetHints":{"allow":["GET"]}}],"collection":[{"href":"https:\/\/tangooled.com\/tr\/wp-json\/wp\/v2\/product"}],"about":[{"href":"https:\/\/tangooled.com\/tr\/wp-json\/wp\/v2\/types\/product"}],"wp:featuredmedia":[{"embeddable":true,"href":"https:\/\/tangooled.com\/tr\/wp-json\/wp\/v2\/media\/33392"}],"wp:attachment":[{"href":"https:\/\/tangooled.com\/tr\/wp-json\/wp\/v2\/media?parent=35074"}],"wp:term":[{"taxonomy":"pcb-width","embeddable":true,"href":"https:\/\/tangooled.com\/tr\/wp-json\/wp\/v2\/pcb-width?post=35074"},{"taxonomy":"product-cat","embeddable":true,"href":"https:\/\/tangooled.com\/tr\/wp-json\/wp\/v2\/product-cat?post=35074"}],"curies":[{"name":"wp","href":"https:\/\/api.w.org\/{rel}","templated":true}]}}