{"id":35071,"date":"2025-07-02T01:51:20","date_gmt":"2025-07-02T09:51:20","guid":{"rendered":"https:\/\/tangooled.com\/?post_type=product&#038;p=35071"},"modified":"2026-01-26T00:43:01","modified_gmt":"2026-01-26T08:43:01","slug":"75x35mm-ceiling-hanging-light-led-channel-aluminum-extrusion","status":"publish","type":"product","link":"https:\/\/tangooled.com\/tr\/urun\/75x35mm-ceiling-hanging-light-led-channel-aluminum-extrusion\/","title":{"rendered":"75x35mm tavan sarkan \u0131\u015f\u0131k LED kanal\u0131 al\u00fcminyum profil"},"content":{"rendered":"<div class=\"wp-block-group is-vertical is-layout-flex wp-container-core-group-is-layout-d255d7c4 wp-block-group-is-layout-flex\" style=\"padding-top:var(--wp--preset--spacing--80);padding-bottom:var(--wp--preset--spacing--80)\">\n<p>75x35mm tavan ask\u0131l\u0131 LED kanal\u0131 al\u00fcminyum profilimiz, \u015f\u0131k ve y\u00fcksek kaliteli lineer ayd\u0131nlatma arayan mimarlar, ayd\u0131nlatma tasar\u0131mc\u0131lar\u0131 ve m\u00fcteahhitler i\u00e7in m\u00fckemmeldir. Bu profilin \u00fcretiminde kullan\u0131lan y\u00fcksek kaliteli 6063-T5 al\u00fcminyum ala\u015f\u0131mlar\u0131 son derece dayan\u0131kl\u0131d\u0131r ve LED \u015feritlerinizin daha uzun s\u00fcre dayanmas\u0131na yard\u0131mc\u0131 olurken onlar\u0131 serin tutar.<\/p>\n\n\n\n<p>Bu dayan\u0131kl\u0131 \u0131\u015f\u0131k profili, geni\u015f LED \u015ferit \u0131\u015f\u0131klar\u0131 i\u00e7in m\u00fckemmeldir. I\u015f\u0131k \u00e7\u0131k\u0131\u015f\u0131n\u0131 d\u00fczg\u00fcn ve noktas\u0131z hale getiren bir Polikarbonat (PC) dif\u00fcz\u00f6re sahiptir. Bu, b\u00fcy\u00fck alanlarda y\u00fcksek parlakl\u0131k uygulamalar\u0131 i\u00e7in m\u00fckemmeldir. Tavandan asma (ask\u0131) ve y\u00fczeye montaj dahil olmak \u00fczere \u00e7e\u015fitli \u015fekillerde monte edilebilir.<\/p>\n\n\n\n<p>The complete 75&#215;35 mm system includes all necessary components for a seamless setup. It has rigid metal end caps for a clean finish, suspension wires for adjustable hanging, and mounting clips for solid surface attachment. This profile is great for making the lighting look better in businesses, stores, hotels, and modern houses.<\/p>\n<\/div>\n\n\n\n<div class=\"wp-block-group has-background is-vertical is-layout-flex wp-container-core-group-is-layout-d255d7c4 wp-block-group-is-layout-flex\" style=\"background-color:#f1f1f1;padding-top:var(--wp--preset--spacing--80);padding-bottom:var(--wp--preset--spacing--80)\">\n<div class=\"wp-block-group is-vertical is-layout-flex wp-container-core-group-is-layout-8cf370e7 wp-block-group-is-layout-flex\">\n<h2 class=\"wp-block-heading\" style=\"padding-top:var(--wp--preset--spacing--40);padding-bottom:var(--wp--preset--spacing--40);font-size:25px;font-style:normal;font-weight:600;text-transform:capitalize\">Why Choose Our 75x35mm Ceiling Hanging LED Channel\uff1f<\/h2>\n\n\n\n<ul class=\"wp-block-list\">\n<li>Y\u00fcksek kaliteli 6063-T5 al\u00fcminyumdan yap\u0131lm\u0131\u015ft\u0131r, bu da LED'lerinizi serin tutmada ve daha uzun s\u00fcre dayanmas\u0131n\u0131 sa\u011flamada harika bir i\u015f \u00e7\u0131kar\u0131r.<\/li>\n\n\n\n<li>Kendi lineer \u0131\u015f\u0131klar\u0131n\u0131z\u0131 yapman\u0131za olanak tan\u0131yan tavan asma profili olarak haz\u0131rlanm\u0131\u015ft\u0131r.<\/li>\n\n\n\n<li>50mm geni\u015fli\u011findeki LED s\u00fcr\u00fcc\u00fcleri ve LED \u015feritleri tutacak kadar b\u00fcy\u00fck.&nbsp;<\/li>\n\n\n\n<li>I\u015f\u0131\u011f\u0131n yumu\u015fak, e\u015fit ve noktas\u0131z olmas\u0131n\u0131 sa\u011flayan bir snap-in PC&nbsp;opal dif\u00fcz\u00f6r ile gelir.<\/li>\n\n\n\n<li>Herhangi bir tarza uymas\u0131 i\u00e7in anodize g\u00fcm\u00fc\u015f, siyah ve beyaz toz kaplama y\u00fczeylerde mevcuttur.<\/li>\n\n\n\n<li>Ayr\u0131ca sunulan ask\u0131 kitleri, u\u00e7 kapaklar ve ba\u011flay\u0131c\u0131lar gibi aksesuarlarla uyumludur.<\/li>\n<\/ul>\n<\/div>\n<\/div>\n\n\n\n<div class=\"wp-block-group\" style=\"padding-top:var(--wp--preset--spacing--60);padding-bottom:var(--wp--preset--spacing--60)\"><div class=\"wp-block-group__inner-container is-layout-constrained wp-block-group-is-layout-constrained\">\n<div class=\"wp-block-media-text has-media-on-the-right is-stacked-on-mobile\"><div class=\"wp-block-media-text__content\">\n<h2 class=\"wp-block-heading\" style=\"padding-top:var(--wp--preset--spacing--40);padding-bottom:var(--wp--preset--spacing--40);font-size:25px;font-style:normal;font-weight:600;text-transform:capitalize\">Kolay Kurulum i\u00e7in Kanal Aksesuarlar\u0131<\/h2>\n\n\n\n<p>\u00d6zel ayd\u0131nlatma sisteminizi tamamlarken uyumlu aksesuarlar kullan\u0131n:<\/p>\n\n\n\n<ul class=\"wp-block-list\">\n<li>Ask\u0131 Seti: Ayarlanabilir u\u00e7ak kablosu ask\u0131s\u0131<\/li>\n\n\n\n<li>U\u00e7 Kapaklar: Temiz biti\u015f i\u00e7in sa\u011flam veya delikli u\u00e7 kapaklar\u0131<\/li>\n\n\n\n<li>G\u00f6mme klipsler: Tavana g\u00f6mme montaj kullan\u0131m\u0131<\/li>\n\n\n\n<li>Montaj breketi: Y\u00fczey montaj\u0131 kullan\u0131m\u0131<\/li>\n\n\n\n<li>Lineer Ba\u011flay\u0131c\u0131lar: Birden fazla profili birbirine ba\u011flamak i\u00e7in p\u00fcr\u00fczs\u00fcz ge\u00e7i\u015fler i\u00e7in<\/li>\n<\/ul>\n<\/div><figure class=\"wp-block-media-text__media\"><img loading=\"lazy\" decoding=\"async\" width=\"500\" height=\"500\" src=\"https:\/\/tangooled.com\/wp-content\/uploads\/2025\/07\/s7535-ins-3.webp\" alt=\"75x35mm ceiling hanging light led channel aluminum extrusion\" class=\"wp-image-41117 size-full\" srcset=\"https:\/\/tangooled.com\/wp-content\/uploads\/2025\/07\/s7535-ins-3.webp 500w, https:\/\/tangooled.com\/wp-content\/uploads\/2025\/07\/s7535-ins-3-300x300.webp 300w, https:\/\/tangooled.com\/wp-content\/uploads\/2025\/07\/s7535-ins-3-150x150.webp 150w\" sizes=\"auto, (max-width: 500px) 100vw, 500px\" \/><\/figure><\/div>\n<\/div><\/div>\n\n\n\n<div class=\"wp-block-group has-background\" style=\"background-color:#f1f1f1;padding-top:var(--wp--preset--spacing--80);padding-bottom:var(--wp--preset--spacing--80)\"><div class=\"wp-block-group__inner-container is-layout-constrained wp-block-group-is-layout-constrained\">\n<h2 class=\"wp-block-heading\" style=\"padding-top:var(--wp--preset--spacing--40);padding-bottom:var(--wp--preset--spacing--40);font-size:25px;font-style:normal;font-weight:600;text-transform:capitalize\">what\u2018s in a kit?<\/h2>\n\n\n\n<ul class=\"wp-block-list\">\n<li>Flanjl\u0131 anodize al\u00fcminyum kanal<\/li>\n\n\n\n<li>Opal PC LED dif\u00fcz\u00f6r<\/li>\n\n\n\n<li>\u0130ki metal u\u00e7 kapa\u011f\u0131<\/li>\n\n\n\n<li>Gizli montaj klipsleri, ask\u0131 kablosu kiti, g\u00f6mme klipsler (montaja g\u00f6re)<\/li>\n<\/ul>\n<\/div><\/div>\n\n\n\n<div class=\"wp-block-group\" style=\"padding-top:var(--wp--preset--spacing--80);padding-bottom:var(--wp--preset--spacing--80)\"><div class=\"wp-block-group__inner-container is-layout-constrained wp-block-group-is-layout-constrained\">\n<h2 class=\"wp-block-heading\" style=\"padding-top:var(--wp--preset--spacing--40);padding-bottom:var(--wp--preset--spacing--40);font-size:25px;font-style:normal;font-weight:600;text-transform:capitalize\">75x35mm ceiling hanging led channel &#8211; applications<\/h2>\n\n\n\n<ul class=\"wp-block-list\">\n<li>Perakende vitrin ayd\u0131nlatmas\u0131: M\u00fc\u015fteri dikkatini \u00e7eken g\u00f6z al\u0131c\u0131 sergiler olu\u015fturur.<\/li>\n\n\n\n<li>Mutfak alt\u0131 dolap ayd\u0131nlatmas\u0131: Tezgahlar\u0131n\u0131z\u0131 ayd\u0131nlat\u0131n, yemek yapmay\u0131 ve haz\u0131rl\u0131k i\u015flerini kolayla\u015ft\u0131r\u0131n.<\/li>\n\n\n\n<li>Giysi &amp; dolap ayd\u0131nlatmas\u0131: G\u00f6r\u00fcn\u00fcrl\u00fck ve d\u00fczenleme i\u00e7in alan\u0131 ayd\u0131nlat\u0131n.<\/li>\n\n\n\n<li>Konut ayd\u0131nlatmas\u0131: Oturma odalar\u0131 ve yatak odalar\u0131nda temiz ak\u015fam \u0131\u015f\u0131klar\u0131 olu\u015fturur.<\/li>\n\n\n\n<li>Ticari alan entegrasyonu: Ofisler, lobiler ve sergi salonlar\u0131 i\u00e7in \u00e7ok y\u00f6nl\u00fc bir ayd\u0131nlatma se\u00e7ene\u011fi.<\/li>\n\n\n\n<li>Architectural feature enhancement: Highlights a building&#8217;s unique and interesting design features.<\/li>\n<\/ul>\n<\/div><\/div>\n\n\n\n<div class=\"wp-block-group has-background\" style=\"background-color:#f1f1f1;padding-top:var(--wp--preset--spacing--80);padding-bottom:var(--wp--preset--spacing--80)\"><div class=\"wp-block-group__inner-container is-layout-constrained wp-block-group-is-layout-constrained\">\n<h2 class=\"wp-block-heading\" style=\"padding-top:var(--wp--preset--spacing--40);padding-bottom:var(--wp--preset--spacing--40);font-size:25px;font-style:normal;font-weight:600;text-transform:capitalize\">75x35mm Tavan Ask\u0131l\u0131 LED Kanal ile Ayd\u0131nlatman\u0131z\u0131 G\u00fcncel Tutun<\/h2>\n\n\n\n<p>75x35mm Tavan Ask\u0131l\u0131 LED Kanal, ayd\u0131nlatma tasar\u0131m\u0131n\u0131z\u0131 d\u00fczenli ve modern tutman\u0131za yard\u0131mc\u0131 olur.<br>Get your professional 75x35mm LED channel for ceiling hanging lights&nbsp;today. It&#8217;s the best choice for your next lighting project, whether it&#8217;s for a building, an office, or a store.<br>Bu \u00fcr\u00fcn en son sekt\u00f6r standartlar\u0131n\u0131 kar\u015f\u0131lamaktad\u0131r. 6063-T5 mimari nitelikte al\u00fcminyumdan yap\u0131lm\u0131\u015ft\u0131r ve profesyonel biti\u015flere sahiptir, bu nedenle her t\u00fcrl\u00fc LED \u015ferit \u0131\u015f\u0131\u011f\u0131 ile uyumlu \u00e7al\u0131\u015f\u0131r.<br>Please don&#8217;t hesitate to get in touch with our sales staff if you have any special needs or inquiries.<\/p>\n\n\n\n<p>Tam \u00fcr\u00fcn yelpazesine g\u00f6z at\u0131n <a href=\"https:\/\/tangooled.com\/tr\/led-profiles\/\"><mark style=\"background-color:rgba(0, 0, 0, 0)\" class=\"has-inline-color has-vivid-red-color\">LED al\u00fcminyum kanallar<\/mark><\/a> daha fazla se\u00e7enek, bile\u015fen ve aksesuar bulmak i\u00e7in.<\/p>\n<\/div><\/div>\n\n\n\n<p><\/p>","protected":false},"featured_media":33390,"template":"","meta":{"_acf_changed":true,"_seopress_robots_primary_cat":"none","_seopress_titles_title":"75x35mm Ceiling Hanging LED Channel | Wide Aluminum Linear Profile | TANGOOLED","_seopress_titles_desc":"This 75x35mm ceiling hanging led channel is wide-span aluminum extrusion that supports multiple LED strips for high-output lighting. It's ideal for large offices and retail showrooms.","_seopress_robots_index":""},"pcb-width":[233],"product-cat":[192,194],"class_list":{"0":"post-35071","1":"product","2":"type-product","3":"status-publish","4":"has-post-thumbnail","6":"pcb-width-50-90mm","7":"product-cat-surface-led-profile","8":"product-cat-suspended-profile"},"acf":[],"_links":{"self":[{"href":"https:\/\/tangooled.com\/tr\/wp-json\/wp\/v2\/product\/35071","targetHints":{"allow":["GET"]}}],"collection":[{"href":"https:\/\/tangooled.com\/tr\/wp-json\/wp\/v2\/product"}],"about":[{"href":"https:\/\/tangooled.com\/tr\/wp-json\/wp\/v2\/types\/product"}],"wp:featuredmedia":[{"embeddable":true,"href":"https:\/\/tangooled.com\/tr\/wp-json\/wp\/v2\/media\/33390"}],"wp:attachment":[{"href":"https:\/\/tangooled.com\/tr\/wp-json\/wp\/v2\/media?parent=35071"}],"wp:term":[{"taxonomy":"pcb-width","embeddable":true,"href":"https:\/\/tangooled.com\/tr\/wp-json\/wp\/v2\/pcb-width?post=35071"},{"taxonomy":"product-cat","embeddable":true,"href":"https:\/\/tangooled.com\/tr\/wp-json\/wp\/v2\/product-cat?post=35071"}],"curies":[{"name":"wp","href":"https:\/\/api.w.org\/{rel}","templated":true}]}}