{"id":35070,"date":"2025-07-02T01:42:00","date_gmt":"2025-07-02T09:42:00","guid":{"rendered":"https:\/\/tangooled.com\/?post_type=product&#038;p=35070"},"modified":"2026-01-29T23:40:11","modified_gmt":"2026-01-30T07:40:11","slug":"54x70-black-pendant-led-light-channel","status":"publish","type":"product","link":"https:\/\/tangooled.com\/tr\/urun\/54x70-black-pendant-led-light-channel\/","title":{"rendered":"54x70mm Siyah Al\u00fcminyum Asma LED Profil"},"content":{"rendered":"<div class=\"wp-block-group is-vertical is-layout-flex wp-container-core-group-is-layout-d255d7c4 wp-block-group-is-layout-flex\" style=\"padding-top:var(--wp--preset--spacing--80);padding-bottom:var(--wp--preset--spacing--80)\">\n<p>Our 54&#215;70 black pendant LED profile offers flexibility for a range of architectural lighting applications. It can be suspended from a ceiling, fixed directly to a surface, or recessed&nbsp;into a wall or ceiling.<\/p>\n\n\n\n<p>The channel&#8217;s design stands out due to its movable central mounting plate. This plate is 34mm wide, allowing for quick installation and mounting of LED strips. Another important feature of the profile is the interior chamber, which is 30mm deep and located beneath the central plate. This enclosure is designed to house LED drivers, providing a clean and seamless aesthetic without the need for external driver boxes.<\/p>\n\n\n\n<p>This black pendant profile\u2019s large dimensions allow for multiple LED strips, ensuring strong, even, and reliable illumination. This technique is well-suited for modern office lighting, retail businesses, and architectural projects, where flexibility and seamless integration are paramount.<\/p>\n<\/div>\n\n\n\n<div class=\"wp-block-group has-background\" style=\"background-color:#f1f1f1;padding-top:var(--wp--preset--spacing--80);padding-bottom:var(--wp--preset--spacing--80)\"><div class=\"wp-block-group__inner-container is-layout-constrained wp-block-group-is-layout-constrained\">\n<div class=\"wp-block-group\"><div class=\"wp-block-group__inner-container is-layout-constrained wp-block-group-is-layout-constrained\">\n<h2 class=\"wp-block-heading\" style=\"padding-top:var(--wp--preset--spacing--40);padding-bottom:var(--wp--preset--spacing--40);font-size:25px;font-style:normal;font-weight:600;text-transform:capitalize\">Why Choose Our 54&#215;70 Black Pendant LED Profile?<\/h2>\n\n\n\n<ul class=\"wp-block-list\">\n<li>LED \u0131\u015f\u0131k \u015feridinizi se\u00e7in: Herhangi bir renk s\u0131cakl\u0131\u011f\u0131 (2700K s\u0131cak beyazdan 6500K n\u00f6tr beyaz) ve y\u00fcksek CRI (90+) i\u00e7in uyumlu SMD veya COB LED \u015ferit se\u00e7eneklerini tercih edin.<\/li>\n\n\n\n<li>A\u015fa\u011f\u0131 y\u00f6nl\u00fc ayd\u0131nlatma armat\u00fcrleri olu\u015fturun: G\u00f6rev ayd\u0131nlatmas\u0131 i\u00e7in alt k\u0131s\u0131mlara LED \u015feritler ekleyin.<\/li>\n\n\n\n<li>\u00d6zel uzunluklar ve ba\u011flant\u0131lar: Uzun s\u0131ralar veya \u015fekiller i\u00e7in d\u00fcz, 90 derecelik k\u00f6\u015fe ve T-kros ba\u011flant\u0131lar\u0131 ile s\u00fcrekli bir LED sistemi kullan\u0131n.<\/li>\n\n\n\n<li>Parlakl\u0131\u011f\u0131 kontrol edin: M\u00fckemmel ayd\u0131nlatma ayarlar\u0131 i\u00e7in DALI, 0-10V dimmer g\u00fc\u00e7 kaynaklar\u0131 veya Casambi gibi ak\u0131ll\u0131 sistemlerle kullan\u0131n.<\/li>\n\n\n\n<li>Kolay bak\u0131m: T\u00fcm armat\u00fcr\u00fc de\u011fi\u015ftirmeden LED \u015feritleri istedi\u011finiz zaman de\u011fi\u015ftirebilirsiniz.<\/li>\n<\/ul>\n<\/div><\/div>\n<\/div><\/div>\n\n\n\n<div class=\"wp-block-group\" style=\"padding-top:var(--wp--preset--spacing--80);padding-bottom:var(--wp--preset--spacing--80)\"><div class=\"wp-block-group__inner-container is-layout-constrained wp-block-group-is-layout-constrained\">\n<div class=\"wp-block-media-text has-media-on-the-right is-stacked-on-mobile\" style=\"grid-template-columns:auto 40%\"><div class=\"wp-block-media-text__content\">\n<h2 class=\"wp-block-heading\" style=\"padding-top:var(--wp--preset--spacing--40);padding-bottom:var(--wp--preset--spacing--40);font-size:25px;font-style:normal;font-weight:600;text-transform:capitalize\">what&#8217;s included in the kit<\/h2>\n\n\n\n<ul class=\"wp-block-list\">\n<li>Siyah anodize al\u00fcminyum profil<\/li>\n\n\n\n<li>Opal PC dif\u00fcz\u00f6r kapa\u011f\u0131<\/li>\n\n\n\n<li>\u0130ki metal u\u00e7 kapa\u011f\u0131<\/li>\n\n\n\n<li>Ask\u0131 tel seti (opsiyonel ek olarak mevcuttur).<\/li>\n<\/ul>\n<\/div><figure class=\"wp-block-media-text__media\"><img loading=\"lazy\" decoding=\"async\" width=\"500\" height=\"500\" src=\"https:\/\/tangooled.com\/wp-content\/uploads\/2025\/07\/s5470-ins.webp\" alt=\"54x70mm black aluminum profile pendant led light channel\" class=\"wp-image-43155 size-full\" srcset=\"https:\/\/tangooled.com\/wp-content\/uploads\/2025\/07\/s5470-ins.webp 500w, https:\/\/tangooled.com\/wp-content\/uploads\/2025\/07\/s5470-ins-300x300.webp 300w, https:\/\/tangooled.com\/wp-content\/uploads\/2025\/07\/s5470-ins-150x150.webp 150w\" sizes=\"auto, (max-width: 500px) 100vw, 500px\" \/><\/figure><\/div>\n<\/div><\/div>\n\n\n\n<div class=\"wp-block-group has-background\" style=\"background-color:#f1f1f1f2;padding-top:var(--wp--preset--spacing--80);padding-bottom:var(--wp--preset--spacing--80)\"><div class=\"wp-block-group__inner-container is-layout-constrained wp-block-group-is-layout-constrained\">\n<h2 class=\"wp-block-heading\" style=\"padding-top:var(--wp--preset--spacing--40);padding-bottom:var(--wp--preset--spacing--40);font-size:25px;font-style:normal;font-weight:600\">Where to Use the 54&#215;70 Black Pendant LED Channel?<\/h2>\n\n\n\n<p>This 54&#215;70 black LED channel works for many places where a strong linear suspended lighting fixture with modern looks is needed:<\/p>\n\n\n\n<ul class=\"wp-block-list\">\n<li>Ofis toplant\u0131 odas\u0131 ayd\u0131nlatmalar\u0131 ve konferans masas\u0131 ayd\u0131nlatmas\u0131.<\/li>\n\n\n\n<li>Mutfak adas\u0131 asma lambalar\u0131 veya yemek masas\u0131 armat\u00fcrleri<\/li>\n\n\n\n<li>Perakende alanlar\u0131 ve sergiler i\u00e7in vurgulu ve g\u00f6rev ayd\u0131nlatmas\u0131.<\/li>\n\n\n\n<li>Otel giri\u015fi ve resepsiyon masas\u0131 \u00e7arp\u0131c\u0131 ayd\u0131nlatma ile ayd\u0131nlat\u0131lm\u0131\u015ft\u0131r.<\/li>\n\n\n\n<li>Okullar, k\u00fct\u00fcphaneler ve \u00fcniversiteler i\u00e7in tasarlanm\u0131\u015f bir ayd\u0131nlatma \u00e7\u00f6z\u00fcm\u00fc.<\/li>\n<\/ul>\n<\/div><\/div>\n\n\n\n<div class=\"wp-block-group\" style=\"padding-top:var(--wp--preset--spacing--80);padding-bottom:var(--wp--preset--spacing--80)\"><div class=\"wp-block-group__inner-container is-layout-constrained wp-block-group-is-layout-constrained\">\n<h2 class=\"wp-block-heading\" style=\"padding-top:var(--wp--preset--spacing--40);padding-bottom:var(--wp--preset--spacing--40);font-size:25px;font-style:normal;font-weight:600;text-transform:capitalize\">\u0130lgili \u00dcr\u00fcnler ve Aksesuarlar<\/h2>\n\n\n\n<ul class=\"wp-block-list\">\n<li><a href=\"https:\/\/tangooled.com\/tr\/urun\/black-led-diffuser-aluminum-channel-for-12mm-tape-lights\/\"><mark style=\"background-color:rgba(0, 0, 0, 0)\" class=\"has-inline-color has-vivid-red-color\">12 mm bant i\u015f\u0131klar\u0131 i\u00e7in siyah LED dif\u00fcz\u00f6r al\u00fcminyum kanal\u0131<\/mark><\/a><\/li>\n\n\n\n<li><a href=\"https:\/\/tangooled.com\/tr\/urun\/surface-mount-led-profile-with-frosted-diffuser-for-10mm-rope-lights\/\"><mark style=\"background-color:rgba(0, 0, 0, 0)\" class=\"has-inline-color has-vivid-red-color\">10 mm kablo \u0131\u015f\u0131klar\u0131 i\u00e7in frosted dif\u00fcz\u00f6rl\u00fc y\u00fczey montaj LED profili<\/mark><\/a><\/li>\n\n\n\n<li><a href=\"https:\/\/tangooled.com\/tr\/urun\/25x6mm-low-profile-led-strip-channel-for-10mm-led-strip-light\/\"><mark style=\"background-color:rgba(0, 0, 0, 0)\" class=\"has-inline-color has-vivid-red-color\">10mm LED \u015ferit \u0131\u015f\u0131k i\u00e7in 25x6mm d\u00fc\u015f\u00fck profilli LED \u015ferit kanal\u0131<\/mark><\/a><\/li>\n\n\n\n<li><a href=\"https:\/\/tangooled.com\/tr\/urun\/18x9mm-led-tape-light-profile-for-surface-installation\/\"><mark style=\"background-color:rgba(0, 0, 0, 0)\" class=\"has-inline-color has-vivid-red-color\">y\u00fczeye montaj i\u00e7in 18x9mm LED bant \u0131\u015f\u0131k profili<\/mark><\/a><\/li>\n<\/ul>\n<\/div><\/div>","protected":false},"featured_media":16261,"template":"","meta":{"_acf_changed":true,"_seopress_robots_primary_cat":"none","_seopress_titles_title":"54x70 Black Pendant LED Channel | Large Architectural Linear Profile | TANGOOLED","_seopress_titles_desc":"The S5470 is a heavy-duty 54x70 black pendant led channel designed for professional commercial lighting. This wide aluminum profile features a deep housing for internal drivers and dot-free linear light. Ideal for high-end suspended installations.","_seopress_robots_index":""},"pcb-width":[231],"product-cat":[192,194],"class_list":{"0":"post-35070","1":"product","2":"type-product","3":"status-publish","4":"has-post-thumbnail","6":"pcb-width-25-35mm","7":"product-cat-surface-led-profile","8":"product-cat-suspended-profile"},"acf":[],"_links":{"self":[{"href":"https:\/\/tangooled.com\/tr\/wp-json\/wp\/v2\/product\/35070","targetHints":{"allow":["GET"]}}],"collection":[{"href":"https:\/\/tangooled.com\/tr\/wp-json\/wp\/v2\/product"}],"about":[{"href":"https:\/\/tangooled.com\/tr\/wp-json\/wp\/v2\/types\/product"}],"wp:featuredmedia":[{"embeddable":true,"href":"https:\/\/tangooled.com\/tr\/wp-json\/wp\/v2\/media\/16261"}],"wp:attachment":[{"href":"https:\/\/tangooled.com\/tr\/wp-json\/wp\/v2\/media?parent=35070"}],"wp:term":[{"taxonomy":"pcb-width","embeddable":true,"href":"https:\/\/tangooled.com\/tr\/wp-json\/wp\/v2\/pcb-width?post=35070"},{"taxonomy":"product-cat","embeddable":true,"href":"https:\/\/tangooled.com\/tr\/wp-json\/wp\/v2\/product-cat?post=35070"}],"curies":[{"name":"wp","href":"https:\/\/api.w.org\/{rel}","templated":true}]}}