{"id":35044,"date":"2025-07-01T23:56:22","date_gmt":"2025-07-02T07:56:22","guid":{"rendered":"https:\/\/tangooled.com\/?post_type=product&#038;p=35044"},"modified":"2026-01-23T00:26:03","modified_gmt":"2026-01-23T08:26:03","slug":"extra-wide-trimless-led-profile-for-flush-mount-s7518","status":"publish","type":"product","link":"https:\/\/tangooled.com\/tr\/urun\/extra-wide-trimless-led-profile-for-flush-mount-s7518\/","title":{"rendered":"75x18mm Ekstra Geni\u015f \u00c7er\u00e7evesiz LED Profil Kanal\u0131 G\u00f6mme Montaj i\u00e7in"},"content":{"rendered":"<div class=\"wp-block-group is-vertical is-layout-flex wp-container-core-group-is-layout-d255d7c4 wp-block-group-is-layout-flex\" style=\"padding-top:var(--wp--preset--spacing--80);padding-bottom:var(--wp--preset--spacing--80)\">\n<p>This 75x18mm extra-wide trimless LED profile will light up your space in a clean and smooth way. This sleek, trimless channel features a 75mm width and a height of 18mm, making it a powerful lighting solution that doesn&#8217;t get in the way of your view.<\/p>\n\n\n\n<p>Profil, al\u00e7\u0131pan veya s\u0131va ile iyi uyum sa\u011flamak \u00fczere tasarlanm\u0131\u015ft\u0131r ve temiz, modern bir g\u00f6r\u00fcn\u00fcm sunar. T\u00fcm kenarlar\u0131 gizleme konusunda m\u00fckemmel bir i\u015f \u00e7\u0131kar\u0131r, b\u00f6ylece \u0131\u015f\u0131\u011f\u0131n do\u011frudan duvardan veya tavandan \u00e7\u0131kt\u0131\u011f\u0131 izlenimini verir. Bu profilin yap\u0131s\u0131 ince ve geni\u015ftir, bu da geni\u015f alanlar\u0131 e\u015fit \u015fekilde ve parlak bir \u015fekilde ayd\u0131nlatmas\u0131n\u0131 sa\u011flar.<\/p>\n\n\n\n<p>Tam set, projenize profesyonel bir g\u00f6r\u00fcn\u00fcm kazand\u0131rmak i\u00e7in gerekli olan her \u015feyi i\u00e7erir, \u00f6rne\u011fin g\u00f6mme montaj klipsleri ve metal u\u00e7 kapaklar. Bu profil, neredeyse g\u00f6r\u00fcnmez lineer ayd\u0131nlatma isteyen mimarlar ve tasar\u0131mc\u0131lar i\u00e7in m\u00fckemmeldir.<\/p>\n<\/div>\n\n\n\n<div class=\"wp-block-group has-background\" style=\"background-color:#f1f1f1;padding-top:var(--wp--preset--spacing--80);padding-bottom:var(--wp--preset--spacing--80)\"><div class=\"wp-block-group__inner-container is-layout-constrained wp-block-group-is-layout-constrained\">\n<div class=\"wp-block-group is-vertical is-layout-flex wp-container-core-group-is-layout-8cf370e7 wp-block-group-is-layout-flex\">\n<h2 class=\"wp-block-heading\" style=\"padding-top:var(--wp--preset--spacing--40);padding-bottom:var(--wp--preset--spacing--40);font-size:25px;font-style:normal;font-weight:600;text-transform:capitalize\">Neden 75mm x 18mm ekstra geni\u015f \u00c7er\u00e7evesiz LED Profilimizi Se\u00e7melisiniz?<\/h2>\n\n\n\n<ul class=\"wp-block-list\">\n<li>75 mm geni\u015fli\u011finde ve 18 mm derinli\u011finde oldu\u011fu i\u00e7in duvarlar ve tavanlarda yer al\u0131r ve g\u00fc\u00e7l\u00fc bir \u0131\u015f\u0131k hatt\u0131 sa\u011flar.<\/li>\n\n\n\n<li>Y\u00fcksek kaliteli anodize al\u00fcminyumdan yap\u0131lm\u0131\u015ft\u0131r ve LED \u015feritlerini serin tutmak i\u00e7in bir \u0131s\u0131 borusu g\u00f6revi g\u00f6r\u00fcr.<\/li>\n\n\n\n<li>I\u015f\u0131\u011f\u0131 net ve e\u015fit hale getiren, lekesiz veya parlamas\u0131z bir PC opal dif\u00fcz\u00f6r i\u00e7erir.<\/li>\n\n\n\n<li>60mm geni\u015fli\u011findeki \u00e7o\u011fu LED \u015ferit \u0131\u015f\u0131\u011f\u0131 ile \u00e7al\u0131\u015farak parlak, d\u00fcz bir hat olu\u015fturur.<\/li>\n<\/ul>\n<\/div>\n<\/div><\/div>\n\n\n\n<div class=\"wp-block-group\" style=\"padding-top:var(--wp--preset--spacing--60);padding-bottom:var(--wp--preset--spacing--60)\"><div class=\"wp-block-group__inner-container is-layout-constrained wp-block-group-is-layout-constrained\">\n<div class=\"wp-block-media-text has-media-on-the-right is-stacked-on-mobile\" style=\"grid-template-columns:auto 40%\"><div class=\"wp-block-media-text__content\">\n<h2 class=\"wp-block-heading\" style=\"padding-top:var(--wp--preset--spacing--40);padding-bottom:var(--wp--preset--spacing--40);font-size:25px;font-style:normal;font-weight:600;text-transform:capitalize\">Kurulum Kolayla\u015ft\u0131r\u0131ld\u0131<\/h2>\n\n\n\n<ul class=\"wp-block-list\">\n<li>Al\u00fcminyum kanal\u0131 g\u00f6mme klipslere t\u0131klay\u0131n, ard\u0131ndan profili direk veya tavan kiri\u015flerine ba\u011flay\u0131n.<\/li>\n\n\n\n<li>S\u0131va ve Al\u00e7\u0131: Klips flanjlar\u0131n\u0131 kaplamak i\u00e7in al\u00e7\u0131 s\u0131vas\u0131 veya s\u0131va kullan\u0131n.<\/li>\n\n\n\n<li>Sand and Paint\u2014Once the paint is dry, sand it until it is smooth. Color the surface to match the color of your room.<\/li>\n\n\n\n<li>LED \u015feridi yerle\u015ftirin, g\u00fcc\u00fc ba\u011flay\u0131n, sonra buzlu dif\u00fcz\u00f6r\u00fc tak\u0131n.<\/li>\n<\/ul>\n<\/div><figure class=\"wp-block-media-text__media\"><img loading=\"lazy\" decoding=\"async\" width=\"500\" height=\"500\" src=\"https:\/\/tangooled.com\/wp-content\/uploads\/2025\/07\/s7518-ins.webp\" alt=\"75mmx18mm trimless led profile channel for flush mount\" class=\"wp-image-43546 size-full\" srcset=\"https:\/\/tangooled.com\/wp-content\/uploads\/2025\/07\/s7518-ins.webp 500w, https:\/\/tangooled.com\/wp-content\/uploads\/2025\/07\/s7518-ins-300x300.webp 300w, https:\/\/tangooled.com\/wp-content\/uploads\/2025\/07\/s7518-ins-150x150.webp 150w\" sizes=\"auto, (max-width: 500px) 100vw, 500px\" \/><\/figure><\/div>\n<\/div><\/div>\n\n\n\n<div class=\"wp-block-group has-background is-vertical is-layout-flex wp-container-core-group-is-layout-b429018a wp-block-group-is-layout-flex\" style=\"background-color:#f1f1f1f2;padding-top:var(--wp--preset--spacing--70);padding-bottom:var(--wp--preset--spacing--70)\">\n<h2 class=\"wp-block-heading\" style=\"padding-top:var(--wp--preset--spacing--40);padding-bottom:var(--wp--preset--spacing--40);font-size:25px;font-style:normal;font-weight:600\">75x18mm G\u00f6mme \u00c7er\u00e7evesiz LED Profil i\u00e7in M\u00fckemmel Kullan\u0131m Alanlar\u0131<\/h2>\n\n\n\n<ul class=\"wp-block-list\">\n<li>Ceiling Cove and Reveal Lighting: Add architectural reveal lighting that doesn&#8217;t have any frames that can be seen.<\/li>\n\n\n\n<li>Residential Rooms\u2014Great for kitchens, living rooms, hallways, or bathrooms with ceilings constructed of drywall or plasterboard.<\/li>\n\n\n\n<li>Ticari Alanlar: \u0130\u015f yerlerini, konferans odalar\u0131n\u0131, vitrinleri veya misafir alanlar\u0131n\u0131 ayd\u0131nlatmak i\u00e7in kesintisiz lineer ayd\u0131nlatma kullan\u0131n.<\/li>\n\n\n\n<li>Ortam ve G\u00f6rev Ayd\u0131nlatmas\u0131: Raf veya \u00e7al\u0131\u015fma alanlar\u0131n\u0131 daha parlak veya daha yumu\u015fak hale getirmek i\u00e7in kullan\u0131n.<\/li>\n<\/ul>\n<\/div>\n\n\n\n<div class=\"wp-block-group is-vertical is-layout-flex wp-container-core-group-is-layout-d255d7c4 wp-block-group-is-layout-flex\" style=\"padding-top:var(--wp--preset--spacing--80);padding-bottom:var(--wp--preset--spacing--80)\">\n<h2 class=\"wp-block-heading\" style=\"padding-top:var(--wp--preset--spacing--40);padding-bottom:var(--wp--preset--spacing--40);font-size:25px;font-style:normal;font-weight:600;text-transform:capitalize\">\u0130lgili \u00dcr\u00fcnler<\/h2>\n\n\n\n<ul class=\"wp-block-list\">\n<li><a href=\"https:\/\/tangooled.com\/tr\/urun\/black-led-profile-with-black-diffuser-for-10mm-led-strip-light\/\"><mark style=\"background-color:rgba(0, 0, 0, 0)\" class=\"has-inline-color has-vivid-red-color\">10mm LED \u015ferit \u0131\u015f\u0131\u011f\u0131 i\u00e7in siyah dif\u00fcz\u00f6rl\u00fc siyah LED profili <\/mark><\/a>\u2013 A sleek alternative for smaller LED strips.<\/li>\n\n\n\n<li><a href=\"https:\/\/tangooled.com\/tr\/urun\/led-strip-light-channel-aluminum-profile-with-diffused-cover-6mm-height\/\"><mark style=\"background-color:rgba(0, 0, 0, 0)\" class=\"has-inline-color has-vivid-red-color\">Dif\u00fcz\u00f6r kapakl\u0131 6mm y\u00fckseklikteki LED \u015ferit \u0131\u015f\u0131k kanal\u0131 al\u00fcminyum profil<\/mark><\/a> \u2013 For low-profile surface mount lighting.<\/li>\n\n\n\n<li><a href=\"https:\/\/tangooled.com\/tr\/urun\/surface-mount-led-profile-with-frosted-diffuser-for-10mm-rope-lights\/\"><mark style=\"background-color:rgba(0, 0, 0, 0)\" class=\"has-inline-color has-vivid-red-color\">10 mm kablo \u0131\u015f\u0131klar\u0131 i\u00e7in frosted dif\u00fcz\u00f6rl\u00fc y\u00fczey montaj LED profili<\/mark><\/a> \u2013 Ideal for rope lighting installations.<\/li>\n\n\n\n<li><a href=\"https:\/\/tangooled.com\/tr\/urun\/black-led-diffuser-aluminum-channel-for-12mm-tape-lights\/\"><mark style=\"background-color:rgba(0, 0, 0, 0)\" class=\"has-inline-color has-vivid-red-color\">12 mm bant i\u015f\u0131klar\u0131 i\u00e7in siyah LED dif\u00fcz\u00f6r al\u00fcminyum kanal\u0131<\/mark><\/a> \u2013 Perfect for medium width tape light installations.<\/li>\n\n\n\n<li><a href=\"https:\/\/tangooled.com\/tr\/urun\/black-aluminum-u-channel-profile-for-10mm-led-strips\/\"><mark style=\"background-color:rgba(0, 0, 0, 0)\" class=\"has-inline-color has-vivid-red-color\">10mm LED \u015feritler i\u00e7in siyah al\u00fcminyum U kanal\u0131 profili<\/mark><\/a> \u2013 A stylish alternative for surface mounting.<\/li>\n<\/ul>\n<\/div>\n\n\n\n<div class=\"wp-block-group has-background\" style=\"background-color:#f1f1f1;padding-top:var(--wp--preset--spacing--80);padding-bottom:var(--wp--preset--spacing--80)\"><div class=\"wp-block-group__inner-container is-layout-constrained wp-block-group-is-layout-constrained\">\n<h2 class=\"wp-block-heading\" style=\"padding-top:var(--wp--preset--spacing--40);padding-bottom:var(--wp--preset--spacing--40);font-size:25px;font-style:normal;font-weight:600;text-transform:capitalize\">\u00d6zet<\/h2>\n\n\n\n<p style=\"padding-right:var(--wp--preset--spacing--50);padding-left:var(--wp--preset--spacing--50)\">75x18mm \u00e7er\u00e7evesiz LED profili, \u00e7er\u00e7evesiz olarak g\u00f6m\u00fcl\u00fc olmas\u0131 nedeniyle \u015f\u0131k, modern bir g\u00f6r\u00fcn\u00fcme sahiptir. Anodize al\u00fcminyum kasa, b\u00fcy\u00fck 75mm \u0131\u015f\u0131k a\u00e7\u0131kl\u0131\u011f\u0131 ve noktas\u0131z da\u011f\u0131t\u0131c\u0131 kapak, hem konut hem de ticari mimari ayd\u0131nlatma projeleri i\u00e7in m\u00fckemmel hale getirir. Duvarlar\u0131n\u0131z veya tavanlar\u0131n\u0131z ile m\u00fckemmel bir \u015fekilde uyum sa\u011flar ve al\u00e7\u0131pan ve s\u0131va ile \u00e7al\u0131\u015fmak \u00fczere tasarlanm\u0131\u015ft\u0131r. LED \u015feritler i\u00e7in bu g\u00fc\u00e7l\u00fc, y\u00fcksek kaliteli al\u00fcminyum ekstr\u00fczyon, ortamlar\u0131n\u0131zdaki en iyi minimalist lineer ayd\u0131nlatma etkisini elde etmenize yard\u0131mc\u0131 olacakt\u0131r.<\/p>\n<\/div><\/div>\n\n\n\n<p><\/p>","protected":false},"featured_media":33360,"template":"","meta":{"_acf_changed":true,"_seopress_robots_primary_cat":"none","_seopress_titles_title":"Extra Wide Trimless LED Profile 75x18mm Flush Mount | TANGOOLED","_seopress_titles_desc":"Achieve a bold architectural statement with our 75x18mm extra wide trimless LED profile. Ideal for large-scale flush mount installations where a massive light-emitting surface is required.","_seopress_robots_index":""},"pcb-width":[233],"product-cat":[193],"class_list":{"0":"post-35044","1":"product","2":"type-product","3":"status-publish","4":"has-post-thumbnail","6":"pcb-width-50-90mm","7":"product-cat-recessed-profile"},"acf":[],"_links":{"self":[{"href":"https:\/\/tangooled.com\/tr\/wp-json\/wp\/v2\/product\/35044","targetHints":{"allow":["GET"]}}],"collection":[{"href":"https:\/\/tangooled.com\/tr\/wp-json\/wp\/v2\/product"}],"about":[{"href":"https:\/\/tangooled.com\/tr\/wp-json\/wp\/v2\/types\/product"}],"wp:featuredmedia":[{"embeddable":true,"href":"https:\/\/tangooled.com\/tr\/wp-json\/wp\/v2\/media\/33360"}],"wp:attachment":[{"href":"https:\/\/tangooled.com\/tr\/wp-json\/wp\/v2\/media?parent=35044"}],"wp:term":[{"taxonomy":"pcb-width","embeddable":true,"href":"https:\/\/tangooled.com\/tr\/wp-json\/wp\/v2\/pcb-width?post=35044"},{"taxonomy":"product-cat","embeddable":true,"href":"https:\/\/tangooled.com\/tr\/wp-json\/wp\/v2\/product-cat?post=35044"}],"curies":[{"name":"wp","href":"https:\/\/api.w.org\/{rel}","templated":true}]}}