{"id":34993,"date":"2025-07-01T05:58:32","date_gmt":"2025-07-01T13:58:32","guid":{"rendered":"https:\/\/tangooled.com\/?post_type=product&#038;p=34993"},"modified":"2026-01-31T01:44:54","modified_gmt":"2026-01-31T09:44:54","slug":"4-inch-wide-led-profile-recessed-100mm-aluminum-channel-white","status":"publish","type":"product","link":"https:\/\/tangooled.com\/tr\/urun\/4-inch-wide-led-profile-recessed-100mm-aluminum-channel-white\/","title":{"rendered":"4 \u0130n\u00e7 (100mm) G\u00f6mme LED Profil - Beyaz Al\u00fcminyum"},"content":{"rendered":"<div class=\"wp-block-group\" style=\"padding-top:var(--wp--preset--spacing--80);padding-bottom:var(--wp--preset--spacing--80)\"><div class=\"wp-block-group__inner-container is-layout-constrained wp-block-group-is-layout-constrained\">\n<p>Bu 4 in\u00e7 geni\u015fli\u011findeki g\u00f6mme LED profili, herhangi bir alan\u0131 sorunsuz bir \u015fekilde entegre etmek i\u00e7in tasarlanm\u0131\u015ft\u0131r. 90 mm i\u00e7 geni\u015fli\u011fe, 35 mm y\u00fcksekli\u011fe ve her iki tarafta 7.5 mm flanjlara sahiptir. Profilin flanjlar\u0131, duvara veya tavana uymak i\u00e7in yap\u0131lm\u0131\u015ft\u0131r. I\u015f\u0131\u011f\u0131n ve duvar veya tavan yap\u0131s\u0131n\u0131n birle\u015fti\u011fi yerlerde bo\u015fluklar\u0131 etkili bir \u015fekilde gizleyerek, ge\u00e7i\u015fi d\u00fczg\u00fcn ve profesyonel g\u00f6sterir.<\/p>\n\n\n\n<p>90 mm geni\u015flik, kuadrant LED \u015feritleri gibi g\u00fc\u00e7l\u00fc \u0131\u015f\u0131k kaynaklar\u0131 i\u00e7in harikad\u0131r. Bu g\u00fc\u00e7 miktar\u0131, y\u00fcksek lumen \u00e7\u0131kt\u0131s\u0131n\u0131 ve ho\u015f, parlak bir ayd\u0131nlatma deneyimini garanti eder.<\/p>\n\n\n\n<p>Bu 4 in\u00e7 geni\u015fli\u011findeki profilin dif\u00fcz\u00f6r\u00fc, montajdan sonra gev\u015fememesi veya d\u00fc\u015fmemesi i\u00e7in g\u00fc\u00e7l\u00fc bir kilit mekanizmas\u0131na sahiptir. Bu tasar\u0131m, b\u00fcy\u00fck profillerle birlikte gelen s\u00fcrekli stabilite ve g\u00fcvenlik sorunlar\u0131n\u0131 \u00e7\u00f6zer. Bu tasar\u0131m g\u00fcvenli ve iyi d\u00fc\u015f\u00fcn\u00fclm\u00fc\u015f olup, parlamadan ayd\u0131nlatma sa\u011flar.<\/p>\n\n\n\n<p>Bu 100 mm geni\u015fli\u011findeki al\u00fcminyum profil, insanlar\u0131n \u00e7ok parlak, e\u015fit \u0131\u015f\u0131k ald\u0131\u011f\u0131 b\u00fcy\u00fck alanlar i\u00e7in genel ayd\u0131nlatma i\u00e7in harikad\u0131r. A\u00e7\u0131k ofisler, geni\u015f konferans odalar\u0131 ve modern konutlardaki ortak alanlar gibi yerlerde ana ton ve parlakl\u0131\u011f\u0131n ayarlanmas\u0131nda iyi \u00e7al\u0131\u015f\u0131r.<\/p>\n<\/div><\/div>\n\n\n\n<div class=\"wp-block-group has-background\" style=\"background-color:#f1f1f1;padding-top:var(--wp--preset--spacing--80);padding-bottom:var(--wp--preset--spacing--80)\"><div class=\"wp-block-group__inner-container is-layout-constrained wp-block-group-is-layout-constrained\">\n<div class=\"wp-block-group is-vertical is-layout-flex wp-container-core-group-is-layout-8cf370e7 wp-block-group-is-layout-flex\">\n<h2 class=\"wp-block-heading\" style=\"padding-top:var(--wp--preset--spacing--40);padding-bottom:var(--wp--preset--spacing--40);font-size:25px;font-style:normal;font-weight:600;text-transform:capitalize\">Ana \u00d6zellikler<\/h2>\n\n\n\n<ul class=\"wp-block-list\">\n<li>90 mm i\u00e7 geni\u015fli\u011fi, birden fazla LED \u015feritini yan yana yerle\u015ftirmenizi sa\u011flar.<\/li>\n\n\n\n<li>6063-T5 al\u00fcminyum, \u0131s\u0131y\u0131 bo\u015faltmak i\u00e7in harikad\u0131r.<\/li>\n\n\n\n<li>Beyaz toz kaplanm\u0131\u015f y\u00fczey, bir\u00e7ok alanla geni\u015f bir uyum sa\u011flar.&nbsp;<\/li>\n\n\n\n<li>Bu\u011f\u0131l\u0131 opal polikarbonat dif\u00fcz\u00f6r, \u0131\u015f\u0131\u011f\u0131 noktalar olmadan e\u015fit \u015fekilde da\u011f\u0131t\u0131r.<\/li>\n\n\n\n<li>Kolay, temiz al\u00e7\u0131pan montaj\u0131 i\u00e7in g\u00f6mme tokalar i\u00e7erir.<\/li>\n\n\n\n<li>RGB, COB ve y\u00fcksek yo\u011funluklu SMD gibi bir\u00e7ok farkl\u0131 LED \u015feridi ile \u00e7al\u0131\u015f\u0131r.<\/li>\n<\/ul>\n<\/div>\n<\/div><\/div>\n\n\n\n<div class=\"wp-block-group\" style=\"padding-top:var(--wp--preset--spacing--60);padding-bottom:var(--wp--preset--spacing--60)\"><div class=\"wp-block-group__inner-container is-layout-constrained wp-block-group-is-layout-constrained\">\n<div class=\"wp-block-media-text has-media-on-the-right is-stacked-on-mobile\" style=\"grid-template-columns:auto 40%\"><div class=\"wp-block-media-text__content\">\n<h2 class=\"wp-block-heading\" style=\"padding-top:var(--wp--preset--spacing--40);padding-bottom:var(--wp--preset--spacing--40);font-size:25px;font-style:normal;font-weight:600;text-transform:capitalize\">4 in\u00e7 geni\u015fli\u011findeki g\u00f6mme LED profilinin kolay kurulumu<\/h2>\n\n\n\n<ul class=\"wp-block-list\">\n<li>Al\u00fcminyum kanala uygun boyutta al\u00e7\u0131pan veya marangozluk kesilmelidir (yakla\u015f\u0131k 100 mm geni\u015fli\u011finde).<\/li>\n\n\n\n<li>Kanal\u0131n arkas\u0131na g\u00f6mme tokalar\u0131 tak\u0131n ve al\u00fcminyum kanal\u0131 al\u00e7\u0131pan \u00fczerine sabitleyin, flanjlar\u0131n al\u00e7\u0131pan kenarlar\u0131n\u0131n \u00fczerinde oldu\u011fundan emin olun.<\/li>\n\n\n\n<li>Flanjlar\u0131n \u00fczerine al\u00e7\u0131 veya har\u00e7 koyarak trim olmadan bir y\u00fczey elde edin.<\/li>\n\n\n\n<li>Kanal\u0131n i\u00e7ine 100 mm geni\u015fli\u011finde LED \u015feritleri koyun.<\/li>\n\n\n\n<li>Buzlu dif\u00fcz\u00f6r kapa\u011f\u0131n\u0131 \u00fcst\u00fcne yerle\u015ftiriniz.<\/li>\n<\/ul>\n<\/div><figure class=\"wp-block-media-text__media\"><img loading=\"lazy\" decoding=\"async\" width=\"500\" height=\"500\" src=\"https:\/\/tangooled.com\/wp-content\/uploads\/2025\/07\/rg10035-ins.webp\" alt=\"wide led profile recessed 100mm aluminum channel white\" class=\"wp-image-36688 size-full\" srcset=\"https:\/\/tangooled.com\/wp-content\/uploads\/2025\/07\/rg10035-ins.webp 500w, https:\/\/tangooled.com\/wp-content\/uploads\/2025\/07\/rg10035-ins-300x300.webp 300w, https:\/\/tangooled.com\/wp-content\/uploads\/2025\/07\/rg10035-ins-150x150.webp 150w\" sizes=\"auto, (max-width: 500px) 100vw, 500px\" \/><\/figure><\/div>\n<\/div><\/div>\n\n\n\n<div class=\"wp-block-group has-background\" style=\"background-color:#f2f2f2;padding-top:var(--wp--preset--spacing--80);padding-bottom:var(--wp--preset--spacing--80)\"><div class=\"wp-block-group__inner-container is-layout-constrained wp-block-group-is-layout-constrained\">\n<h2 class=\"wp-block-heading\" style=\"border-style:none;border-width:0px;padding-top:var(--wp--preset--spacing--40);padding-bottom:var(--wp--preset--spacing--40);font-size:25px;font-style:normal;font-weight:600;text-transform:capitalize\">What&#8217;s in the kit?<\/h2>\n\n\n\n<ul class=\"wp-block-list\">\n<li>100 mm geni\u015fli\u011finde g\u00f6mme al\u00fcminyum kanal<\/li>\n\n\n\n<li>Opal LED \u0131\u015f\u0131k dif\u00fcz\u00f6r\u00fc<\/li>\n\n\n\n<li>\u0130ki metal u\u00e7 kapa\u011f\u0131<\/li>\n\n\n\n<li>G\u00f6mme tokalar<\/li>\n<\/ul>\n<\/div><\/div>\n\n\n\n<div class=\"wp-block-group\" style=\"padding-top:var(--wp--preset--spacing--80);padding-bottom:var(--wp--preset--spacing--80)\"><div class=\"wp-block-group__inner-container is-layout-constrained wp-block-group-is-layout-constrained\">\n<h2 class=\"wp-block-heading\" style=\"border-style:none;border-width:0px;padding-top:var(--wp--preset--spacing--40);padding-bottom:var(--wp--preset--spacing--40);font-size:25px;font-style:normal;font-weight:600;text-transform:capitalize\">Uygulamalar<\/h2>\n\n\n\n<ul class=\"wp-block-list\">\n<li>Ofis ayd\u0131nlatmas\u0131: \u00e7al\u0131\u015fma masalar\u0131 ve konferans odalar\u0131 i\u00e7in parlak, e\u015fit \u0131\u015f\u0131k<\/li>\n\n\n\n<li>Perakende ma\u011fazalar\u0131: temiz hatlarla parlak \u0131\u015f\u0131k sergileri&nbsp;<\/li>\n\n\n\n<li>Mutfaklar ve bodrumlar: p\u00fcr\u00fczs\u00fcz \u0131\u015f\u0131k da\u011f\u0131l\u0131m\u0131yla genel geni\u015f ayd\u0131nlatma<\/li>\n\n\n\n<li>Gaming rooms and home theaters: cool, wide light that won&#8217;t detract<\/li>\n<\/ul>\n<\/div><\/div>\n\n\n\n<div class=\"wp-block-group has-background\" style=\"background-color:#f1f1f1;padding-top:var(--wp--preset--spacing--80);padding-bottom:var(--wp--preset--spacing--80)\"><div class=\"wp-block-group__inner-container is-layout-constrained wp-block-group-is-layout-constrained\">\n<h2 class=\"wp-block-heading\" style=\"padding-top:var(--wp--preset--spacing--40);padding-bottom:var(--wp--preset--spacing--40);font-size:25px;font-style:normal;font-weight:600;text-transform:capitalize\">Uyumlu LED \u015eeritler<\/h2>\n\n\n\n<p>Bu 4 in\u00e7 geni\u015fli\u011findeki LED profili \u015funlar\u0131 sa\u011flar:<\/p>\n\n\n\n<ul class=\"wp-block-list\">\n<li>Bu 4 in\u00e7 geni\u015fli\u011findeki LED profili, bir\u00e7ok LED \u015feridini yan yana yerle\u015ftirmenizi sa\u011flar (8&nbsp;sat\u0131ra kadar).<\/li>\n\n\n\n<li>Y\u00fcksek yo\u011funluklu SMD \u015feritler (2835\/5050).<\/li>\n\n\n\n<li>Lekesiz \u0131\u015f\u0131k i\u00e7in COB LED mod\u00fclleri.<\/li>\n\n\n\n<li>Ruh halini ayd\u0131nlatmak i\u00e7in RGBW ve renk de\u011fi\u015ftiren \u015feritler.<\/li>\n<\/ul>\n<\/div><\/div>\n\n\n\n<div class=\"wp-block-group\" style=\"padding-top:var(--wp--preset--spacing--80);padding-bottom:var(--wp--preset--spacing--80)\"><div class=\"wp-block-group__inner-container is-layout-constrained wp-block-group-is-layout-constrained\">\n<h2 class=\"wp-block-heading\" style=\"padding-top:var(--wp--preset--spacing--40);padding-bottom:var(--wp--preset--spacing--40);font-size:25px;font-style:normal;font-weight:600;text-transform:capitalize\">\u0130lgili \u00fcr\u00fcnler<\/h2>\n\n\n\n<ul class=\"wp-block-list\">\n<li>Kontrol et <mark style=\"background-color:rgba(0, 0, 0, 0)\" class=\"has-inline-color has-vivid-red-color\"><a href=\"https:\/\/tangooled.com\/tr\/urun\/black-led-profile-with-black-diffuser-for-10mm-led-strip-light\/\">10mm LED \u015ferit \u0131\u015f\u0131k i\u00e7in siyah dif\u00fcz\u00f6rl\u00fc siyah LED profili<\/a><\/mark><a href=\"http:\/\/black led profile with black diffuser for 10mm led strip light\"><mark style=\"background-color:rgba(0, 0, 0, 0)\" class=\"has-inline-color has-vivid-red-color\"> <\/mark><\/a>kompakt dar profiller i\u00e7in.<\/li>\n\n\n\n<li>Ke\u015ffedin <a href=\"https:\/\/tangooled.com\/tr\/urun\/led-strip-light-channel-aluminum-profile-with-diffused-cover-6mm-height\/\"><mark style=\"background-color:rgba(0, 0, 0, 0)\" class=\"has-inline-color has-vivid-red-color\">Dif\u00fcz\u00f6r kapakl\u0131 6mm y\u00fckseklikteki LED \u015ferit \u0131\u015f\u0131k kanal\u0131 al\u00fcminyum profil<\/mark><\/a> d\u00fc\u015f\u00fck profilli y\u00fczey montaj se\u00e7enekleri i\u00e7in.<\/li>\n\n\n\n<li>Y\u00fczey montajl\u0131 LED ihtiya\u00e7lar\u0131 i\u00e7in, \u015funlar\u0131 kontrol edin: <a href=\"https:\/\/tangooled.com\/tr\/urun\/surface-mount-led-profile-with-frosted-diffuser-for-10mm-rope-lights\/\"><mark style=\"background-color:rgba(0, 0, 0, 0)\" class=\"has-inline-color has-vivid-red-color\">10 mm iplikler i\u00e7in mat dif\u00f6re sahip y\u00fczeye montaj LED profili<\/mark><\/a>.<\/li>\n<\/ul>\n<\/div><\/div>\n\n\n\n<div class=\"wp-block-group\" style=\"padding-top:var(--wp--preset--spacing--80);padding-bottom:var(--wp--preset--spacing--80)\"><div class=\"wp-block-group__inner-container is-layout-constrained wp-block-group-is-layout-constrained\">\n<h2 class=\"wp-block-heading\" style=\"padding-top:var(--wp--preset--spacing--40);padding-bottom:var(--wp--preset--spacing--40);font-size:25px;font-style:normal;font-weight:600;text-transform:capitalize\">Neden Bu 4 \u0130n\u00e7 Geni\u015f LED Profilini Se\u00e7melisiniz?<\/h2>\n\n\n\n<p>4 in\u00e7 LED profili ile parlak ve kesintisiz \u0131\u015f\u0131k hatlar\u0131 olu\u015fturabilirsiniz. Ekstra geni\u015f g\u00f6vdesi, bir\u00e7ok LED \u015feridine veya geni\u015f COB LED \u015feritlerine uyacak \u015fekilde tasarlanm\u0131\u015ft\u0131r. Bu, karanl\u0131k alanlar olmadan parlak, e\u015fit bir \u0131\u015f\u0131k sa\u011flar.<\/p>\n\n\n\n<p>6063-T5 al\u00fcminyum kanal\u0131, LED \u015feritlerinizin a\u015f\u0131r\u0131 \u0131s\u0131nmas\u0131n\u0131 \u00f6nlemek i\u00e7in \u0131s\u0131 emici olarak i\u015flev g\u00f6r\u00fcr. Bu, \u0131\u015f\u0131klar\u0131n daha uzun s\u00fcre dayanmas\u0131n\u0131 ve daha iyi \u00e7al\u0131\u015fmas\u0131n\u0131 sa\u011flar. Beyaz toz kaplama, \u00e7o\u011fu i\u00e7 mekanla uyumludur; ancak stilinize uygun olacak \u015fekilde kolayca boyayabilirsiniz.<\/p>\n\n\n\n<p>Bu profil, evlerde, i\u015fletmelerde, ma\u011fazalarda, mutfaklarda ve daha fazlas\u0131nda ayd\u0131nlatma i\u00e7in m\u00fckemmeldir. Geni\u015f \u015fekli ve p\u00fcr\u00fczs\u00fcz dif\u00fcz\u00f6r\u00fc, hem genel hem de vurgu ayd\u0131nlatmas\u0131 i\u00e7in iyi g\u00f6r\u00fcn\u00fcr.<\/p>\n<\/div><\/div>\n\n\n\n<p><\/p>","protected":false},"featured_media":14734,"template":"","meta":{"_acf_changed":true,"_seopress_robots_primary_cat":"none","_seopress_titles_title":"4 Inch Wide Recessed LED Profile | 100mm Large Aluminum Channel | TANGOOLED","_seopress_titles_desc":"The R10035 is a professional 4 inch wide recessed LED profile (100mm). Designed for high-output commercial lighting, this large white aluminum channel supports multi-row strips for a powerful, seamless linear glow.","_seopress_robots_index":""},"pcb-width":[233],"product-cat":[193],"class_list":{"0":"post-34993","1":"product","2":"type-product","3":"status-publish","4":"has-post-thumbnail","6":"pcb-width-50-90mm","7":"product-cat-recessed-profile"},"acf":[],"_links":{"self":[{"href":"https:\/\/tangooled.com\/tr\/wp-json\/wp\/v2\/product\/34993","targetHints":{"allow":["GET"]}}],"collection":[{"href":"https:\/\/tangooled.com\/tr\/wp-json\/wp\/v2\/product"}],"about":[{"href":"https:\/\/tangooled.com\/tr\/wp-json\/wp\/v2\/types\/product"}],"wp:featuredmedia":[{"embeddable":true,"href":"https:\/\/tangooled.com\/tr\/wp-json\/wp\/v2\/media\/14734"}],"wp:attachment":[{"href":"https:\/\/tangooled.com\/tr\/wp-json\/wp\/v2\/media?parent=34993"}],"wp:term":[{"taxonomy":"pcb-width","embeddable":true,"href":"https:\/\/tangooled.com\/tr\/wp-json\/wp\/v2\/pcb-width?post=34993"},{"taxonomy":"product-cat","embeddable":true,"href":"https:\/\/tangooled.com\/tr\/wp-json\/wp\/v2\/product-cat?post=34993"}],"curies":[{"name":"wp","href":"https:\/\/api.w.org\/{rel}","templated":true}]}}