{"id":34992,"date":"2025-07-01T05:57:33","date_gmt":"2025-07-01T13:57:33","guid":{"rendered":"https:\/\/tangooled.com\/?post_type=product&#038;p=34992"},"modified":"2026-01-25T22:40:30","modified_gmt":"2026-01-26T06:40:30","slug":"75x75mm-ceiling-recessed-led-profile-driver-space","status":"publish","type":"product","link":"https:\/\/tangooled.com\/tr\/urun\/75x75mm-ceiling-recessed-led-profile-driver-space\/","title":{"rendered":"Entegre s\u00fcr\u00fcc\u00fc alan\u0131 olan 75x75mm Tavan G\u00f6m\u00fcl\u00fc LED Profili"},"content":{"rendered":"<div class=\"wp-block-group\" style=\"padding-top:var(--wp--preset--spacing--80);padding-bottom:var(--wp--preset--spacing--80)\"><div class=\"wp-block-group__inner-container is-layout-constrained wp-block-group-is-layout-constrained\">\n<p>Bu 75x75mm tavan g\u00f6mme LED kanal\u0131, y\u00fcksek kaliteli 6063-T5 al\u00fcminyum ala\u015f\u0131m\u0131ndan yap\u0131lm\u0131\u015ft\u0131r ve entegre bir s\u00fcr\u00fcc\u00fc alan\u0131na sahiptir. G\u00f6mme bir alana monte edilmesi ama\u00e7lanm\u0131\u015ft\u0131r. Bu, 50mm geni\u015fli\u011finde veya daha az olan d\u00f6rt s\u0131ra LED \u015ferit \u0131\u015f\u0131klar\u0131 veya rijit \u015ferit \u0131\u015f\u0131klar\u0131 ile kullan\u0131labilir.<\/p>\n\n\n\n<p>What&#8217;s great about this LED channel is that it has a built-in place for an LED driver and a removable middle layer for LED strip lights. The space for the driver inside the channel makes the outside look clean. The movable layer allows for easier maintenance.<\/p>\n\n\n\n<p>Bu 75mm g\u00f6mme LED kanal\u0131, metal u\u00e7 kapaklar, U destek tokalar\u0131 ve \u00e7e\u015fitli konekt\u00f6rlerle birlikte gelir ve kurulumu son derece esnek hale getirir. Bu aksesuarlar\u0131 kullanarak birden fazla kanal\u0131 s\u0131n\u0131rs\u0131z do\u011frusal hatlar i\u00e7in sorunsuz bir \u015fekilde ba\u011flayabilir ve herhangi bir tasar\u0131m gereksinimine uygun karma\u015f\u0131k, \u00f6zelle\u015ftirilmi\u015f \u015fekiller ve geometrik bi\u00e7imler olu\u015fturabilirsiniz.<\/p>\n\n\n\n<p>Bu g\u00f6mme 75x75mm al\u00fcminyum kanal\u0131, ev ayd\u0131nlatmas\u0131 ve tavanlar, mutfaklar, yemek odalar\u0131, ofisler gibi ticari ayd\u0131nlatma projelerinde yayg\u0131n olarak kullan\u0131lmaktad\u0131r.<\/p>\n<\/div><\/div>\n\n\n\n<div class=\"wp-block-group has-background is-vertical is-layout-flex wp-container-core-group-is-layout-d255d7c4 wp-block-group-is-layout-flex\" style=\"background-color:#f1f1f1;padding-top:var(--wp--preset--spacing--80);padding-bottom:var(--wp--preset--spacing--80)\">\n<div class=\"wp-block-group is-vertical is-layout-flex wp-container-core-group-is-layout-8cf370e7 wp-block-group-is-layout-flex\">\n<h2 class=\"wp-block-heading\" style=\"padding-top:var(--wp--preset--spacing--40);padding-bottom:var(--wp--preset--spacing--40);font-size:25px;font-style:normal;font-weight:600;text-transform:capitalize\">Bu 75x75mm tavan g\u00f6mme LED profilini \u00f6zel yapan nedir?<\/h2>\n\n\n\n<ul class=\"wp-block-list\">\n<li>Integrated Driver Space: The power supply fits inside the channel since there is a built-in driver space. You don&#8217;t need to hide drivers in other boxes or places.<\/li>\n\n\n\n<li>Trimless, recessed installation: The channel&#8217;s flange fits beneath drywall or plaster for a smooth, mud-in finish that lets in light without showing any boundaries.<\/li>\n\n\n\n<li>Dayan\u0131kl\u0131 Al\u00fcminyum Is\u0131 Yayma: Bu \u0131s\u0131 yayma sistemi, y\u00fcksek kaliteli ekstr\u00fcde al\u00fcminyumdan yap\u0131lm\u0131\u015ft\u0131r ve LED \u015feritlerin daha uzun s\u00fcre dayanmas\u0131n\u0131 sa\u011flamak i\u00e7in onlar\u0131 so\u011fuk tutar.<\/li>\n\n\n\n<li>I\u015f\u0131k parlamas\u0131n\u0131 \u00f6nleyen dif\u00fcz\u00f6rler: Bu kanal i\u00e7in \u00fc\u00e7 farkl\u0131 dif\u00fcz\u00f6r, noktas\u0131z ve parlamas\u0131z ayd\u0131nlatma sunar.<\/li>\n\n\n\n<li>Bir\u00e7ok LED \u015feridi ile uyumludur: B\u00fcy\u00fck LED \u015feritlerini, \u00e7ift ve Philips Hue sistemlerini kapsar.<\/li>\n<\/ul>\n<\/div>\n<\/div>\n\n\n\n<div class=\"wp-block-group\" style=\"padding-top:var(--wp--preset--spacing--60);padding-bottom:var(--wp--preset--spacing--60)\"><div class=\"wp-block-group__inner-container is-layout-constrained wp-block-group-is-layout-constrained\">\n<div class=\"wp-block-media-text has-media-on-the-right is-stacked-on-mobile\"><div class=\"wp-block-media-text__content\">\n<h2 class=\"wp-block-heading\" style=\"font-size:25px;font-style:normal;font-weight:600;text-transform:capitalize\">Nas\u0131l Montaj Yap\u0131l\u0131r<\/h2>\n\n\n\n<ul class=\"wp-block-list\">\n<li>Al\u00fcminyum kanal\u0131 ve orta tezgah\u0131 do\u011fru uzunlu\u011fa kesin.<\/li>\n\n\n\n<li>LED \u015feritleri \u00e7\u0131kar\u0131labilir tezgah\u0131n i\u00e7ine yap\u0131\u015ft\u0131r\u0131n ve tezgah\u0131 vidalarla kanala sabitleyin.<\/li>\n\n\n\n<li>LED s\u00fcr\u00fcc\u00fcy\u00fc onun i\u00e7in mevcut olan b\u00f6lmenin dibine yerle\u015ftirin.<\/li>\n\n\n\n<li>LED s\u00fcr\u00fcc\u00fcy\u00fc ve \u015feritleri ba\u011flay\u0131n ve test edin.<\/li>\n\n\n\n<li>Dif\u00fcz\u00f6r\u00fc kapat\u0131n ve her iki tarafa u\u00e7 kapaklar\u0131 tak\u0131n.<\/li>\n\n\n\n<li>Kanal \u0131\u015f\u0131\u011f\u0131n\u0131 tavana veya al\u00e7\u0131pan\u0131n i\u00e7ine g\u00f6mmek i\u00e7in U toka kullan\u0131n.<\/li>\n<\/ul>\n<\/div><figure class=\"wp-block-media-text__media\"><img loading=\"lazy\" decoding=\"async\" width=\"500\" height=\"500\" src=\"https:\/\/tangooled.com\/wp-content\/uploads\/2025\/07\/r7572-ins.webp\" alt=\"75mm recessed aluminum led channel with built in driver space\" class=\"wp-image-41240 size-full\" srcset=\"https:\/\/tangooled.com\/wp-content\/uploads\/2025\/07\/r7572-ins.webp 500w, https:\/\/tangooled.com\/wp-content\/uploads\/2025\/07\/r7572-ins-300x300.webp 300w, https:\/\/tangooled.com\/wp-content\/uploads\/2025\/07\/r7572-ins-150x150.webp 150w\" sizes=\"auto, (max-width: 500px) 100vw, 500px\" \/><\/figure><\/div>\n<\/div><\/div>\n\n\n\n<div class=\"wp-block-group has-background\" style=\"background-color:#f1f1f1f2;padding-top:var(--wp--preset--spacing--80);padding-bottom:var(--wp--preset--spacing--80)\"><div class=\"wp-block-group__inner-container is-layout-constrained wp-block-group-is-layout-constrained\">\n<h2 class=\"wp-block-heading\" style=\"padding-top:var(--wp--preset--spacing--40);padding-bottom:var(--wp--preset--spacing--40);font-size:25px;font-style:normal;font-weight:600;text-transform:capitalize\">Set i\u00e7inde neler al\u0131rs\u0131n\u0131z?<\/h2>\n\n\n\n<ul class=\"wp-block-list\">\n<li>Anodize al\u00fcminyum kanal ve orta tezgah (\u00f6l\u00e7\u00fcye g\u00f6re kesilmi\u015f)<\/li>\n\n\n\n<li>Opal, strafor veya mikro prizmatik LED dif\u00fcz\u00f6r<\/li>\n\n\n\n<li>\u0130ki metal u\u00e7 kapa\u011f\u0131<\/li>\n\n\n\n<li>G\u00f6mme tokalar<\/li>\n\n\n\n<li>Konekt\u00f6rler<\/li>\n<\/ul>\n<\/div><\/div>\n\n\n\n<div class=\"wp-block-group\" style=\"padding-top:var(--wp--preset--spacing--80);padding-bottom:var(--wp--preset--spacing--80)\"><div class=\"wp-block-group__inner-container is-layout-constrained wp-block-group-is-layout-constrained\">\n<h2 class=\"wp-block-heading\" style=\"padding-top:var(--wp--preset--spacing--40);padding-bottom:var(--wp--preset--spacing--40);font-size:25px;font-style:normal;font-weight:600;text-transform:capitalize\">Bu 75x75mm G\u00f6mmeli LED Kanal\u0131 Nerelerde Kullan\u0131l\u0131r<\/h2>\n\n\n\n<ul class=\"wp-block-list\">\n<li>Evler: Oturma odalar\u0131 ve ev sinemas\u0131, temiz, modern \u0131\u015f\u0131k hatlar\u0131 istedi\u011finiz yerler.<\/li>\n\n\n\n<li>Ofisler: \u015e\u0131k ortam \u0131\u015f\u0131\u011f\u0131na sahip koridorlar ve konferans odalar\u0131.<\/li>\n\n\n\n<li>Perakende ve Misafirperverlik: D\u00fckkanlar, otel lobileri ve restoranlar gibi mimari detaylar\u0131 vurgulamak i\u00e7in vurgu ayd\u0131nlatmas\u0131 veya ni\u015f ayd\u0131nlatmas\u0131 kullan\u0131n.<\/li>\n\n\n\n<li>Mimari Ayd\u0131nlatma: Duvarlar\u0131, tavanlar\u0131 ve mekanlardaki de\u011fi\u015fiklikleri belirginle\u015ftirmek i\u00e7in g\u00fc\u00e7l\u00fc, parlak bir \u0131\u015f\u0131k hatt\u0131 kullan\u0131n.<\/li>\n<\/ul>\n<\/div><\/div>\n\n\n\n<div class=\"wp-block-group has-background\" style=\"background-color:#f1f1f1;padding-top:var(--wp--preset--spacing--80);padding-bottom:var(--wp--preset--spacing--80)\"><div class=\"wp-block-group__inner-container is-layout-constrained wp-block-group-is-layout-constrained\">\n<h2 class=\"wp-block-heading\" style=\"padding-top:var(--wp--preset--spacing--40);padding-bottom:var(--wp--preset--spacing--40);font-size:25px;font-style:normal;font-weight:600;text-transform:capitalize\">\u00d6zet<\/h2>\n\n\n\n<p style=\"padding-right:var(--wp--preset--spacing--50);padding-left:var(--wp--preset--spacing--50)\">Entegre s\u00fcr\u00fcc\u00fc alan\u0131na sahip bu 75x75mm tavan g\u00f6mme LED profili, montaj\u0131n\u0131n kolay oldu\u011fu kesintisiz, mimari ayd\u0131nlatma isteyenler i\u00e7in en iyi LED ekstr\u00fczyondur. D\u00fcz al\u00e7\u0131pan veya tavanda uyumlu bir \u015fekilde yer al\u0131r ve p\u00fcr\u00fczs\u00fcz bir biti\u015f sa\u011flar.<\/p>\n\n\n\n<p style=\"padding-right:var(--wp--preset--spacing--50);padding-left:var(--wp--preset--spacing--50)\">Bu, ev mutfaklar\u0131ndan i\u015fyeri koridorlar\u0131na ve ma\u011faza sergilerine kadar \u00e7e\u015fitli yerlerde kullan\u0131labilir. I\u015f\u0131\u011f\u0131 p\u00fcr\u00fczs\u00fcz ve noktas\u0131z hale getiren tak\u0131labilir dif\u00fcz\u00f6rlere sahip olup, b\u00fcy\u00fck LED \u015feritler i\u00e7in bir alan bar\u0131nd\u0131r\u0131r.<\/p>\n<\/div><\/div>\n\n\n\n<p style=\"padding-top:var(--wp--preset--spacing--60);padding-bottom:var(--wp--preset--spacing--60)\">Tangooled'de ince profillerden geni\u015f kanallara, u\u00e7 kapaklar ve montaj kitleri gibi aksesuarlara kadar t\u00fcm se\u00e7enekleri ke\u015ffedin:<\/p>\n\n\n\n<ul class=\"wp-block-list\">\n<li><mark style=\"background-color:rgba(0, 0, 0, 0)\" class=\"has-inline-color has-vivid-red-color\"><a href=\"https:\/\/tangooled.com\/tr\/urun\/black-led-profile-with-black-diffuser-for-10mm-led-strip-light\/\">Siyah LED Profil ve Siyah Dif\u00fcz\u00f6r<\/a><\/mark><\/li>\n\n\n\n<li><a href=\"https:\/\/tangooled.com\/tr\/urun\/25x6mm-low-profile-led-strip-channel-for-10mm-led-strip-light\/\"><mark style=\"background-color:rgba(0, 0, 0, 0)\" class=\"has-inline-color has-vivid-red-color\">25x6mm D\u00fc\u015f\u00fck Profil LED Kanal<\/mark><\/a><\/li>\n\n\n\n<li><a href=\"https:\/\/tangooled.com\/tr\/urun\/surface-mount-led-profile-with-frosted-diffuser-for-10mm-rope-lights\/\"><mark style=\"background-color:rgba(0, 0, 0, 0)\" class=\"has-inline-color has-vivid-red-color\">Mat Dif\u00fcz\u00f6rl\u00fc Y\u00fczey Montaj\u0131 LED Profili<\/mark><\/a><\/li>\n<\/ul>\n\n\n\n<p><\/p>","protected":false},"featured_media":14737,"template":"","meta":{"_acf_changed":true,"_seopress_robots_primary_cat":"none","_seopress_titles_title":"75x75mm Ceiling Recessed LED Profile | Integrated Driver Space","_seopress_titles_desc":"Streamline your installation with our 75x75mm ceiling recessed LED profile. Featuring a large built-in driver space, this deep aluminum channel ensures a flawless, dot-free glow for commercial main lighting.","_seopress_robots_index":""},"pcb-width":[232],"product-cat":[193],"class_list":{"0":"post-34992","1":"product","2":"type-product","3":"status-publish","4":"has-post-thumbnail","6":"pcb-width-35-45mm","7":"product-cat-recessed-profile"},"acf":[],"_links":{"self":[{"href":"https:\/\/tangooled.com\/tr\/wp-json\/wp\/v2\/product\/34992","targetHints":{"allow":["GET"]}}],"collection":[{"href":"https:\/\/tangooled.com\/tr\/wp-json\/wp\/v2\/product"}],"about":[{"href":"https:\/\/tangooled.com\/tr\/wp-json\/wp\/v2\/types\/product"}],"wp:featuredmedia":[{"embeddable":true,"href":"https:\/\/tangooled.com\/tr\/wp-json\/wp\/v2\/media\/14737"}],"wp:attachment":[{"href":"https:\/\/tangooled.com\/tr\/wp-json\/wp\/v2\/media?parent=34992"}],"wp:term":[{"taxonomy":"pcb-width","embeddable":true,"href":"https:\/\/tangooled.com\/tr\/wp-json\/wp\/v2\/pcb-width?post=34992"},{"taxonomy":"product-cat","embeddable":true,"href":"https:\/\/tangooled.com\/tr\/wp-json\/wp\/v2\/product-cat?post=34992"}],"curies":[{"name":"wp","href":"https:\/\/api.w.org\/{rel}","templated":true}]}}