{"id":34991,"date":"2025-07-01T05:50:39","date_gmt":"2025-07-01T13:50:39","guid":{"rendered":"https:\/\/tangooled.com\/?post_type=product&#038;p=34991"},"modified":"2026-01-25T22:19:17","modified_gmt":"2026-01-26T06:19:17","slug":"75mm-recessed-black-led-aluminum-channel-for-multi-led-strips","status":"publish","type":"product","link":"https:\/\/tangooled.com\/tr\/urun\/75mm-recessed-black-led-aluminum-channel-for-multi-led-strips\/","title":{"rendered":"\u00e7oklu LED \u015feritler i\u00e7in 75mm g\u00f6mme siyah al\u00fcminyum kanal"},"content":{"rendered":"<div class=\"wp-block-group is-vertical is-layout-flex wp-container-core-group-is-layout-d255d7c4 wp-block-group-is-layout-flex\" style=\"padding-top:var(--wp--preset--spacing--80);padding-bottom:var(--wp--preset--spacing--80)\">\n<p>75 mm'lik g\u00f6mme siyah LED al\u00fcminyum kanal, sorunsuz entegrasyon i\u00e7in tasarlanm\u0131\u015ft\u0131r. 65 mm i\u00e7 geni\u015fli\u011fe, 32 mm y\u00fcksekli\u011fe ve her iki tarafta 7 mm geni\u015fletmelere sahiptir. Bu tasar\u0131m, armat\u00fcr ile duvar veya tavan yap\u0131s\u0131 aras\u0131ndaki bo\u015fluklar\u0131 gizlemek i\u00e7in geli\u015ftirilmi\u015ftir ve aralar\u0131ndaki ge\u00e7i\u015fi p\u00fcr\u00fczs\u00fcz hale getirir.<\/p>\n\n\n\n<p>65 mm i\u00e7 geni\u015fli\u011fe sahip bu siyah LED kanal\u0131, birden fazla LED \u015feridi veya geni\u015f bir sert PCB \u015ferit \u0131\u015f\u0131\u011f\u0131 tutabilir. Bu \u00f6nemli \u00f6zellik, ayd\u0131nlatma \u00e7\u0131kt\u0131s\u0131n\u0131n y\u00fcksek l\u00fcmen olmas\u0131n\u0131 sa\u011flarken, parlak bir ayd\u0131nlatma deneyimi sunar.<\/p>\n\n\n\n<p>This 75&#215;32 recessed aluminum channel has diffusers that are opal, frosted, or micro-prismatic. This option gives you the choice between a dotless lighting effect and glare-free light, depending on what you need for your design.<\/p>\n<\/div>\n\n\n\n<div class=\"wp-block-group has-background is-vertical is-layout-flex wp-container-core-group-is-layout-d255d7c4 wp-block-group-is-layout-flex\" style=\"background-color:#f1f1f1;padding-top:var(--wp--preset--spacing--80);padding-bottom:var(--wp--preset--spacing--80)\">\n<div class=\"wp-block-group is-vertical is-layout-flex wp-container-core-group-is-layout-8cf370e7 wp-block-group-is-layout-flex\">\n<h2 class=\"wp-block-heading\" style=\"padding-top:var(--wp--preset--spacing--40);padding-bottom:var(--wp--preset--spacing--40);font-size:25px;font-style:normal;font-weight:600;text-transform:capitalize\">Neden 75 mm'lik G\u00f6mme Siyah LED Kanal\u0131m\u0131z\u0131 Se\u00e7melisiniz?<\/h2>\n\n\n\n<ul class=\"wp-block-list\">\n<li>The wide size of 75mm \u00d7 32mm lets you put multiple LED strips inside.<\/li>\n\n\n\n<li>G\u00f6mme tasar\u0131m, kanal\u0131 duvar\u0131n\u0131zda veya tavan\u0131n\u0131zda gizlemenizi sa\u011flar. Hi\u00e7bir \u00e7irkin kenar yok, sadece temiz hatlar.<\/li>\n\n\n\n<li>Mat siyah kaplama, stilin \u00f6nemli oldu\u011fu modern evler, ofisler ve ma\u011fazalar i\u00e7in m\u00fckemmeldir.<\/li>\n\n\n\n<li>Al\u00fcminyum g\u00f6vde, LED \u015feritlerinin iyi so\u011fumas\u0131n\u0131 sa\u011flar, bu da onlar\u0131n daha uzun \u00f6m\u00fcrl\u00fc olmas\u0131n\u0131 sa\u011flar.<\/li>\n\n\n\n<li>Buzlu LED dif\u00fcz\u00f6r, noktalar olmadan e\u015fit bir \u0131\u015f\u0131k verirken, mikro prizmatik dif\u00fcz\u00f6r parlamas\u0131zd\u0131r.<\/li>\n\n\n\n<li>It&#8217;s a great choice for high-output lighting in homes, offices, or stores.<\/li>\n<\/ul>\n<\/div>\n<\/div>\n\n\n\n<div class=\"wp-block-group\" style=\"padding-top:var(--wp--preset--spacing--60);padding-bottom:var(--wp--preset--spacing--60)\"><div class=\"wp-block-group__inner-container is-layout-constrained wp-block-group-is-layout-constrained\">\n<div class=\"wp-block-media-text has-media-on-the-right is-stacked-on-mobile\"><div class=\"wp-block-media-text__content\">\n<h2 class=\"wp-block-heading\" style=\"padding-top:var(--wp--preset--spacing--40);padding-bottom:var(--wp--preset--spacing--40);font-size:25px;text-transform:capitalize\">nas\u0131l kurulur<\/h2>\n\n\n\n<ul class=\"wp-block-list\">\n<li>Drywall, tavan veya \u00f6zel odun panellerine yakla\u015f\u0131k 75 mm geni\u015fli\u011finde ve 32 mm derinli\u011finde bir oluk a\u00e7\u0131n.<\/li>\n\n\n\n<li>LED \u015feritleri kanalda yerle\u015ftirin.<\/li>\n\n\n\n<li>Da\u011f\u0131t\u0131c\u0131 kapa\u011f\u0131 \u00fczerine tak\u0131n ve bitmi\u015f bir g\u00f6r\u00fcn\u00fcm i\u00e7in u\u00e7 kapaklar\u0131 tak\u0131n.<\/li>\n\n\n\n<li>Bu kanal\u0131n arkas\u0131na g\u00f6mme braketleri monte edin.<\/li>\n\n\n\n<li>75x32 mm g\u00f6mme siyah LED al\u00fcminyum kanal\u0131 y\u00fczeyle flush yerle\u015ftirin.<\/li>\n<\/ul>\n<\/div><figure class=\"wp-block-media-text__media\"><img loading=\"lazy\" decoding=\"async\" width=\"500\" height=\"500\" src=\"https:\/\/tangooled.com\/wp-content\/uploads\/2025\/07\/r7532-ins-c.webp\" alt=\"75x32mm recessed black led aluminum channel for multi led strips\" class=\"wp-image-41259 size-full\" srcset=\"https:\/\/tangooled.com\/wp-content\/uploads\/2025\/07\/r7532-ins-c.webp 500w, https:\/\/tangooled.com\/wp-content\/uploads\/2025\/07\/r7532-ins-c-300x300.webp 300w, https:\/\/tangooled.com\/wp-content\/uploads\/2025\/07\/r7532-ins-c-150x150.webp 150w\" sizes=\"auto, (max-width: 500px) 100vw, 500px\" \/><\/figure><\/div>\n<\/div><\/div>\n\n\n\n<div class=\"wp-block-group has-background\" style=\"background-color:#f1f1f1;padding-top:var(--wp--preset--spacing--80);padding-bottom:var(--wp--preset--spacing--80)\"><div class=\"wp-block-group__inner-container is-layout-constrained wp-block-group-is-layout-constrained\">\n<h2 class=\"wp-block-heading\" style=\"padding-top:var(--wp--preset--spacing--40);padding-bottom:var(--wp--preset--spacing--40);font-size:25px;font-style:normal;font-weight:600;text-transform:capitalize\">What&#8217;s in the kit?<\/h2>\n\n\n\n<ul class=\"wp-block-list\">\n<li>Siyah kaplamal\u0131 al\u00fcminyum profil<\/li>\n\n\n\n<li>Opal PC \u0131\u015f\u0131k dif\u00fcz\u00f6r\u00fc<\/li>\n\n\n\n<li>Metal u\u00e7 kapaklar<\/li>\n\n\n\n<li>Bahar destekleri<\/li>\n<\/ul>\n<\/div><\/div>\n\n\n\n<div class=\"wp-block-group\" style=\"padding-top:var(--wp--preset--spacing--80);padding-bottom:var(--wp--preset--spacing--80)\"><div class=\"wp-block-group__inner-container is-layout-constrained wp-block-group-is-layout-constrained\">\n<h2 class=\"wp-block-heading\" style=\"padding-top:var(--wp--preset--spacing--40);padding-bottom:var(--wp--preset--spacing--40);font-size:25px;font-style:normal;font-weight:600;text-transform:capitalize\">Bu Yerler \u0130\u00e7in M\u00fckemmel<\/h2>\n\n\n\n<ul class=\"wp-block-list\">\n<li>B\u00fcy\u00fck ofisler ve ma\u011fazalar: A\u00e7\u0131k alanlar i\u00e7in birincil ayd\u0131nlatma. Veri merkezlerinde ve ortak \u00e7al\u0131\u015fma alanlar\u0131nda parlamadan uzak, parlak ve e\u015fit ayd\u0131nlatma i\u00e7in g\u00f6mme.<\/li>\n\n\n\n<li>Halka a\u00e7\u0131k ve \u00f6zel alanlar: Konferans salonlar\u0131, sergi merkezleri, hastane koridorlar\u0131 ve b\u00fcy\u00fck lobiler gibi alanlar i\u00e7in y\u00fcksek standartta ayd\u0131nlatma. Geni\u015f, i\u015flevsel \u0131\u015f\u0131k kapsam\u0131 sa\u011flar.<\/li>\n\n\n\n<li>Perakende ve Serigrafi: Duvarlar ve raflar i\u00e7in entegre vurgu ayd\u0131nlatmas\u0131. G\u00f6sterim alanlar\u0131nda ve y\u00fcksek kaliteli ma\u011fazalarda ger\u00e7ekten \u00f6ne \u00e7\u0131kan p\u00fcr\u00fczs\u00fcz, parlak \u0131\u015f\u0131k verir.<\/li>\n\n\n\n<li>L\u00fcks alanlar i\u00e7in element ayd\u0131nlatmas\u0131. Otel lobileri ve koridorlarda ziyaret\u00e7ileri y\u00f6nlendirmek ve ortam\u0131 geli\u015ftirmek i\u00e7in her zaman a\u00e7\u0131k olan ve de\u011fi\u015ftirilebilen \u0131\u015f\u0131k hatlar\u0131 olu\u015fturur.<\/li>\n<\/ul>\n<\/div><\/div>\n\n\n\n<div class=\"wp-block-group has-background\" style=\"background-color:#f1f1f1;padding-top:var(--wp--preset--spacing--80);padding-bottom:var(--wp--preset--spacing--80)\"><div class=\"wp-block-group__inner-container is-layout-constrained wp-block-group-is-layout-constrained\">\n<h2 class=\"wp-block-heading\" style=\"padding-top:var(--wp--preset--spacing--40);padding-bottom:var(--wp--preset--spacing--40);font-size:25px;font-style:normal;font-weight:600;text-transform:capitalize\">Farkl\u0131 ihtiya\u00e7lar i\u00e7in ilgili \u00fcr\u00fcnler<\/h2>\n\n\n\n<p style=\"padding-right:var(--wp--preset--spacing--50);padding-left:var(--wp--preset--spacing--50)\">Y\u00fczey montaj\u0131 se\u00e7enekleri i\u00e7in 10 mm kablo \u0131\u015f\u0131klar\u0131 i\u00e7in buzlu dif\u00fcz\u00f6rl\u00fc y\u00fczey montaj LED profiline bak\u0131n.<mark style=\"background-color:rgba(0, 0, 0, 0)\" class=\"has-inline-color has-vivid-red-color\"> <a href=\"https:\/\/tangooled.com\/tr\/urun\/surface-mount-led-profile-with-frosted-diffuser-for-10mm-rope-lights\/\">burada<\/a>.<\/mark> E\u011fer bir U \u015feklinde kanala ihtiyac\u0131n\u0131z varsa, 10 mm LED \u015feritleri i\u00e7in siyah al\u00fcminyum U kanal profilini deneyin. <a href=\"https:\/\/tangooled.com\/tr\/urun\/black-aluminum-u-channel-profile-for-10mm-led-strips\/\"><mark style=\"background-color:rgba(0, 0, 0, 0)\" class=\"has-inline-color has-vivid-red-color\">ba\u011flant\u0131<\/mark><\/a>. Dar profillerde \u00e7ift LED \u015feritler i\u00e7in dif\u00fcz\u00f6rl\u00fc dolap LED \u015ferit kanal\u0131n\u0131 kontrol edin. <a href=\"https:\/\/tangooled.com\/tr\/urun\/cabinet-led-strip-channel-with-diffuser-for-double-led-strips\/\"><mark style=\"background-color:rgba(0, 0, 0, 0)\" class=\"has-inline-color has-vivid-red-color\">sayfa<\/mark><\/a>.<\/p>\n<\/div><\/div>\n\n\n\n<div class=\"wp-block-group\" style=\"padding-top:var(--wp--preset--spacing--80);padding-bottom:var(--wp--preset--spacing--80)\"><div class=\"wp-block-group__inner-container is-layout-constrained wp-block-group-is-layout-constrained\">\n<h2 class=\"wp-block-heading\" style=\"padding-top:var(--wp--preset--spacing--40);padding-bottom:var(--wp--preset--spacing--40);font-size:25px;text-transform:capitalize\">\u00d6zet<\/h2>\n\n\n\n<p>Anodize al\u00fcminyumdan yap\u0131lm\u0131\u015f b\u00fcy\u00fck, y\u00fczeye monte siyah biti\u015fli LED konut gerekiyorsa, birden fazla LED \u015fepsi i\u00e7in 75x32 mm'lik g\u00f6mme siyah LED al\u00fcminyum kanal en iyi \u00e7\u00f6z\u00fcmd\u00fcr. \u00c7e\u015fitli LED \u015feritleri ile \u00e7al\u0131\u015f\u0131r ve herhangi bir alan i\u00e7in temiz, parlak ve \u015f\u0131k ayd\u0131nlatma yaratman\u0131za yard\u0131mc\u0131 olur.<\/p>\n<\/div><\/div>\n\n\n\n<p><\/p>","protected":false},"featured_media":14746,"template":"","meta":{"_acf_changed":true,"_seopress_robots_primary_cat":"none","_seopress_titles_title":"75mm Wide Recessed LED Channel | Dot-Free Profile | TANGOOLED","_seopress_titles_desc":"The R7532 is a premium 75mm wide recessed LED channel with 32mm depth for a perfect dot-free finish. Ideal for multi-row LED strips in commercial and office lighting projects.","_seopress_robots_index":""},"pcb-width":[233],"product-cat":[193],"class_list":{"0":"post-34991","1":"product","2":"type-product","3":"status-publish","4":"has-post-thumbnail","6":"pcb-width-50-90mm","7":"product-cat-recessed-profile"},"acf":[],"_links":{"self":[{"href":"https:\/\/tangooled.com\/tr\/wp-json\/wp\/v2\/product\/34991","targetHints":{"allow":["GET"]}}],"collection":[{"href":"https:\/\/tangooled.com\/tr\/wp-json\/wp\/v2\/product"}],"about":[{"href":"https:\/\/tangooled.com\/tr\/wp-json\/wp\/v2\/types\/product"}],"wp:featuredmedia":[{"embeddable":true,"href":"https:\/\/tangooled.com\/tr\/wp-json\/wp\/v2\/media\/14746"}],"wp:attachment":[{"href":"https:\/\/tangooled.com\/tr\/wp-json\/wp\/v2\/media?parent=34991"}],"wp:term":[{"taxonomy":"pcb-width","embeddable":true,"href":"https:\/\/tangooled.com\/tr\/wp-json\/wp\/v2\/pcb-width?post=34991"},{"taxonomy":"product-cat","embeddable":true,"href":"https:\/\/tangooled.com\/tr\/wp-json\/wp\/v2\/product-cat?post=34991"}],"curies":[{"name":"wp","href":"https:\/\/api.w.org\/{rel}","templated":true}]}}