{"id":34990,"date":"2025-07-01T05:43:20","date_gmt":"2025-07-01T13:43:20","guid":{"rendered":"https:\/\/tangooled.com\/?post_type=product&#038;p=34990"},"modified":"2026-02-02T22:23:03","modified_gmt":"2026-02-03T06:23:03","slug":"inner-66mm-recessed-led-channel-for-led-strip-lighting","status":"publish","type":"product","link":"https:\/\/tangooled.com\/tr\/urun\/inner-66mm-recessed-led-channel-for-led-strip-lighting\/","title":{"rendered":"i\u00e7 mekan 66mm g\u00f6mme led kanal\u0131 LED \u015ferit ayd\u0131nlatmas\u0131 i\u00e7in"},"content":{"rendered":"<div class=\"wp-block-group is-vertical is-layout-flex wp-container-core-group-is-layout-d255d7c4 wp-block-group-is-layout-flex\" style=\"padding-top:var(--wp--preset--spacing--80);padding-bottom:var(--wp--preset--spacing--80)\">\n<p>\u0130\u00e7 mekan 66mm g\u00f6mme LED kanal profili, etkileyici ve hepsi bir arada ayd\u0131nlatma \u00e7\u00f6z\u00fcmleri i\u00e7in tasarlanm\u0131\u015ft\u0131r. 18mm y\u00fckseklikte ve 66mm geni\u015fli\u011finde b\u00fcy\u00fck bir i\u00e7 \u00e7ap\u0131 vard\u0131r, b\u00f6ylece bir\u00e7ok \u00e7ok s\u0131ral\u0131 LED \u015feridi bar\u0131nd\u0131rabilir ve daha fazla \u0131\u015f\u0131k yayabilir.<\/p>\n\n\n\n<p>Flanjl\u0131 bu geni\u015f, s\u0131\u011f al\u00fcminyum kanal, herhangi bir diki\u015f olmaks\u0131z\u0131n bir araya getirilmek \u00fczere tasarlanm\u0131\u015ft\u0131r. Kurulum diyagram\u0131nda g\u00f6sterildi\u011fi gibi, yayl\u0131 desteklerle tavana g\u00fcvenli bir \u015fekilde ba\u011flan\u0131r. Profile bir PC dif\u00fcz\u00f6r kapa\u011f\u0131 eklemek, sert g\u00f6lgeleri ve s\u0131cak noktalar\u0131 azaltarak daha profesyonel g\u00f6r\u00fcnen daha geni\u015f, daha yumu\u015fak bir ayd\u0131nlatma etkisi sa\u011flar.<\/p>\n\n\n\n<p> .<\/p>\n<\/div>\n\n\n\n<div class=\"wp-block-group has-background\" style=\"background-color:#f1f1f1;padding-top:var(--wp--preset--spacing--80);padding-bottom:var(--wp--preset--spacing--80)\"><div class=\"wp-block-group__inner-container is-layout-constrained wp-block-group-is-layout-constrained\">\n<div class=\"wp-block-group is-vertical is-layout-flex wp-container-core-group-is-layout-8cf370e7 wp-block-group-is-layout-flex\">\n<h2 class=\"wp-block-heading\" style=\"padding-top:var(--wp--preset--spacing--40);padding-bottom:var(--wp--preset--spacing--40);font-size:25px;font-style:normal;font-weight:600;text-transform:capitalize\">Neden \u0130\u00e7 Mekan 66mm G\u00f6mme LED Kanal\u0131m\u0131z\u0131 Se\u00e7melisiniz?<\/h2>\n\n\n\n<ul class=\"wp-block-list\">\n<li>66mm i\u00e7 geni\u015fli\u011fi bir\u00e7ok LED \u015ferit lambas\u0131 veya \u00e7ift s\u0131ra \u015ferit lambas\u0131 i\u00e7in uygundur.<\/li>\n\n\n\n<li>Binalar\u0131, duvarlar\u0131 ve dolaplar\u0131n alt\u0131ndaki alanlar\u0131 ayd\u0131nlatmak i\u00e7in iyidir.<\/li>\n\n\n\n<li>LED'lerin \u00f6mr\u00fcn\u00fc uzatmak i\u00e7in \u0131s\u0131y\u0131 y\u00f6netmeye yard\u0131mc\u0131 olarak \u0131s\u0131 emici rol\u00fc \u00fcstlenir.&nbsp;<\/li>\n\n\n\n<li>Diki\u015fsiz g\u00f6r\u00fcn\u00fcm i\u00e7in yayl\u0131 destek veya al\u00e7\u0131 flan\u015flar ile kolayca monte edilir.<\/li>\n\n\n\n<li>65mm geni\u015fli\u011finde LED \u015feritlerle \u00e7al\u0131\u015f\u0131r.<\/li>\n\n\n\n<li>Ma\u011fazalar\u0131 ayd\u0131nlatmak, g\u00f6rev yapmak veya ofis ayd\u0131nlatmas\u0131 tasarlamak i\u00e7in kullan\u0131n.<\/li>\n<\/ul>\n<\/div>\n<\/div><\/div>\n\n\n\n<div class=\"wp-block-group\" style=\"padding-top:var(--wp--preset--spacing--60);padding-bottom:var(--wp--preset--spacing--60)\"><div class=\"wp-block-group__inner-container is-layout-constrained wp-block-group-is-layout-constrained\">\n<div class=\"wp-block-media-text has-media-on-the-right is-stacked-on-mobile\" style=\"grid-template-columns:auto 40%\"><div class=\"wp-block-media-text__content\">\n<h2 class=\"wp-block-heading\" style=\"padding-top:var(--wp--preset--spacing--40);padding-bottom:var(--wp--preset--spacing--40);font-size:25px;font-style:normal;font-weight:600;text-transform:capitalize\">\u0130\u00e7 Mekan 66mm G\u00f6mme LED Kanal\u0131n\u0131 Nas\u0131l Kullan\u0131l\u0131r<\/h2>\n\n\n\n<ul class=\"wp-block-list\">\n<li>Kanal\u0131n boyutuyla ayn\u0131 boyutta bir oluk kesin.<\/li>\n\n\n\n<li>Kanald\u0131 yerinde tutmak i\u00e7in yayl\u0131 klipsler kullan\u0131n veya do\u011frudan yerle\u015ftirmek i\u00e7in al\u00e7\u0131 flan\u015f\u0131 kullan\u0131n.<\/li>\n\n\n\n<li>Diki\u015fsiz bir y\u00fczey i\u00e7in flan\u015flar\u0131n \u00fczerine al\u00e7\u0131 s\u00fcr\u00fcn.<\/li>\n\n\n\n<li>LED \u015feritlerinizi kanala yerle\u015ftirin.<\/li>\n\n\n\n<li>Sert noktalar olmadan net bir \u0131\u015f\u0131k hatt\u0131 elde etmek i\u00e7in buzlu dif\u00fcz\u00f6r\u00fc tak\u0131n.<\/li>\n<\/ul>\n<\/div><figure class=\"wp-block-media-text__media\"><img loading=\"lazy\" decoding=\"async\" width=\"500\" height=\"500\" src=\"https:\/\/tangooled.com\/wp-content\/uploads\/2025\/07\/r7518-ins.webp\" alt=\"inner 66mm recessed led channel for led strip lighting\" class=\"wp-image-41888 size-full\" srcset=\"https:\/\/tangooled.com\/wp-content\/uploads\/2025\/07\/r7518-ins.webp 500w, https:\/\/tangooled.com\/wp-content\/uploads\/2025\/07\/r7518-ins-300x300.webp 300w, https:\/\/tangooled.com\/wp-content\/uploads\/2025\/07\/r7518-ins-150x150.webp 150w\" sizes=\"auto, (max-width: 500px) 100vw, 500px\" \/><\/figure><\/div>\n<\/div><\/div>\n\n\n\n<div class=\"wp-block-group has-background is-vertical is-layout-flex wp-container-core-group-is-layout-b429018a wp-block-group-is-layout-flex\" style=\"background-color:#f1f1f1f2;padding-top:var(--wp--preset--spacing--70);padding-bottom:var(--wp--preset--spacing--70)\">\n<h2 class=\"wp-block-heading\" style=\"padding-top:var(--wp--preset--spacing--40);padding-bottom:var(--wp--preset--spacing--40);font-size:25px;font-style:normal;font-weight:600\">Bu Ayd\u0131nlatma Projeleri i\u00e7in Harika<\/h2>\n\n\n\n<ul class=\"wp-block-list\">\n<li>Mimari ayd\u0131nlatma: Modern bir g\u00f6r\u00fcn\u00fcmle uzun lineer tavan ayd\u0131nlatmas\u0131 yap\u0131n.<\/li>\n\n\n\n<li>Duvarlar\u0131 ayd\u0131nlatma: Duvarlarda ve di\u011fer y\u00fczeylerdeki dokular\u0131 vurgulay\u0131n.<\/li>\n\n\n\n<li>Dolaplar\u0131n arkas\u0131n\u0131 ayd\u0131nlatma: Mutfaklar veya \u00e7al\u0131\u015fma alanlar\u0131 i\u00e7in harika.<\/li>\n\n\n\n<li>Ma\u011faza ve galeriler i\u00e7in ayd\u0131nlatma: Parlak, e\u015fit ayd\u0131nlatma sanat eserlerini veya \u00fcr\u00fcnleri sergileyecektir.<\/li>\n\n\n\n<li>Ofis ayd\u0131nlatma tasar\u0131m\u0131: \u00c7al\u0131\u015fma alanlar\u0131n\u0131n temiz, e\u015fit ayd\u0131nlatmaya sahip olmas\u0131n\u0131 sa\u011flayarak insanlar\u0131n daha iyi odaklanmas\u0131n\u0131 sa\u011flay\u0131n.<\/li>\n<\/ul>\n<\/div>\n\n\n\n<div class=\"wp-block-group\" style=\"padding-top:var(--wp--preset--spacing--80);padding-bottom:var(--wp--preset--spacing--80)\"><div class=\"wp-block-group__inner-container is-layout-constrained wp-block-group-is-layout-constrained\">\n<h2 class=\"wp-block-heading\" style=\"padding-top:var(--wp--preset--spacing--40);padding-bottom:var(--wp--preset--spacing--40);font-size:25px;font-style:normal;font-weight:600;text-transform:capitalize\">What\u2019s in the box?<\/h2>\n\n\n\n<ul class=\"wp-block-list\">\n<li>Flanjl\u0131 i\u00e7 mekan 66mm LED kanal\u0131<\/li>\n\n\n\n<li>Buzlu \u0131\u015f\u0131k dif\u00fcz\u00f6r\u00fc<\/li>\n\n\n\n<li>Metal u\u00e7 kapaklar<\/li>\n\n\n\n<li>Yayl\u0131 destek<\/li>\n<\/ul>\n<\/div><\/div>\n\n\n\n<div class=\"wp-block-group has-background\" style=\"background-color:#f1f1f1;padding-top:var(--wp--preset--spacing--80);padding-bottom:var(--wp--preset--spacing--80)\"><div class=\"wp-block-group__inner-container is-layout-constrained wp-block-group-is-layout-constrained\">\n<h2 class=\"wp-block-heading\" style=\"padding-top:var(--wp--preset--spacing--40);padding-bottom:var(--wp--preset--spacing--40);font-size:25px;font-style:normal;font-weight:600;text-transform:capitalize\">Daha Fazla Bilgi Edinin ve \u0130lgili \u00dcr\u00fcnlere G\u00f6z At\u0131n<\/h2>\n\n\n\n<ul class=\"wp-block-list\">\n<li>Kontrol edin <a href=\"https:\/\/tangooled.com\/tr\/urun\/black-led-profile-with-black-diffuser-for-10mm-led-strip-light\/\"><mark style=\"background-color:rgba(0, 0, 0, 0)\" class=\"has-inline-color has-vivid-red-color\">10mm LED \u015ferit \u0131\u015f\u0131k i\u00e7in siyah dif\u00fcz\u00f6rl\u00fc siyah LED profili<\/mark><\/a> daha \u015f\u0131k, daha k\u00fc\u00e7\u00fck bir se\u00e7enek i\u00e7in.<\/li>\n\n\n\n<li>Ke\u015ffedin <a href=\"https:\/\/tangooled.com\/tr\/urun\/surface-mount-led-profile-with-frosted-diffuser-for-10mm-rope-lights\/\"><mark style=\"background-color:rgba(0, 0, 0, 0)\" class=\"has-inline-color has-vivid-red-color\">10 mm iplikler i\u00e7in mat dif\u00f6re sahip y\u00fczeye montaj LED profili<\/mark><\/a> kolay y\u00fczey montaj\u0131 i\u00e7in.<\/li>\n\n\n\n<li>G\u00f6r\u00fcn\u00fcm <a href=\"https:\/\/tangooled.com\/tr\/urun\/led-strip-light-channel-aluminum-profile-with-diffused-cover-6mm-height\/\"><mark style=\"background-color:rgba(0, 0, 0, 0)\" class=\"has-inline-color has-vivid-red-color\">Dif\u00fcz\u00f6r kapakl\u0131 6mm y\u00fckseklikteki LED \u015ferit \u0131\u015f\u0131k kanal\u0131 al\u00fcminyum profil<\/mark><\/a> d\u00fc\u015f\u00fck profilli g\u00f6mme \u00e7\u00f6z\u00fcm i\u00e7in.<\/li>\n\n\n\n<li>Ke\u015ffedin <a href=\"https:\/\/tangooled.com\/tr\/urun\/black-aluminum-u-channel-profile-for-10mm-led-strips\/\"><mark style=\"background-color:rgba(0, 0, 0, 0)\" class=\"has-inline-color has-vivid-red-color\">10mm LED \u015feritler i\u00e7in siyah al\u00fcminyum U kanal\u0131 profilimizi<\/mark><\/a> basit, \u015f\u0131k montaj profilleri i\u00e7in.<\/li>\n<\/ul>\n<\/div><\/div>\n\n\n\n<div class=\"wp-block-group\" style=\"padding-top:var(--wp--preset--spacing--80);padding-bottom:var(--wp--preset--spacing--80)\"><div class=\"wp-block-group__inner-container is-layout-constrained wp-block-group-is-layout-constrained\">\n<h2 class=\"wp-block-heading\" style=\"padding-top:var(--wp--preset--spacing--40);padding-bottom:var(--wp--preset--spacing--40);font-size:25px;font-style:normal;font-weight:600;text-transform:capitalize\">\u00d6zet<\/h2>\n\n\n\n<p>\u0130\u00e7 mekan 66mm g\u00f6mme LED kanal\u0131m\u0131z, mimari lineer ayd\u0131nlatma i\u00e7in m\u00fckemmel bir se\u00e7imdir. Y\u00fcksek yo\u011funluklu LED \u015feritlerle daha kolay kullan\u0131m sa\u011flayan geni\u015f i\u00e7 geni\u015fli\u011fi vard\u0131r ve noktas\u0131z bir \u0131\u015f\u0131k hatt\u0131 olu\u015fturur. Anodize al\u00fcminyum g\u00f6vdesi y\u00fcksek kalitede olup LED'lerin so\u011fumas\u0131na yard\u0131mc\u0131 olur. Al\u00e7\u0131pan veya al\u00e7\u0131 levhada d\u00fczg\u00fcn bir \u015fekilde oturur, sizlere diki\u015fsiz modern bir g\u00f6r\u00fcn\u00fcm sunar. Genel ayd\u0131nlatma, duvar ayd\u0131nlatma veya hem i\u015f hem de evlerde dolap alt\u0131 ayd\u0131nlatma i\u00e7in kullan\u0131labilir.<\/p>\n<\/div><\/div>\n\n\n\n<p><\/p>","protected":false},"featured_media":14754,"template":"","meta":{"_acf_changed":true,"_seopress_robots_primary_cat":"none","_seopress_titles_title":"Inner 66mm Recessed LED Channel Aluminum Profile | TANGOOLED","_seopress_titles_desc":"The R7518 features a spacious 66mm inner width, perfect for multi-row LED strips. This wide recessed channel provides high-output linear lighting and superior heat management for LED lighting.","_seopress_robots_index":""},"pcb-width":[233],"product-cat":[193],"class_list":{"0":"post-34990","1":"product","2":"type-product","3":"status-publish","4":"has-post-thumbnail","6":"pcb-width-50-90mm","7":"product-cat-recessed-profile"},"acf":[],"_links":{"self":[{"href":"https:\/\/tangooled.com\/tr\/wp-json\/wp\/v2\/product\/34990","targetHints":{"allow":["GET"]}}],"collection":[{"href":"https:\/\/tangooled.com\/tr\/wp-json\/wp\/v2\/product"}],"about":[{"href":"https:\/\/tangooled.com\/tr\/wp-json\/wp\/v2\/types\/product"}],"wp:featuredmedia":[{"embeddable":true,"href":"https:\/\/tangooled.com\/tr\/wp-json\/wp\/v2\/media\/14754"}],"wp:attachment":[{"href":"https:\/\/tangooled.com\/tr\/wp-json\/wp\/v2\/media?parent=34990"}],"wp:term":[{"taxonomy":"pcb-width","embeddable":true,"href":"https:\/\/tangooled.com\/tr\/wp-json\/wp\/v2\/pcb-width?post=34990"},{"taxonomy":"product-cat","embeddable":true,"href":"https:\/\/tangooled.com\/tr\/wp-json\/wp\/v2\/product-cat?post=34990"}],"curies":[{"name":"wp","href":"https:\/\/api.w.org\/{rel}","templated":true}]}}