{"id":34989,"date":"2025-07-01T05:39:58","date_gmt":"2025-07-01T13:39:58","guid":{"rendered":"https:\/\/tangooled.com\/?post_type=product&#038;p=34989"},"modified":"2026-01-31T01:37:49","modified_gmt":"2026-01-31T09:37:49","slug":"13mm-thin-large-recessed-75mm-width-led-profile","status":"publish","type":"product","link":"https:\/\/tangooled.com\/tr\/urun\/13mm-thin-large-recessed-75mm-width-led-profile\/","title":{"rendered":"13mm ince geni\u015f g\u00f6mme 75mm geni\u015flikte LED profil"},"content":{"rendered":"<div class=\"wp-block-group is-vertical is-layout-flex wp-container-core-group-is-layout-d255d7c4 wp-block-group-is-layout-flex\" style=\"padding-top:var(--wp--preset--spacing--80);padding-bottom:var(--wp--preset--spacing--80)\">\n<p>The R7513 is\u00a0a 13mm thin, 75mm wide\u00a0recessed LED profile\u00a0made for high-output, flush-mount lighting. This profile&#8217;s low height of 13mm and large inner size of 63.7mm make it perfect for holding multiple rows of LED strips, ensuring maximum light while staying minimal.<\/p>\n\n\n\n<p>Bu al\u00fcminyum profil, duvarlara veya tavanlara kusursuz bir \u015fekilde uymas\u0131 i\u00e7in tasarlanm\u0131\u015ft\u0131r ve birle\u015fim yeri yoktur. Kurulum diyagram\u0131, kanal\u0131n yay destekleri ile yerinde tutuldu\u011funu g\u00f6stermektedir. Bir PC dif\u00fcz\u00f6r\u00fc, LED \u0131\u015f\u0131\u011f\u0131 daha yumu\u015fak, daha e\u015fit da\u011f\u0131t\u0131lm\u0131\u015f hale getirir ve parlamay\u0131 azaltarak temiz, profesyonel bir etki elde eder.<\/p>\n\n\n\n<p>Bu uyumlu, y\u00fcksek \u00e7\u0131k\u0131\u015fl\u0131 profil, ofisler, fabrikalar, s\u00fcpermarketler, ticari alanlar ve mimari i\u00e7 mekanlar dahil olmak \u00fczere bir\u00e7ok i\u00e7 mekan ayd\u0131nlatma projesi i\u00e7in harika bir se\u00e7imdir.<\/p>\n<\/div>\n\n\n\n<div class=\"wp-block-group has-background\" style=\"background-color:#f1f1f1;padding-top:var(--wp--preset--spacing--80);padding-bottom:var(--wp--preset--spacing--80)\"><div class=\"wp-block-group__inner-container is-layout-constrained wp-block-group-is-layout-constrained\">\n<div class=\"wp-block-group\"><div class=\"wp-block-group__inner-container is-layout-constrained wp-block-group-is-layout-constrained\">\n<h2 class=\"wp-block-heading\" style=\"padding-top:var(--wp--preset--spacing--40);padding-bottom:var(--wp--preset--spacing--40);font-size:25px;font-style:normal;font-weight:600;text-transform:capitalize\">Neden 75x13mm G\u00f6mme LED Profilimizi Se\u00e7melisiniz?<\/h2>\n\n\n\n<ul class=\"wp-block-list\">\n<li>Ultra ince 13mm profil, ince duvarlar veya tavanlar i\u00e7inde rahatl\u0131kla s\u0131\u011far.<\/li>\n\n\n\n<li>75mm geni\u015flikteki a\u00e7\u0131kl\u0131k, birden fazla LED \u015feridinin s\u0131\u011fmas\u0131na olanak tan\u0131r, bu da \u0131\u015f\u0131\u011f\u0131n g\u00fc\u00e7l\u00fc ve noktalar olmadan yay\u0131lmas\u0131n\u0131 sa\u011flar.<\/li>\n\n\n\n<li>Y\u00fcksek kaliteli 6063-T5 anodize al\u00fcminyumdan yap\u0131lm\u0131\u015ft\u0131r, bu da m\u00fckemmel bir \u0131s\u0131l i\u015flem i\u00e7in idealdir.&nbsp;<\/li>\n\n\n\n<li>S\u0131cak noktalar olmadan \u0131\u015f\u0131\u011f\u0131 d\u00fczg\u00fcn ve e\u015fit hale getiren snap-in opal dif\u00fcz\u00f6re sahiptir.<\/li>\n<\/ul>\n<\/div><\/div>\n<\/div><\/div>\n\n\n\n<div class=\"wp-block-group\" style=\"padding-top:var(--wp--preset--spacing--60);padding-bottom:var(--wp--preset--spacing--60)\"><div class=\"wp-block-group__inner-container is-layout-constrained wp-block-group-is-layout-constrained\">\n<div class=\"wp-block-media-text has-media-on-the-right is-stacked-on-mobile\" style=\"grid-template-columns:auto 40%\"><div class=\"wp-block-media-text__content\">\n<h2 class=\"wp-block-heading\" style=\"padding-top:var(--wp--preset--spacing--40);padding-bottom:var(--wp--preset--spacing--40);font-size:25px;font-style:normal;font-weight:600;text-transform:capitalize\">Kurulum Basit<\/h2>\n\n\n\n<ul class=\"wp-block-list\">\n<li>Profilin s\u0131\u011f\u0131p s\u0131\u011f\u0131nmad\u0131\u011f\u0131na g\u00f6re al\u00e7\u0131 veya s\u0131va panellerini kesin&nbsp;<\/li>\n\n\n\n<li>Profilin iskeletlere veya tavan kiri\u015flerine sabitleyin&nbsp;<\/li>\n\n\n\n<li>Deliklerin \u00fczerine al\u00e7\u0131 harc\u0131 uygulay\u0131n (har\u00e7 montaj\u0131)&nbsp;<\/li>\n\n\n\n<li>D\u00fcz, \u00e7er\u00e7evesiz bir g\u00f6r\u00fcn\u00fcm i\u00e7in boyay\u0131n ve bitirin&nbsp;<\/li>\n\n\n\n<li>LED \u015feridinizi yerle\u015ftirin&nbsp;<\/li>\n\n\n\n<li>Al\u00e7\u0131 i\u00e7inde LED ekstr\u00fczyonunuzu tamamlamak i\u00e7in dif\u00fcz\u00f6r\u00fc tak\u0131n<\/li>\n<\/ul>\n<\/div><figure class=\"wp-block-media-text__media\"><img loading=\"lazy\" decoding=\"async\" width=\"500\" height=\"500\" src=\"https:\/\/tangooled.com\/wp-content\/uploads\/2025\/07\/r7513-ins.webp\" alt=\"13mm thin large recessed 75mm width led profile\" class=\"wp-image-41879 size-full\" srcset=\"https:\/\/tangooled.com\/wp-content\/uploads\/2025\/07\/r7513-ins.webp 500w, https:\/\/tangooled.com\/wp-content\/uploads\/2025\/07\/r7513-ins-300x300.webp 300w, https:\/\/tangooled.com\/wp-content\/uploads\/2025\/07\/r7513-ins-150x150.webp 150w\" sizes=\"auto, (max-width: 500px) 100vw, 500px\" \/><\/figure><\/div>\n<\/div><\/div>\n\n\n\n<div class=\"wp-block-group has-background is-vertical is-layout-flex wp-container-core-group-is-layout-d255d7c4 wp-block-group-is-layout-flex\" style=\"background-color:#f1f1f1;padding-top:var(--wp--preset--spacing--80);padding-bottom:var(--wp--preset--spacing--80)\">\n<h2 class=\"wp-block-heading\" style=\"padding-top:var(--wp--preset--spacing--40);padding-bottom:var(--wp--preset--spacing--40);font-size:25px;font-style:normal;font-weight:600;text-transform:capitalize\">Bunlar i\u00e7in Harika<\/h2>\n\n\n\n<ul class=\"wp-block-list\">\n<li>Modern duvarlar ve tavanlar i\u00e7in mimari LED ekstr\u00fczyon&nbsp;<\/li>\n\n\n\n<li>Evler, i\u015fletmeler ve ma\u011fazalar i\u00e7in genel ayd\u0131nlatma&nbsp;<\/li>\n\n\n\n<li>\u00dcr\u00fcnlerin \u00f6ne \u00e7\u0131kmas\u0131 i\u00e7in perakende vitrin ayd\u0131nlatmas\u0131<\/li>\n\n\n\n<li>Dolaplar\u0131n alt\u0131nda vurgu ayd\u0131nlatmas\u0131<\/li>\n<\/ul>\n<\/div>\n\n\n\n<div class=\"wp-block-group\" style=\"padding-top:var(--wp--preset--spacing--80);padding-bottom:var(--wp--preset--spacing--80)\"><div class=\"wp-block-group__inner-container is-layout-constrained wp-block-group-is-layout-constrained\">\n<h2 class=\"wp-block-heading\" style=\"padding-top:var(--wp--preset--spacing--40);padding-bottom:var(--wp--preset--spacing--40);font-size:25px;font-style:normal;font-weight:600;text-transform:capitalize\">Bunlar i\u00e7in Harika<\/h2>\n\n\n\n<ul class=\"wp-block-list\">\n<li>Modern duvarlar ve tavanlar i\u00e7in mimari LED ekstr\u00fczyon&nbsp;<\/li>\n\n\n\n<li>Evler, i\u015fletmeler ve ma\u011fazalar i\u00e7in genel ayd\u0131nlatma&nbsp;<\/li>\n\n\n\n<li>\u00dcr\u00fcnlerin \u00f6ne \u00e7\u0131kmas\u0131 i\u00e7in perakende vitrin ayd\u0131nlatmas\u0131<\/li>\n\n\n\n<li>Dolaplar\u0131n alt\u0131nda vurgu ayd\u0131nlatmas\u0131<\/li>\n<\/ul>\n<\/div><\/div>\n\n\n\n<div class=\"wp-block-group has-background\" style=\"background-color:#f1f1f1;padding-top:var(--wp--preset--spacing--80);padding-bottom:var(--wp--preset--spacing--80)\"><div class=\"wp-block-group__inner-container is-layout-constrained wp-block-group-is-layout-constrained\">\n<h2 class=\"wp-block-heading\" style=\"padding-top:var(--wp--preset--spacing--40);padding-bottom:var(--wp--preset--spacing--40);font-size:25px;font-style:normal;font-weight:600;text-transform:capitalize\">Di\u011fer profiller hakk\u0131nda daha fazla se\u00e7enek i\u00e7in ziyaret edin:<\/h2>\n\n\n\n<ul class=\"wp-block-list\">\n<li><a href=\"https:\/\/tangooled.com\/tr\/urun\/black-led-diffuser-aluminum-channel-for-12mm-tape-lights\/\"><mark style=\"background-color:rgba(0, 0, 0, 0)\" class=\"has-inline-color has-vivid-red-color\">12 mm bant i\u015f\u0131klar\u0131 i\u00e7in siyah LED dif\u00fcz\u00f6r al\u00fcminyum kanal\u0131<\/mark><\/a><\/li>\n\n\n\n<li><a href=\"https:\/\/tangooled.com\/tr\/urun\/led-light-diffuser-channel-aluminum-15x12mm-for-10mm-led-strips\/\"><mark style=\"background-color:rgba(0, 0, 0, 0)\" class=\"has-inline-color has-vivid-red-color\">10mm LED \u015feritler i\u00e7in 15x12mm LED \u0131\u015f\u0131k da\u011f\u0131t\u0131c\u0131 kanal\u0131 al\u00fcminyum<\/mark><\/a><\/li>\n\n\n\n<li><a href=\"https:\/\/tangooled.com\/tr\/urun\/surface-mount-30mm-led-diffuser-channel-for-two-led-strips\/\"><mark style=\"background-color:rgba(0, 0, 0, 0)\" class=\"has-inline-color has-vivid-red-color\">\u0130ki LED \u015feridi i\u00e7in 30mm y\u00fczey montajl\u0131 LED dif\u00fcz\u00f6r kanal\u0131<\/mark><\/a><\/li>\n<\/ul>\n<\/div><\/div>\n\n\n\n<div class=\"wp-block-group\" style=\"padding-top:var(--wp--preset--spacing--80);padding-bottom:var(--wp--preset--spacing--80)\"><div class=\"wp-block-group__inner-container is-layout-constrained wp-block-group-is-layout-constrained\">\n<h2 class=\"wp-block-heading\" style=\"padding-top:var(--wp--preset--spacing--40);padding-bottom:var(--wp--preset--spacing--40);font-size:25px;font-style:normal;font-weight:600;text-transform:capitalize\">\u00f6zet<\/h2>\n\n\n\n<p style=\"padding-right:var(--wp--preset--spacing--50);padding-left:var(--wp--preset--spacing--50)\">75mm geni\u015flikte, 13mm ince g\u00f6mme LED profili, modern bir alana bol miktarda g\u00f6mme LED ayd\u0131nlatma eklemenin harika bir yoludur. Noktas\u0131z ayd\u0131nlatma ile \u00e7er\u00e7evesiz lineer ayd\u0131nlatmay\u0131 kolayca kurmak m\u00fcmk\u00fcnd\u00fcr \u00e7\u00fcnk\u00fc boyutu k\u00fc\u00e7\u00fckt\u00fcr ve geni\u015f bir a\u00e7\u0131l\u0131\u015f\u0131 vard\u0131r. Anodize al\u00fcminyumdan yap\u0131ld\u0131\u011f\u0131ndan, LED'lerinizi iyi serinletir, bu da onlar\u0131n \u00f6mr\u00fcn\u00fc uzat\u0131r.&nbsp;<\/p>\n<\/div><\/div>\n\n\n\n<p><\/p>","protected":false},"featured_media":14757,"template":"","meta":{"_acf_changed":true,"_seopress_robots_primary_cat":"none","_seopress_titles_title":"75mm Wide Recessed LED Profile | 13mm Thin Aluminum Lighting Channel","_seopress_titles_desc":"Shop our R7513, a 75x13mm recessed led profile designed for wide-span linear lighting. This ultra-thin 13mm profile is perfect for shallow ceilings, providing a massive light surface without requiring deep cutouts.","_seopress_robots_index":""},"pcb-width":[233],"product-cat":[193],"class_list":{"0":"post-34989","1":"product","2":"type-product","3":"status-publish","4":"has-post-thumbnail","6":"pcb-width-50-90mm","7":"product-cat-recessed-profile"},"acf":[],"_links":{"self":[{"href":"https:\/\/tangooled.com\/tr\/wp-json\/wp\/v2\/product\/34989","targetHints":{"allow":["GET"]}}],"collection":[{"href":"https:\/\/tangooled.com\/tr\/wp-json\/wp\/v2\/product"}],"about":[{"href":"https:\/\/tangooled.com\/tr\/wp-json\/wp\/v2\/types\/product"}],"wp:featuredmedia":[{"embeddable":true,"href":"https:\/\/tangooled.com\/tr\/wp-json\/wp\/v2\/media\/14757"}],"wp:attachment":[{"href":"https:\/\/tangooled.com\/tr\/wp-json\/wp\/v2\/media?parent=34989"}],"wp:term":[{"taxonomy":"pcb-width","embeddable":true,"href":"https:\/\/tangooled.com\/tr\/wp-json\/wp\/v2\/pcb-width?post=34989"},{"taxonomy":"product-cat","embeddable":true,"href":"https:\/\/tangooled.com\/tr\/wp-json\/wp\/v2\/product-cat?post=34989"}],"curies":[{"name":"wp","href":"https:\/\/api.w.org\/{rel}","templated":true}]}}