{"id":34986,"date":"2025-07-01T05:33:13","date_gmt":"2025-07-01T13:33:13","guid":{"rendered":"https:\/\/tangooled.com\/?post_type=product&#038;p=34986"},"modified":"2026-01-31T01:33:09","modified_gmt":"2026-01-31T09:33:09","slug":"54mm-recessed-black-ceiling-led-profile-deep-channel","status":"publish","type":"product","link":"https:\/\/tangooled.com\/tr\/urun\/54mm-recessed-black-ceiling-led-profile-deep-channel\/","title":{"rendered":"54mm G\u00f6mme Siyah LED Profil 32mm Derin Plafon Kanal\u0131"},"content":{"rendered":"<div class=\"wp-block-group is-vertical is-layout-flex wp-container-core-group-is-layout-d255d7c4 wp-block-group-is-layout-flex\" style=\"padding-top:var(--wp--preset--spacing--80);padding-bottom:var(--wp--preset--spacing--80)\">\n<p>Bu 54mm tavan g\u00f6mme siyah LED profili, tavana iyi uyacak derin, esnek bir ayd\u0131nlatma se\u00e7ene\u011fidir. Taban\u0131 54mm geni\u015fli\u011finde ve 32mm y\u00fcksekli\u011findedir, bu sayede COB ve y\u00fcksek yo\u011funluklu SMD \u015feritler gibi orta ile geni\u015f boyutlu LED \u015feritleri ta\u015f\u0131yabilir.<\/p>\n\n\n\n<p>Bu profil, \u0131s\u0131y\u0131 etkili bir \u015fekilde da\u011f\u0131tan sa\u011flam bir al\u00fcminyum ala\u015f\u0131m\u0131ndan yap\u0131lm\u0131\u015ft\u0131r. Bu, LED \u015feritlerin \u00f6mr\u00fcn\u00fc uzatmaya yard\u0131mc\u0131 olur. \u0130le birlikte gelen yayl\u0131 klipsler ve metal u\u00e7 kapaklar, al\u00e7\u0131 veya duvar panellerinden yap\u0131lm\u0131\u015f tavanlarda g\u00fcvenli ve kolay bir montaj sa\u011flar.<\/p>\n\n\n\n<p>Bu profil, temiz, d\u00fcz bir \u0131\u015f\u0131k hatt\u0131na ihtiya\u00e7 duyan ticari ve mimari ayd\u0131nlatma uygulamalar\u0131 i\u00e7in m\u00fckemmeldir. Baz\u0131 \u00f6rnekler aras\u0131nda konutlar, ofisler, konferans odalar\u0131, al\u0131\u015fveri\u015f alanlar\u0131 ve koridorlar bulunmaktad\u0131r.<\/p>\n<\/div>\n\n\n\n<div class=\"wp-block-group has-background is-vertical is-layout-flex wp-container-core-group-is-layout-d255d7c4 wp-block-group-is-layout-flex\" style=\"background-color:#f1f1f1;padding-top:var(--wp--preset--spacing--80);padding-bottom:var(--wp--preset--spacing--80)\">\n<div class=\"wp-block-group is-vertical is-layout-flex wp-container-core-group-is-layout-8cf370e7 wp-block-group-is-layout-flex\">\n<h2 class=\"wp-block-heading\" style=\"padding-top:var(--wp--preset--spacing--40);padding-bottom:var(--wp--preset--spacing--40);font-size:25px;font-style:normal;font-weight:600;text-transform:capitalize\">Neden 54mm Tavan G\u00f6mme Siyah LED Profilimizi Se\u00e7melisiniz?<\/h2>\n\n\n\n<ul class=\"wp-block-list\">\n<li>\u00c7er\u00e7evesiz veya g\u00f6mme montaj: Profil, al\u00e7\u0131 veya s\u0131va tavanlara uyacak \u015fekilde yerle\u015ftirilir ve kenarlar\u0131 kapat\u0131r. Bu, \u0131\u015f\u0131\u011f\u0131n tavandan geliyormu\u015f gibi g\u00f6r\u00fcnmesini sa\u011flar.<\/li>\n\n\n\n<li>Sa\u011flam al\u00fcminyum yap\u0131: 6063-T5 al\u00fcminyum ala\u015f\u0131m\u0131, LED \u015feritleri \u0131s\u0131dan koruyan bir \u0131s\u0131 emici olarak i\u015flev g\u00f6r\u00fcr.<\/li>\n\n\n\n<li>Derin siyah mat y\u00fczey, bir\u00e7ok modern tarz ve siyah LED dif\u00fcz\u00f6r ile uyumludur.<\/li>\n\n\n\n<li>The opal diffuser clicks into place and makes the light softer and more even, so there aren&#8217;t any glaring spots or LED dots.<\/li>\n\n\n\n<li>Kullan\u0131m\u0131 Kolay: T\u00fcm kit, bir dif\u00fcz\u00f6r merce\u011fi ve u\u00e7 kapaklar\u0131 ile birlikte gelir, bu da montaj\u0131 daha kolay hale getirir.<\/li>\n<\/ul>\n<\/div>\n<\/div>\n\n\n\n<div class=\"wp-block-group\" style=\"padding-top:var(--wp--preset--spacing--60);padding-bottom:var(--wp--preset--spacing--60)\"><div class=\"wp-block-group__inner-container is-layout-constrained wp-block-group-is-layout-constrained\">\n<div class=\"wp-block-media-text has-media-on-the-right is-stacked-on-mobile\" style=\"grid-template-columns:auto 40%\"><div class=\"wp-block-media-text__content\">\n<h2 class=\"wp-block-heading\" style=\"padding-top:var(--wp--preset--spacing--40);padding-bottom:var(--wp--preset--spacing--40);font-size:25px;font-style:normal;font-weight:600;text-transform:capitalize\">Montaj Notlar\u0131<\/h2>\n\n\n\n<ul class=\"wp-block-list\">\n<li>Al\u00e7\u0131 levhaya, s\u0131va flan\u015f\u0131n\u0131n \u00fcst\u00fcne macun s\u00fcrebilirsiniz. Boyand\u0131\u011f\u0131nda, profil, tavan\u0131n\u0131za kesilmi\u015f gibi g\u00f6r\u00fcn\u00fcr.<\/li>\n\n\n\n<li>S\u0131k\u0131 oturmas\u0131n\u0131 sa\u011flamak i\u00e7in ayr\u0131 sat\u0131lan yay desteklerini kullan\u0131n.<\/li>\n\n\n\n<li>Bir\u00e7ok profili u\u00e7 uca ba\u011flad\u0131\u011f\u0131n\u0131zda uzun mesafelerde iyi \u00e7al\u0131\u015f\u0131r.<\/li>\n\n\n\n<li>COB, RGBW ve ayarlanabilir beyaz \u015feritler dahil olmak \u00fczere \u00e7e\u015fitli dimmerli LED \u015feritleri ile \u00e7al\u0131\u015f\u0131r.<\/li>\n<\/ul>\n<\/div><figure class=\"wp-block-media-text__media\"><img loading=\"lazy\" decoding=\"async\" width=\"500\" height=\"500\" src=\"https:\/\/tangooled.com\/wp-content\/uploads\/2025\/07\/r5432-ins.webp\" alt=\"54mm recessed black led aluminum profile for ceiling\" class=\"wp-image-41866 size-full\" srcset=\"https:\/\/tangooled.com\/wp-content\/uploads\/2025\/07\/r5432-ins.webp 500w, https:\/\/tangooled.com\/wp-content\/uploads\/2025\/07\/r5432-ins-300x300.webp 300w, https:\/\/tangooled.com\/wp-content\/uploads\/2025\/07\/r5432-ins-150x150.webp 150w\" sizes=\"auto, (max-width: 500px) 100vw, 500px\" \/><\/figure><\/div>\n<\/div><\/div>\n\n\n\n<div class=\"wp-block-group has-background is-vertical is-layout-flex wp-container-core-group-is-layout-b429018a wp-block-group-is-layout-flex\" style=\"background-color:#f1f1f1f2;padding-top:var(--wp--preset--spacing--70);padding-bottom:var(--wp--preset--spacing--70)\">\n<h2 class=\"wp-block-heading\" style=\"padding-top:var(--wp--preset--spacing--40);padding-bottom:var(--wp--preset--spacing--40);font-size:25px;font-style:normal;font-weight:600;text-transform:capitalize\">what&#8217;s in the kit?<\/h2>\n\n\n\n<ul class=\"wp-block-list\">\n<li>1x Siyah g\u00f6mme al\u00fcminyum LED kanal\u0131<\/li>\n\n\n\n<li>1x Opal LED dif\u00fcz\u00f6r<\/li>\n\n\n\n<li>\u0130ki metal u\u00e7 kapa\u011f\u0131 <\/li>\n\n\n\n<li>Yayl\u0131 destek<\/li>\n<\/ul>\n<\/div>\n\n\n\n<div class=\"wp-block-group is-vertical is-layout-flex wp-container-core-group-is-layout-d255d7c4 wp-block-group-is-layout-flex\" style=\"padding-top:var(--wp--preset--spacing--80);padding-bottom:var(--wp--preset--spacing--80)\">\n<h2 class=\"wp-block-heading\" style=\"padding-top:var(--wp--preset--spacing--40);padding-bottom:var(--wp--preset--spacing--40);font-size:25px;font-style:normal;font-weight:600;text-transform:capitalize\">Bu 54mm g\u00f6mme siyah tavan LED profili ne i\u00e7in kullan\u0131labilir?<\/h2>\n\n\n\n<p>Bu siyah al\u00fcminyum LED tavan profili bir\u00e7ok yerde m\u00fckemmeldir<\/p>\n\n\n\n<ul class=\"wp-block-list\">\n<li>Ofisler ve konferans odalar\u0131: Toplant\u0131lar i\u00e7in masalar\u0131n \u00fcst\u00fcnde \u015f\u0131k, modern \u0131\u015f\u0131k hatlar\u0131 ekler.<\/li>\n\n\n\n<li>\u00dcr\u00fcnleri ma\u011fazalarda ve sergi salonlar\u0131nda sergilemek i\u00e7in p\u00fcr\u00fczs\u00fcz, parlak \u0131\u015f\u0131k kullan\u0131n.<\/li>\n\n\n\n<li>Mutfa\u011flar ve Ya\u015fam Alanlar\u0131: Tezgahlar ve adalara geni\u015f ve e\u015fit bir \u0131\u015f\u0131k verir.<\/li>\n\n\n\n<li>Oteller ve lobiler: Mekan\u0131n \u015f\u0131k ve davetkar g\u00f6r\u00fcnmesini sa\u011flar.<\/li>\n<\/ul>\n<\/div>\n\n\n\n<div class=\"wp-block-group has-background is-vertical is-layout-flex wp-container-core-group-is-layout-b429018a wp-block-group-is-layout-flex\" style=\"background-color:#f1f1f1f2;padding-top:var(--wp--preset--spacing--70);padding-bottom:var(--wp--preset--spacing--70)\">\n<h2 class=\"wp-block-heading\" style=\"padding-top:var(--wp--preset--spacing--40);padding-bottom:var(--wp--preset--spacing--40);font-size:25px;font-style:normal;font-weight:600;text-transform:capitalize\">Be\u011fenebilece\u011finiz \u0130lgili \u00dcr\u00fcnler<\/h2>\n\n\n\n<ul class=\"wp-block-list\">\n<li><a href=\"https:\/\/tangooled.com\/tr\/urun\/black-led-diffuser-aluminum-channel-for-12mm-tape-lights\/\"><mark style=\"background-color:rgba(0, 0, 0, 0)\" class=\"has-inline-color has-vivid-red-color\">12 mm bant i\u015f\u0131klar\u0131 i\u00e7in siyah LED dif\u00fcz\u00f6r al\u00fcminyum kanal\u0131<\/mark><\/a><\/li>\n\n\n\n<li><a href=\"https:\/\/tangooled.com\/tr\/urun\/aluminum-profile-with-60-degree-lens-led-diffuser\/\"><mark style=\"background-color:rgba(0, 0, 0, 0)\" class=\"has-inline-color has-vivid-red-color\">60 derece mercekli al\u00fcminyum LED profili<\/mark><\/a><\/li>\n\n\n\n<li><a href=\"https:\/\/tangooled.com\/tr\/urun\/surface-mount-led-profile-with-frosted-diffuser-for-10mm-rope-lights\/\"><mark style=\"background-color:rgba(0, 0, 0, 0)\" class=\"has-inline-color has-vivid-red-color\">10 mm kablo \u0131\u015f\u0131klar\u0131 i\u00e7in frosted dif\u00fcz\u00f6rl\u00fc y\u00fczey montaj LED profili<\/mark><\/a><\/li>\n\n\n\n<li><a href=\"https:\/\/tangooled.com\/tr\/urun\/recessed-aluminum-channel-with-ceiling-buckle-for-led-10mm-strip-light\/\"><mark style=\"background-color:rgba(0, 0, 0, 0)\" class=\"has-inline-color has-vivid-red-color\">Tavan tokas\u0131 ile g\u00f6mme LED al\u00fcminyum profili<\/mark><\/a><\/li>\n<\/ul>\n<\/div>\n\n\n\n<p><\/p>","protected":false},"featured_media":14771,"template":"","meta":{"_acf_changed":true,"_seopress_robots_primary_cat":"none","_seopress_titles_title":"54mm Recessed Black Ceiling LED Profile | TANGOOLED","_seopress_titles_desc":"The R5432 is a premium 54mm recessed black ceiling LED profile. Its 32mm depth ensures a flawless, dot-free glow, while the sleek black finish blends perfectly with modern architectural designs.","_seopress_robots_index":""},"pcb-width":[232],"product-cat":[193],"class_list":{"0":"post-34986","1":"product","2":"type-product","3":"status-publish","4":"has-post-thumbnail","6":"pcb-width-35-45mm","7":"product-cat-recessed-profile"},"acf":[],"_links":{"self":[{"href":"https:\/\/tangooled.com\/tr\/wp-json\/wp\/v2\/product\/34986","targetHints":{"allow":["GET"]}}],"collection":[{"href":"https:\/\/tangooled.com\/tr\/wp-json\/wp\/v2\/product"}],"about":[{"href":"https:\/\/tangooled.com\/tr\/wp-json\/wp\/v2\/types\/product"}],"wp:featuredmedia":[{"embeddable":true,"href":"https:\/\/tangooled.com\/tr\/wp-json\/wp\/v2\/media\/14771"}],"wp:attachment":[{"href":"https:\/\/tangooled.com\/tr\/wp-json\/wp\/v2\/media?parent=34986"}],"wp:term":[{"taxonomy":"pcb-width","embeddable":true,"href":"https:\/\/tangooled.com\/tr\/wp-json\/wp\/v2\/pcb-width?post=34986"},{"taxonomy":"product-cat","embeddable":true,"href":"https:\/\/tangooled.com\/tr\/wp-json\/wp\/v2\/product-cat?post=34986"}],"curies":[{"name":"wp","href":"https:\/\/api.w.org\/{rel}","templated":true}]}}