{"id":34983,"date":"2025-07-01T05:20:00","date_gmt":"2025-07-01T13:20:00","guid":{"rendered":"https:\/\/tangooled.com\/?post_type=product&#038;p=34983"},"modified":"2026-01-25T20:19:34","modified_gmt":"2026-01-26T04:19:34","slug":"54x18mm-recessed-trim-led-tape-light-channel","status":"publish","type":"product","link":"https:\/\/tangooled.com\/tr\/urun\/54x18mm-recessed-trim-led-tape-light-channel\/","title":{"rendered":"54x18mm G\u00f6m\u00fcl\u00fc \u00c7er\u00e7eve LED Bant I\u015f\u0131k Kanal\u0131"},"content":{"rendered":"<div class=\"wp-block-group is-vertical is-layout-flex wp-container-core-group-is-layout-d255d7c4 wp-block-group-is-layout-flex\" style=\"padding-top:var(--wp--preset--spacing--80);padding-bottom:var(--wp--preset--spacing--80)\">\n<p>54x18mm g\u00f6m\u00fcl\u00fc \u00e7er\u00e7eve LED kanal\u0131, kesintisiz, y\u00fcksek parlakl\u0131kta lineer ayd\u0131nlatma i\u00e7in ideal bir se\u00e7imdir. Bu kanal, 18mm derinlik ve 45mm geni\u015f i\u00e7 boyuta sahiptir. Geni\u015f LED \u015feritlerini veya daha iyi l\u00fcmen \u00e7\u0131k\u0131\u015f\u0131 elde etmek i\u00e7in birden fazla band\u0131 tutmak i\u00e7in m\u00fckemmeldir.<\/p>\n\n\n\n<p>Bu \u00e7er\u00e7eve LED kanal\u0131, tavana h\u0131zl\u0131 ve g\u00fcvenli bir \u015fekilde sabitlemek i\u00e7in g\u00f6mme kancalar kullan\u0131larak g\u00f6mme olarak monte edilmek \u00fczere tasarlanm\u0131\u015ft\u0131r ve bu, temiz, \u015f\u0131k bir g\u00f6r\u00fcn\u00fcm sa\u011flar. Geni\u015f al\u00fcminyum kanal \u0131s\u0131n\u0131n e\u015fit olarak da\u011f\u0131lmas\u0131n\u0131 sa\u011flar, bu da LED'lerin \u00f6mr\u00fcn\u00fc uzat\u0131r ve p\u00fcr\u00fczs\u00fcz, noktas\u0131z \u0131\u015f\u0131k verir.<\/p>\n\n\n\n<p>Bu 54mm g\u00f6m\u00fcl\u00fc kanal, koridorlarda, perakende sergi alanlar\u0131nda, ofislerde ve modern mutfaklarda dolayl\u0131 ayd\u0131nlatma gibi y\u00fcksek kaliteli mimari, ticari ve konut uygulamalar\u0131 i\u00e7in harika bir se\u00e7imdir.<\/p>\n<\/div>\n\n\n\n<div class=\"wp-block-group has-background is-vertical is-layout-flex wp-container-core-group-is-layout-d255d7c4 wp-block-group-is-layout-flex\" style=\"background-color:#f1f1f1;padding-top:var(--wp--preset--spacing--80);padding-bottom:var(--wp--preset--spacing--80)\">\n<div class=\"wp-block-group is-vertical is-layout-flex wp-container-core-group-is-layout-8cf370e7 wp-block-group-is-layout-flex\">\n<h2 class=\"wp-block-heading\" style=\"padding-top:var(--wp--preset--spacing--40);padding-bottom:var(--wp--preset--spacing--40);font-size:25px;font-style:normal;font-weight:600;text-transform:capitalize\">Neden 54x18mm G\u00f6m\u00fcl\u00fc \u00c7er\u00e7eve LED Kanal\u0131m\u0131z\u0131 Se\u00e7melisiniz?<\/h2>\n\n\n\n<ul class=\"wp-block-list\">\n<li>The wide inner width (45mm) allows for generous width\u00a0or multiple LED strips<\/li>\n\n\n\n<li>Duvara yerle\u015fik temiz bir montaj i\u00e7in tasarlanm\u0131\u015f \u00e7er\u00e7eve<\/li>\n\n\n\n<li>I\u015f\u0131klar\u0131 so\u011fuk tutmak ve daha uzun \u00f6m\u00fcrl\u00fc olmalar\u0131n\u0131 sa\u011flamak i\u00e7in bir al\u00fcminyum \u0131s\u0131 da\u011f\u0131t\u0131c\u0131<\/li>\n\n\n\n<li>Noktalara \u00f6rt\u00fc sa\u011flamak ve \u0131\u015f\u0131\u011f\u0131 e\u015fit \u015fekilde da\u011f\u0131tmak i\u00e7in bir buzlu dif\u00fcz\u00f6r ile birlikte gelir<\/li>\n\n\n\n<li>U\u00e7 kapaklar ve yay klipsleri ile birlikte basit bir \u015fekilde monte edilebilir<\/li>\n<\/ul>\n<\/div>\n<\/div>\n\n\n\n<div class=\"wp-block-group\" style=\"padding-top:var(--wp--preset--spacing--80);padding-bottom:var(--wp--preset--spacing--80)\"><div class=\"wp-block-group__inner-container is-layout-constrained wp-block-group-is-layout-constrained\">\n<div class=\"wp-block-media-text has-media-on-the-right is-stacked-on-mobile\" style=\"grid-template-columns:auto 40%\"><div class=\"wp-block-media-text__content\">\n<h2 class=\"wp-block-heading\" style=\"padding-top:var(--wp--preset--spacing--40);padding-bottom:var(--wp--preset--spacing--40);font-size:25px;font-style:normal;font-weight:600;text-transform:capitalize\">54x18mm G\u00f6m\u00fcl\u00fc \u00c7er\u00e7eve LED Kanal\u0131n\u0131z\u0131 Nas\u0131l Kurars\u0131n\u0131z?<\/h2>\n\n\n\n<ul class=\"wp-block-list\">\n<li>Do\u011fru boyutta bir oluk olu\u015fturun.<\/li>\n\n\n\n<li>54x18mm g\u00f6m\u00fcl\u00fc \u00e7er\u00e7eve LED kanal\u0131n\u0131 oyu\u011fa yerle\u015ftirin.<\/li>\n\n\n\n<li>Yerinde tutmak i\u00e7in yay klipsleri veya yap\u0131\u015ft\u0131r\u0131c\u0131 kullan\u0131n.<\/li>\n\n\n\n<li>LED bant\u0131n\u0131z\u0131 45mm geni\u015fli\u011findeki kanala yerle\u015ftirin.<\/li>\n\n\n\n<li>Yumu\u015fak, e\u015fit \u0131\u015f\u0131k elde etmek i\u00e7in buzlu dif\u00fcz\u00f6r\u00fc yerle\u015ftirin.<\/li>\n\n\n\n<li>G\u00f6r\u00fcn\u00fcm\u00fc tamamlamak ve kablolar\u0131 korumak i\u00e7in u\u00e7 kapaklar\u0131n\u0131 tak\u0131n.<\/li>\n<\/ul>\n\n\n\n<p>\u0130pucu: \u00c7er\u00e7eve olmadan d\u00fcz bir g\u00f6r\u00fcn\u00fcm i\u00e7in, trimless al\u00e7\u0131 i\u00e7ine LED kanallar\u0131m\u0131z\u0131 ke\u015ffedin. <a href=\"https:\/\/tangooled.com\/tr\/urun\/plaster-drywall-aluminum-skirting-board-for-12mm-led-strip-sk12\/\"><mark style=\"background-color:rgba(0, 0, 0, 0)\" class=\"has-inline-color has-vivid-red-color\">Al\u00e7\u0131 Drywall LED Kenar Panosu<\/mark><\/a><\/p>\n<\/div><figure class=\"wp-block-media-text__media\"><img loading=\"lazy\" decoding=\"async\" width=\"500\" height=\"500\" src=\"https:\/\/tangooled.com\/wp-content\/uploads\/2025\/07\/r5418-ins.webp\" alt=\"54x18mm recessed trim led tape light channel inner width 45mm\" class=\"wp-image-41862 size-full\" srcset=\"https:\/\/tangooled.com\/wp-content\/uploads\/2025\/07\/r5418-ins.webp 500w, https:\/\/tangooled.com\/wp-content\/uploads\/2025\/07\/r5418-ins-300x300.webp 300w, https:\/\/tangooled.com\/wp-content\/uploads\/2025\/07\/r5418-ins-150x150.webp 150w\" sizes=\"auto, (max-width: 500px) 100vw, 500px\" \/><\/figure><\/div>\n<\/div><\/div>\n\n\n\n<div class=\"wp-block-group has-background\" style=\"background-color:#f1f1f1;padding-top:var(--wp--preset--spacing--80);padding-bottom:var(--wp--preset--spacing--80)\"><div class=\"wp-block-group__inner-container is-layout-constrained wp-block-group-is-layout-constrained\">\n<h2 class=\"wp-block-heading\" style=\"padding-top:var(--wp--preset--spacing--40);padding-bottom:var(--wp--preset--spacing--40);font-size:25px;font-style:normal;font-weight:600;text-transform:capitalize\">What\u2019s Included?<\/h2>\n\n\n\n<ul class=\"wp-block-list\">\n<li>Al\u00fcminyum g\u00f6m\u00fcl\u00fc kanal (54x18mm)<\/li>\n\n\n\n<li>Snap-on buzlu dif\u00fcz\u00f6r<\/li>\n\n\n\n<li>\u0130ki metal u\u00e7 kapa\u011f\u0131<\/li>\n\n\n\n<li>Yay klipsleri<\/li>\n<\/ul>\n<\/div><\/div>\n\n\n\n<div class=\"wp-block-group\" style=\"padding-top:var(--wp--preset--spacing--80);padding-bottom:var(--wp--preset--spacing--80)\"><div class=\"wp-block-group__inner-container is-layout-constrained wp-block-group-is-layout-constrained\">\n<h2 class=\"wp-block-heading\" style=\"padding-top:var(--wp--preset--spacing--40);padding-bottom:var(--wp--preset--spacing--40);font-size:25px;font-style:normal;font-weight:600;text-transform:capitalize\">Bu LED Kanal\u0131n\u0131 Nerede Kullanabilirim?<\/h2>\n\n\n\n<ul class=\"wp-block-list\">\n<li>Tavan ve duvar y\u0131kama ayd\u0131nlatmas\u0131: Geni\u015f, p\u00fcr\u00fczs\u00fcz bir \u0131\u015f\u0131k y\u0131kamas\u0131 yapmak i\u00e7in al\u00e7\u0131ya monte edin.<\/li>\n\n\n\n<li>Mutfak ve dolap ayd\u0131nlatmas\u0131: M\u00fckemmel bir \u015fekilde dolaplar\u0131n ve raflar\u0131n alt\u0131nda.<\/li>\n\n\n\n<li>\u00d6zel mimari tasar\u0131mlar, evlere, i\u015fletmelere ve d\u00fckkanlara d\u00fcz hatlar eklemek i\u00e7in harikad\u0131r.<\/li>\n\n\n\n<li>G\u00f6rev ve vurgulama ayd\u0131nlatmas\u0131: \u00c7al\u0131\u015fma alanlar\u0131 veya s\u00fcsleyici dokunu\u015flar i\u00e7in parlak, p\u00fcr\u00fczs\u00fcz \u0131\u015f\u0131k.<\/li>\n<\/ul>\n<\/div><\/div>\n\n\n\n<p><\/p>","protected":false},"featured_media":14777,"template":"","meta":{"_acf_changed":true,"_seopress_robots_primary_cat":"none","_seopress_titles_title":"54x18mm Recessed LED Channel | Wide Trim Aluminum Lighting Profile | TANGOOLED","_seopress_titles_desc":"Upgrade to high-output linear lighting with our 54x18mm recessed LED channel. This wide-trim aluminum profile is designed for professional architectural installations, offering superior diffusion and heat management.","_seopress_robots_index":""},"pcb-width":[232],"product-cat":[193],"class_list":{"0":"post-34983","1":"product","2":"type-product","3":"status-publish","4":"has-post-thumbnail","6":"pcb-width-35-45mm","7":"product-cat-recessed-profile"},"acf":[],"_links":{"self":[{"href":"https:\/\/tangooled.com\/tr\/wp-json\/wp\/v2\/product\/34983","targetHints":{"allow":["GET"]}}],"collection":[{"href":"https:\/\/tangooled.com\/tr\/wp-json\/wp\/v2\/product"}],"about":[{"href":"https:\/\/tangooled.com\/tr\/wp-json\/wp\/v2\/types\/product"}],"wp:featuredmedia":[{"embeddable":true,"href":"https:\/\/tangooled.com\/tr\/wp-json\/wp\/v2\/media\/14777"}],"wp:attachment":[{"href":"https:\/\/tangooled.com\/tr\/wp-json\/wp\/v2\/media?parent=34983"}],"wp:term":[{"taxonomy":"pcb-width","embeddable":true,"href":"https:\/\/tangooled.com\/tr\/wp-json\/wp\/v2\/pcb-width?post=34983"},{"taxonomy":"product-cat","embeddable":true,"href":"https:\/\/tangooled.com\/tr\/wp-json\/wp\/v2\/product-cat?post=34983"}],"curies":[{"name":"wp","href":"https:\/\/api.w.org\/{rel}","templated":true}]}}