{"id":34982,"date":"2025-07-01T05:15:02","date_gmt":"2025-07-01T13:15:02","guid":{"rendered":"https:\/\/tangooled.com\/?post_type=product&#038;p=34982"},"modified":"2026-01-25T20:09:23","modified_gmt":"2026-01-26T04:09:23","slug":"50mm-wide-recessed-led-channel-13mm-depth","status":"publish","type":"product","link":"https:\/\/tangooled.com\/tr\/urun\/50mm-wide-recessed-led-channel-13mm-depth\/","title":{"rendered":"50mm Geni\u015fli\u011finde G\u00f6mme LED Kanal 13mm S\u0131\u011f Profil"},"content":{"rendered":"<div class=\"wp-block-group is-vertical is-layout-flex wp-container-core-group-is-layout-d255d7c4 wp-block-group-is-layout-flex\" style=\"padding-top:var(--wp--preset--spacing--80);padding-bottom:var(--wp--preset--spacing--80)\">\n<p>Bu 50mm geni\u015fli\u011findeki g\u00f6mme LED kanal, basit, entegre lineer ayd\u0131nlatma i\u00e7in tasarlanm\u0131\u015ft\u0131r. Profil 50mm geni\u015fli\u011findedir, bu nedenle k\u00fc\u00e7\u00fck bir \u00e7izgi yerine b\u00fcy\u00fck, parlak ve e\u015fit bir \u0131\u015f\u0131k \u015feridi yayar. D\u00fc\u015f\u00fck 13mm derinli\u011fi sayesinde h\u0131zl\u0131 ve temiz bir \u015fekilde kurulum yap\u0131lmas\u0131n\u0131 kolayla\u015ft\u0131r\u0131r ve ince tavanlar veya duvarlara g\u00fczel bir \u015fekilde oturur.<\/p>\n\n\n\n<p>Anodize al\u00fcminyum kanal, \u0131s\u0131y\u0131 iyi bir \u015fekilde da\u011f\u0131tarak LED'lerin serin kalmas\u0131n\u0131 sa\u011flar ve daha uzun \u00f6m\u00fcrl\u00fc olmalar\u0131n\u0131 destekler. Opal veya sisli polikarbonat dif\u00fcz\u00f6r, LED \u0131\u015f\u0131k kaynaklar\u0131n\u0131n noktas\u0131n\u0131 iyi bir \u015fekilde gizler, bu da \u0131\u015f\u0131k \u00e7\u0131k\u0131\u015f\u0131n\u0131 d\u00fczg\u00fcn ve e\u015fit hale getirir. G\u00f6mme klipsler (yayl\u0131 klipsler), profili tavanlara veya al\u00e7\u0131panlara h\u0131zl\u0131 ve g\u00fcvenli bir \u015fekilde sabitleme imkan\u0131 sayesinde kurulumu kolayla\u015ft\u0131r\u0131r.<\/p>\n\n\n\n<p>Bu armat\u00fcr, l\u00fcks evler, modern ofisler veya \u00f6zel ma\u011fazalarda g\u00f6rev, vurgulama veya ortam ayd\u0131nlatmas\u0131 i\u00e7in ideal olarak kullan\u0131lmaktad\u0131r.<\/p>\n<\/div>\n\n\n\n<div class=\"wp-block-group has-background is-vertical is-layout-flex wp-container-core-group-is-layout-d255d7c4 wp-block-group-is-layout-flex\" style=\"background-color:#f1f1f1;padding-top:var(--wp--preset--spacing--80);padding-bottom:var(--wp--preset--spacing--80)\">\n<div class=\"wp-block-group is-vertical is-layout-flex wp-container-core-group-is-layout-8cf370e7 wp-block-group-is-layout-flex\">\n<h2 class=\"wp-block-heading\" style=\"padding-top:var(--wp--preset--spacing--40);padding-bottom:var(--wp--preset--spacing--40);font-size:25px;font-style:normal;font-weight:600;text-transform:capitalize\">50mm geni\u015fli\u011findeki G\u00f6mme LED Kanal\u0131m\u0131z\u0131 Farkl\u0131 K\u0131lan Nedir?<\/h2>\n\n\n\n<ul class=\"wp-block-list\">\n<li>Cesur, mimari \u0131\u015f\u0131k \u00e7izgileri i\u00e7in geni\u015f 50mm d\u0131\u015f geni\u015flik<\/li>\n\n\n\n<li>Sadece 13mm derinli\u011findedir, bu nedenle montaj\u0131 veya ah\u015fap \u00e7al\u0131\u015fmalar\u0131yla \u00e7al\u0131\u015fmas\u0131 kolayd\u0131r<\/li>\n\n\n\n<li>Noktadan Yoksun Opal\/Sisli Dif\u00fcz\u00f6r, yumu\u015fak ve e\u015fit bir \u0131\u015f\u0131k sunar<\/li>\n\n\n\n<li>Geni\u015f i\u00e7 geni\u015flik (yakla\u015f\u0131k 43 mm), olduk\u00e7a geni\u015f veya \u00e7ok say\u0131da s\u0131raya sahip LED \u015feritleri i\u00e7in idealdir<\/li>\n\n\n\n<li>Temiz bir g\u00f6r\u00fcn\u00fcm i\u00e7in s\u0131va i\u00e7ine montaj ile g\u00f6mme yerle\u015fim<\/li>\n<\/ul>\n<\/div>\n<\/div>\n\n\n\n<div class=\"wp-block-group\" style=\"padding-top:var(--wp--preset--spacing--60);padding-bottom:var(--wp--preset--spacing--60)\"><div class=\"wp-block-group__inner-container is-layout-constrained wp-block-group-is-layout-constrained\">\n<div class=\"wp-block-media-text has-media-on-the-right is-stacked-on-mobile\" style=\"grid-template-columns:auto 40%\"><div class=\"wp-block-media-text__content\">\n<h2 class=\"wp-block-heading\" style=\"padding-top:var(--wp--preset--spacing--40);padding-bottom:var(--wp--preset--spacing--40);font-size:25px;font-style:normal;font-weight:600;text-transform:capitalize\">50mm g\u00f6mme LED kanal\u0131n\u0131 nas\u0131l kurar\u0131m<\/h2>\n\n\n\n<ul class=\"wp-block-list\">\n<li>Kanal taban\u0131yla ayn\u0131 boyutta, tavanda veya al\u00e7\u0131pan \u00fcst\u00fcnde bir oluk a\u00e7\u0131n.<\/li>\n\n\n\n<li>LED \u015ferit \u0131\u015f\u0131\u011f\u0131n\u0131z\u0131 al\u00fcminyum kanala yerle\u015ftirin.<\/li>\n\n\n\n<li>U\u00e7 kapaklar\u0131 ve dif\u00fcz\u00f6r\u00fc tak\u0131n.<\/li>\n\n\n\n<li>Kanal \u0131\u015f\u0131\u011f\u0131n\u0131 oluktaki yerinde tutmak i\u00e7in yayl\u0131 deste\u011fi kullan\u0131n.<\/li>\n\n\n\n<li>Do\u011fru g\u00fc\u00e7 ve kontrol cihazlar\u0131n\u0131 ba\u011flay\u0131n.<\/li>\n<\/ul>\n<\/div><figure class=\"wp-block-media-text__media\"><img loading=\"lazy\" decoding=\"async\" width=\"500\" height=\"500\" src=\"https:\/\/tangooled.com\/wp-content\/uploads\/2025\/07\/r5413-ins.webp\" alt=\"50x13mm recessed led channel \u2013 wide, slim, and built to last\" class=\"wp-image-41857 size-full\" srcset=\"https:\/\/tangooled.com\/wp-content\/uploads\/2025\/07\/r5413-ins.webp 500w, https:\/\/tangooled.com\/wp-content\/uploads\/2025\/07\/r5413-ins-300x300.webp 300w, https:\/\/tangooled.com\/wp-content\/uploads\/2025\/07\/r5413-ins-150x150.webp 150w\" sizes=\"auto, (max-width: 500px) 100vw, 500px\" \/><\/figure><\/div>\n<\/div><\/div>\n\n\n\n<div class=\"wp-block-group has-background\" style=\"background-color:#f1f1f1;padding-top:var(--wp--preset--spacing--80);padding-bottom:var(--wp--preset--spacing--80)\"><div class=\"wp-block-group__inner-container is-layout-constrained wp-block-group-is-layout-constrained\">\n<h2 class=\"wp-block-heading\" style=\"padding-top:var(--wp--preset--spacing--40);padding-bottom:var(--wp--preset--spacing--40);font-size:25px;font-style:normal;font-weight:600;text-transform:capitalize\">What\u2019s in the kit?<\/h2>\n\n\n\n<ul class=\"wp-block-list\">\n<li>54x13mm kesitli g\u00f6mme al\u00fcminyum kanal<\/li>\n\n\n\n<li>Bir opal LED dif\u00fcz\u00f6r<\/li>\n\n\n\n<li>Metal u\u00e7 kapaklar<\/li>\n\n\n\n<li>Kolay kurulum i\u00e7in yay destekleri.<\/li>\n<\/ul>\n<\/div><\/div>\n\n\n\n<div class=\"wp-block-group is-vertical is-layout-flex wp-container-core-group-is-layout-d255d7c4 wp-block-group-is-layout-flex\" style=\"padding-top:var(--wp--preset--spacing--80);padding-bottom:var(--wp--preset--spacing--80)\">\n<h2 class=\"wp-block-heading\" style=\"padding-top:var(--wp--preset--spacing--40);padding-bottom:var(--wp--preset--spacing--40);font-size:25px;font-style:normal;font-weight:600;text-transform:capitalize\">50mm G\u00f6mme LED Kanal\u0131n\u0131z\u0131 Nerede Kullanmal\u0131<\/h2>\n\n\n\n<p>Bu g\u00f6mme LED kanal\u0131 50x13mm boyutundad\u0131r ve \u015funlar i\u00e7in uygundur:<\/p>\n\n\n\n<ul class=\"wp-block-list\">\n<li>Al\u00e7\u0131pan tavanlar ve duvarlar: Geni\u015f, s\u00fcrekli lineer \u0131\u015f\u0131k olu\u015fturmak i\u00e7in m\u00fckemmeldir, flan\u015f y\u00fczeyle d\u00fcz olmal\u0131 ve temiz, \u00e7er\u00e7evesiz bir g\u00f6r\u00fcn\u00fcm i\u00e7in \u00fcstten s\u0131vanmal\u0131d\u0131r.<\/li>\n\n\n\n<li>\u0130\u015fletme ve ma\u011faza sergileri: Genel ayd\u0131nlatma i\u00e7in m\u00fckemmel veya b\u00fcy\u00fck \u00fcr\u00fcn sergilerinin \u00f6ne \u00e7\u0131kmas\u0131n\u0131 sa\u011flamak i\u00e7in geni\u015f, e\u015fit \u0131\u015f\u0131k olu\u015fturur.<\/li>\n\n\n\n<li>Ofisler ve i\u015fletmelerde, a\u00e7\u0131k plan \u00e7al\u0131\u015fma alanlar\u0131, konferans odalar\u0131 ve koridorlardaki geni\u015f, g\u00f6lgesiz ortam veya g\u00f6rev ayd\u0131nlatmas\u0131 sa\u011flamak i\u00e7in tasarlanm\u0131\u015ft\u0131r.<\/li>\n\n\n\n<li>Mimari \u00f6zellikler i\u00e7in ayd\u0131nlatma: Bu t\u00fcr ayd\u0131nlatma, lobi, koridor ve y\u00fcksek \u00e7\u0131k\u0131\u015fl\u0131 g\u00f6mme lineer ayd\u0131nlatma gerektiren kamu alanlar\u0131 i\u00e7in m\u00fckemmeldir.<\/li>\n<\/ul>\n<\/div>\n\n\n\n<div class=\"wp-block-group has-background is-vertical is-layout-flex wp-container-core-group-is-layout-b429018a wp-block-group-is-layout-flex\" style=\"background-color:#f1f1f1f2;padding-top:var(--wp--preset--spacing--70);padding-bottom:var(--wp--preset--spacing--70)\">\n<h2 class=\"wp-block-heading\" style=\"padding-top:var(--wp--preset--spacing--40);padding-bottom:var(--wp--preset--spacing--40);font-size:25px;font-style:normal;font-weight:600\">Be\u011fenebilece\u011finiz \u0130lgili \u00dcr\u00fcnler<\/h2>\n\n\n\n<ul class=\"wp-block-list\">\n<li>Ke\u015ffedin <a href=\"https:\/\/tangooled.com\/tr\/urun\/black-led-diffuser-aluminum-channel-for-12mm-tape-lights\/\"><mark style=\"background-color:rgba(0, 0, 0, 0)\" class=\"has-inline-color has-vivid-red-color\">12 mm \u015eerit I\u015f\u0131klar i\u00e7in Siyah LED Dif\u00fcz\u00f6r Al\u00fcminyum Kanal<\/mark><\/a> dar bir profil se\u00e7ene\u011fi i\u00e7in.<\/li>\n\n\n\n<li>Kontrol et <a href=\"https:\/\/tangooled.com\/tr\/urun\/surface-mount-led-profile-with-frosted-diffuser-for-10mm-rope-lights\/\"><mark style=\"background-color:rgba(0, 0, 0, 0)\" class=\"has-inline-color has-vivid-red-color\">10mm Tel Ayd\u0131nlatmalar\u0131 i\u00e7in Buzlu Dif\u00fcz\u00f6rl\u00fc Y\u00fczeye Montaj LED Profili<\/mark><\/a> e\u011fer g\u00f6mme yerine y\u00fczeye montaj istiyorsan\u0131z.<\/li>\n\n\n\n<li>Daha k\u00fc\u00e7\u00fck bir g\u00f6mme profil mi istiyorsunuz? \u015euna bak\u0131n <a href=\"https:\/\/tangooled.com\/tr\/urun\/recessed-15x12mm-black-light-diffuser-aluminum-channel-for-10mm-led-strips\/\"><mark style=\"background-color:rgba(0, 0, 0, 0)\" class=\"has-inline-color has-vivid-red-color\">G\u00f6mme 15x12mm Siyah I\u015f\u0131k Dif\u00fcz\u00f6r Al\u00fcminyum Kanal\u0131 10mm LED \u015eeritler i\u00e7in<\/mark><\/a><\/li>\n\n\n\n<li>\u00c7er\u00e7evesiz al\u00e7\u0131pan g\u00f6mme LED montajlar\u0131 i\u00e7in, \u015funa g\u00f6z at\u0131n <a href=\"https:\/\/tangooled.com\/tr\/urun\/trimless-drywall-led-channel-for-15mm-led-strip-lights\/\"><mark style=\"background-color:rgba(0, 0, 0, 0)\" class=\"has-inline-color has-vivid-red-color\">Trimless Kuru Duvar LED Kanal\u0131 15mm LED \u015eerit Ayd\u0131nlatmalar i\u00e7in<\/mark><\/a><\/li>\n<\/ul>\n<\/div>\n\n\n\n<div class=\"wp-block-group is-vertical is-layout-flex wp-container-core-group-is-layout-d255d7c4 wp-block-group-is-layout-flex\" style=\"padding-top:var(--wp--preset--spacing--80);padding-bottom:var(--wp--preset--spacing--80)\">\n<h2 class=\"wp-block-heading\" style=\"padding-top:var(--wp--preset--spacing--40);padding-bottom:var(--wp--preset--spacing--40);font-size:25px;font-style:normal;font-weight:600;text-transform:capitalize\">\u00d6zet<\/h2>\n\n\n\n<p>The 50mm recessed LED channel features a sleek design that is simple to install and performs well in large architectural lighting areas. It fits in places like drywall or ceilings and gives forth smooth, bright light without any spots. It features a robust anodized aluminum body and a lot of different diffuser options, so it&#8217;s perfect for modern homes, offices, and retailers.<\/p>\n<\/div>\n\n\n\n<p><\/p>","protected":false},"featured_media":14782,"template":"","meta":{"_acf_changed":true,"_seopress_robots_primary_cat":"none","_seopress_titles_title":"50mm Wide Recessed LED Channel 13mm Depth | TANGOOLED","_seopress_titles_desc":"Create bold light ribbons with our 50mm wide recessed LED channel. Featuring a slim 13mm depth, this flanged aluminum profile is perfect for wide-angle linear lighting in shallow ceilings and modern offices.","_seopress_robots_index":""},"pcb-width":[232],"product-cat":[193],"class_list":{"0":"post-34982","1":"product","2":"type-product","3":"status-publish","4":"has-post-thumbnail","6":"pcb-width-35-45mm","7":"product-cat-recessed-profile"},"acf":[],"_links":{"self":[{"href":"https:\/\/tangooled.com\/tr\/wp-json\/wp\/v2\/product\/34982","targetHints":{"allow":["GET"]}}],"collection":[{"href":"https:\/\/tangooled.com\/tr\/wp-json\/wp\/v2\/product"}],"about":[{"href":"https:\/\/tangooled.com\/tr\/wp-json\/wp\/v2\/types\/product"}],"wp:featuredmedia":[{"embeddable":true,"href":"https:\/\/tangooled.com\/tr\/wp-json\/wp\/v2\/media\/14782"}],"wp:attachment":[{"href":"https:\/\/tangooled.com\/tr\/wp-json\/wp\/v2\/media?parent=34982"}],"wp:term":[{"taxonomy":"pcb-width","embeddable":true,"href":"https:\/\/tangooled.com\/tr\/wp-json\/wp\/v2\/pcb-width?post=34982"},{"taxonomy":"product-cat","embeddable":true,"href":"https:\/\/tangooled.com\/tr\/wp-json\/wp\/v2\/product-cat?post=34982"}],"curies":[{"name":"wp","href":"https:\/\/api.w.org\/{rel}","templated":true}]}}