{"id":34981,"date":"2025-07-01T05:13:13","date_gmt":"2025-07-01T13:13:13","guid":{"rendered":"https:\/\/tangooled.com\/?post_type=product&#038;p=34981"},"modified":"2026-01-25T20:01:49","modified_gmt":"2026-01-26T04:01:49","slug":"35x35mm-recessed-led-strip-profile-with-driver-space","status":"publish","type":"product","link":"https:\/\/tangooled.com\/tr\/urun\/35x35mm-recessed-led-strip-profile-with-driver-space\/","title":{"rendered":"\u015fof\u00f6r alan\u0131na sahip 35x35mm g\u00f6mme LED \u015ferit profili"},"content":{"rendered":"<div class=\"wp-block-group is-vertical is-layout-flex wp-container-core-group-is-layout-d255d7c4 wp-block-group-is-layout-flex\" style=\"padding-top:var(--wp--preset--spacing--80);padding-bottom:var(--wp--preset--spacing--80)\">\n<p>This 35&#215;35 mm recessed LED strip profile with driver space is designed to hide both the LED strip and its power supply seamlessly within the ceiling. This 35x35mm LED profile features a removable middle tray, which is great for installing LED strips up to 21 mm wide. The rigid aluminum profile housing ensures excellent heat management, guaranteeing the long life of your lighting system.<\/p>\n\n\n\n<p>To install, simply attach the specialized recessed buckles to the profile&#8217;s back slots. This preparatory step is vital, as it allows the fixture to be securely pushed into the ceiling cutout, achieving a perfectly flush, trimless finish that integrates cleanly with the surrounding architecture.<\/p>\n\n\n\n<p>This 35&#215;35 mm recessed LED channel is ideally suited for impactful linear lighting in high-end commercial environments. This includes large-scale projects in offices, retail spaces, and hotel lobbies.<\/p>\n<\/div>\n\n\n\n<div class=\"wp-block-group has-background\" style=\"background-color:#f1f1f1;padding-top:var(--wp--preset--spacing--80);padding-bottom:var(--wp--preset--spacing--80)\"><div class=\"wp-block-group__inner-container is-layout-constrained wp-block-group-is-layout-constrained\">\n<div class=\"wp-block-group is-vertical is-layout-flex wp-container-core-group-is-layout-8cf370e7 wp-block-group-is-layout-flex\">\n<h2 class=\"wp-block-heading\" style=\"padding-top:var(--wp--preset--spacing--40);padding-bottom:var(--wp--preset--spacing--40);font-size:25px;font-style:normal;font-weight:600;text-transform:capitalize\">Neden 35x35mm LED \u015ferit profilimizi se\u00e7melisiniz?<\/h2>\n\n\n\n<ul class=\"wp-block-list\">\n<li>Yerle\u015fik S\u00fcr\u00fcc\u00fc Alan\u0131: \u00c7ok ince bir LED s\u00fcr\u00fcc\u00fc i\u00e7in mevcut ve profilde gizli kal\u0131r, b\u00f6ylece b\u00fcy\u00fck kutular g\u00f6r\u00fcnmez.<\/li>\n\n\n\n<li>Dotsuz Yumu\u015fak I\u015f\u0131k: Opal dif\u00fcz\u00f6r, \u0131\u015f\u0131\u011f\u0131 lekesiz ve parlamas\u0131z yapar.<\/li>\n\n\n\n<li>Y\u00fcksek Kaliteli Al\u00fcminyum: LED'leri serin tutan harika bir \u0131s\u0131 da\u011f\u0131t\u0131c\u0131d\u0131r ve daha uzun \u00f6m\u00fcrl\u00fc olmalar\u0131n\u0131 sa\u011flar.<\/li>\n\n\n\n<li>Kenar Olmadan, Gizli Tasar\u0131m: Al\u00e7\u0131 ile kolayca kaplan\u0131r ve \u0131\u015f\u0131\u011f\u0131n p\u00fcr\u00fczs\u00fcz g\u00f6r\u00fcnmesini sa\u011flar.<\/li>\n\n\n\n<li>Uzunlu\u011fu, renk kaplamas\u0131n\u0131 ve projeniz i\u00e7in en iyi \u00e7al\u0131\u015fan aksesuarlar\u0131 se\u00e7erek \u00f6zelle\u015ftirebilirsiniz.<\/li>\n<\/ul>\n<\/div>\n<\/div><\/div>\n\n\n\n<div class=\"wp-block-group\" style=\"padding-top:var(--wp--preset--spacing--60);padding-bottom:var(--wp--preset--spacing--60)\"><div class=\"wp-block-group__inner-container is-layout-constrained wp-block-group-is-layout-constrained\">\n<div class=\"wp-block-media-text has-media-on-the-right is-stacked-on-mobile\" style=\"grid-template-columns:auto 40%\"><div class=\"wp-block-media-text__content\">\n<h2 class=\"wp-block-heading\" style=\"padding-top:var(--wp--preset--spacing--40);padding-bottom:var(--wp--preset--spacing--40);font-size:25px;font-style:normal;font-weight:600;text-transform:capitalize\">Aksesuarlar &amp; Kurulum<\/h2>\n\n\n\n<ul class=\"wp-block-list\">\n<li>Metal U\u00e7 Kapa\u011f\u0131: U\u00e7lar\u0131 kapatarak temiz bir g\u00f6r\u00fcn\u00fcm kazand\u0131r\u0131r.<\/li>\n\n\n\n<li>Yay Deste\u011fi: Kurulum esnas\u0131nda profili yerinde tutar.<\/li>\n\n\n\n<li>LED \u015eerit: 21mm geni\u015fli\u011fe kadar \u015feritlerle uyumludur, y\u00fcksek CRI'ye sahip COB LED \u015feritler de dahil.<\/li>\n\n\n\n<li>S\u00fcr\u00fcc\u00fcler: \u0130\u00e7inde bo\u015fluk olan ultra ince 24V LED s\u00fcr\u00fcc\u00fcleri kullan\u0131n.<\/li>\n<\/ul>\n<\/div><figure class=\"wp-block-media-text__media\"><img loading=\"lazy\" decoding=\"async\" width=\"500\" height=\"500\" src=\"https:\/\/tangooled.com\/wp-content\/uploads\/2025\/07\/r3535-ins.webp\" alt=\"35x35mm recessed led tape profile with driver space\" class=\"wp-image-41854 size-full\" srcset=\"https:\/\/tangooled.com\/wp-content\/uploads\/2025\/07\/r3535-ins.webp 500w, https:\/\/tangooled.com\/wp-content\/uploads\/2025\/07\/r3535-ins-300x300.webp 300w, https:\/\/tangooled.com\/wp-content\/uploads\/2025\/07\/r3535-ins-150x150.webp 150w\" sizes=\"auto, (max-width: 500px) 100vw, 500px\" \/><\/figure><\/div>\n<\/div><\/div>\n\n\n\n<div class=\"wp-block-group has-background\" style=\"background-color:#f1f1f1;padding-top:var(--wp--preset--spacing--80);padding-bottom:var(--wp--preset--spacing--80)\"><div class=\"wp-block-group__inner-container is-layout-constrained wp-block-group-is-layout-constrained\">\n<h2 class=\"wp-block-heading\" style=\"padding-top:var(--wp--preset--spacing--40);padding-bottom:var(--wp--preset--spacing--40);font-size:25px;font-style:normal;font-weight:600;text-transform:capitalize\">35x35mm Gizli LED Profilini Nerede Kullanmal\u0131s\u0131n\u0131z?<\/h2>\n\n\n\n<ul class=\"wp-block-list\">\n<li>Tavanlar ve Duvarlar: Profil, al\u00e7\u0131 veya s\u0131va i\u00e7inde temiz, modern \u0131\u015f\u0131k hatlar\u0131 yapmak i\u00e7in kullan\u0131l\u0131r.<\/li>\n\n\n\n<li>K\u00f6\u015fe Ayd\u0131nlatmas\u0131: Yumu\u015fak, dolayl\u0131 \u0131\u015f\u0131k olu\u015fturmak i\u00e7in k\u00f6\u015felere \u0131\u015f\u0131k koyun.<\/li>\n\n\n\n<li>G\u00f6rev Ayd\u0131nlatmas\u0131: Masalar, dolaplar veya net \u0131\u015f\u0131k ihtiya\u00e7 duyan alanlar i\u00e7in harikad\u0131r.<\/li>\n\n\n\n<li>Perakende ve Misafirperverlik: D\u00fckkanlar, oteller veya ofislerde modern ayd\u0131nlatma, modern bir g\u00f6r\u00fcn\u00fcm kazand\u0131r\u0131r.<\/li>\n<\/ul>\n<\/div><\/div>\n\n\n\n<div class=\"wp-block-group\" style=\"padding-top:var(--wp--preset--spacing--80);padding-bottom:var(--wp--preset--spacing--80)\"><div class=\"wp-block-group__inner-container is-layout-constrained wp-block-group-is-layout-constrained\">\n<h2 class=\"wp-block-heading\" style=\"padding-top:var(--wp--preset--spacing--40);padding-bottom:var(--wp--preset--spacing--40);font-size:25px;font-style:normal;font-weight:600;text-transform:capitalize\">\u0130lgili \u00fcr\u00fcnler ve kaynaklar<\/h2>\n\n\n\n<ul class=\"wp-block-list\">\n<li>Farkl\u0131 lineer LED profilleri ve aksesuarlar\u0131 hakk\u0131nda bilgi edinin <a href=\"https:\/\/klusdesign.eu\/en\/profiles-recessed\"><mark style=\"background-color:rgba(0, 0, 0, 0)\" class=\"has-inline-color has-vivid-red-color\">Klus Tasar\u0131m profilleri sayfas\u0131<\/mark><\/a>.<\/li>\n\n\n\n<li>Yar\u0131-dif\u00fcz LED \u015ferit \u0131\u015f\u0131k se\u00e7enekleri i\u00e7in, bak\u0131n <a href=\"https:\/\/lsicorp.com\/lighting\/product\/linear-semi-diffused\/\">L<mark style=\"background-color:rgba(0, 0, 0, 0)\" class=\"has-inline-color has-vivid-red-color\">SI Industries Yar\u0131-Dif\u00fcz \u00dcr\u00fcn<\/mark><\/a>.<\/li>\n\n\n\n<li>Ke\u015ffet <a href=\"https:\/\/www.jescolighting.com\/portfolio\/ch-sm-32\/\"><mark style=\"background-color:rgba(0, 0, 0, 0)\" class=\"has-inline-color has-vivid-red-color\">Jesco Lighting\u2019s recessed profiles<\/mark><\/a> geli\u015fmi\u015f tasar\u0131m se\u00e7enekleri i\u00e7in<\/li>\n<\/ul>\n<\/div><\/div>\n\n\n\n<div class=\"wp-block-group has-background\" style=\"background-color:#f1f1f1f2;padding-top:var(--wp--preset--spacing--80);padding-bottom:var(--wp--preset--spacing--80)\"><div class=\"wp-block-group__inner-container is-layout-constrained wp-block-group-is-layout-constrained\">\n<h2 class=\"wp-block-heading\" style=\"padding-top:var(--wp--preset--spacing--40);padding-bottom:var(--wp--preset--spacing--40);font-size:25px;font-style:normal;font-weight:600\">LED Profil \u0130htiya\u00e7lar\u0131n\u0131z i\u00e7in Bizimle Se\u00e7in<\/h2>\n\n\n\n<p style=\"padding-right:var(--wp--preset--spacing--50);padding-left:var(--wp--preset--spacing--50)\">Bu 35x35mm gizli LED \u015ferit profili, entegre g\u00fc\u00e7 kayna\u011f\u0131 alan\u0131 ile \u015f\u0131k, kenars\u0131z gizli ayd\u0131nlatma isteyen tasar\u0131mc\u0131lar i\u00e7in ideal bir mimari ekstr\u00fczyondur. 6063-T5 al\u00fcminyum g\u00f6vde, y\u00fcksek kaliteli LED \u015ferit \u0131\u015f\u0131klar\u0131n\u0131 h\u0131zla so\u011futur, dayan\u0131kl\u0131 PC opal dif\u00fcz\u00f6r sayesinde temiz, lekesiz bir \u0131\u015f\u0131ma sa\u011flan\u0131r. \u0130htiya\u00e7lar\u0131n\u0131za uygun olarak de\u011fi\u015ftirilebilir ve bir araya getirmesi olduk\u00e7a basittir. Evlerde, i\u015fletmelerde, d\u00fckkanlarda ve otellerde iyi \u00e7al\u0131\u015f\u0131r. <\/p>\n<\/div><\/div>\n\n\n\n<p><\/p>","protected":false},"featured_media":14810,"template":"","meta":{"_acf_changed":true,"_seopress_robots_primary_cat":"none","_seopress_titles_title":"35x35mm Recessed LED Strip Profile with Driver Space | TANGOOLED","_seopress_titles_desc":"The R3535 is a 35x35mm recessed LED strip profile with internal driver space. This large-scale aluminum channel simplifies installation by housing the power supply inside the profile.","_seopress_robots_index":""},"pcb-width":[229],"product-cat":[193],"class_list":{"0":"post-34981","1":"product","2":"type-product","3":"status-publish","4":"has-post-thumbnail","6":"pcb-width-15-20mm","7":"product-cat-recessed-profile"},"acf":[],"_links":{"self":[{"href":"https:\/\/tangooled.com\/tr\/wp-json\/wp\/v2\/product\/34981","targetHints":{"allow":["GET"]}}],"collection":[{"href":"https:\/\/tangooled.com\/tr\/wp-json\/wp\/v2\/product"}],"about":[{"href":"https:\/\/tangooled.com\/tr\/wp-json\/wp\/v2\/types\/product"}],"wp:featuredmedia":[{"embeddable":true,"href":"https:\/\/tangooled.com\/tr\/wp-json\/wp\/v2\/media\/14810"}],"wp:attachment":[{"href":"https:\/\/tangooled.com\/tr\/wp-json\/wp\/v2\/media?parent=34981"}],"wp:term":[{"taxonomy":"pcb-width","embeddable":true,"href":"https:\/\/tangooled.com\/tr\/wp-json\/wp\/v2\/pcb-width?post=34981"},{"taxonomy":"product-cat","embeddable":true,"href":"https:\/\/tangooled.com\/tr\/wp-json\/wp\/v2\/product-cat?post=34981"}],"curies":[{"name":"wp","href":"https:\/\/api.w.org\/{rel}","templated":true}]}}