{"id":34971,"date":"2025-07-01T02:43:16","date_gmt":"2025-07-01T10:43:16","guid":{"rendered":"https:\/\/tangooled.com\/?post_type=product&#038;p=34971"},"modified":"2026-01-25T19:53:34","modified_gmt":"2026-01-26T03:53:34","slug":"32mm-deep-recessed-led-strip-channel","status":"publish","type":"product","link":"https:\/\/tangooled.com\/tr\/urun\/32mm-deep-recessed-led-strip-channel\/","title":{"rendered":"32mm Derin G\u00f6m\u00fcl\u00fc LED \u015eerit Kanal\u0131"},"content":{"rendered":"<div class=\"wp-block-group is-vertical is-layout-flex wp-container-core-group-is-layout-d255d7c4 wp-block-group-is-layout-flex\" style=\"padding-top:var(--wp--preset--spacing--80);padding-bottom:var(--wp--preset--spacing--80)\">\n<p>R3532 profilimiz 32mm derinli\u011finde g\u00f6mme LED kanalidir. Size p\u00fcr\u00fczs\u00fcz, y\u00fcksek kaliteli \u0131\u015f\u0131k sa\u011flar. Bu profilin taban\u0131 yaln\u0131zca 32mm derinli\u011finde ve 35mm geni\u015fli\u011findedir, ancak optimal \u0131\u015f\u0131k yay\u0131l\u0131m\u0131 i\u00e7in 25mm geni\u015fli\u011findeki LED \u015feritleri ta\u015f\u0131yabilir.<\/p>\n\n\n\n<p>The aluminum frame isn&#8217;t just for looks; it&#8217;s also a high-performance heatsink that keeps the LED strips&nbsp;functioning smoothly for a long period. The&nbsp;installation process is easy, starting with&nbsp;inserting&nbsp;special&nbsp;recessed&nbsp;buckles&nbsp;into&nbsp;the&nbsp;channel&#8217;s&nbsp;back slot, then pressing the profile into the ceiling&nbsp;or&nbsp;drywall&nbsp;groove,&nbsp;leaving&nbsp;a&nbsp;perfect,&nbsp;trimless&nbsp;finish.<\/p>\n\n\n\n<p>Bu armat\u00fcr, modern mimari projeleri i\u00e7in uygundur; \u00e7\u00fcnk\u00fc profesyonel ortamlarda, kurumsal lobiler, \u00f6zel sergileme alanlar\u0131 ve modern ofis alanlar\u0131 dahil olmak \u00fczere, gizli, s\u00fcrekli lineer \u0131\u015f\u0131k sa\u011flar.<\/p>\n<\/div>\n\n\n\n<div class=\"wp-block-group has-background\" style=\"background-color:#f1f1f1;padding-top:var(--wp--preset--spacing--60);padding-bottom:var(--wp--preset--spacing--60)\"><div class=\"wp-block-group__inner-container is-layout-constrained wp-block-group-is-layout-constrained\">\n<div class=\"wp-block-group\" style=\"padding-top:var(--wp--preset--spacing--80);padding-bottom:var(--wp--preset--spacing--80)\"><div class=\"wp-block-group__inner-container is-layout-constrained wp-block-group-is-layout-constrained\">\n<h2 class=\"wp-block-heading\" style=\"padding-top:var(--wp--preset--spacing--40);padding-bottom:var(--wp--preset--spacing--40);font-size:25px;font-style:normal;font-weight:600;text-transform:capitalize\">Neden 32mm G\u00f6m\u00fcl\u00fc LED Kanal\u0131m\u0131z\u0131 Se\u00e7melisiniz?<\/h2>\n\n\n\n<ul class=\"wp-block-list\">\n<li>25.6mm \u0130\u00e7 Geni\u015flik: Bu, 25mm geni\u015fli\u011findeki LED \u015ferit lambalar\u0131 ile uyumludur; y\u00fcksek yo\u011funluklu COB (Chip on Board) LED'ler veya \u00e7ift s\u0131ra SMD'ler dahil, en parlak ve en e\u015fit \u0131\u015f\u0131\u011f\u0131 sa\u011flar.<\/li>\n\n\n\n<li>Al\u00e7\u0131 \u0130\u00e7i Tasar\u0131m: \u00c7amur i\u00e7i flanjlar, al\u00e7\u0131pan i\u00e7ine kolayca monte edilmesini sa\u011flar, LED muhafazan\u0131n g\u00f6r\u00fcnmesini engeller.<\/li>\n\n\n\n<li>P\u00fcr\u00fczs\u00fcz, Noktas\u0131z Dif\u00fczyon: I\u015f\u0131k \u00e7\u0131k\u0131\u015f\u0131n\u0131 e\u015fit ve parlakl\u0131ks\u0131z yaparak, LED lekeleri veya s\u0131cak nokta olmadan, y\u00fcksek kaliteli opal PC dif\u00fcz\u00f6rle birlikte gelir.<\/li>\n\n\n\n<li>Y\u00fcksek Kaliteli Malzeme: Bu kanal anodize al\u00fcminyumdan yap\u0131lm\u0131\u015ft\u0131r, bu da LED'lerin daha uzun s\u00fcre dayanmas\u0131n\u0131 ve daha iyi \u00e7al\u0131\u015fmas\u0131n\u0131 sa\u011flar, \u0131s\u0131y\u0131 e\u015fit \u015fekilde yayarak.<\/li>\n\n\n\n<li>Farkl\u0131 uygulamalar i\u00e7in kullan\u0131labilir: Ev, i\u015f ve mimari projelerde, cove ayd\u0131nlatmas\u0131, dolap alt\u0131 ayd\u0131nlatma, duvar g\u00f6mme ayd\u0131nlatma ve ortam tavana ayd\u0131nlatma i\u00e7in harikad\u0131r.<\/li>\n<\/ul>\n<\/div><\/div>\n<\/div><\/div>\n\n\n\n<div class=\"wp-block-group\" style=\"padding-top:var(--wp--preset--spacing--60);padding-bottom:var(--wp--preset--spacing--60)\"><div class=\"wp-block-group__inner-container is-layout-constrained wp-block-group-is-layout-constrained\">\n<div class=\"wp-block-media-text has-media-on-the-right is-stacked-on-mobile\" style=\"grid-template-columns:auto 40%\"><div class=\"wp-block-media-text__content\">\n<h2 class=\"wp-block-heading\" style=\"padding-top:var(--wp--preset--spacing--40);padding-bottom:var(--wp--preset--spacing--40);font-size:25px;font-style:normal;font-weight:600;text-transform:capitalize\">Kurulum Basit<\/h2>\n\n\n\n<ul class=\"wp-block-list\">\n<li>Tavan\u0131n\u0131zda veya al\u00e7\u0131pan\u0131n\u0131zda temiz, d\u00fcz bir kesim yap\u0131n.<\/li>\n\n\n\n<li>Kanallar\u0131n g\u00fcvenli bir \u015fekilde yerinde durmas\u0131 i\u00e7in al\u00fcminyum ekstr\u00fczyonla birlikte gelen g\u00f6mme tokalar\u0131 kullan\u0131n.<\/li>\n\n\n\n<li>LED \u015feridinizi kanala yerle\u015ftirin ve kablolar\u0131 ba\u011flay\u0131n.<\/li>\n\n\n\n<li>Yumu\u015fak, p\u00fcr\u00fczs\u00fcz \u0131\u015f\u0131k almak i\u00e7in dif\u00fcz\u00f6r\u00fc yerine yerle\u015ftirin.<\/li>\n<\/ul>\n<\/div><figure class=\"wp-block-media-text__media\"><img loading=\"lazy\" decoding=\"async\" width=\"500\" height=\"500\" src=\"https:\/\/tangooled.com\/wp-content\/uploads\/2025\/07\/r3532-ins.webp\" alt=\"35mm recessed silver led strip light channel\" class=\"wp-image-41828 size-full\" srcset=\"https:\/\/tangooled.com\/wp-content\/uploads\/2025\/07\/r3532-ins.webp 500w, https:\/\/tangooled.com\/wp-content\/uploads\/2025\/07\/r3532-ins-300x300.webp 300w, https:\/\/tangooled.com\/wp-content\/uploads\/2025\/07\/r3532-ins-150x150.webp 150w\" sizes=\"auto, (max-width: 500px) 100vw, 500px\" \/><\/figure><\/div>\n<\/div><\/div>\n\n\n\n<div class=\"wp-block-group has-background is-vertical is-layout-flex wp-container-core-group-is-layout-b429018a wp-block-group-is-layout-flex\" style=\"background-color:#f1f1f1f2;padding-top:var(--wp--preset--spacing--70);padding-bottom:var(--wp--preset--spacing--70)\">\n<h2 class=\"wp-block-heading\" style=\"padding-top:var(--wp--preset--spacing--40);padding-bottom:var(--wp--preset--spacing--40);font-size:25px;font-style:normal;font-weight:600\">Bunu sat\u0131n ald\u0131\u011f\u0131n\u0131zda ne elde edersiniz?<\/h2>\n\n\n\n<ul class=\"wp-block-list\">\n<li>Bir adet 32mm derin g\u00f6mme al\u00fcminyum kanal<\/li>\n\n\n\n<li>1 Opal Polikarbonat Dif\u00fcz\u00f6r Kapa\u011f\u0131<\/li>\n\n\n\n<li>\u0130ki boyanabilir metal u\u00e7 kapa\u011f\u0131<\/li>\n\n\n\n<li>Kanal\u0131 g\u00fcvenli bir \u015fekilde monte etmek i\u00e7in g\u00f6mme tokalar\u0131.<\/li>\n<\/ul>\n<\/div>\n\n\n\n<div class=\"wp-block-group\" style=\"padding-top:var(--wp--preset--spacing--80);padding-bottom:var(--wp--preset--spacing--80)\"><div class=\"wp-block-group__inner-container is-layout-constrained wp-block-group-is-layout-constrained\">\n<h2 class=\"wp-block-heading\" style=\"padding-top:var(--wp--preset--spacing--40);padding-bottom:var(--wp--preset--spacing--40);font-size:25px;font-style:normal;font-weight:600;text-transform:capitalize\">32mm derin G\u00f6m\u00fcl\u00fc LED Kanal\u0131m\u0131z i\u00e7in \u0130deal Kullan\u0131m Senaryolar\u0131<\/h2>\n\n\n\n<ul class=\"wp-block-list\">\n<li>Mimari Cove Ayd\u0131nlatmas\u0131: Tavanda g\u00fczel ayd\u0131nlatma i\u00e7in sonsuz \u0131\u015f\u0131k hatlar\u0131 olu\u015fturmak i\u00e7in kullan\u0131n.<\/li>\n\n\n\n<li>Duvar G\u00f6m\u00fcl\u00fc Ayd\u0131nlatma: Otellerde, i\u015f yerlerinde ve perakendecilerde vurgu duvarlar\u0131 ve \u00f6ne \u00e7\u0131kan ayd\u0131nlatma i\u00e7in harikad\u0131r.<\/li>\n\n\n\n<li>Under-Cabinet and Shelf Lighting: This type of lighting makes it easier to see what you&#8217;re doing in kitchens and display cabinets.<\/li>\n\n\n\n<li>Ticari Alanlar: Ofislerin, otel lobilerinin ve l\u00fcks ma\u011fazalar\u0131n ayd\u0131nlatmas\u0131 i\u00e7in harikad\u0131r.<\/li>\n<\/ul>\n<\/div><\/div>\n\n\n\n<p><\/p>","protected":false},"featured_media":14815,"template":"","meta":{"_acf_changed":true,"_seopress_robots_primary_cat":"none","_seopress_titles_title":"32mm Deep Recessed LED Channel | Free-spot Aluminum Profile | TANGOOLED","_seopress_titles_desc":"Achieve flawless, dot-free lighting with our 32mm deep recessed LED channel. This extra-deep aluminum profile provides superior light diffusion for high-end architectural projects, ensuring a seamless linear glow.","_seopress_robots_index":""},"pcb-width":[230],"product-cat":[193],"class_list":{"0":"post-34971","1":"product","2":"type-product","3":"status-publish","4":"has-post-thumbnail","6":"pcb-width-20-25mm","7":"product-cat-recessed-profile"},"acf":[],"_links":{"self":[{"href":"https:\/\/tangooled.com\/tr\/wp-json\/wp\/v2\/product\/34971","targetHints":{"allow":["GET"]}}],"collection":[{"href":"https:\/\/tangooled.com\/tr\/wp-json\/wp\/v2\/product"}],"about":[{"href":"https:\/\/tangooled.com\/tr\/wp-json\/wp\/v2\/types\/product"}],"wp:featuredmedia":[{"embeddable":true,"href":"https:\/\/tangooled.com\/tr\/wp-json\/wp\/v2\/media\/14815"}],"wp:attachment":[{"href":"https:\/\/tangooled.com\/tr\/wp-json\/wp\/v2\/media?parent=34971"}],"wp:term":[{"taxonomy":"pcb-width","embeddable":true,"href":"https:\/\/tangooled.com\/tr\/wp-json\/wp\/v2\/pcb-width?post=34971"},{"taxonomy":"product-cat","embeddable":true,"href":"https:\/\/tangooled.com\/tr\/wp-json\/wp\/v2\/product-cat?post=34971"}],"curies":[{"name":"wp","href":"https:\/\/api.w.org\/{rel}","templated":true}]}}