{"id":34970,"date":"2025-07-01T02:35:07","date_gmt":"2025-07-01T10:35:07","guid":{"rendered":"https:\/\/tangooled.com\/?post_type=product&#038;p=34970"},"modified":"2026-01-25T19:38:18","modified_gmt":"2026-01-26T03:38:18","slug":"18mm-recessed-led-low-profile-channel-35x18mm","status":"publish","type":"product","link":"https:\/\/tangooled.com\/tr\/urun\/18mm-recessed-led-low-profile-channel-35x18mm\/","title":{"rendered":"18mm G\u00f6m\u00fcl\u00fc LED D\u00fc\u015f\u00fck Profilli Al\u00fcminyum Kanal"},"content":{"rendered":"<div class=\"wp-block-group is-vertical is-layout-flex wp-container-core-group-is-layout-d255d7c4 wp-block-group-is-layout-flex\" style=\"padding-top:var(--wp--preset--spacing--80);padding-bottom:var(--wp--preset--spacing--80)\">\n<p>Bu 18mm g\u00f6mme LED d\u00fc\u015f\u00fck profilli kanal, temiz, parlak ve entegre bir-lineer ayd\u0131nlatma sa\u011flamak i\u00e7in harika bir yoldur. Bu flanjl\u0131 al\u00fcminyum kanal, derinli\u011fin y\u00fcksek bir \u00f6neme sahip oldu\u011fu kurulumlar i\u00e7in tasarlanm\u0131\u015ft\u0131r. 35mm taban geni\u015fli\u011fine ve 18mm y\u00fcksekli\u011fe sahiptir.<br>Bu s\u0131\u011f profilin i\u00e7 geni\u015fli\u011fi 21mm'dir, bu da tipik geni\u015f LED \u015feritlerin veya y\u00fcksek yo\u011funluklu COB bantlar\u0131n tutulmas\u0131 i\u00e7in yeterlidir. Ayd\u0131nlatma etkisinin d\u00fczg\u00fcn olmas\u0131n\u0131 ve nokta g\u00f6r\u00fcn\u00fcm\u00fcn\u00fcn olmamas\u0131n\u0131 sa\u011flamak i\u00e7in bu \u00f6nemlidir. Dayan\u0131kl\u0131 al\u00fcminyum profil yap\u0131s\u0131 ayr\u0131ca LED bant \u0131\u015f\u0131klar\u0131n\u0131n daha uzun s\u00fcre dayanmas\u0131na yard\u0131mc\u0131 olur, \u00e7\u00fcnk\u00fc \u0131s\u0131y\u0131 kolayca d\u0131\u015far\u0131 atar.<br>It&#8217;s straightforward to set up: just fit the recessed buckle clips into the\u00a0channel\u2018s back\u00a0first, then set the profile in the cutout in the ceiling or drywall and hold it in place. This process ensures that the finished product appears neat and trimless, allowing the channel to blend in with its surroundings and look highly integrated.<\/p>\n<\/div>\n\n\n\n<div class=\"wp-block-group has-background is-vertical is-layout-flex wp-container-core-group-is-layout-d255d7c4 wp-block-group-is-layout-flex\" style=\"background-color:#f1f1f1;padding-top:var(--wp--preset--spacing--80);padding-bottom:var(--wp--preset--spacing--80)\">\n<div class=\"wp-block-group is-vertical is-layout-flex wp-container-core-group-is-layout-8cf370e7 wp-block-group-is-layout-flex\">\n<h2 class=\"wp-block-heading\" style=\"padding-top:var(--wp--preset--spacing--40);padding-bottom:var(--wp--preset--spacing--40);font-size:25px;font-style:normal;font-weight:600;text-transform:capitalize\">Neden 18mm G\u00f6m\u00fcl\u00fc LED D\u00fc\u015f\u00fck Profil Se\u00e7melisiniz?<\/h2>\n\n\n\n<ul class=\"wp-block-list\">\n<li>\u0130nce ve d\u00fc\u015f\u00fck profilli: 18mm y\u00fcksekli\u011fi, al\u00e7\u0131pan oluklar\u0131 ve dolaplar gibi dar alanlara s\u0131\u011far.<\/li>\n\n\n\n<li>D\u00fczg\u00fcn \u0131\u015f\u0131k ve noktalar\u0131 olmayan: E\u015fit \u0131\u015f\u0131k almak i\u00e7in opal dif\u00fcz\u00f6rler ve y\u00fcksek yo\u011funluklu LED \u015feritlerle kullan\u0131n.<\/li>\n\n\n\n<li>G\u00fc\u00e7l\u00fc ve dayan\u0131kl\u0131: Anodize al\u00fcminyumdan yap\u0131lm\u0131\u015f olup, sa\u011flamd\u0131r ve LED'lerinizi serin tutar.<\/li>\n\n\n\n<li>Bir araya getirmesi basit: Flanjl\u0131 tasar\u0131m, temiz, p\u00fcr\u00fczs\u00fcz bir biti\u015f i\u00e7in kesim kenarlar\u0131n\u0131 gizler.<\/li>\n\n\n\n<li>Bir\u00e7ok kullan\u0131m: Tavanda, raflarda, ni\u015flerde, ma\u011faza te\u015fhirlerinde ve duvarlarda ayd\u0131nlatma i\u00e7in harika.<\/li>\n<\/ul>\n<\/div>\n<\/div>\n\n\n\n<div class=\"wp-block-group\" style=\"padding-top:var(--wp--preset--spacing--60);padding-bottom:var(--wp--preset--spacing--60)\"><div class=\"wp-block-group__inner-container is-layout-constrained wp-block-group-is-layout-constrained\">\n<div class=\"wp-block-media-text has-media-on-the-right is-stacked-on-mobile\" style=\"grid-template-columns:auto 40%\"><div class=\"wp-block-media-text__content\">\n<h2 class=\"wp-block-heading\" style=\"padding-top:var(--wp--preset--spacing--40);padding-bottom:var(--wp--preset--spacing--40);font-size:25px;font-style:normal;font-weight:600;text-transform:capitalize\">Kolay Kurulum \u0130pu\u00e7lar\u0131<\/h2>\n\n\n\n<ul class=\"wp-block-list\">\n<li>Koymak istedi\u011finiz yerde al\u00e7\u0131pan, tavan veya ah\u015firde bir oluk a\u00e7\u0131n.<\/li>\n\n\n\n<li>18mm d\u00fc\u015f\u00fck profilli g\u00f6mme kanal\u0131 olu\u011fa yerle\u015ftirin.<\/li>\n\n\n\n<li>Yerinde tutmas\u0131 i\u00e7in g\u00f6mme tokalar veya yap\u0131\u015ft\u0131r\u0131c\u0131 bant kullan\u0131n.<\/li>\n\n\n\n<li>LED \u015feridinizi kanal\u0131n i\u00e7ine yerle\u015ftirin.<\/li>\n\n\n\n<li>Yumu\u015fak, e\u015fit \u0131\u015f\u0131k almak i\u00e7in dif\u00fcz\u00f6r\u00fc tak\u0131n.<\/li>\n\n\n\n<li>Do\u011fru g\u00fc\u00e7 ve kontrol ekipman\u0131n\u0131 tak\u0131n.<\/li>\n<\/ul>\n<\/div><figure class=\"wp-block-media-text__media\"><img loading=\"lazy\" decoding=\"async\" width=\"500\" height=\"500\" src=\"https:\/\/tangooled.com\/wp-content\/uploads\/2025\/07\/r3518-ins.webp\" alt=\"35x18mm led low profile recessed channel\" class=\"wp-image-41825 size-full\" srcset=\"https:\/\/tangooled.com\/wp-content\/uploads\/2025\/07\/r3518-ins.webp 500w, https:\/\/tangooled.com\/wp-content\/uploads\/2025\/07\/r3518-ins-300x300.webp 300w, https:\/\/tangooled.com\/wp-content\/uploads\/2025\/07\/r3518-ins-150x150.webp 150w\" sizes=\"auto, (max-width: 500px) 100vw, 500px\" \/><\/figure><\/div>\n<\/div><\/div>\n\n\n\n<div class=\"wp-block-group has-background\" style=\"background-color:#f1f1f1f2;padding-top:var(--wp--preset--spacing--80);padding-bottom:var(--wp--preset--spacing--80)\"><div class=\"wp-block-group__inner-container is-layout-constrained wp-block-group-is-layout-constrained\">\n<h2 class=\"wp-block-heading\" style=\"padding-top:var(--wp--preset--spacing--40);padding-bottom:var(--wp--preset--spacing--40);font-size:25px;font-style:normal;font-weight:600\">Kit \u015funlar\u0131 i\u00e7erir:<\/h2>\n\n\n\n<ul class=\"wp-block-list\">\n<li>1x anodize al\u00fcminyum kanal<\/li>\n\n\n\n<li>1x uyumlu dif\u00fcz\u00f6r (opal, buzlu, \u015feffaf veya \u00f6zel)<\/li>\n\n\n\n<li>Temiz bir biti\u015f i\u00e7in 2x metal son kapak<\/li>\n\n\n\n<li>G\u00fcvenli kurulum i\u00e7in g\u00f6mme tokalar<\/li>\n<\/ul>\n<\/div><\/div>\n\n\n\n<div class=\"wp-block-group\" style=\"padding-top:var(--wp--preset--spacing--80);padding-bottom:var(--wp--preset--spacing--80)\"><div class=\"wp-block-group__inner-container is-layout-constrained wp-block-group-is-layout-constrained\">\n<h2 class=\"wp-block-heading\" style=\"padding-top:var(--wp--preset--spacing--40);padding-bottom:var(--wp--preset--spacing--40);font-size:25px;font-style:normal;font-weight:600;text-transform:capitalize\">Kullan\u0131mlar ve Uygulamalar<\/h2>\n\n\n\n<ul class=\"wp-block-list\">\n<li>Ofislerde, evlerde, otellerde ve perakende d\u00fckkanlar\u0131nda i\u00e7 mekan LED \u015ferit ayd\u0131nlatma kurulumlar\u0131.<\/li>\n\n\n\n<li>Ayd\u0131nlatma i\u00e7in alt dolap \u0131\u015f\u0131klar\u0131 ve \u00f6zel mil i\u015flemleri ile parlak, d\u00fczenli g\u00f6rev ayd\u0131nlatmas\u0131.<\/li>\n\n\n\n<li>Evlerde veya i\u015fyerlerinde bir atmosfer yaratmak i\u00e7in ni\u015f ve dolayl\u0131 ayd\u0131nlatma.<\/li>\n\n\n\n<li>Low-profile closet and wardrobe lighting that doesn&#8217;t stand out when placed.<\/li>\n<\/ul>\n<\/div><\/div>\n\n\n\n<p><\/p>","protected":false},"featured_media":14828,"template":"","meta":{"_acf_changed":true,"_seopress_robots_primary_cat":"none","_seopress_titles_title":"18mm Recessed LED Low Profile Channel 35x18mm | TANGOOLED","_seopress_titles_desc":"Enhance your space with our 18mm recessed LED low profile channel 35x13mm. This thin and wide aluminum profile is designed for seamless integration in furniture and walls.","_seopress_robots_index":""},"pcb-width":[230],"product-cat":[193],"class_list":{"0":"post-34970","1":"product","2":"type-product","3":"status-publish","4":"has-post-thumbnail","6":"pcb-width-20-25mm","7":"product-cat-recessed-profile"},"acf":[],"_links":{"self":[{"href":"https:\/\/tangooled.com\/tr\/wp-json\/wp\/v2\/product\/34970","targetHints":{"allow":["GET"]}}],"collection":[{"href":"https:\/\/tangooled.com\/tr\/wp-json\/wp\/v2\/product"}],"about":[{"href":"https:\/\/tangooled.com\/tr\/wp-json\/wp\/v2\/types\/product"}],"wp:featuredmedia":[{"embeddable":true,"href":"https:\/\/tangooled.com\/tr\/wp-json\/wp\/v2\/media\/14828"}],"wp:attachment":[{"href":"https:\/\/tangooled.com\/tr\/wp-json\/wp\/v2\/media?parent=34970"}],"wp:term":[{"taxonomy":"pcb-width","embeddable":true,"href":"https:\/\/tangooled.com\/tr\/wp-json\/wp\/v2\/pcb-width?post=34970"},{"taxonomy":"product-cat","embeddable":true,"href":"https:\/\/tangooled.com\/tr\/wp-json\/wp\/v2\/product-cat?post=34970"}],"curies":[{"name":"wp","href":"https:\/\/api.w.org\/{rel}","templated":true}]}}