{"id":34968,"date":"2025-07-01T02:31:49","date_gmt":"2025-07-01T10:31:49","guid":{"rendered":"https:\/\/tangooled.com\/?post_type=product&#038;p=34968"},"modified":"2026-01-31T01:17:00","modified_gmt":"2026-01-31T09:17:00","slug":"13mm-deep-recessed-flange-led-light-channel-35x13mm","status":"publish","type":"product","link":"https:\/\/tangooled.com\/tr\/urun\/13mm-deep-recessed-flange-led-light-channel-35x13mm\/","title":{"rendered":"13mm derin g\u00f6mme flanj LED \u0131\u015f\u0131k kanal\u0131"},"content":{"rendered":"<div class=\"wp-block-group is-vertical is-layout-flex wp-container-core-group-is-layout-d255d7c4 wp-block-group-is-layout-flex\" style=\"padding-top:var(--wp--preset--spacing--80);padding-bottom:var(--wp--preset--spacing--80)\">\n<p>13mm derin g\u00f6mme LED \u0131\u015f\u0131k kanal\u0131m\u0131z, bir alana ayd\u0131nlatma eklemenin basit, al\u00e7ak profilli bir yoludur. Bu kanal, yaln\u0131zca 13mm y\u00fckseklik ve 35mm geni\u015fli\u011fe sahip oldu\u011fu i\u00e7in dar alanlar i\u00e7in m\u00fckemmeldir. Ayr\u0131ca, 21mm i\u00e7 geni\u015fli\u011fi ile bir veya daha fazla geni\u015f LED \u015feridi kullanma imkan\u0131 sunar.<br>LED \u015ferit \u0131\u015f\u0131klar\u0131 i\u00e7in al\u00fcminyum kanal, bir \u0131s\u0131 emici olarak iyi \u00e7al\u0131\u015f\u0131r ve bu da onlar\u0131n daha uzun s\u00fcre dayanmas\u0131n\u0131 sa\u011flar. Kanal, flangeleriyle birlikte gelir ve bo\u015fluk b\u0131rakmadan al\u00e7\u0131pan veya tavana m\u00fckemmel bir \u015fekilde oturacak \u015fekilde tasarlanm\u0131\u015ft\u0131r. Diyagram, kurulumun nas\u0131l kolay yap\u0131laca\u011f\u0131n\u0131 g\u00f6sterir: \u00f6nce derin g\u00f6mme klipsleri arka slotlara tak\u0131n, ard\u0131ndan kanal\u0131 kesime g\u00fcvenli bir \u015fekilde itiniz.<br>Bu s\u0131\u011f kanal, modern mutfaklar ve koridorlar i\u00e7in ortam ayd\u0131nlatmas\u0131 eklemek ve mimaride, raflarda ve vitrinlerde vurgu ayd\u0131nlatmas\u0131 olarak m\u00fckemmeldir.<\/p>\n<\/div>\n\n\n\n<div class=\"wp-block-group has-background is-vertical is-layout-flex wp-container-core-group-is-layout-d255d7c4 wp-block-group-is-layout-flex\" style=\"background-color:#f1f1f1;padding-top:var(--wp--preset--spacing--80);padding-bottom:var(--wp--preset--spacing--80)\">\n<div class=\"wp-block-group is-vertical is-layout-flex wp-container-core-group-is-layout-8cf370e7 wp-block-group-is-layout-flex\">\n<h2 class=\"wp-block-heading\" style=\"padding-top:var(--wp--preset--spacing--40);padding-bottom:var(--wp--preset--spacing--40);font-size:25px;font-style:normal;font-weight:600;text-transform:capitalize\">Neden 13mm G\u00f6mme Al\u00fcminyum LED Kanal\u0131 Se\u00e7melisiniz?<\/h2>\n\n\n\n<ul class=\"wp-block-list\">\n<li>Y\u00fczeye montaj tasar\u0131m\u0131, temiz ve yerle\u015fik bir g\u00f6r\u00fcn\u00fcm kazand\u0131r\u0131r.<\/li>\n\n\n\n<li>LED'leri serin tutmaya yard\u0131mc\u0131 olan g\u00fc\u00e7l\u00fc 6063-T5 anodize al\u00fcminyum.<\/li>\n\n\n\n<li>Bir\u00e7ok LED \u015ferit \u0131\u015f\u0131klar\u0131 ile \u00e7al\u0131\u015f\u0131r.<\/li>\n\n\n\n<li>I\u015f\u0131\u011f\u0131 daha yumu\u015fak ve e\u015fit hale getiren opal dif\u00fcz\u00f6r kapa\u011f\u0131 ile donat\u0131lm\u0131\u015ft\u0131r.<\/li>\n\n\n\n<li>Al\u00e7\u0131pan montaj\u0131, dolaplar, mobilyalar ve daha fazlas\u0131 i\u00e7in kolay kurulum.<\/li>\n\n\n\n<li>G\u00fcm\u00fc\u015f, siyah ve beyaz finisaj se\u00e7enekleri mevcut.<\/li>\n<\/ul>\n<\/div>\n<\/div>\n\n\n\n<div class=\"wp-block-group\" style=\"padding-top:var(--wp--preset--spacing--60);padding-bottom:var(--wp--preset--spacing--60)\"><div class=\"wp-block-group__inner-container is-layout-constrained wp-block-group-is-layout-constrained\">\n<div class=\"wp-block-media-text has-media-on-the-right is-stacked-on-mobile\" style=\"grid-template-columns:auto 40%\"><div class=\"wp-block-media-text__content\">\n<h2 class=\"wp-block-heading\" style=\"padding-top:var(--wp--preset--spacing--40);padding-bottom:var(--wp--preset--spacing--40);font-size:25px;font-style:normal;font-weight:600;text-transform:capitalize\">Nas\u0131l Montaj Yap\u0131l\u0131r<\/h2>\n\n\n\n<ul class=\"wp-block-list\">\n<li>Y\u00fczeyinize 35mm geni\u015fli\u011finde ve 13mm derinli\u011finde bir oyuk kesiniz.<\/li>\n\n\n\n<li>Oyu\u011fu temizleyin ve al\u00fcminyum kanal\u0131 tamamen itiniz. Flanjl\u0131 kenar, p\u00fcr\u00fczl\u00fc kenarlar\u0131 gizler.<\/li>\n\n\n\n<li>Yerinde tutmak i\u00e7in klips veya g\u00fc\u00e7l\u00fc yap\u0131\u015ft\u0131r\u0131c\u0131 kullan\u0131n.<\/li>\n\n\n\n<li>LED \u015ferit \u0131\u015f\u0131\u011f\u0131n\u0131z\u0131 kanala yerle\u015ftirin.<\/li>\n\n\n\n<li>I\u015f\u0131\u011f\u0131 daha yumu\u015fak ve parlak yapmak i\u00e7in buzlu dif\u00fcz\u00f6r\u00fc yerle\u015ftirin.<\/li>\n\n\n\n<li>Tamamlamak i\u00e7in u\u00e7 kapaklar\u0131 ekleyin.<\/li>\n<\/ul>\n<\/div><figure class=\"wp-block-media-text__media\"><img loading=\"lazy\" decoding=\"async\" width=\"500\" height=\"500\" src=\"https:\/\/tangooled.com\/wp-content\/uploads\/2025\/07\/r3513-ins.webp\" alt=\"35x13mm recessed aluminum led light channel\" class=\"wp-image-41814 size-full\" srcset=\"https:\/\/tangooled.com\/wp-content\/uploads\/2025\/07\/r3513-ins.webp 500w, https:\/\/tangooled.com\/wp-content\/uploads\/2025\/07\/r3513-ins-300x300.webp 300w, https:\/\/tangooled.com\/wp-content\/uploads\/2025\/07\/r3513-ins-150x150.webp 150w\" sizes=\"auto, (max-width: 500px) 100vw, 500px\" \/><\/figure><\/div>\n<\/div><\/div>\n\n\n\n<div class=\"wp-block-group has-background is-vertical is-layout-flex wp-container-core-group-is-layout-b429018a wp-block-group-is-layout-flex\" style=\"background-color:#f1f1f1f2;padding-top:var(--wp--preset--spacing--70);padding-bottom:var(--wp--preset--spacing--70)\">\n<h2 class=\"wp-block-heading\" style=\"padding-top:var(--wp--preset--spacing--40);padding-bottom:var(--wp--preset--spacing--40);font-size:25px;font-style:normal;font-weight:600\">Kiti i\u00e7inde neler var?<\/h2>\n\n\n\n<ul class=\"wp-block-list\">\n<li>1x g\u00f6mme al\u00fcminyum LED kanal\u0131<\/li>\n\n\n\n<li>1x \u0131\u015f\u0131\u011f\u0131 d\u00fczg\u00fcn hale getiren opal dif\u00fcz\u00f6r kapa\u011f\u0131<\/li>\n\n\n\n<li>Kablolaman\u0131z\u0131 d\u00fczenli ve g\u00fcvenli tutmak i\u00e7in 2x u\u00e7 kapak<\/li>\n\n\n\n<li>G\u00fc\u00e7l\u00fc bir tutu\u015f sa\u011flamak i\u00e7in derin klipsler<\/li>\n<\/ul>\n<\/div>\n\n\n\n<div class=\"wp-block-group is-vertical is-layout-flex wp-container-core-group-is-layout-d255d7c4 wp-block-group-is-layout-flex\" style=\"padding-top:var(--wp--preset--spacing--80);padding-bottom:var(--wp--preset--spacing--80)\">\n<h2 class=\"wp-block-heading\" style=\"padding-top:var(--wp--preset--spacing--40);padding-bottom:var(--wp--preset--spacing--40);font-size:25px;font-style:normal;font-weight:600;text-transform:capitalize\"> Bu Uygulamalar \u0130\u00e7in M\u00fckemmeldir<\/h2>\n\n\n\n<ul class=\"wp-block-list\">\n<li>Dolap Alt\u0131 &amp; Raf Ayd\u0131nlatmas\u0131: Mutfaklar\u0131, dolaplar\u0131 ve sergileri daha ayd\u0131nl\u0131k hale getirin.<\/li>\n\n\n\n<li>Cove ve mimari ayd\u0131nlatma: Duvarlarda ve tavanlarda gizli \u0131\u015f\u0131k hatlar\u0131 olu\u015fturun.<\/li>\n\n\n\n<li>Perakende ve Ticari Sergiler: \u00dcr\u00fcnleri sergilemek i\u00e7in parlak, temiz LED'leri kullan\u0131n.<\/li>\n\n\n\n<li>Mobilya ve Dolap I\u015f\u0131\u011f\u0131 Konutlar\u0131: Dolaplarda ve raflarda g\u00f6mme \u0131\u015f\u0131klar.<\/li>\n<\/ul>\n<\/div>\n\n\n\n<div class=\"wp-block-group has-background is-vertical is-layout-flex wp-container-core-group-is-layout-b429018a wp-block-group-is-layout-flex\" style=\"background-color:#f1f1f1f2;padding-top:var(--wp--preset--spacing--70);padding-bottom:var(--wp--preset--spacing--70)\">\n<h2 class=\"wp-block-heading\" style=\"padding-top:var(--wp--preset--spacing--40);padding-bottom:var(--wp--preset--spacing--40);font-size:25px;font-style:normal;font-weight:600;text-transform:capitalize\">Be\u011fenebilece\u011finiz \u00fcr\u00fcnler<\/h2>\n\n\n\n<ul class=\"wp-block-list\">\n<li><a href=\"https:\/\/tangooled.com\/tr\/urun\/black-led-diffuser-aluminum-channel-for-12mm-tape-lights\/\"><mark style=\"background-color:rgba(0, 0, 0, 0)\" class=\"has-inline-color has-vivid-red-color\">12 mm bant i\u015f\u0131klar\u0131 i\u00e7in siyah LED dif\u00fcz\u00f6r al\u00fcminyum kanal\u0131<\/mark><\/a><\/li>\n\n\n\n<li><a href=\"https:\/\/tangooled.com\/tr\/urun\/25x14m-surface-mounted-led-light-aluminum-profile\/\"><mark style=\"background-color:rgba(0, 0, 0, 0)\" class=\"has-inline-color has-vivid-red-color\">25x14mm y\u00fczeye monteli led \u0131\u015f\u0131k al\u00fcminyum profili<\/mark><\/a><\/li>\n\n\n\n<li><a href=\"https:\/\/tangooled.com\/tr\/urun\/led-strip-light-channel-aluminum-profile-with-diffused-cover-6mm-height\/\"><mark style=\"background-color:rgba(0, 0, 0, 0)\" class=\"has-inline-color has-vivid-red-color\">Dif\u00fcz\u00f6r kapakl\u0131 6mm y\u00fckseklikteki LED \u015ferit \u0131\u015f\u0131k kanal\u0131 al\u00fcminyum profil<\/mark><\/a><\/li>\n\n\n\n<li><a href=\"https:\/\/tangooled.com\/tr\/urun\/recessed-led-aluminum-profile-up-and-down-lighting-channel-for-cabinet\/\"><mark style=\"background-color:rgba(0, 0, 0, 0)\" class=\"has-inline-color has-vivid-red-color\">G\u00f6mme LED al\u00fcminyum profili \u00fcst ve alt ayd\u0131nlatma kanal\u0131 dolap i\u00e7in<\/mark><\/a><\/li>\n<\/ul>\n<\/div>\n\n\n\n<p><\/p>","protected":false},"featured_media":14831,"template":"","meta":{"_acf_changed":true,"_seopress_robots_primary_cat":"none","_seopress_titles_title":"13mm Deep Recessed LED Channel Aluminum Lighting Profile | TANGOOLED","_seopress_titles_desc":"Experience smooth linear lighting with our 13mm deep recessed LED channel. This recessed aluminum profile is designed for a flush-mount finish, providing excellent heat dissipation for professional indoor projects.","_seopress_robots_index":""},"pcb-width":[229],"product-cat":[193],"class_list":{"0":"post-34968","1":"product","2":"type-product","3":"status-publish","4":"has-post-thumbnail","6":"pcb-width-15-20mm","7":"product-cat-recessed-profile"},"acf":[],"_links":{"self":[{"href":"https:\/\/tangooled.com\/tr\/wp-json\/wp\/v2\/product\/34968","targetHints":{"allow":["GET"]}}],"collection":[{"href":"https:\/\/tangooled.com\/tr\/wp-json\/wp\/v2\/product"}],"about":[{"href":"https:\/\/tangooled.com\/tr\/wp-json\/wp\/v2\/types\/product"}],"wp:featuredmedia":[{"embeddable":true,"href":"https:\/\/tangooled.com\/tr\/wp-json\/wp\/v2\/media\/14831"}],"wp:attachment":[{"href":"https:\/\/tangooled.com\/tr\/wp-json\/wp\/v2\/media?parent=34968"}],"wp:term":[{"taxonomy":"pcb-width","embeddable":true,"href":"https:\/\/tangooled.com\/tr\/wp-json\/wp\/v2\/pcb-width?post=34968"},{"taxonomy":"product-cat","embeddable":true,"href":"https:\/\/tangooled.com\/tr\/wp-json\/wp\/v2\/product-cat?post=34968"}],"curies":[{"name":"wp","href":"https:\/\/api.w.org\/{rel}","templated":true}]}}