{"id":34967,"date":"2025-07-01T02:24:45","date_gmt":"2025-07-01T10:24:45","guid":{"rendered":"https:\/\/tangooled.com\/?post_type=product&#038;p=34967"},"modified":"2026-02-02T22:23:22","modified_gmt":"2026-02-03T06:23:22","slug":"inner-31mm-led-recessed-aluminum-profile-for-double-led-strips","status":"publish","type":"product","link":"https:\/\/tangooled.com\/tr\/urun\/inner-31mm-led-recessed-aluminum-profile-for-double-led-strips\/","title":{"rendered":"\u00e7ift \u015feritler i\u00e7in i\u00e7 mekan 31mm LED g\u00f6mme al\u00fcminyum profili"},"content":{"rendered":"<div class=\"wp-block-group\" style=\"padding-top:var(--wp--preset--spacing--80);padding-bottom:var(--wp--preset--spacing--80)\"><div class=\"wp-block-group__inner-container is-layout-constrained wp-block-group-is-layout-constrained\">\n<p>I\u015f\u0131kland\u0131rman\u0131z\u0131, yan yana iki LED \u015feridi tutabilen i\u00e7 mekan 31mm g\u00f6mme al\u00fcminyum profilimizle geli\u015ftirebilirsiniz. Ekstr\u00fcde 6063-T5 al\u00fcminyum ala\u015f\u0131m\u0131ndan ve polikarbonat kapaktan \u00fcretilen bu LED profili, y\u00fcksek verimli LED'lerin a\u015f\u0131r\u0131 \u0131s\u0131nmas\u0131n\u0131 \u00f6nlerken \u0131\u015f\u0131\u011f\u0131 e\u015fit bir \u015fekilde yayar. Bu profilin d\u0131\u015f boyutlar\u0131 34.6mm x 25.8mm'dir ve i\u00e7 geni\u015fli\u011fi 31mm'dir. T\u00fcm sistem gerekli t\u00fcm aksesuarlarla birlikte gelir ve montaj, tavan bo\u015flu\u011funa montaj yaylar\u0131 ile tak\u0131larak kolayca yap\u0131labilir ve sonra d\u00fcz bir \u015fekilde itilir. Bu tasar\u0131m, i\u00e7 mekan kullan\u0131m\u0131 i\u00e7in en iyisidir ve i\u015f yerlerinde, galerilerde, b\u00fcy\u00fck perakende alanlar\u0131nda veya parlak, keskin \u0131\u015f\u0131k hatlar\u0131n\u0131n gerekti\u011fi modern konut ortamlar\u0131 gibi y\u00fcksek l\u00fcmen uygulamalar\u0131 i\u00e7in harikad\u0131r.<\/p>\n<\/div><\/div>\n\n\n\n<div class=\"wp-block-group has-background is-vertical is-layout-flex wp-container-core-group-is-layout-d255d7c4 wp-block-group-is-layout-flex\" style=\"background-color:#f1f1f1;padding-top:var(--wp--preset--spacing--80);padding-bottom:var(--wp--preset--spacing--80)\">\n<div class=\"wp-block-group\"><div class=\"wp-block-group__inner-container is-layout-constrained wp-block-group-is-layout-constrained\">\n<h2 class=\"wp-block-heading\" style=\"padding-top:var(--wp--preset--spacing--40);padding-bottom:var(--wp--preset--spacing--40);font-size:25px;font-style:normal;font-weight:600;text-transform:capitalize\">Neden \u0130\u00e7 Mekan 31mm G\u00f6mme Al\u00fcminyum Profilimizi Se\u00e7melisiniz?<\/h2>\n\n\n\n<ul class=\"wp-block-list\">\n<li>31mm i\u00e7 geni\u015flik: her biri 12mm'ye kadar olan iki LED \u015feridi i\u00e7in harika. Daha fazla \u0131\u015f\u0131k ve daha fazla renk se\u00e7ene\u011fi.<\/li>\n\n\n\n<li>G\u00f6mme Tasar\u0131m: Flanjlar, \u0131\u015f\u0131\u011f\u0131 al\u00e7\u0131pan veya s\u0131va ile d\u00fcz bir \u015fekilde monte etmenizi sa\u011flar, modern, \u00e7er\u00e7evesiz bir g\u00f6r\u00fcn\u00fcm kazand\u0131r\u0131r.<\/li>\n\n\n\n<li>Dayan\u0131kl\u0131 Malzeme: Y\u00fcksek kaliteli 6063-T5 anodize al\u00fcminyumdan yap\u0131lm\u0131\u015ft\u0131r. G\u00fc\u00e7l\u00fcd\u00fcr ve LED'lerin a\u015f\u0131r\u0131 \u0131s\u0131nmas\u0131n\u0131 \u00f6nlemek i\u00e7in \u0131s\u0131y\u0131 emer.<\/li>\n\n\n\n<li>Smooth Light Effect: Use with frosted or opal diffusers to provide light that is even and doesn&#8217;t cause glare.<\/li>\n\n\n\n<li>Tam Set: Projenizin profesyonel g\u00f6r\u00fcnmesi i\u00e7in montaj klipleri, u\u00e7 kapaklar ve bir dif\u00fcz\u00f6r i\u00e7erir.<\/li>\n<\/ul>\n<\/div><\/div>\n<\/div>\n\n\n\n<div class=\"wp-block-group\" style=\"padding-top:var(--wp--preset--spacing--60);padding-bottom:var(--wp--preset--spacing--60)\"><div class=\"wp-block-group__inner-container is-layout-constrained wp-block-group-is-layout-constrained\">\n<div class=\"wp-block-media-text has-media-on-the-right is-stacked-on-mobile\" style=\"grid-template-columns:auto 40%\"><div class=\"wp-block-media-text__content\">\n<h2 class=\"wp-block-heading\" style=\"padding-top:var(--wp--preset--spacing--40);padding-bottom:var(--wp--preset--spacing--40);font-size:25px;font-style:normal;font-weight:600;text-transform:capitalize\">Tam, Kolay Montaj Seti<\/h2>\n\n\n\n<p>Profesyonel bir montaj i\u00e7in ihtiya\u00e7 duydu\u011funuz her \u015feye sahibiz:<\/p>\n\n\n\n<ul class=\"wp-block-list\">\n<li>G\u00fc\u00e7l\u00fc montaj yay destekleri<\/li>\n\n\n\n<li>Temiz g\u00f6r\u00fcnen u\u00e7 kapaklar (kablo delikli ve deliksiz)<\/li>\n\n\n\n<li>Snap-on dif\u00fcz\u00f6rler i\u00e7in kapaklar<\/li>\n<\/ul>\n<\/div><figure class=\"wp-block-media-text__media\"><img loading=\"lazy\" decoding=\"async\" width=\"500\" height=\"500\" src=\"https:\/\/tangooled.com\/wp-content\/uploads\/2025\/07\/rp31-ins.webp\" alt=\"inner 31mm width recessed aluminum profile for double led strips\" class=\"wp-image-41792 size-full\" srcset=\"https:\/\/tangooled.com\/wp-content\/uploads\/2025\/07\/rp31-ins.webp 500w, https:\/\/tangooled.com\/wp-content\/uploads\/2025\/07\/rp31-ins-300x300.webp 300w, https:\/\/tangooled.com\/wp-content\/uploads\/2025\/07\/rp31-ins-150x150.webp 150w\" sizes=\"auto, (max-width: 500px) 100vw, 500px\" \/><\/figure><\/div>\n<\/div><\/div>\n\n\n\n<div class=\"wp-block-group\" style=\"padding-top:var(--wp--preset--spacing--80);padding-bottom:var(--wp--preset--spacing--80)\"><div class=\"wp-block-group__inner-container is-layout-constrained wp-block-group-is-layout-constrained\">\n<div class=\"wp-block-group has-background\" style=\"background-color:#f1f1f1;padding-top:var(--wp--preset--spacing--80);padding-bottom:var(--wp--preset--spacing--80)\"><div class=\"wp-block-group__inner-container is-layout-constrained wp-block-group-is-layout-constrained\">\n<h2 class=\"wp-block-heading\" style=\"font-size:25px;font-style:normal;font-weight:600;text-transform:capitalize\">Kullan\u0131m Senaryolar\u0131<\/h2>\n\n\n\n<ul class=\"wp-block-list\">\n<li>Ev i\u00e7in ayd\u0131nlatma: Mutfaklar, oturma odalar\u0131, koridorlar ve dolaplar i\u00e7in ayd\u0131nlatma<\/li>\n\n\n\n<li>\u0130\u015fletmeler i\u00e7in ayd\u0131nlatma: Ofisler, i\u015fletmeler, oteller, galeriler ve restoranlar<\/li>\n\n\n\n<li>Binalar i\u00e7in ayd\u0131nlatma: Cove ayd\u0131nlatma, \u00e7er\u00e7evesiz tavan ayd\u0131nlatmas\u0131 ve perakende sergileri i\u00e7in arka ayd\u0131nlatma<\/li>\n\n\n\n<li>\u00d6zelle\u015ftirilmi\u015f \u0131\u015f\u0131klar: As\u0131l\u0131 \u0131\u015f\u0131klar veya lineer armat\u00fcrler yapmak i\u00e7in bir\u00e7ok profil kullan\u0131n.<\/li>\n<\/ul>\n<\/div><\/div>\n<\/div><\/div>\n\n\n\n<div class=\"wp-block-group\" style=\"padding-top:var(--wp--preset--spacing--80);padding-bottom:var(--wp--preset--spacing--80)\"><div class=\"wp-block-group__inner-container is-layout-constrained wp-block-group-is-layout-constrained\">\n<h2 class=\"wp-block-heading\" style=\"padding-top:var(--wp--preset--spacing--40);padding-bottom:var(--wp--preset--spacing--40);font-size:25px;font-style:normal;font-weight:600;text-transform:capitalize\">\u00f6zet<\/h2>\n\n\n\n<p>Modern, y\u00fcksek verimli, d\u00fczg\u00fcn lineer ayd\u0131nlatma istiyorsan\u0131z, \u00e7ift LED \u015feritler i\u00e7in i\u00e7 mekan 31mm g\u00f6mme al\u00fcminyum profilimiz ideal bir se\u00e7imdir. G\u00f6mme tasar\u0131m\u0131, al\u00e7\u0131pan veya s\u0131va y\u00fczeylerle m\u00fckemmel bir \u015fekilde b\u00fct\u00fcnle\u015fir. Projeniz konut, ticari, dekoratif veya i\u015flevsel olsun, bu profil sade, profesyonel ayd\u0131nlatma efektleri olu\u015fturman\u0131za yard\u0131mc\u0131 olur.<\/p>\n<\/div><\/div>","protected":false},"featured_media":14320,"template":"","meta":{"_acf_changed":true,"_seopress_robots_primary_cat":"none","_seopress_titles_title":"31mm Inner Recessed LED Profile for Double Strips | TANGOOLED","_seopress_titles_desc":"The RP31 features 31mm inner width, making it the perfect recessed LED profile for high-output double row strips. Ideal for commercial primary lighting where maximum brightness is required.","_seopress_robots_index":""},"pcb-width":[228],"product-cat":[193],"class_list":{"0":"post-34967","1":"product","2":"type-product","3":"status-publish","4":"has-post-thumbnail","6":"pcb-width-6-12mm","7":"product-cat-recessed-profile"},"acf":[],"_links":{"self":[{"href":"https:\/\/tangooled.com\/tr\/wp-json\/wp\/v2\/product\/34967","targetHints":{"allow":["GET"]}}],"collection":[{"href":"https:\/\/tangooled.com\/tr\/wp-json\/wp\/v2\/product"}],"about":[{"href":"https:\/\/tangooled.com\/tr\/wp-json\/wp\/v2\/types\/product"}],"wp:featuredmedia":[{"embeddable":true,"href":"https:\/\/tangooled.com\/tr\/wp-json\/wp\/v2\/media\/14320"}],"wp:attachment":[{"href":"https:\/\/tangooled.com\/tr\/wp-json\/wp\/v2\/media?parent=34967"}],"wp:term":[{"taxonomy":"pcb-width","embeddable":true,"href":"https:\/\/tangooled.com\/tr\/wp-json\/wp\/v2\/pcb-width?post=34967"},{"taxonomy":"product-cat","embeddable":true,"href":"https:\/\/tangooled.com\/tr\/wp-json\/wp\/v2\/product-cat?post=34967"}],"curies":[{"name":"wp","href":"https:\/\/api.w.org\/{rel}","templated":true}]}}