{"id":34966,"date":"2025-07-01T02:22:37","date_gmt":"2025-07-01T10:22:37","guid":{"rendered":"https:\/\/tangooled.com\/?post_type=product&#038;p=34966"},"modified":"2026-01-25T19:12:54","modified_gmt":"2026-01-26T03:12:54","slug":"recessed-25mm-led-aluminum-channel-for-double-row-led-strips","status":"publish","type":"product","link":"https:\/\/tangooled.com\/tr\/urun\/recessed-25mm-led-aluminum-channel-for-double-row-led-strips\/","title":{"rendered":"\u00e7ift s\u0131ra LED \u015feritleri i\u00e7in g\u00f6mme 25mm al\u00fcminyum kanal"},"content":{"rendered":"<div class=\"wp-block-group\" style=\"padding-top:var(--wp--preset--spacing--80);padding-bottom:var(--wp--preset--spacing--80)\"><div class=\"wp-block-group__inner-container is-layout-constrained wp-block-group-is-layout-constrained\">\n<p>25 mm'lik g\u00f6mme LED al\u00fcminyum kanal\u0131m\u0131z bir\u00e7ok \u015ferit ayd\u0131nlatma \u00e7\u00f6z\u00fcm\u00fc i\u00e7in m\u00fckemmeldir. \u0130ki s\u0131ra LED \u015feridi i\u00e7in yeterli alan\u0131 vard\u0131r, bu da size ho\u015f, p\u00fcr\u00fczs\u00fcz bir \u0131\u015f\u0131k sa\u011flar.<br>This aluminum profile is 35.6 mm wide on the outside and 13.8 mm tall overall. The internal width is 25.0 mm, which is perfect for carrying LED strips\u00a0that are wider. The channel is made of high-quality extruded 6063-T5 aluminum alloy, which helps it cool down fast.The diffuser is made of opal PC material, which hides the bright spots of the LEDs.<br>This 25mm recessed channel is for indoor use, and its wide shape makes it perfect for tasks that demand a lot of light all the time, like commercial task lighting, wide ambient lighting in ceilings, and modern houses and offices&#8217; architectural lighting.<\/p>\n<\/div><\/div>\n\n\n\n<div class=\"wp-block-group has-background is-vertical is-layout-flex wp-container-core-group-is-layout-d255d7c4 wp-block-group-is-layout-flex\" style=\"background-color:#f1f1f1;padding-top:var(--wp--preset--spacing--80);padding-bottom:var(--wp--preset--spacing--80)\">\n<div class=\"wp-block-group is-vertical is-layout-flex wp-container-core-group-is-layout-8cf370e7 wp-block-group-is-layout-flex\">\n<h2 class=\"wp-block-heading\" style=\"padding-top:var(--wp--preset--spacing--40);padding-bottom:var(--wp--preset--spacing--40);font-size:25px;font-style:normal;font-weight:600;text-transform:capitalize\">Neden 25 mm G\u00f6mme LED Al\u00fcminyum Kanal\u0131m\u0131z\u0131 Kullanmal\u0131s\u0131n\u0131z?<\/h2>\n\n\n\n<ul class=\"wp-block-list\">\n<li>\u0130ki LED \u015feridi destekler: 12 mm'ye kadar geni\u015fli\u011fe sahip \u00e7ift s\u0131ra LED \u015feritlerini, 2835 veya 5050 gibi, tutabilir.<\/li>\n\n\n\n<li>Flush Mount: Bu stil duvar\u0131n\u0131za veya tavan\u0131n\u0131za m\u00fckemmel \u015fekilde oturur, bu da onu g\u00fczel g\u00f6sterir.<\/li>\n\n\n\n<li>Sa\u011flam al\u00fcminyum: 6063-T5 anodize metal, LED'in daha uzun \u00f6m\u00fcrl\u00fc olmas\u0131na yard\u0131mc\u0131 olarak \u0131s\u0131y\u0131 uzakla\u015ft\u0131r\u0131r.<\/li>\n\n\n\n<li>Frosted Dif\u00fcz\u00f6r Kapa\u011f\u0131: I\u015f\u0131\u011f\u0131 yumu\u015fat\u0131r ve sert noktalar\u0131 yok eder.<\/li>\n\n\n\n<li>LED \u015feritlerini tozdan ve hasardan korur.<\/li>\n<\/ul>\n<\/div>\n<\/div>\n\n\n\n<div class=\"wp-block-group\" style=\"padding-top:var(--wp--preset--spacing--60);padding-bottom:var(--wp--preset--spacing--60)\"><div class=\"wp-block-group__inner-container is-layout-constrained wp-block-group-is-layout-constrained\">\n<div class=\"wp-block-media-text has-media-on-the-right is-stacked-on-mobile\"><div class=\"wp-block-media-text__content\">\n<h2 class=\"wp-block-heading\" style=\"padding-top:var(--wp--preset--spacing--40);padding-bottom:var(--wp--preset--spacing--40);font-size:25px;font-style:normal;font-weight:600;text-transform:capitalize\">25 mm G\u00f6mme LED Kanal\u0131n\u0131 Nas\u0131l Kullan\u0131l\u0131r<\/h2>\n\n\n\n<ul class=\"wp-block-list\">\n<li>Duvar\u0131n\u0131za veya tavan\u0131n\u0131za al\u00fcminyum kanal ile ayn\u0131 boyutta bir yar\u0131k a\u00e7\u0131n.<\/li>\n\n\n\n<li>Kanal\u0131, y\u00fczeyle d\u00fcz olacak \u015fekilde yar\u0131\u011fa yerle\u015ftirin.<\/li>\n\n\n\n<li>Yerinde tutmak i\u00e7in vidalar kullan\u0131n.<\/li>\n\n\n\n<li>\u0130\u00e7ine, yan yana iki LED \u015feridi yerle\u015ftirin.<\/li>\n\n\n\n<li>Frosted dif\u00fcz\u00f6r kapa\u011f\u0131n\u0131 yerle\u015ftirin.<\/li>\n\n\n\n<li>Kapatmak i\u00e7in her iki u\u00e7ta da u\u00e7 kapaklar\u0131 tak\u0131n.<\/li>\n\n\n\n<li>Fi\u015fe tak\u0131n ve parlak, p\u00fcr\u00fczs\u00fcz \u0131\u015f\u0131\u011f\u0131n tad\u0131n\u0131 \u00e7\u0131kar\u0131n!<\/li>\n<\/ul>\n<\/div><figure class=\"wp-block-media-text__media\"><img loading=\"lazy\" decoding=\"async\" width=\"500\" height=\"500\" src=\"https:\/\/tangooled.com\/wp-content\/uploads\/2025\/07\/rp25-ins.webp\" alt=\"recessed 25mm led aluminum channel for double row led strips\" class=\"wp-image-41788 size-full\" srcset=\"https:\/\/tangooled.com\/wp-content\/uploads\/2025\/07\/rp25-ins.webp 500w, https:\/\/tangooled.com\/wp-content\/uploads\/2025\/07\/rp25-ins-300x300.webp 300w, https:\/\/tangooled.com\/wp-content\/uploads\/2025\/07\/rp25-ins-150x150.webp 150w\" sizes=\"auto, (max-width: 500px) 100vw, 500px\" \/><\/figure><\/div>\n<\/div><\/div>\n\n\n\n<div class=\"wp-block-group has-background is-vertical is-layout-flex wp-container-core-group-is-layout-b429018a wp-block-group-is-layout-flex\" style=\"background-color:#f1f1f1f2;padding-top:var(--wp--preset--spacing--70);padding-bottom:var(--wp--preset--spacing--70)\">\n<h2 class=\"wp-block-heading\" style=\"padding-top:var(--wp--preset--spacing--40);padding-bottom:var(--wp--preset--spacing--40);font-size:25px;font-style:normal;font-weight:600;text-transform:capitalize\">what\u2018s in the kit?<\/h2>\n\n\n\n<ul class=\"wp-block-list\">\n<li>1x Anodize 25mm al\u00fcminyum profil<\/li>\n\n\n\n<li>1x Opal polikarbonat dif\u00fcz\u00f6r<\/li>\n\n\n\n<li>\u0130ki u\u00e7 kapa\u011f\u0131<\/li>\n\n\n\n<li>Vidalar<\/li>\n<\/ul>\n<\/div>\n\n\n\n<div class=\"wp-block-group is-vertical is-layout-flex wp-container-core-group-is-layout-d255d7c4 wp-block-group-is-layout-flex\" style=\"padding-top:var(--wp--preset--spacing--80);padding-bottom:var(--wp--preset--spacing--80)\">\n<h2 class=\"wp-block-heading\" style=\"padding-top:var(--wp--preset--spacing--40);padding-bottom:var(--wp--preset--spacing--40);font-size:25px;font-style:normal;font-weight:600;text-transform:capitalize\">Nerelerde Kullanabilirsiniz?<\/h2>\n\n\n\n<p style=\"padding-right:var(--wp--preset--spacing--50);padding-left:var(--wp--preset--spacing--50)\">25 mm'lik g\u00f6mme al\u00fcminyum kanal\u0131m\u0131z bir\u00e7ok yerde g\u00fczel \u00e7al\u0131\u015f\u0131r:<\/p>\n\n\n\n<ul class=\"wp-block-list\">\n<li>Duvarlar ve tavanlar \u00fczerinde d\u00fcz ve d\u00fczenli \u0131\u015f\u0131k \u00e7izgileri olu\u015fturun.<\/li>\n\n\n\n<li>Mutfak Dolaplar\u0131n\u0131n Alt\u0131nda: Mutfak tezgahlar\u0131n\u0131 veya raflar\u0131 daha ayd\u0131nl\u0131k hale getirin.<\/li>\n\n\n\n<li>Perakende Raflar\u0131: E\u015fyalar\u0131n\u0131z\u0131 \u00f6ne \u00e7\u0131karmak i\u00e7in e\u015fit \u0131\u015f\u0131k kullan\u0131n.<\/li>\n\n\n\n<li>Mimari Tasar\u0131mlar: Evler ve ofislere modern bir g\u00f6r\u00fcn\u00fcm kazand\u0131r\u0131n.<\/li>\n<\/ul>\n<\/div>\n\n\n\n<div class=\"wp-block-group has-background is-vertical is-layout-flex wp-container-core-group-is-layout-b429018a wp-block-group-is-layout-flex\" style=\"background-color:#f1f1f1f2;padding-top:var(--wp--preset--spacing--70);padding-bottom:var(--wp--preset--spacing--70)\">\n<h2 class=\"wp-block-heading\" style=\"padding-top:var(--wp--preset--spacing--40);padding-right:0;padding-bottom:var(--wp--preset--spacing--40);padding-left:0;font-size:25px;font-style:normal;font-weight:600;text-transform:capitalize\">ho\u015funuza gidebilecek ilgili \u00fcr\u00fcnler<\/h2>\n\n\n\n<ul class=\"wp-block-list\">\n<li><a href=\"https:\/\/tangooled.com\/tr\/urun\/black-led-diffuser-aluminum-channel-for-12mm-tape-lights\/\"><mark style=\"background-color:rgba(0, 0, 0, 0)\" class=\"has-inline-color has-vivid-red-color\">12 mm bant i\u015f\u0131klar\u0131 i\u00e7in siyah LED dif\u00fcz\u00f6r al\u00fcminyum kanal\u0131<\/mark><\/a><\/li>\n\n\n\n<li><a href=\"https:\/\/tangooled.com\/tr\/urun\/surface-mount-led-profile-with-frosted-diffuser-for-10mm-rope-lights\/\"><mark style=\"background-color:rgba(0, 0, 0, 0)\" class=\"has-inline-color has-vivid-red-color\">10 mm kablo \u0131\u015f\u0131klar\u0131 i\u00e7in frosted dif\u00fcz\u00f6rl\u00fc y\u00fczey montaj LED profili<\/mark><\/a><\/li>\n\n\n\n<li><a href=\"https:\/\/tangooled.com\/tr\/urun\/25mm-u-shape-led-mounting-channel-for-15mm-double-row-led-strip-lights\/\"><mark style=\"background-color:rgba(0, 0, 0, 0)\" class=\"has-inline-color has-vivid-red-color\">15mm \u00e7ift s\u0131ra LED \u015ferit \u0131\u015f\u0131klar i\u00e7in 25mm U \u015feklinde LED montaj kanal\u0131.<\/mark><\/a><\/li>\n\n\n\n<li><a href=\"https:\/\/tangooled.com\/tr\/urun\/aluminum-led-strip-extrusion-diffuser-channel-for-5050-double-row-led-strip\/\"><mark style=\"background-color:rgba(0, 0, 0, 0)\" class=\"has-inline-color has-vivid-red-color\">5050 \u00e7ift s\u0131ra LED \u015feridi i\u00e7in al\u00fcminyum LED \u015ferit \u00e7\u0131k\u0131nt\u0131 dif\u00fcz\u00f6r kanal\u0131<\/mark><\/a> <\/li>\n<\/ul>\n<\/div>\n\n\n\n<p><\/p>","protected":false},"featured_media":14325,"template":"","meta":{"_acf_changed":true,"_seopress_robots_primary_cat":"none","_seopress_titles_title":"25mm Recessed LED Aluminum Channel for Double Row Strip | TANGOOLED","_seopress_titles_desc":"Buy our 25mm recessed LED aluminum channel designed for double row LED strips. This professional recessed profile provides high brightness and efficient heat dissipation for large-scale linear lighting projects.","_seopress_robots_index":""},"pcb-width":[228],"product-cat":[193],"class_list":{"0":"post-34966","1":"product","2":"type-product","3":"status-publish","4":"has-post-thumbnail","6":"pcb-width-6-12mm","7":"product-cat-recessed-profile"},"acf":[],"_links":{"self":[{"href":"https:\/\/tangooled.com\/tr\/wp-json\/wp\/v2\/product\/34966","targetHints":{"allow":["GET"]}}],"collection":[{"href":"https:\/\/tangooled.com\/tr\/wp-json\/wp\/v2\/product"}],"about":[{"href":"https:\/\/tangooled.com\/tr\/wp-json\/wp\/v2\/types\/product"}],"wp:featuredmedia":[{"embeddable":true,"href":"https:\/\/tangooled.com\/tr\/wp-json\/wp\/v2\/media\/14325"}],"wp:attachment":[{"href":"https:\/\/tangooled.com\/tr\/wp-json\/wp\/v2\/media?parent=34966"}],"wp:term":[{"taxonomy":"pcb-width","embeddable":true,"href":"https:\/\/tangooled.com\/tr\/wp-json\/wp\/v2\/pcb-width?post=34966"},{"taxonomy":"product-cat","embeddable":true,"href":"https:\/\/tangooled.com\/tr\/wp-json\/wp\/v2\/product-cat?post=34966"}],"curies":[{"name":"wp","href":"https:\/\/api.w.org\/{rel}","templated":true}]}}