{"id":34963,"date":"2025-07-01T02:20:27","date_gmt":"2025-07-01T10:20:27","guid":{"rendered":"https:\/\/tangooled.com\/?post_type=product&#038;p=34963"},"modified":"2026-01-31T01:07:09","modified_gmt":"2026-01-31T09:07:09","slug":"23mm-deep-recessed-led-profile-for-15mm-strips","status":"publish","type":"product","link":"https:\/\/tangooled.com\/tr\/urun\/23mm-deep-recessed-led-profile-for-15mm-strips\/","title":{"rendered":"15mm \u015eeritler i\u00e7in 23mm Derin G\u00f6mme LED Kanal\u0131"},"content":{"rendered":"<div class=\"wp-block-group\" style=\"padding-top:var(--wp--preset--spacing--80);padding-bottom:var(--wp--preset--spacing--80)\"><div class=\"wp-block-group__inner-container is-layout-constrained wp-block-group-is-layout-constrained\">\n<p>23mm derin g\u00f6mme LED kanal\u0131m\u0131z, 15mm LED \u015feridinizi duvarlar veya tavanlar i\u00e7inde gizli bir \u015fekilde saklamak i\u00e7in tasarlanm\u0131\u015f derin bir al\u00fcminyum profildir. \u0130\u00e7 geni\u015flik 19.6mm ve derinlik 23.3mm oldu\u011fundan, LED'ler g\u00f6r\u00fcn\u00fcr noktalar olmadan parlayabilir. Al\u00fcminyum kanal&nbsp;g\u00f6mme bir \u0131s\u0131 al\u0131c\u0131 g\u00f6revi g\u00f6r\u00fcr; bu, LED \u015feritlerinizi so\u011fuk tutar ve daha uzun s\u00fcre ya\u015famalar\u0131n\u0131 sa\u011flar. Bu profil, g\u00f6mme montaj sistemine sahip oldu\u011fu i\u00e7in kolayca kurulum yap\u0131labilir. Genellikle esnek yay klipsleri ile yerinde tutulur ve bu klipsler al\u00e7\u0131pan ya da tavan panosuna s\u0131k\u0131ca kilitlenir.<\/p>\n<\/div><\/div>\n\n\n\n<div class=\"wp-block-group has-background is-vertical is-layout-flex wp-container-core-group-is-layout-d255d7c4 wp-block-group-is-layout-flex\" style=\"background-color:#f1f1f1;padding-top:var(--wp--preset--spacing--80);padding-bottom:var(--wp--preset--spacing--80)\">\n<div class=\"wp-block-group is-vertical is-layout-flex wp-container-core-group-is-layout-8cf370e7 wp-block-group-is-layout-flex\">\n<h2 class=\"wp-block-heading\" style=\"padding-top:var(--wp--preset--spacing--40);padding-bottom:var(--wp--preset--spacing--40);font-size:25px;font-style:normal;font-weight:600;text-transform:capitalize\">Neden 23mm Derin G\u00f6mme LED Kanal\u0131m\u0131z\u0131 Se\u00e7melisiniz?<\/h2>\n\n\n\n<ul class=\"wp-block-list\">\n<li>Philips Hue ve \u00e7ift s\u0131ral\u0131 RGBW bantlar gibi 15mm LED \u015feritlerle uyumludur.<\/li>\n\n\n\n<li>Parlak, e\u015fit da\u011f\u0131lma ile lekesiz.<\/li>\n\n\n\n<li>G\u00f6r\u00fcnen kenarlar\u0131 gizlemek i\u00e7in s\u0131f\u0131r montaj ve kenar tasar\u0131m\u0131.<\/li>\n\n\n\n<li>S\u0131cakl\u0131k ve a\u015f\u0131nma ile ba\u015fa \u00e7\u0131kabilecek kadar sa\u011flam anodize al\u00fcminyum.<\/li>\n\n\n\n<li>LED \u015feritleri kir, su ve hasardan korur.<\/li>\n\n\n\n<li>Bir dif\u00fcz\u00f6r, yay montaj klipsleri ve son kapak ile gelir.<\/li>\n\n\n\n<li>Sahada keserek istedi\u011finiz uzunluk veya \u015fekli verebilirsiniz.<\/li>\n<\/ul>\n<\/div>\n<\/div>\n\n\n\n<div class=\"wp-block-group is-vertical is-layout-flex wp-container-core-group-is-layout-d255d7c4 wp-block-group-is-layout-flex\" style=\"padding-top:var(--wp--preset--spacing--80);padding-bottom:var(--wp--preset--spacing--80)\">\n<hr class=\"wp-block-separator has-alpha-channel-opacity\"\/>\n\n\n\n<div class=\"wp-block-media-text has-media-on-the-right is-stacked-on-mobile\" style=\"grid-template-columns:auto 40%\"><div class=\"wp-block-media-text__content\">\n<h2 class=\"wp-block-heading\" style=\"padding-top:var(--wp--preset--spacing--40);padding-bottom:var(--wp--preset--spacing--40);font-size:25px;text-transform:capitalize\">23mm Derin G\u00f6mme LED Kanal\u0131n\u0131 Nas\u0131l Kullan\u0131rs\u0131n\u0131z?<\/h2>\n\n\n\n<ul class=\"wp-block-list\">\n<li>Binalar\u0131, tavanlar, duvarlar ve zeminler \u00fczerine \u0131\u015f\u0131k hatlar\u0131 koyarak ayd\u0131nlatma.<\/li>\n\n\n\n<li>Tezgah Alt\u0131 G\u00f6rev Ayd\u0131nlatmas\u0131: \u00c7al\u0131\u015fma alanlar\u0131 i\u00e7in parlak, yumu\u015fak \u0131\u015f\u0131k.<\/li>\n\n\n\n<li>Dolaplar ve Mobilyalar i\u00e7in Ayd\u0131nlatma: Dolaplarda ve ask\u0131l\u0131klarda gizlenmi\u015f \u0131\u015f\u0131k.<\/li>\n\n\n\n<li>Ma\u011fazalar ve i\u015fletmeler i\u00e7in sergiler: \u00dcr\u00fcnler i\u00e7in parlak ve net ayd\u0131nlatma.<\/li>\n<\/ul>\n<\/div><figure class=\"wp-block-media-text__media\"><img loading=\"lazy\" decoding=\"async\" width=\"500\" height=\"500\" src=\"https:\/\/tangooled.com\/wp-content\/uploads\/2025\/07\/rp22-ins.webp\" alt=\"22x23mm led strip channel for 15mm strip light ceiling recessed\" class=\"wp-image-41783 size-full\" srcset=\"https:\/\/tangooled.com\/wp-content\/uploads\/2025\/07\/rp22-ins.webp 500w, https:\/\/tangooled.com\/wp-content\/uploads\/2025\/07\/rp22-ins-300x300.webp 300w, https:\/\/tangooled.com\/wp-content\/uploads\/2025\/07\/rp22-ins-150x150.webp 150w\" sizes=\"auto, (max-width: 500px) 100vw, 500px\" \/><\/figure><\/div>\n<\/div>\n\n\n\n<div class=\"wp-block-group has-background is-vertical is-layout-flex wp-container-core-group-is-layout-b429018a wp-block-group-is-layout-flex\" style=\"background-color:#f1f1f1f2;padding-top:var(--wp--preset--spacing--70);padding-bottom:var(--wp--preset--spacing--70)\">\n<h2 class=\"wp-block-heading\" style=\"padding-top:var(--wp--preset--spacing--40);padding-bottom:var(--wp--preset--spacing--40);font-size:25px;font-style:normal;font-weight:600;text-transform:capitalize\">Bir kiti ne elde edersiniz?<\/h2>\n\n\n\n<ul class=\"wp-block-list\">\n<li>1x Anodize edilmi\u015f g\u00f6mme al\u00fcminyum profil<\/li>\n\n\n\n<li>1x PC Buzlu \u0131\u015f\u0131k dif\u00fcz\u00f6r\u00fc<\/li>\n\n\n\n<li>\u0130ki u\u00e7 kapa\u011f\u0131<\/li>\n\n\n\n<li>\u0130ki yay montaj klipsi<\/li>\n<\/ul>\n<\/div>\n\n\n\n<div class=\"wp-block-group is-vertical is-layout-flex wp-container-core-group-is-layout-d255d7c4 wp-block-group-is-layout-flex\" style=\"padding-top:var(--wp--preset--spacing--80);padding-bottom:var(--wp--preset--spacing--80)\">\n<h2 class=\"wp-block-heading\" style=\"padding-top:var(--wp--preset--spacing--40);padding-bottom:var(--wp--preset--spacing--40);font-size:25px;font-style:normal;font-weight:600;text-transform:capitalize\">uyumluluk hakk\u0131nda bilgi<\/h2>\n\n\n\n<p style=\"padding-right:var(--wp--preset--spacing--50);padding-left:var(--wp--preset--spacing--50)\">23mm derin g\u00f6mme LED kanal\u0131m\u0131z, 15mm geni\u015fli\u011fe sahip LED \u015feritleri, \u00f6rne\u011fin 5050, 2835, COB, RGB ve RGBW i\u00e7in uygundur.<\/p>\n\n\n\n<ul class=\"wp-block-list\">\n<li>Farkl\u0131 voltajlar: 12V ve 24V ile \u00e7al\u0131\u015fan LED bantlar.<\/li>\n\n\n\n<li>Philips Hue Lightstrip Plus (V4 ve daha yeni) gibi pop\u00fcler markalarla uyumludur.<\/li>\n\n\n\n<li>Best for strips that aren&#8217;t waterproof or are IP65 waterproof and are put on properly.<\/li>\n<\/ul>\n<\/div>\n\n\n\n<div class=\"wp-block-group is-vertical is-layout-flex wp-container-core-group-is-layout-d255d7c4 wp-block-group-is-layout-flex\" style=\"padding-top:var(--wp--preset--spacing--80);padding-bottom:var(--wp--preset--spacing--80)\">\n<h2 class=\"wp-block-heading\" style=\"padding-top:var(--wp--preset--spacing--40);padding-bottom:var(--wp--preset--spacing--40);font-size:25px;font-style:normal;font-weight:600;text-transform:capitalize\">ho\u015funuza gidebilecek ilgili \u00fcr\u00fcnler<\/h2>\n\n\n\n<p style=\"padding-right:var(--wp--preset--spacing--50);padding-left:var(--wp--preset--spacing--50)\">Farkl\u0131 boyutlar ve fini\u015fler i\u00e7in bu ilgili profilleri ke\u015ffedin:<\/p>\n\n\n\n<ul class=\"wp-block-list\">\n<li><a href=\"https:\/\/tangooled.com\/tr\/urun\/22x15mm-led-light-channel-aluminum-extrusion-for-flexible-strips\/\"><mark style=\"background-color:rgba(0, 0, 0, 0)\" class=\"has-inline-color has-vivid-red-color\">Esnek \u015feritler i\u00e7in 22x15mm LED \u0131\u015f\u0131k kanal\u0131<\/mark><\/a><\/li>\n\n\n\n<li><a href=\"https:\/\/tangooled.com\/tr\/urun\/black-led-diffuser-aluminum-channel-for-12mm-tape-lights\/\"><mark style=\"background-color:rgba(0, 0, 0, 0)\" class=\"has-inline-color has-vivid-red-color\">12 mm bant i\u015f\u0131klar\u0131 i\u00e7in siyah LED dif\u00fcz\u00f6r al\u00fcminyum kanal\u0131<\/mark><\/a><\/li>\n\n\n\n<li><a href=\"https:\/\/tangooled.com\/tr\/urun\/25x6mm-low-profile-led-strip-channel-for-10mm-led-strip-light\/\"><mark style=\"background-color:rgba(0, 0, 0, 0)\" class=\"has-inline-color has-vivid-red-color\">10mm LED \u015ferit \u0131\u015f\u0131k i\u00e7in 25x6mm d\u00fc\u015f\u00fck profilli LED \u015ferit kanal\u0131<\/mark><\/a><\/li>\n\n\n\n<li><a href=\"https:\/\/tangooled.com\/tr\/urun\/recessed-aluminum-led-channel-with-ceiling-buckle-for-led-10mm-strip-light\/\"><mark style=\"background-color:rgba(0, 0, 0, 0)\" class=\"has-inline-color has-vivid-red-color\">Tavan tokal\u0131 g\u00f6mme al\u00fcminyum LED kanal\u0131<\/mark><\/a><\/li>\n<\/ul>\n<\/div>\n\n\n\n<p><\/p>","protected":false},"featured_media":14331,"template":"","meta":{"_acf_changed":true,"_seopress_robots_primary_cat":"none","_seopress_titles_title":"23mm Deep Recessed LED Profile for 15mm Strips | TANGOOLED","_seopress_titles_desc":"Eliminate LED spotting with our 23mm deep recessed profile. Designed for 15mm wide LED strips, this extra-deep aluminum channel provides superior diffusion and professional heat dissipation for high-end linear lighting.","_seopress_robots_index":""},"pcb-width":[229],"product-cat":[193],"class_list":{"0":"post-34963","1":"product","2":"type-product","3":"status-publish","4":"has-post-thumbnail","6":"pcb-width-15-20mm","7":"product-cat-recessed-profile"},"acf":[],"_links":{"self":[{"href":"https:\/\/tangooled.com\/tr\/wp-json\/wp\/v2\/product\/34963","targetHints":{"allow":["GET"]}}],"collection":[{"href":"https:\/\/tangooled.com\/tr\/wp-json\/wp\/v2\/product"}],"about":[{"href":"https:\/\/tangooled.com\/tr\/wp-json\/wp\/v2\/types\/product"}],"wp:featuredmedia":[{"embeddable":true,"href":"https:\/\/tangooled.com\/tr\/wp-json\/wp\/v2\/media\/14331"}],"wp:attachment":[{"href":"https:\/\/tangooled.com\/tr\/wp-json\/wp\/v2\/media?parent=34963"}],"wp:term":[{"taxonomy":"pcb-width","embeddable":true,"href":"https:\/\/tangooled.com\/tr\/wp-json\/wp\/v2\/pcb-width?post=34963"},{"taxonomy":"product-cat","embeddable":true,"href":"https:\/\/tangooled.com\/tr\/wp-json\/wp\/v2\/product-cat?post=34963"}],"curies":[{"name":"wp","href":"https:\/\/api.w.org\/{rel}","templated":true}]}}