{"id":34962,"date":"2025-07-01T02:16:45","date_gmt":"2025-07-01T10:16:45","guid":{"rendered":"https:\/\/tangooled.com\/?post_type=product&#038;p=34962"},"modified":"2026-01-31T01:03:41","modified_gmt":"2026-01-31T09:03:41","slug":"15mm-deep-recessed-led-channel-for-double-row-strips","status":"publish","type":"product","link":"https:\/\/tangooled.com\/tr\/urun\/15mm-deep-recessed-led-channel-for-double-row-strips\/","title":{"rendered":"15mm derinlemesine entegre LED kanal\u0131 \u00e7ift s\u0131ra \u015ferit \u0131\u015f\u0131k i\u00e7in"},"content":{"rendered":"<div class=\"wp-block-group is-vertical is-layout-flex wp-container-core-group-is-layout-d255d7c4 wp-block-group-is-layout-flex\" style=\"padding-top:var(--wp--preset--spacing--80);padding-bottom:var(--wp--preset--spacing--80)\">\n<p>Bu 15mm derinlemesine entegre LED kanal\u0131, \u00e7ift s\u0131ra LED \u015feritler i\u00e7in tasarlanm\u0131\u015ft\u0131r. \u0130\u00e7 geni\u015fli\u011fi 19.6mm olup, SMD5050, 2835 veya RGB t\u00fcrleri gibi 15mm geni\u015fli\u011findeki LED \u0131\u015f\u0131k \u015feritlerine uygundur. 22.2mm geni\u015fli\u011finde ve 14mm y\u00fcksekli\u011finde yar\u0131klara oturur. Flanjlar, yar\u0131klar\u0131n kenarlar\u0131n\u0131 kapatarak m\u00fckemmel bir lineer ayd\u0131nlatma \u00e7\u00f6z\u00fcm\u00fc sunar. U\u00e7 kapaklar ve montaj klipleri gibi tam aksesuarlarla birlikte gelen bu kanal, tavanlarda, duvarlarda, mobilyalarda ve bir\u00e7ok ba\u015fka mimari ve ticari ayd\u0131nlatma projelerinde kolay kurulum sa\u011flar.<\/p>\n<\/div>\n\n\n\n<div class=\"wp-block-group has-background is-vertical is-layout-flex wp-container-core-group-is-layout-d255d7c4 wp-block-group-is-layout-flex\" style=\"background-color:#f1f1f1;padding-top:var(--wp--preset--spacing--80);padding-bottom:var(--wp--preset--spacing--80)\">\n<div class=\"wp-block-group is-vertical is-layout-flex wp-container-core-group-is-layout-8cf370e7 wp-block-group-is-layout-flex\">\n<h2 class=\"wp-block-heading\" style=\"padding-top:var(--wp--preset--spacing--40);padding-bottom:var(--wp--preset--spacing--40);font-size:25px;font-style:normal;font-weight:600\">Neden 15mm Derinlemesine LED \u015eerit Kanal\u0131m\u0131z\u0131 Tercih Etmelisiniz?<\/h2>\n\n\n\n<p style=\"padding-right:var(--wp--preset--spacing--50);padding-left:var(--wp--preset--spacing--50)\">15mm derinlemesine entegre LED kanal\u0131m\u0131z, g\u00fc\u00e7l\u00fc, e\u015fit ve s\u00fcrekli bir \u0131\u015f\u0131k alman\u0131za yard\u0131mc\u0131 olmak i\u00e7in tasarlanm\u0131\u015ft\u0131r. \u0130ki s\u0131ra LED \u015ferit, bu LED \u015ferit kanal\u0131na s\u0131\u011farak \u0131\u015f\u0131\u011f\u0131n\u0131z\u0131 ekstra parlak yapar ve bir oday\u0131, ni\u015fi, \u00e7al\u0131\u015fmay\u0131 veya vurguyu ayd\u0131nlatmak i\u00e7in idealdir.<\/p>\n\n\n\n<ul class=\"wp-block-list\">\n<li>G\u00fc\u00e7l\u00fc \u0131s\u0131 da\u011f\u0131t\u0131m\u0131 ve uzun \u00f6m\u00fcr i\u00e7in 6063-T5 anodize al\u00fcminyumdan \u00fcretilmi\u015ftir.<\/li>\n\n\n\n<li>Dikkat da\u011f\u0131tan veya lekeli LED ayd\u0131nlatma etkisini \u00f6nlemek i\u00e7in frosted bir dif\u00fcz\u00f6r i\u00e7erir.<\/li>\n\n\n\n<li>D\u00fcz montaj veya derinlemesine kurulum i\u00e7in tasarlanm\u0131\u015ft\u0131r, b\u00f6ylece d\u00fczg\u00fcn ve temiz biti\u015fler elde edersiniz.<\/li>\n\n\n\n<li>Kolay kurulum i\u00e7in u\u00e7 kapaklar ve montaj klipleri ile birlikte gelir.<\/li>\n\n\n\n<li>SMD 2835, 5050, 5630 LED esnek \u015ferit ayd\u0131nlatmalarla m\u00fckemmel \u00e7al\u0131\u015f\u0131r.<\/li>\n<\/ul>\n<\/div>\n<\/div>\n\n\n\n<div class=\"wp-block-group\" style=\"padding-top:var(--wp--preset--spacing--60);padding-bottom:var(--wp--preset--spacing--60)\"><div class=\"wp-block-group__inner-container is-layout-constrained wp-block-group-is-layout-constrained\">\n<div class=\"wp-block-media-text has-media-on-the-right is-stacked-on-mobile\"><div class=\"wp-block-media-text__content\">\n<h2 class=\"wp-block-heading\" style=\"padding-top:var(--wp--preset--spacing--40);padding-bottom:var(--wp--preset--spacing--40);font-size:25px;font-style:normal;font-weight:600;text-transform:capitalize\">Kurulumu Kolayla\u015ft\u0131r\u0131n<\/h2>\n\n\n\n<ul class=\"wp-block-list\">\n<li>Duvar\u0131n\u0131za, ah\u015fab\u0131n\u0131za veya mobilyan\u0131za bir yar\u0131k a\u00e7\u0131n.<\/li>\n\n\n\n<li>Kanal\u0131 konumuna yerle\u015ftirin, yerine t\u0131klatarak veya sa\u011flanan montaj klipleri ile vida ile sabitleyin.<\/li>\n\n\n\n<li>\u00c7ift s\u0131ra LED \u015feritlerinizi kanala yerle\u015ftirin.<\/li>\n\n\n\n<li>Opal dif\u00fcz\u00f6r kapa\u011f\u0131n\u0131 \u00fcst\u00fcne yerle\u015ftirin.<\/li>\n\n\n\n<li>U\u00e7 kapaklar u\u00e7lar\u0131 kapat\u0131r (bir kapakta kablo ge\u00e7i\u015fi i\u00e7in bir delik vard\u0131r).<\/li>\n<\/ul>\n<\/div><figure class=\"wp-block-media-text__media\"><img loading=\"lazy\" decoding=\"async\" width=\"500\" height=\"500\" src=\"https:\/\/tangooled.com\/wp-content\/uploads\/2025\/07\/rp20b-ins.webp\" alt=\"recessed 22x15mm led strip lighting channel for double row led strip\" class=\"wp-image-41779 size-full\" srcset=\"https:\/\/tangooled.com\/wp-content\/uploads\/2025\/07\/rp20b-ins.webp 500w, https:\/\/tangooled.com\/wp-content\/uploads\/2025\/07\/rp20b-ins-300x300.webp 300w, https:\/\/tangooled.com\/wp-content\/uploads\/2025\/07\/rp20b-ins-150x150.webp 150w\" sizes=\"auto, (max-width: 500px) 100vw, 500px\" \/><\/figure><\/div>\n<\/div><\/div>\n\n\n\n<div class=\"wp-block-group has-background is-vertical is-layout-flex wp-container-core-group-is-layout-b429018a wp-block-group-is-layout-flex\" style=\"background-color:#f1f1f1f2;padding-top:var(--wp--preset--spacing--70);padding-bottom:var(--wp--preset--spacing--70)\">\n<h2 class=\"wp-block-heading\" style=\"font-size:25px;font-style:normal;font-weight:600;text-transform:capitalize\">Bir kitte ne alabilirsiniz?<\/h2>\n\n\n\n<ul class=\"wp-block-list\">\n<li>1x Anodize 22x15mm derinlemesine al\u00fcminyum profil<\/li>\n\n\n\n<li>1x PC Buzlu \u0131\u015f\u0131k dif\u00fcz\u00f6r\u00fc<\/li>\n\n\n\n<li>\u0130ki u\u00e7 kapa\u011f\u0131 <\/li>\n\n\n\n<li>\u0130ki montaj klibi<\/li>\n<\/ul>\n<\/div>\n\n\n\n<div class=\"wp-block-group is-vertical is-layout-flex wp-container-core-group-is-layout-d255d7c4 wp-block-group-is-layout-flex\" style=\"padding-top:var(--wp--preset--spacing--80);padding-bottom:var(--wp--preset--spacing--80)\">\n<h2 class=\"wp-block-heading\" style=\"font-size:25px;font-style:normal;font-weight:600;text-transform:capitalize\">Pop\u00fcler Kullan\u0131mlar ve Uygulamalar<\/h2>\n\n\n\n<ul class=\"wp-block-list\">\n<li>Oturma odalar\u0131 ve mutfaklar: \u00dcst dolaplarda veya ana odada ayd\u0131nlatma i\u00e7in harika.<\/li>\n\n\n\n<li>Ofisler ve toplant\u0131 odalar\u0131: Bu \u0131\u015f\u0131k temizdir ve tavanlarla uyum sa\u011flar.<\/li>\n\n\n\n<li>Ma\u011faza vitrinleri: Parlak, e\u015fit \u0131\u015f\u0131k kullanarak \u00fcr\u00fcnlerin dikkat \u00e7ekmesini sa\u011flar.<\/li>\n\n\n\n<li>Cove lighting: This type of lighting creates soft, steady lines of light that don&#8217;t come straight from the source.<\/li>\n\n\n\n<li>\u00d6zel mobilyalar: Tezgahlar\u0131n\u0131z\u0131 veya dolaplar\u0131n\u0131z\u0131 de\u011fi\u015ftirebilirsiniz.<\/li>\n<\/ul>\n<\/div>\n\n\n\n<div class=\"wp-block-group has-background is-vertical is-layout-flex wp-container-core-group-is-layout-b429018a wp-block-group-is-layout-flex\" style=\"background-color:#f1f1f1f2;padding-top:var(--wp--preset--spacing--70);padding-bottom:var(--wp--preset--spacing--70)\">\n<h2 class=\"wp-block-heading\" style=\"font-size:25px;font-style:normal;font-weight:600\">LED Profil \u0130htiya\u00e7lar\u0131n\u0131z i\u00e7in Bizimle Se\u00e7in<\/h2>\n\n\n\n<ul class=\"wp-block-list\">\n<li>\u00d6zel dolap i\u015fleri i\u00e7in dif\u00fcz\u00f6rl\u00fc LED \u015ferit kanal\u0131n\u0131 kontrol edin: <mark style=\"background-color:rgba(0, 0, 0, 0)\" class=\"has-inline-color has-vivid-red-color\"><a href=\"https:\/\/tangooled.com\/tr\/urun\/cabinet-led-strip-channel-with-diffuser-for-double-led-strips\/\">Buradan g\u00f6r\u00fcnt\u00fcleyin<\/a>.<\/mark><\/li>\n\n\n\n<li>Benzer kanal detaylar\u0131 i\u00e7in esnek \u015feritler i\u00e7in 22x15mm led \u0131\u015f\u0131k kanal\u0131 al\u00fcminyum ekstr\u00fczyonunu ke\u015ffedin:<a href=\"https:\/\/tangooled.com\/tr\/urun\/22x15mm-led-light-channel-aluminum-extrusion-for-flexible-strips\/\"> <mark style=\"background-color:rgba(0, 0, 0, 0)\" class=\"has-inline-color has-vivid-red-color\">\u00dcr\u00fcn Sayfas\u0131<\/mark><\/a><\/li>\n\n\n\n<li>Daha ince bir tasar\u0131m i\u00e7in bak\u0131n <a href=\"https:\/\/tangooled.com\/tr\/urun\/led-light-diffuser-channel-aluminum-15x12mm-for-10mm-led-strips\/\"><mark style=\"background-color:rgba(0, 0, 0, 0)\" class=\"has-inline-color has-vivid-red-color\">10mm LED \u015feritler i\u00e7in 15x12mm LED \u0131\u015f\u0131k da\u011f\u0131t\u0131c\u0131 kanal\u0131 al\u00fcminyum<\/mark><\/a><\/li>\n<\/ul>\n<\/div>\n\n\n\n<p><\/p>","protected":false},"featured_media":14337,"template":"","meta":{"_acf_changed":true,"_seopress_robots_primary_cat":"none","_seopress_titles_title":"15mm Deep Recessed LED Channel for Double Row Strips | TANGOOLED","_seopress_titles_desc":"Achieve a dot-free, high-output glow with our 15mm deep recessed LED channel. Designed to fit double row strip lights, this flanged aluminum profile ensures professional heat dissipation for bright linear lighting.","_seopress_robots_index":""},"pcb-width":[229],"product-cat":[193],"class_list":{"0":"post-34962","1":"product","2":"type-product","3":"status-publish","4":"has-post-thumbnail","6":"pcb-width-15-20mm","7":"product-cat-recessed-profile"},"acf":[],"_links":{"self":[{"href":"https:\/\/tangooled.com\/tr\/wp-json\/wp\/v2\/product\/34962","targetHints":{"allow":["GET"]}}],"collection":[{"href":"https:\/\/tangooled.com\/tr\/wp-json\/wp\/v2\/product"}],"about":[{"href":"https:\/\/tangooled.com\/tr\/wp-json\/wp\/v2\/types\/product"}],"wp:featuredmedia":[{"embeddable":true,"href":"https:\/\/tangooled.com\/tr\/wp-json\/wp\/v2\/media\/14337"}],"wp:attachment":[{"href":"https:\/\/tangooled.com\/tr\/wp-json\/wp\/v2\/media?parent=34962"}],"wp:term":[{"taxonomy":"pcb-width","embeddable":true,"href":"https:\/\/tangooled.com\/tr\/wp-json\/wp\/v2\/pcb-width?post=34962"},{"taxonomy":"product-cat","embeddable":true,"href":"https:\/\/tangooled.com\/tr\/wp-json\/wp\/v2\/product-cat?post=34962"}],"curies":[{"name":"wp","href":"https:\/\/api.w.org\/{rel}","templated":true}]}}